{"id":104644,"date":"2026-03-20T14:43:20","date_gmt":"2026-03-20T14:43:20","guid":{"rendered":"https:\/\/soydeaqui.ddns.net\/pachuca\/index.php\/producto\/probador-scout-pro-3-con-kit-de-transmisores-remotos-de-ubicacion\/"},"modified":"2026-03-20T14:43:20","modified_gmt":"2026-03-20T14:43:20","slug":"probador-scout-pro-3-con-kit-de-transmisores-remotos-de-ubicacion","status":"publish","type":"product","link":"https:\/\/soydeaqui.ddns.net\/pachuca\/index.php\/producto\/probador-scout-pro-3-con-kit-de-transmisores-remotos-de-ubicacion\/","title":{"rendered":"Probador Scout\u2122 Pro 3 con kit de transmisores remotos de ubicaci\u00f3n."},"content":{"rendered":"<div style='width: 100%; max-width: 1200px; margin: 0 auto; font-family: sans-serif; line-height: 1.6; color: inherit; background-color: transparent;'> <!-- Secci\u00f3n de caracter\u00edsticas --> <\/p>\n<div style='display: flex; flex-wrap: wrap; gap: 30px; margin-bottom: 30px;'>\n<div style='flex: 1 1 300px; min-width: 280px;'>\n<h3 style='font-size: 22px; border-bottom: 2px solid currentColor; padding-bottom: 5px; margin-top: 0; color: inherit; opacity: 0.8;'>Caracter\u00edsticas<\/h3>\n<ul style='padding-left: 20px; font-size: 15px; color: inherit;'>\n<li style='margin-bottom: 5px;'>Probador de cables para conexiones de cable coaxial&comma; de voz (RJ11\/12)&comma; datos (RJ45) y video (conector F)<\/li>\n<li style='margin-bottom: 5px;'>Transmisor remoto Test + Map\u2122 con portatransmisor (n.\u00ba 1) que prueba&comma; mapea e identifica tramos de cables en un solo paso.<\/li>\n<li style='margin-bottom: 5px;'>Probador de alimentaci\u00f3n el\u00e9ctrica a trav\u00e9s de Ethernet que muestra el cable de PoE y Voltaje.<\/li>\n<li style='margin-bottom: 5px;'>Rastree cables&comma; pares de cables y cables conductores individuales con el generador de tono (requiere la sonda anal\u00f3gica Cat. n.\u00ba VDV500-123; se vende por separado).<\/li>\n<li style='margin-bottom: 5px;'>Mide longitudes de cable de hasta 2000&#8242; (610 m).<\/li>\n<li style='margin-bottom: 5px;'>Identifique m\u00faltiples tramos de cables con transmisores remotos para mapeo de ubicaciones.<\/li>\n<li style='margin-bottom: 5px;'>Identifique 18 puntos de desconexi\u00f3n tanto para RJ45 como para conectores F&comma; con n\u00fameros grandes y f\u00e1ciles de leer.<\/li>\n<li style='margin-bottom: 5px;'>Detecta&comma; identifica y prueba la alimentaci\u00f3n el\u00e9ctrica a trav\u00e9s de Ethernet (PoE).<\/li>\n<li style='margin-bottom: 5px;'>Pantalla LCD retroiluminada que muestra la longitud de cable&comma; el mapa de cables&comma; la ID de cables y los resultados de la prueba.<\/li>\n<li style='margin-bottom: 5px;'>Modo de parpadeo del concentrador para identificar la ubicaci\u00f3n del puerto en un concentrador o un conmutador.<\/li>\n<li style='margin-bottom: 5px;'>Incluye 1 transmisor remoto Test + Map con portatransmisor (31)&comma; 18 transmisores remotos para conector RJ45 LAN&comma; 18 transmisores remotos F para cable coaxial&comma; 2 adaptadores de cable coaxial hembra a hembra y una bater\u00eda de 9 V.<\/li>\n<li style='margin-bottom: 5px;'>Incluye una bater\u00eda de 9 V y un pr\u00e1ctico estuche para transport.<\/li>\n<\/ul><\/div>\n<\/p><\/div>\n<p> <!-- Secci\u00f3n de especificaciones --> <\/p>\n<div style='display: flex; flex-wrap: wrap; gap: 30px; margin-bottom: 30px;'>\n<div style='flex: 1 1 300px; min-width: 280px;'>\n<h3 style='font-size: 22px; border-bottom: 2px solid currentColor; padding-bottom: 5px; margin-top: 0; color: inherit; opacity: 0.8;'>Especificaciones adicionales<\/h3>\n<ul style='padding-left: 20px; font-size: 14px; color: inherit;'>\n<li style='margin-bottom: 5px;'><strong>Tipo de cables:<\/strong> Cable de par trenzado&comma; de datos&comma; voz&comma; LAN y coaxial.<\/li>\n<li style='margin-bottom: 5px;'><strong>Aplicaci\u00f3n:<\/strong> Prueba de cables.<\/li>\n<li style='margin-bottom: 5px;'><strong>Caracter\u00edsticas especiales:<\/strong> Mide la longitud de cables; alimentaci\u00f3n el\u00e9ctrica a trav\u00e9s de Ethernet&comma; LCD retroiluminada; parpadeo del concentrador.<\/li>\n<li style='margin-bottom: 5px;'><strong>Tipo de cable:<\/strong> Datos blindado o no blindado; CAT3&comma; CAT5E&comma; CAT6&comma; CAT6A&comma; CAT7&comma; COAXIAL: RG59&comma; RG6\/6Q<\/li>\n<li style='margin-bottom: 5px;'><strong>Longitud total:<\/strong> 7&#8242; (17.8 cm)<\/li>\n<li style='margin-bottom: 5px;'><strong>Altura total:<\/strong> 3.2&#8242; (8 cm)<\/li>\n<li style='margin-bottom: 5px;'><strong>Ancho total:<\/strong> 1.5&#8242; (3.8 cm)<\/li>\n<li style='margin-bottom: 5px;'><strong>Material:<\/strong> Pl\u00e1stico y metal<\/li>\n<li style='margin-bottom: 5px;'><strong>Protecci\u00f3n antica\u00eddas:<\/strong> 2 m<\/li>\n<li style='margin-bottom: 5px;'><strong>Transmisores remotos compatibles:<\/strong> 18<\/li>\n<li style='margin-bottom: 5px;'><strong>Tipos de conexiones y adaptadores:<\/strong> RJ11&comma; RJ12&comma; RJ45 y cable coaxial F<\/li>\n<li style='margin-bottom: 5px;'><strong>Pantalla:<\/strong> LCD retroiluminada<\/li>\n<li style='margin-bottom: 5px;'><strong>Generador de tono de estilo m\u00faltiple:<\/strong> S\u00ed (5); requiere una sonda de rastreo (Cat. n.\u00ba VDV500-123); se vende por separado.<\/li>\n<li style='margin-bottom: 5px;'><strong>Fallas detectadas:<\/strong> Circuito abierto&comma; cortocircuito&comma; error de cableado.<\/li>\n<li style='margin-bottom: 5px;'><strong>Tipos de prueba:<\/strong> Ethernet&comma; datos y coaxial.<\/li>\n<li style='margin-bottom: 5px;'><strong>Est\u00e1ndar:<\/strong> CE<\/li>\n<li style='margin-bottom: 5px;'><strong>Peso:<\/strong> 0.5 kg (1.2 lb)<\/li>\n<\/ul><\/div>\n<\/p><\/div>\n<p> <!-- Secci\u00f3n de im\u00e1genes --> <\/p>\n<div style='display: flex; flex-wrap: wrap; gap: 20px; margin-bottom: 30px;'>\n<div style='flex: 1 1 400px; min-width: 300px;'> <img style='width: 100%; height: auto; border: 1px solid rgba(150&comma;150&comma;150&comma;0.3); border-radius: 8px;' src='https:\/\/ftp3.syscom.mx\/usuarios\/fotos\/VDV501852\/201596-captura_de_pantalla_2022-12-14_a_la(s)_15.17.01.png' alt='Captura de pantalla del Probador Scout Pro 3'> <\/div>\n<div style='flex: 1 1 400px; min-width: 300px;'> <img style='width: 100%; height: auto; border: 1px solid rgba(150&comma;150&comma;150&comma;0.3); border-radius: 8px;' src='https:\/\/ftp3.syscom.mx\/usuarios\/fotos\/VDV501852\/201596-captura_de_pantalla_2022-12-14_a_la(s)_15.17.32.png' alt='Captura de pantalla del Probador Scout Pro 3'> <\/div>\n<\/p><\/div>\n<p> <!-- Separador --> <\/p>\n<hr style='border: 0; border-top: 1px solid rgba(150&comma; 150&comma; 150&comma; 0.3); margin: 30px 0;'> <\/div>\n","protected":false},"excerpt":{"rendered":"<p>Probador Scout\u2122 Pro 3 con kit de transmisores remotos de ubicaci\u00f3n.<\/p>\n","protected":false},"featured_media":104643,"comment_status":"open","ping_status":"closed","template":"","meta":[],"product_brand":[],"product_cat":[130],"product_tag":[25,131,432],"class_list":{"0":"post-104644","1":"product","2":"type-product","3":"status-publish","4":"has-post-thumbnail","6":"product_cat-herramientas-electricas","7":"product_tag-herramientas","8":"product_tag-herramientas-electricas","9":"product_tag-klein-tools","11":"first","12":"instock","13":"sale","14":"shipping-taxable","15":"purchasable","16":"product-type-simple"},"_links":{"self":[{"href":"https:\/\/soydeaqui.ddns.net\/pachuca\/index.php\/wp-json\/wp\/v2\/product\/104644","targetHints":{"allow":["GET"]}}],"collection":[{"href":"https:\/\/soydeaqui.ddns.net\/pachuca\/index.php\/wp-json\/wp\/v2\/product"}],"about":[{"href":"https:\/\/soydeaqui.ddns.net\/pachuca\/index.php\/wp-json\/wp\/v2\/types\/product"}],"replies":[{"embeddable":true,"href":"https:\/\/soydeaqui.ddns.net\/pachuca\/index.php\/wp-json\/wp\/v2\/comments?post=104644"}],"wp:featuredmedia":[{"embeddable":true,"href":"https:\/\/soydeaqui.ddns.net\/pachuca\/index.php\/wp-json\/wp\/v2\/media\/104643"}],"wp:attachment":[{"href":"https:\/\/soydeaqui.ddns.net\/pachuca\/index.php\/wp-json\/wp\/v2\/media?parent=104644"}],"wp:term":[{"taxonomy":"product_brand","embeddable":true,"href":"https:\/\/soydeaqui.ddns.net\/pachuca\/index.php\/wp-json\/wp\/v2\/product_brand?post=104644"},{"taxonomy":"product_cat","embeddable":true,"href":"https:\/\/soydeaqui.ddns.net\/pachuca\/index.php\/wp-json\/wp\/v2\/product_cat?post=104644"},{"taxonomy":"product_tag","embeddable":true,"href":"https:\/\/soydeaqui.ddns.net\/pachuca\/index.php\/wp-json\/wp\/v2\/product_tag?post=104644"}],"curies":[{"name":"wp","href":"https:\/\/api.w.org\/{rel}","templated":true}]}}