{"id":104634,"date":"2026-03-20T14:42:47","date_gmt":"2026-03-20T14:42:47","guid":{"rendered":"https:\/\/soydeaqui.ddns.net\/pachuca\/index.php\/producto\/detector-de-voltaje-sin-contacto-de-doble-rango-de-12-1000-v-ca-con-linterna\/"},"modified":"2026-03-20T14:43:15","modified_gmt":"2026-03-20T14:43:15","slug":"detector-de-voltaje-sin-contacto-de-doble-rango-de-12-1000-v-ca-con-linterna","status":"publish","type":"product","link":"https:\/\/soydeaqui.ddns.net\/pachuca\/index.php\/producto\/detector-de-voltaje-sin-contacto-de-doble-rango-de-12-1000-v-ca-con-linterna\/","title":{"rendered":"Detector de Voltaje sin contacto de doble rango, de 12 &#8211; 1000 V CA con linterna."},"content":{"rendered":"<div style='width: 100%; max-width: 1200px; margin: 0 auto; font-family: sans-serif; line-height: 1.6; color: inherit; background-color: transparent;'>\n<div style='display: flex; flex-wrap: wrap; gap: 30px; margin-bottom: 30px;'>\n<div style='flex: 1 1 300px; min-width: 280px;'>\n<h3 style='font-size: 22px; border-bottom: 2px solid currentColor; padding-bottom: 5px; margin-top: 0; color: inherit; opacity: 0.8;'>Caracter\u00edsticas<\/h3>\n<ul style='padding-left: 20px; font-size: 15px; color: inherit;'>\n<li style='margin-bottom: 5px;'>El probador de voltaje proporciona detecci\u00f3n sin contacto de bajo voltaje en sistemas de seguridad&comma; entretenimiento&comma; control ambiental y sistemas de riego.<\/li>\n<li style='margin-bottom: 5px;'>Detecta voltaje y lo informa mediante indicadores visuales y audibles que se activan simult\u00e1neamente.<\/li>\n<li style='margin-bottom: 5px;'>La linterna brillante ilumina el \u00e1rea de trabajo y se puede utilizar independientemente de la funci\u00f3n de detecci\u00f3n de voltaje.<\/li>\n<li style='margin-bottom: 5px;'>Luz verde que indica que no hay voltaje.<\/li>\n<li style='margin-bottom: 5px;'>Herramienta liviana y compacta con clip de bolsillo que brinda almacenamiento c\u00f3modo y acceso r\u00e1pido.<\/li>\n<li style='margin-bottom: 5px;'>Funci\u00f3n de apagado autom\u00e1tico que preserva y extiende la vida \u00fatil de la bater\u00eda.<\/li>\n<li style='margin-bottom: 5px;'>Clasificaci\u00f3n de CAT IV 1000 V que brinda mayor capacidad de operaci\u00f3n y protecci\u00f3n.<\/li>\n<li style='margin-bottom: 5px;'>Tapa del compartimento de bater\u00edas con rosca y junta t\u00f3rica que brinda protecci\u00f3n contra el ingreso de polvo y agua.<\/li>\n<li style='margin-bottom: 5px;'>Protecci\u00f3n ante ca\u00eddas de 6&comma;6&#8242; (2 m).<\/li>\n<li style='margin-bottom: 5px;'>IP67: A prueba de polvo y resistente al agua.<\/li>\n<li style='margin-bottom: 5px;'>Cumple con los requisitos de CE.<\/li>\n<li style='margin-bottom: 5px;'>Patente de EE. UU. 10&comma;073&comma;142&comma; D750&comma;985 y otras patentes pendientes.<\/li>\n<\/ul><\/div>\n<\/p><\/div>\n<div style='display: flex; flex-wrap: wrap; gap: 20px; margin-bottom: 30px;'>\n<div style='flex: 1 1 250px; border: 1px solid rgba(150&comma; 150&comma; 150&comma; 0.4); border-radius: 8px; overflow: hidden; display: flex; flex-direction: column;'>\n<div style='padding: 15px; border-bottom: 1px solid rgba(150&comma; 150&comma; 150&comma; 0.2); font-weight: bold; font-size: 18px; color: inherit;'>Dimensiones y Especificaciones<\/div>\n<div style='padding: 15px; color: inherit;'>\n<ul style='padding-left: 20px; margin: 0; font-size: 14px; list-style-type: disc;'>\n<li style='margin-bottom: 5px;'><strong>Aplicaci\u00f3n:<\/strong> Detecci\u00f3n sin contacto y prueba de voltaje CA<\/li>\n<li style='margin-bottom: 5px;'><strong>Tipo:<\/strong> Doble rango con linterna<\/li>\n<li style='margin-bottom: 5px;'><strong>Caracter\u00edsticas especiales:<\/strong> Dos modos distintos: 70 a 1000 V CA y 12 a 1000 V CA; linterna<\/li>\n<li style='margin-bottom: 5px;'><strong>Material:<\/strong> Policarbonato<\/li>\n<li style='margin-bottom: 5px;'><strong>Protecci\u00f3n anti ca\u00eddas:<\/strong> 6.6&#8242; (2 m)<\/li>\n<li style='margin-bottom: 5px;'><strong>Voltaje:<\/strong> 12 a 1000 V CA<\/li>\n<li style='margin-bottom: 5px;'><strong>Frecuencia:<\/strong> 50 a 500 Hz<\/li>\n<li style='margin-bottom: 5px;'><strong>Grado de contaminaci\u00f3n:<\/strong> 2<\/li>\n<li style='margin-bottom: 5px;'><strong>Protecci\u00f3n de ingreso:<\/strong> IP67: A prueba de polvo y agua<\/li>\n<li style='margin-bottom: 5px;'><strong>Est\u00e1ndar:<\/strong> CAT IV 1000 V<\/li>\n<li style='margin-bottom: 5px;'><strong>Bater\u00edas:<\/strong> 2 AAA<\/li>\n<li style='margin-bottom: 5px;'><strong>Vida \u00fatil de la bater\u00eda:<\/strong> 125 h<\/li>\n<li style='margin-bottom: 5px;'><strong>Longitud total:<\/strong> 5.70&#8242; (145 mm)<\/li>\n<li style='margin-bottom: 5px;'><strong>Altura total:<\/strong> 0.93&#8242; (24 mm)<\/li>\n<li style='margin-bottom: 5px;'><strong>Ancho total:<\/strong> 1.09&#8242; (28 mm)<\/li>\n<li style='margin-bottom: 5px;'><strong>Peso:<\/strong> 51 g (1.9 oz)<\/li>\n<\/ul><\/div>\n<\/p><\/div>\n<\/p><\/div>\n<hr style='border: 0; border-top: 1px solid rgba(150&comma; 150&comma; 150&comma; 0.3); margin: 30px 0;'>\n<div style='display: flex; flex-wrap: wrap; gap: 30px;'>\n<div style='flex: 1 1 300px; min-width: 280px;'> <img style='width: 100%; height: auto; border: 1px solid rgba(150&comma;150&comma;150&comma;0.3); border-radius: 8px;' src='https:\/\/ftp3.syscom.mx\/usuarios\/fotos\/NCVT3P\/201658-ncvt3p_app4-2.jpg' alt=''><\/div>\n<\/p><\/div>\n<\/p><\/div>\n","protected":false},"excerpt":{"rendered":"<p>Detector de Voltaje sin contacto de doble rango, de 12 &#8211; 1000 V CA con linterna.<\/p>\n","protected":false},"featured_media":104633,"comment_status":"open","ping_status":"closed","template":"","meta":[],"product_brand":[],"product_cat":[130],"product_tag":[25,131,432],"class_list":{"0":"post-104634","1":"product","2":"type-product","3":"status-publish","4":"has-post-thumbnail","6":"product_cat-herramientas-electricas","7":"product_tag-herramientas","8":"product_tag-herramientas-electricas","9":"product_tag-klein-tools","11":"first","12":"instock","13":"sale","14":"shipping-taxable","15":"purchasable","16":"product-type-simple"},"_links":{"self":[{"href":"https:\/\/soydeaqui.ddns.net\/pachuca\/index.php\/wp-json\/wp\/v2\/product\/104634","targetHints":{"allow":["GET"]}}],"collection":[{"href":"https:\/\/soydeaqui.ddns.net\/pachuca\/index.php\/wp-json\/wp\/v2\/product"}],"about":[{"href":"https:\/\/soydeaqui.ddns.net\/pachuca\/index.php\/wp-json\/wp\/v2\/types\/product"}],"replies":[{"embeddable":true,"href":"https:\/\/soydeaqui.ddns.net\/pachuca\/index.php\/wp-json\/wp\/v2\/comments?post=104634"}],"wp:featuredmedia":[{"embeddable":true,"href":"https:\/\/soydeaqui.ddns.net\/pachuca\/index.php\/wp-json\/wp\/v2\/media\/104633"}],"wp:attachment":[{"href":"https:\/\/soydeaqui.ddns.net\/pachuca\/index.php\/wp-json\/wp\/v2\/media?parent=104634"}],"wp:term":[{"taxonomy":"product_brand","embeddable":true,"href":"https:\/\/soydeaqui.ddns.net\/pachuca\/index.php\/wp-json\/wp\/v2\/product_brand?post=104634"},{"taxonomy":"product_cat","embeddable":true,"href":"https:\/\/soydeaqui.ddns.net\/pachuca\/index.php\/wp-json\/wp\/v2\/product_cat?post=104634"},{"taxonomy":"product_tag","embeddable":true,"href":"https:\/\/soydeaqui.ddns.net\/pachuca\/index.php\/wp-json\/wp\/v2\/product_tag?post=104634"}],"curies":[{"name":"wp","href":"https:\/\/api.w.org\/{rel}","templated":true}]}}