{"id":104625,"date":"2026-03-20T14:42:20","date_gmt":"2026-03-20T14:42:20","guid":{"rendered":"https:\/\/soydeaqui.ddns.net\/pachuca\/index.php\/producto\/extensor-poe-100-metros-intemperie-ip66-60-watts-1-puerto-2-salidas-a-30-w-no-requiere-fuente-de-alimentacion-adicional\/"},"modified":"2026-03-20T14:42:27","modified_gmt":"2026-03-20T14:42:27","slug":"extensor-poe-100-metros-intemperie-ip66-60-watts-1-puerto-2-salidas-a-30-w-no-requiere-fuente-de-alimentacion-adicional","status":"publish","type":"product","link":"https:\/\/soydeaqui.ddns.net\/pachuca\/index.php\/producto\/extensor-poe-100-metros-intemperie-ip66-60-watts-1-puerto-2-salidas-a-30-w-no-requiere-fuente-de-alimentacion-adicional\/","title":{"rendered":"Extensor PoE\/ 100 Metros \/ Intemperie (IP66) \/ 60 Watts \/ 1 puerto @ 2 salidas a 30 W  \/ No requiere fuente de alimentaci\u00f3n adicional"},"content":{"rendered":"<div style='width: 100%; max-width: 1200px; margin: 0 auto; font-family: sans-serif; line-height: 1.6; color: inherit; background-color: transparent;'>\n<div style='width: 100%;'>\n<h1 style='color: inherit; text-align: center; font-size: 24px; margin: 0 0 10px 0;'><strong>TT-2003EX-POE<\/strong><\/h1>\n<h3 style='color: inherit; text-align: center; font-size: 18px; margin: 0 0 20px 0;'>Extensor Gigabit Poe para Intemperie 1 PUERTO DE ENTRADA POE \/ 2 PUERTOS DE SALIDA POE<\/h3>\n<p style='text-align: center; margin: 10px 70px 50px 70px; color: inherit; font-size: 15px;'> Las conexiones Ethernet y PoE restringen las distancias de los cables a 100 metros entre los puertos de red. Para superar este l\u00edmite de distancia&comma; los instaladores de red pueden simplemente conectar un extensor TT-2003EX-PoE en l\u00ednea con cable Cat-5e o Cat-6 (para intemperie). Con Gigabit PoE Extender&comma; los PD (como c\u00e1maras de seguridad IP&comma; puntos de acceso inal\u00e1mbricos) se pueden instalar a distancias superiores a 100 metros entre s\u00ed. Al conectar el extensor PoE por cada 100 metros adicionales de cable&comma; tanto Ethernet como PoE pueden extenderse a 200 metros&comma; seg\u00fan la potencia de PD requerida y la fuente de alimentaci\u00f3n. El TT-2003EX-PoE no requiere ninguna fuente de alimentaci\u00f3n adicional y los PD conectados se alimentan mediante un solo conmutador PoE o Mid-span&comma; lo que simplifica la instalaci\u00f3n. PoE Extender ofrece dos puertos Gigabit Ethernet&comma; que se configuran autom\u00e1ticamente para velocidad de enlace&comma; d\u00faplex y cruzado&comma; y el rendimiento de la red de velocidad completa se mantiene. PoE en conexi\u00f3n Interruptor PoE&comma; soporte alimentado 12.36 o 45.78&comma; soporte IEEE802.3af y en la fuente de alimentaci\u00f3n&comma; salida PoE para el terminal de suministro 1 Gigabit&comma; la potencia total PoE puede alcanzar 25w (el interruptor PoE debe proporcionar potencia IEEE802.3at)&#8230; <\/p>\n<\/p><\/div>\n<div style='display: flex; flex-wrap: wrap; gap: 30px; margin-bottom: 30px;'>\n<div style='flex: 1 1 300px; min-width: 280px;'> <img style='width: 100%; height: auto; border: 1px solid rgba(150&comma;150&comma;150&comma;0.3); border-radius: 8px;' src='http:\/\/ftp3.syscom.mx\/usuarios\/hallende\/Familia%20Centro\/Miscelaneos\/TT-2003EX-POE\/TT-203EX-POE1.jpg' alt=''> <\/p>\n<div style='margin-top: 15px;'>\n<div style='padding: 15px; border-bottom: 2px solid rgba(150&comma; 150&comma; 150&comma; 0.4); font-weight: bold; font-size: 18px; color: inherit;'>Caracter\u00edsticas Principales:<\/div>\n<ul style='padding-left: 20px; margin-top: 15px; font-size: 14px; list-style-type: disc; color: inherit;'>\n<li style='margin-bottom: 5px;'><strong>Extiende el rango de PoE y Gigabit Ethernet 100 metros adicionales<\/strong><\/li>\n<li style='margin-bottom: 5px;'>1 entrada y 2 salidas<\/li>\n<li style='margin-bottom: 5px;'>Compatible con IEEE802.3af e IEEE802.3at<\/li>\n<li style='margin-bottom: 5px;'>Red Gigabit Full-rate en toda la distancia extendida<\/li>\n<li style='margin-bottom: 5px;'>Detecta y protege autom\u00e1ticamente los equipos PoE para que no se da\u00f1en por instalaci\u00f3n incorrecta<\/li>\n<li style='margin-bottom: 5px;'>Cumple con IP66 (admite prevenci\u00f3n de lluvia al aire libre&comma; necesita cable UTP para intemperie)<\/li>\n<\/ul><\/div>\n<\/p><\/div>\n<div style='flex: 1 1 300px; min-width: 280px;'> <img style='width: 100%; height: auto; border: 1px solid rgba(150&comma;150&comma;150&comma;0.3); border-radius: 8px;' src='http:\/\/ftp3.syscom.mx\/usuarios\/hallende\/Familia%20Centro\/Miscelaneos\/TT-2003EX-POE\/TT-203EX-POE2.jpg' alt=''> <\/p>\n<div style='margin-top: 15px;'>\n<div style='padding: 15px; border-bottom: 2px solid rgba(150&comma; 150&comma; 150&comma; 0.4); font-weight: bold; font-size: 18px; color: inherit;'>Caracter\u00edsticas F\u00edsicas y El\u00e9ctricas:<\/div>\n<ul style='padding-left: 20px; margin-top: 15px; font-size: 14px; list-style-type: disc; color: inherit;'>\n<li style='margin-bottom: 5px;'><strong>No requiere fuente de alimentaci\u00f3n adicional<\/strong><\/li>\n<li style='margin-bottom: 5px;'>Dimensi\u00f3nes LxWxH 230 mm x 90 mm x 40 mm<\/li>\n<li style='margin-bottom: 5px;'>Temperatura ambiente de funcionamiento: -25 a 55 \u00b0C<\/li>\n<li style='margin-bottom: 5px;'>Humedad de funcionamiento: M\u00e1ximo 90%&comma; sin condensaci\u00f3n<\/li>\n<li style='margin-bottom: 5px;'>Temperatura de almacenamiento: -30 a 70 \u00b0C<\/li>\n<li style='margin-bottom: 5px;'>Humedad de almacenamiento: M\u00e1ximo 95%&comma; sin condensaci\u00f3n<\/li>\n<\/ul><\/div>\n<\/p><\/div>\n<div style='flex: 1 1 300px; min-width: 280px;'> <img style='width: 100%; height: auto; border: 1px solid rgba(150&comma;150&comma;150&comma;0.3); border-radius: 8px;' src='http:\/\/ftp3.syscom.mx\/usuarios\/hallende\/Familia%20Centro\/Miscelaneos\/TT-2003EX-POE\/TT-203EX-POE3.jpg' alt=''> <\/p>\n<div style='margin-top: 15px;'>\n<div style='padding: 15px; border-bottom: 2px solid rgba(150&comma; 150&comma; 150&comma; 0.4); font-weight: bold; font-size: 18px; color: inherit;'>Caracter\u00edsticas Destacadas:<\/div>\n<ul style='padding-left: 20px; margin-top: 15px; font-size: 14px; list-style-type: disc; color: inherit;'>\n<li style='margin-bottom: 5px;'>Dise\u00f1o de montaje en pared<\/li>\n<li style='margin-bottom: 5px;'>Uso para Interior o exterior<\/li>\n<li style='margin-bottom: 5px;'>Velocidad de transferencia de datos: Full duplex\/ semi duplex de 10\/100\/1000 Mbps<\/li>\n<li style='margin-bottom: 5px;'>IEEE 802.3af (PoE)&comma; IEEE 802.3at (PoE +)<\/li>\n<li style='margin-bottom: 5px;'>Instalaci\u00f3n f\u00e1cil; enchufe y use<\/li>\n<li style='margin-bottom: 5px;'>Conector RJ-45 blindado&comma; EIA 568A y 568B<\/li>\n<li style='margin-bottom: 5px;'>1 a\u00f1o de garantia<\/li>\n<\/ul><\/div>\n<\/p><\/div>\n<\/p><\/div>\n<\/p><\/div>\n","protected":false},"excerpt":{"rendered":"<p>Extensor PoE\/ 100 Metros \/ Intemperie (IP66) \/ 60 Watts \/ 1 puerto @ 2 salidas a 30 W  \/ No requiere fuente de alimentaci\u00f3n adicional<\/p>\n","protected":false},"featured_media":104624,"comment_status":"open","ping_status":"closed","template":"","meta":[],"product_brand":[],"product_cat":[2264],"product_tag":[122,2265,454],"class_list":{"0":"post-104625","1":"product","2":"type-product","3":"status-publish","4":"has-post-thumbnail","6":"product_cat-codificadores-y-decodificadores-de-video","7":"product_tag-camaras-ip-y-nvrs","8":"product_tag-codificadores-y-decodificadores-de-video","9":"product_tag-epcom-powerline","11":"first","12":"instock","13":"sale","14":"shipping-taxable","15":"purchasable","16":"product-type-simple"},"_links":{"self":[{"href":"https:\/\/soydeaqui.ddns.net\/pachuca\/index.php\/wp-json\/wp\/v2\/product\/104625","targetHints":{"allow":["GET"]}}],"collection":[{"href":"https:\/\/soydeaqui.ddns.net\/pachuca\/index.php\/wp-json\/wp\/v2\/product"}],"about":[{"href":"https:\/\/soydeaqui.ddns.net\/pachuca\/index.php\/wp-json\/wp\/v2\/types\/product"}],"replies":[{"embeddable":true,"href":"https:\/\/soydeaqui.ddns.net\/pachuca\/index.php\/wp-json\/wp\/v2\/comments?post=104625"}],"wp:featuredmedia":[{"embeddable":true,"href":"https:\/\/soydeaqui.ddns.net\/pachuca\/index.php\/wp-json\/wp\/v2\/media\/104624"}],"wp:attachment":[{"href":"https:\/\/soydeaqui.ddns.net\/pachuca\/index.php\/wp-json\/wp\/v2\/media?parent=104625"}],"wp:term":[{"taxonomy":"product_brand","embeddable":true,"href":"https:\/\/soydeaqui.ddns.net\/pachuca\/index.php\/wp-json\/wp\/v2\/product_brand?post=104625"},{"taxonomy":"product_cat","embeddable":true,"href":"https:\/\/soydeaqui.ddns.net\/pachuca\/index.php\/wp-json\/wp\/v2\/product_cat?post=104625"},{"taxonomy":"product_tag","embeddable":true,"href":"https:\/\/soydeaqui.ddns.net\/pachuca\/index.php\/wp-json\/wp\/v2\/product_tag?post=104625"}],"curies":[{"name":"wp","href":"https:\/\/api.w.org\/{rel}","templated":true}]}}