{"id":104607,"date":"2026-03-20T14:41:28","date_gmt":"2026-03-20T14:41:28","guid":{"rendered":"https:\/\/soydeaqui.ddns.net\/pachuca\/index.php\/producto\/punta-de-poste-ip-ptz-2-megapixel-25x-zoom-250-mts-ir-3d-dnr-alarmas-y-audio-i-o-eis-hi-poe-ip66-micro-sd-24-vca-2\/"},"modified":"2026-03-20T14:41:30","modified_gmt":"2026-03-20T14:41:30","slug":"punta-de-poste-ip-ptz-2-megapixel-25x-zoom-250-mts-ir-3d-dnr-alarmas-y-audio-i-o-eis-hi-poe-ip66-micro-sd-24-vca-2","status":"publish","type":"product","link":"https:\/\/soydeaqui.ddns.net\/pachuca\/index.php\/producto\/punta-de-poste-ip-ptz-2-megapixel-25x-zoom-250-mts-ir-3d-dnr-alarmas-y-audio-i-o-eis-hi-poe-ip66-micro-sd-24-vca-2\/","title":{"rendered":"Punta de Poste IP PTZ 2 Megapixel \/ 25X Zoom \/ 250 mts IR \/ 3D-DNR \/ \/ Alarmas y Audio I\/O \/ EIS \/ Hi-PoE \/ IP66 \/ Micro SD \/ 24 VCA"},"content":{"rendered":"<div style='width: 100%; max-width: 1200px; margin: 0 auto; font-family: sans-serif; line-height: 1.6; color: inherit; background-color: transparent;'>\n<p style='text-align: center;'><img style='width: 45%; height: auto; border: 1px solid rgba(150&comma;150&comma;150&comma;0.3); border-radius: 8px;' src='https:\/\/ftp3.syscom.mx\/usuarios\/jsosa\/HIKVISION\/imagenes\/logo\/hikvision%20see%20far.png' alt='Logo Hikvision'><\/p>\n<div style='display: flex; flex-wrap: wrap; gap: 30px; margin-top: 30px;'>\n<div style='flex: 1 1 300px; min-width: 280px;'>\n<h3 style='font-size: 22px; border-bottom: 2px solid currentColor; padding-bottom: 5px; margin-top: 0; color: inherit; opacity: 0.8;'>Caracter\u00edsticas principales<\/h3>\n<ul style='padding-left: 20px; font-size: 15px; color: inherit;'>\n<li style='margin-bottom: 5px;'>Tecnolog\u00eda 2MP (1920x1080p).<\/li>\n<li style='margin-bottom: 5px;'>CMOS 1\/1.8&#8242; Scan Progresivo.<\/li>\n<li style='margin-bottom: 5px;'>Iluminaci\u00f3n M\u00ednima: Color: 0.005 Lux @ (F1.5&comma; AGC ON)<\/li>\n<li style='margin-bottom: 5px;'>Velocidad de Shutter: 1-1\/10&comma;000s<\/li>\n<li style='margin-bottom: 5px;'>D\u00eda \/ Noche real (Filtro ICR).<\/li>\n<li style='margin-bottom: 5px;'>Lente: 5.9 &#8211; 147.5mm&comma; 25x.<\/li>\n<li style='margin-bottom: 5px;'>\u00c1ngulo de visi\u00f3n: 59.8\u00b0 a 3.0\u00b0<\/li>\n<li style='margin-bottom: 5px;'>Distancia IR: 250 mts. con tecnolog\u00eda Smart IR.<\/li>\n<li style='margin-bottom: 5px;'>Funciones: WDR&comma; 3D DNR&comma; BLC&comma; ROI&comma; HLC&comma; Defog.<\/li>\n<\/ul><\/div>\n<div style='flex: 1 1 300px; min-width: 280px;'>\n<h3 style='font-size: 22px; border-bottom: 2px solid currentColor; padding-bottom: 5px; margin-top: 0; color: inherit; opacity: 0.8;'>Caracter\u00edsticas F\u00edsicas y El\u00e9ctricas<\/h3>\n<ul style='padding-left: 20px; font-size: 15px; color: inherit;'>\n<li style='margin-bottom: 5px;'>Aplicaci\u00f3n: Interior \/ Exterior<\/li>\n<li style='margin-bottom: 5px;'>Protecci\u00f3n: IP66.<\/li>\n<li style='margin-bottom: 5px;'>Temperatura de Operaci\u00f3n: -40\u00b0C a 65\u00baC<\/li>\n<li style='margin-bottom: 5px;'>Alimentaci\u00f3n: 24 VCA&comma; Hi-PoE&comma; Max. 45 W<\/li>\n<li style='margin-bottom: 5px;'>Dimensiones: 332 x 182 x 222 mm<\/li>\n<li style='margin-bottom: 5px;'>Peso: 7.7kg.<\/li>\n<li style='margin-bottom: 5px;'>No incluye fuente de alimentaci\u00f3n.<\/li>\n<\/ul><\/div>\n<div style='flex: 1 1 300px; min-width: 280px;'>\n<h3 style='font-size: 22px; border-bottom: 2px solid currentColor; padding-bottom: 5px; margin-top: 0; color: inherit; opacity: 0.8;'>Compresi\u00f3n y Resoluci\u00f3n<\/h3>\n<ul style='padding-left: 20px; font-size: 15px; color: inherit;'>\n<li style='margin-bottom: 5px;'>H.265+ \/ H.265 \/ H.264+ \/ H.264 \/ MJPEG<\/li>\n<li style='margin-bottom: 5px;'>Resoluci\u00f3n m\u00e1xima: 1920x1080p.<\/li>\n<li style='margin-bottom: 5px;'>Flujo Principal: 60Hz: 30fps (1920 x 1080 \/ 1280 x 720).<\/li>\n<li style='margin-bottom: 5px;'>Flujo Secundario: 60Hz: 30fps (704 x 480 \/ 640 x 480 \/ 352 x 240).<\/li>\n<\/ul>\n<h3 style='font-size: 22px; border-bottom: 2px solid currentColor; padding-bottom: 5px; margin-top: 20px; color: inherit; opacity: 0.8;'>Funciones de Red y Almacenamiento<\/h3>\n<ul style='padding-left: 20px; font-size: 15px; color: inherit;'>\n<li style='margin-bottom: 5px;'>Protocolos: IPv4\/IPv6&comma; HTTP&comma; HTTPS&comma; 802.1x&comma; Qos&comma; FTP&comma; SMTP&comma; UPnP&comma; SNMP&comma; DNS&comma; DDNS&comma; NTP&comma; RTSP&comma; RTP&comma; TCP&comma; UDP&comma; IGMP&comma; ICMP&comma; DHCP&comma; PPPoE.<\/li>\n<li style='margin-bottom: 5px;'>Standards: ONVIF (Profile S&comma; Profile G&comma; Profile T) \/ ISAPI \/ SDK.<\/li>\n<\/ul><\/div>\n<\/p><\/div>\n<hr style='border: 0; border-top: 1px solid rgba(150&comma; 150&comma; 150&comma; 0.3); margin: 30px 0;'>\n<div style='margin-top: 30px;'>\n<h3 style='font-size: 22px; border-bottom: 2px solid currentColor; padding-bottom: 5px; margin-top: 0; color: inherit; opacity: 0.8;'>Interfaces<\/h3>\n<ul style='padding-left: 20px; font-size: 15px; color: inherit;'>\n<li style='margin-bottom: 5px;'>Red: 1 RJ45 (10M \/ 100M).<\/li>\n<li style='margin-bottom: 5px;'>Voltaje: 24VCA<\/li>\n<li style='margin-bottom: 5px;'>Entrada de Alarma: 7.<\/li>\n<li style='margin-bottom: 5px;'>Salida de Alarma: 2.<\/li>\n<li style='margin-bottom: 5px;'>Entrada de Audio: 1.<\/li>\n<li style='margin-bottom: 5px;'>Salida de Audio: 1.<\/li>\n<\/ul><\/div>\n<hr style='border: 0; border-top: 1px solid rgba(150&comma; 150&comma; 150&comma; 0.3); margin: 30px 0;'>\n<div style='margin-top: 30px;'>\n<h3 style='font-size: 22px; border-bottom: 2px solid currentColor; padding-bottom: 5px; margin-top: 0; margin-bottom: 20px; color: inherit; opacity: 0.8;'>Recursos<\/h3>\n<div style='display: flex; flex-wrap: wrap; gap: 20px; justify-content: center;'>\n<div style='flex: 1 1 250px; min-width: 200px; text-align: center;'> <a href='https:\/\/www.hikvision.com\/es-la\/support\/download\/software\/ivms4200-series\/?q=serie%20ivms4200&#038;position=1' target='_blank' rel='noopener' style='text-decoration: none; color: inherit;'> <img style='width: 100%; height: auto; border: 1px solid rgba(150&comma;150&comma;150&comma;0.3); border-radius: 8px; margin-bottom: 10px;' src='https:\/\/ftp3.syscom.mx\/usuarios\/gmagos\/HIK\/IP\/IPC\/Imagenes%20pagina\/Descargas%20IVMS4200.jpg' alt='IVMS4200 Software'> <\/p>\n<p style='font-size: 14px; margin: 0;'>Descarga IVMS4200<\/p>\n<p> <\/a> <\/div>\n<div style='flex: 1 1 250px; min-width: 200px; text-align: center;'> <a href='https:\/\/appstore.hikvision.com\/' target='_blank' rel='noopener' style='text-decoration: none; color: inherit;'> <img style='width: 100%; height: auto; border: 1px solid rgba(150&comma;150&comma;150&comma;0.3); border-radius: 8px; margin-bottom: 10px;' src='https:\/\/ftp3.syscom.mx\/usuarios\/gmagos\/HIK\/IP\/IPC\/Imagenes%20pagina\/Descargas%20de%20app.jpg' alt='Hikvision App'> <\/p>\n<p style='font-size: 14px; margin: 0;'>Descarga App Hikvision<\/p>\n<p> <\/a> <\/div>\n<div style='flex: 1 1 250px; min-width: 200px; text-align: center;'> <a href='https:\/\/ftp3.syscom.mx\/usuarios\/gmagos\/HIK\/IP\/IPC\/PTZ\/DS-2DY5225IX-AE%28O-STD%29%28T5%29\/Hoja%20de%20Especificaciones%20DS-2DY5225IX-AE%28T5%29.pdf' target='_blank' rel='noopener' style='text-decoration: none; color: inherit;'> <img style='width: 100%; height: auto; border: 1px solid rgba(150&comma;150&comma;150&comma;0.3); border-radius: 8px; margin-bottom: 10px;' src='https:\/\/ftp3.syscom.mx\/usuarios\/gmagos\/HIK\/IP\/IPC\/Imagenes%20pagina\/Descarga%20de%20PDF.jpg' alt='Ficha T\u00e9cnica'> <\/p>\n<p style='font-size: 14px; margin: 0;'>Ficha T\u00e9cnica PDF<\/p>\n<p> <\/a> <\/div>\n<\/p><\/div>\n<\/p><\/div>\n<hr style='border: 0; border-top: 1px solid rgba(150&comma; 150&comma; 150&comma; 0.3); margin: 30px 0;'>\n<div style='margin-top: 30px;'> <img style='width: 100%; height: auto; border: 1px solid rgba(150&comma;150&comma;150&comma;0.3); border-radius: 8px;' src='https:\/\/ftp3.syscom.mx\/usuarios\/jsosa\/HIKVISION\/imagenes\/banners\/solution%20complete.png' alt='Soluci\u00f3n Completa Hikvision'> <\/div>\n<\/p><\/div>\n","protected":false},"excerpt":{"rendered":"<p>Punta de Poste IP PTZ 2 Megapixel \/ 25X Zoom \/ 250 mts IR \/ 3D-DNR \/ \/ Alarmas y Audio I\/O \/ EIS \/ Hi-PoE \/ IP66 \/ Micro SD \/ 24 VCA<\/p>\n","protected":false},"featured_media":104606,"comment_status":"open","ping_status":"closed","template":"","meta":[],"product_brand":[],"product_cat":[1224],"product_tag":[122,54,1225],"class_list":{"0":"post-104607","1":"product","2":"type-product","3":"status-publish","4":"has-post-thumbnail","6":"product_cat-ptz","7":"product_tag-camaras-ip-y-nvrs","8":"product_tag-hikvision","9":"product_tag-ptz","11":"first","12":"outofstock","13":"sale","14":"shipping-taxable","15":"purchasable","16":"product-type-simple"},"_links":{"self":[{"href":"https:\/\/soydeaqui.ddns.net\/pachuca\/index.php\/wp-json\/wp\/v2\/product\/104607","targetHints":{"allow":["GET"]}}],"collection":[{"href":"https:\/\/soydeaqui.ddns.net\/pachuca\/index.php\/wp-json\/wp\/v2\/product"}],"about":[{"href":"https:\/\/soydeaqui.ddns.net\/pachuca\/index.php\/wp-json\/wp\/v2\/types\/product"}],"replies":[{"embeddable":true,"href":"https:\/\/soydeaqui.ddns.net\/pachuca\/index.php\/wp-json\/wp\/v2\/comments?post=104607"}],"wp:featuredmedia":[{"embeddable":true,"href":"https:\/\/soydeaqui.ddns.net\/pachuca\/index.php\/wp-json\/wp\/v2\/media\/104606"}],"wp:attachment":[{"href":"https:\/\/soydeaqui.ddns.net\/pachuca\/index.php\/wp-json\/wp\/v2\/media?parent=104607"}],"wp:term":[{"taxonomy":"product_brand","embeddable":true,"href":"https:\/\/soydeaqui.ddns.net\/pachuca\/index.php\/wp-json\/wp\/v2\/product_brand?post=104607"},{"taxonomy":"product_cat","embeddable":true,"href":"https:\/\/soydeaqui.ddns.net\/pachuca\/index.php\/wp-json\/wp\/v2\/product_cat?post=104607"},{"taxonomy":"product_tag","embeddable":true,"href":"https:\/\/soydeaqui.ddns.net\/pachuca\/index.php\/wp-json\/wp\/v2\/product_tag?post=104607"}],"curies":[{"name":"wp","href":"https:\/\/api.w.org\/{rel}","templated":true}]}}