{"id":104598,"date":"2026-03-20T14:41:00","date_gmt":"2026-03-20T14:41:00","guid":{"rendered":"https:\/\/soydeaqui.ddns.net\/pachuca\/index.php\/producto\/herramienta-ponchadora-grande-con-accion-compuesta-para-terminales-no-6-4-0-awg\/"},"modified":"2026-03-20T14:41:12","modified_gmt":"2026-03-20T14:41:12","slug":"herramienta-ponchadora-grande-con-accion-compuesta-para-terminales-no-6-4-0-awg","status":"publish","type":"product","link":"https:\/\/soydeaqui.ddns.net\/pachuca\/index.php\/producto\/herramienta-ponchadora-grande-con-accion-compuesta-para-terminales-no-6-4-0-awg\/","title":{"rendered":"Herramienta ponchadora grande con acci\u00f3n compuesta para terminales No.6 &#8211; 4\/0 AWG."},"content":{"rendered":"<div style='width: 100%; max-width: 1200px; margin: 0 auto; font-family: sans-serif; line-height: 1.6; color: inherit; background-color: transparent;'>\n<div style='display: flex; flex-wrap: wrap; gap: 30px; margin-bottom: 30px;'>\n<div style='flex: 1 1 300px; min-width: 280px;'>\n<h3 style='font-size: 22px; border-bottom: 2px solid currentColor; padding-bottom: 5px; margin-top: 0; color: inherit; opacity: 0.8;'>Caracter\u00edsticas<\/h3>\n<ul style='padding-left: 20px; font-size: 15px; color: inherit;'>\n<li style='margin-bottom: 5px;'><span style='color: inherit;'>Pinza ponchadora que poncha terminales y leng\u00fcetas de 6 &#8211; 4\/0 AWG.<\/span><\/li>\n<li style='margin-bottom: 5px;'><span style='color: inherit;'>Herramienta ponchadora \u201ctodo en uno\u201d con cavidad ponchadora integral; no tiene piezas extra\u00edbles ni matrices giratorias.<\/span><\/li>\n<li style='margin-bottom: 5px;'><span style='color: inherit;'>Mangos de alta palanca y mecanismo de acci\u00f3n compuesta que proporcionan una ventaja mec\u00e1nica superior con agarres manuales ultrac\u00f3modos para facilitar el uso.<\/span><\/li>\n<li style='margin-bottom: 5px;'><span style='color: inherit;'>El tornillo de ajuste le permite al usuario controlar la profundidad de ponchado.<\/span><\/li>\n<li style='margin-bottom: 5px;'><span style='color: inherit;'>Hechas en EE. UU.<\/span><\/li>\n<\/ul><\/div>\n<\/p><\/div>\n<div style='display: flex; flex-wrap: wrap; gap: 30px; margin-bottom: 30px;'>\n<div style='flex: 1 1 300px; min-width: 280px;'>\n<h3 style='font-size: 22px; border-bottom: 2px solid currentColor; padding-bottom: 5px; margin-top: 0; color: inherit; opacity: 0.8;'>Dimensiones<\/h3>\n<ul style='padding-left: 20px; font-size: 15px; color: inherit;'>\n<li style='margin-bottom: 5px;'><strong style='color: inherit;'>Aplicaci\u00f3n:<\/strong> Terminales y leng\u00fcetas de bater\u00eda n.\u00ba 6 de 4\/0 AWG.<\/li>\n<li style='margin-bottom: 5px;'><strong style='color: inherit;'>Longitud total:<\/strong> 19.5&#8242; (49.5 cm)<\/li>\n<li style='margin-bottom: 5px;'><strong style='color: inherit;'>Color del mango:<\/strong> Rojo<\/li>\n<li style='margin-bottom: 5px;'><strong style='color: inherit;'>Caracter\u00edsticas especiales:<\/strong> Cuenta con 3 cavidades de ponchado<\/li>\n<li style='margin-bottom: 5px;'><strong style='color: inherit;'>Peso:<\/strong> 1.7 kg (3.8 lb)<\/li>\n<\/ul><\/div>\n<\/p><\/div>\n<\/p><\/div>\n","protected":false},"excerpt":{"rendered":"<p>Herramienta ponchadora grande con acci\u00f3n compuesta para terminales No.6 &#8211; 4\/0 AWG.<\/p>\n","protected":false},"featured_media":104597,"comment_status":"open","ping_status":"closed","template":"","meta":[],"product_brand":[],"product_cat":[24],"product_tag":[26,25,432],"class_list":{"0":"post-104598","1":"product","2":"type-product","3":"status-publish","4":"has-post-thumbnail","6":"product_cat-accesorios-de-instalacion","7":"product_tag-accesorios-de-instalacion","8":"product_tag-herramientas","9":"product_tag-klein-tools","11":"first","12":"outofstock","13":"sale","14":"shipping-taxable","15":"purchasable","16":"product-type-simple"},"_links":{"self":[{"href":"https:\/\/soydeaqui.ddns.net\/pachuca\/index.php\/wp-json\/wp\/v2\/product\/104598","targetHints":{"allow":["GET"]}}],"collection":[{"href":"https:\/\/soydeaqui.ddns.net\/pachuca\/index.php\/wp-json\/wp\/v2\/product"}],"about":[{"href":"https:\/\/soydeaqui.ddns.net\/pachuca\/index.php\/wp-json\/wp\/v2\/types\/product"}],"replies":[{"embeddable":true,"href":"https:\/\/soydeaqui.ddns.net\/pachuca\/index.php\/wp-json\/wp\/v2\/comments?post=104598"}],"wp:featuredmedia":[{"embeddable":true,"href":"https:\/\/soydeaqui.ddns.net\/pachuca\/index.php\/wp-json\/wp\/v2\/media\/104597"}],"wp:attachment":[{"href":"https:\/\/soydeaqui.ddns.net\/pachuca\/index.php\/wp-json\/wp\/v2\/media?parent=104598"}],"wp:term":[{"taxonomy":"product_brand","embeddable":true,"href":"https:\/\/soydeaqui.ddns.net\/pachuca\/index.php\/wp-json\/wp\/v2\/product_brand?post=104598"},{"taxonomy":"product_cat","embeddable":true,"href":"https:\/\/soydeaqui.ddns.net\/pachuca\/index.php\/wp-json\/wp\/v2\/product_cat?post=104598"},{"taxonomy":"product_tag","embeddable":true,"href":"https:\/\/soydeaqui.ddns.net\/pachuca\/index.php\/wp-json\/wp\/v2\/product_tag?post=104598"}],"curies":[{"name":"wp","href":"https:\/\/api.w.org\/{rel}","templated":true}]}}