{"id":104588,"date":"2026-03-20T14:40:24","date_gmt":"2026-03-20T14:40:24","guid":{"rendered":"https:\/\/soydeaqui.ddns.net\/pachuca\/index.php\/producto\/pelacables-radial-combinado-coaxial-utp\/"},"modified":"2026-03-20T14:40:24","modified_gmt":"2026-03-20T14:40:24","slug":"pelacables-radial-combinado-coaxial-utp","status":"publish","type":"product","link":"https:\/\/soydeaqui.ddns.net\/pachuca\/index.php\/producto\/pelacables-radial-combinado-coaxial-utp\/","title":{"rendered":"Pelacables Radial Combinado Coaxial\/UTP"},"content":{"rendered":"<div style='width: 100%; max-width: 1200px; margin: 0 auto; font-family: sans-serif; line-height: 1.6; color: inherit; background-color: transparent;'>\n<div style='display: flex; flex-direction: column; align-items: flex-start; margin-bottom: 30px;'>\n<div style='width: 100%;'>\n<h1 style='font-size: 28px; margin: 0 0 10px 0; color: inherit;'>Pelacables radial combinado<\/h1>\n<h2 style='font-size: 24px; margin: 0; color: rgba(150&comma;150&comma;150&comma;0.8);'>VDV110-295<\/h2>\n<\/p><\/div>\n<\/p><\/div>\n<div style='display: flex; flex-wrap: wrap; gap: 30px; margin-bottom: 30px;'>\n<div style='flex: 1 1 300px; min-width: 280px;'>\n<h3 style='font-size: 22px; border-bottom: 2px solid currentColor; padding-bottom: 5px; margin-top: 0; color: inherit; opacity: 0.8;'>Caracter\u00edsticas<\/h3>\n<ul style='padding-left: 20px; font-size: 15px; color: inherit;'>\n<li style='margin-bottom: 5px;'>Pela de manera f\u00e1cil y con cortes limpios cable coaxial y de par trenzado&comma; incluidos los tama\u00f1os RG59&comma; RG6\/6Q&comma; CAT3&comma; CAT5&comma; CAT6 y 6A.<\/li>\n<li style='margin-bottom: 5px;'>Cuchillas de corte de precisi\u00f3n fabricadas en acero de alto contenido de carbono que se ajustan autom\u00e1ticamente a los di\u00e1metros de cable de par trenzado; no da\u00f1an los conductores internos.<\/li>\n<li style='margin-bottom: 5px;'>Anillo para el dedo que permite girar la herramienta f\u00e1cil y suavemente.<\/li>\n<li style='margin-bottom: 5px;'>Permite limpiar f\u00e1cilmente los residuos.<\/li>\n<li style='margin-bottom: 5px;'>La herramienta de calidad superior posee un calibre de profundidad deslizable que premide el cable coaxial para permitir su pelado r\u00e1pido&comma; preciso y repetible de 5\/16&#8221; (7&comma;9 mm) y 1\/4&#8221; (6&comma;4 mm).<\/li>\n<li style='margin-bottom: 5px;'>La cuchilla externa adicional en un dise\u00f1o estructurado permite al usuario cortar el revestimiento de cables transversal o longitudinalmente.<\/li>\n<li style='margin-bottom: 5px;'>Tambi\u00e9n funciona con cables RG6Q de cu\u00e1druple blindaje y doble blindaje.<\/li>\n<\/ul><\/div>\n<\/p><\/div>\n<div style='display: flex; flex-wrap: wrap; gap: 20px; margin-bottom: 30px;'>\n<div style='flex: 1 1 250px; border: 1px solid rgba(150&comma; 150&comma; 150&comma; 0.4); border-radius: 8px; overflow: hidden; display: flex; flex-direction: column;'>\n<div style='padding: 15px; border-bottom: 1px solid rgba(150&comma; 150&comma; 150&comma; 0.2); font-weight: bold; font-size: 18px; color: inherit;'>Especificaciones<\/div>\n<div style='padding: 15px; color: inherit;'>\n<ul style='padding-left: 20px; margin: 0; font-size: 14px; list-style-type: disc;'>\n<li style='margin-bottom: 5px;'><strong>Tipo:<\/strong> Para cable de par trenzado<\/li>\n<li style='margin-bottom: 5px;'><strong>Aplicaci\u00f3n:<\/strong> Preparaci\u00f3n de cables<\/li>\n<li style='margin-bottom: 5px;'><strong>Tipos de cable:<\/strong> RG59&comma; RG6\/6Q&comma; CAT3&comma; CAT5\/5e y CAT6\/6A<\/li>\n<li style='margin-bottom: 5px;'><strong>Niveles:<\/strong> Coaxial: 2&comma; Cable de par trenzado: 1<\/li>\n<li style='margin-bottom: 5px;'><strong>Dimensiones de pelado:<\/strong> Coaxial: 0&comma;3125&#8221; y 0&comma;250&#8221; (7&comma;94 mm y 6&comma;35 mm)&comma; Cable de par trenzado: Variable<\/li>\n<li style='margin-bottom: 5px;'><strong>Longitud total:<\/strong> 5.25&#8221; (13.3 cm)<\/li>\n<li style='margin-bottom: 5px;'><strong>Color del mango:<\/strong> Amarillo<\/li>\n<li style='margin-bottom: 5px;'><strong>Peso:<\/strong> 43 gr (1.5 Oz)<\/li>\n<\/ul><\/div>\n<\/p><\/div>\n<\/p><\/div>\n<div style='width: 100%; margin: 30px 0;'> <img style='width: 100%; height: auto; border: 1px solid rgba(150&comma;150&comma;150&comma;0.3); border-radius: 8px;' src='https:\/\/ftp3.syscom.mx\/usuarios\/fotos\/VDV110295\/201521-captura_de_pantalla_2023-05-23_a_la(s)_10.11.41.png' alt=''> <\/div>\n<\/p><\/div>\n","protected":false},"excerpt":{"rendered":"<p>Pelacables Radial Combinado Coaxial\/UTP<\/p>\n","protected":false},"featured_media":104587,"comment_status":"open","ping_status":"closed","template":"","meta":[],"product_brand":[],"product_cat":[713],"product_tag":[138,714,432],"class_list":{"0":"post-104588","1":"product","2":"type-product","3":"status-publish","4":"has-post-thumbnail","6":"product_cat-herramientas-para-preparacion-de-cable","7":"product_tag-cables","8":"product_tag-herramientas-para-preparacion-de-cable","9":"product_tag-klein-tools","11":"first","12":"instock","13":"sale","14":"shipping-taxable","15":"purchasable","16":"product-type-simple"},"_links":{"self":[{"href":"https:\/\/soydeaqui.ddns.net\/pachuca\/index.php\/wp-json\/wp\/v2\/product\/104588","targetHints":{"allow":["GET"]}}],"collection":[{"href":"https:\/\/soydeaqui.ddns.net\/pachuca\/index.php\/wp-json\/wp\/v2\/product"}],"about":[{"href":"https:\/\/soydeaqui.ddns.net\/pachuca\/index.php\/wp-json\/wp\/v2\/types\/product"}],"replies":[{"embeddable":true,"href":"https:\/\/soydeaqui.ddns.net\/pachuca\/index.php\/wp-json\/wp\/v2\/comments?post=104588"}],"wp:featuredmedia":[{"embeddable":true,"href":"https:\/\/soydeaqui.ddns.net\/pachuca\/index.php\/wp-json\/wp\/v2\/media\/104587"}],"wp:attachment":[{"href":"https:\/\/soydeaqui.ddns.net\/pachuca\/index.php\/wp-json\/wp\/v2\/media?parent=104588"}],"wp:term":[{"taxonomy":"product_brand","embeddable":true,"href":"https:\/\/soydeaqui.ddns.net\/pachuca\/index.php\/wp-json\/wp\/v2\/product_brand?post=104588"},{"taxonomy":"product_cat","embeddable":true,"href":"https:\/\/soydeaqui.ddns.net\/pachuca\/index.php\/wp-json\/wp\/v2\/product_cat?post=104588"},{"taxonomy":"product_tag","embeddable":true,"href":"https:\/\/soydeaqui.ddns.net\/pachuca\/index.php\/wp-json\/wp\/v2\/product_tag?post=104588"}],"curies":[{"name":"wp","href":"https:\/\/api.w.org\/{rel}","templated":true}]}}