{"id":104586,"date":"2026-03-20T14:40:20","date_gmt":"2026-03-20T14:40:20","guid":{"rendered":"https:\/\/soydeaqui.ddns.net\/pachuca\/index.php\/producto\/pelacables-cortacables-para-cable-macizo-de-10-20-y-trenzado-de-12-22-awg\/"},"modified":"2026-03-20T14:40:21","modified_gmt":"2026-03-20T14:40:21","slug":"pelacables-cortacables-para-cable-macizo-de-10-20-y-trenzado-de-12-22-awg","status":"publish","type":"product","link":"https:\/\/soydeaqui.ddns.net\/pachuca\/index.php\/producto\/pelacables-cortacables-para-cable-macizo-de-10-20-y-trenzado-de-12-22-awg\/","title":{"rendered":"Pelacables \/ Cortacables para Cable Macizo de 10-20 y Trenzado de 12-22 AWG"},"content":{"rendered":"<div style='width: 100%; max-width: 1200px; margin: 0 auto; font-family: sans-serif; line-height: 1.6; color: inherit; background-color: transparent;'> <!-- Secci\u00f3n de t\u00edtulo --> <\/p>\n<div style='margin-bottom: 20px;'>\n<h1 style='font-size: 28px; margin: 0; color: inherit;'>Pelacables\/cortacables para cable macizo de 10-20 y trenzado de 12-22 AWG<\/h1>\n<p style='font-size: 24px; color: rgba(150&comma;150&comma;150&comma;0.8); margin: 10px 0 0 0;'>1011<\/p>\n<\/p><\/div>\n<p> <!-- Descripci\u00f3n general --> <\/p>\n<div style='margin-bottom: 30px;'>\n<p style='font-size: 15px; color: inherit; margin-bottom: 15px;'> El vers\u00e1til pelacables y cortacables multiuso Klein Tools puede pelar seis tama\u00f1os est\u00e1ndar de cables sin rasgar el cable. La acci\u00f3n de tijera de las mordazas de corte realiza cortes limpios sin esfuerzo. Los mangos recubiertos en pl\u00e1stico son muy c\u00f3modos. <\/p>\n<\/p><\/div>\n<p> <!-- Caracter\u00edsticas principales --> <\/p>\n<div style='margin-bottom: 30px;'>\n<h3 style='font-size: 22px; border-bottom: 2px solid currentColor; padding-bottom: 5px; margin-top: 0; color: inherit; opacity: 0.8;'>Caracter\u00edsticas<\/h3>\n<ul style='padding-left: 20px; font-size: 15px; color: inherit; list-style-type: disc;'>\n<li style='margin-bottom: 5px;'>Corta&comma; pela&comma; enlaza y dobla cable s\u00f3lido de 10-20 AWG y cable trenzado de 12-22 AWG<\/li>\n<li style='margin-bottom: 5px;'>Cuchillas de corte tipo cizalla para lograr cortes limpios<\/li>\n<li style='margin-bottom: 5px;'>Mordazas con punta serrada para doblar&comma; formar o jalar el cable; agujeros para enlazar los extremos del cable<\/li>\n<li style='margin-bottom: 5px;'>Accionamiento de resorte para apertura autom\u00e1tica y mangos c\u00f3modos recubiertos en pl\u00e1stico<\/li>\n<li style='margin-bottom: 5px;'>Hechas en EE. UU.<\/li>\n<\/ul><\/div>\n<p> <!-- Especificaciones --> <\/p>\n<div style='display: flex; flex-wrap: wrap; gap: 30px; margin-bottom: 30px;'>\n<div style='flex: 1 1 300px; min-width: 280px;'>\n<h3 style='font-size: 22px; border-bottom: 2px solid currentColor; padding-bottom: 5px; margin-top: 0; color: inherit; opacity: 0.8;'>Especificaciones<\/h3>\n<ul style='padding-left: 20px; font-size: 15px; color: inherit; list-style-type: disc;'>\n<li style='margin-bottom: 5px;'><strong>Aplicaci\u00f3n:<\/strong> Pela seis tama\u00f1os est\u00e1ndar de cables sin mellar el cable<\/li>\n<li style='margin-bottom: 5px;'><strong>Caracter\u00edsticas especiales:<\/strong> Pela seis tama\u00f1os est\u00e1ndar<\/li>\n<li style='margin-bottom: 5px;'><strong>Material:<\/strong> Acero<\/li>\n<li style='margin-bottom: 5px;'><strong>Pela y corta:<\/strong> Cable s\u00f3lido de 10-20 AWG y cable trenzado de 12-22 AWG<\/li>\n<li style='margin-bottom: 5px;'><strong>Longitud total:<\/strong> 6&comma;125&#8242; (15&comma;6 cm)<\/li>\n<li style='margin-bottom: 5px;'><strong>Color del mango:<\/strong> Azul<\/li>\n<li style='margin-bottom: 5px;'><strong>Textura:<\/strong> Texturado<\/li>\n<li style='margin-bottom: 5px;'><strong>Peso:<\/strong> 3&comma;7 oz (104 g)<\/li>\n<li style='margin-bottom: 5px;'><strong>UPC:<\/strong> 092644740084<\/li>\n<\/ul><\/div>\n<\/p><\/div>\n<p> <!-- Im\u00e1genes adicionales --> <\/p>\n<div style='display: flex; flex-wrap: wrap; gap: 20px; margin-bottom: 30px;'>\n<div style='flex: 1 1 150px; min-width: 150px;'> <img style='width: 100%; height: auto; border: 1px solid rgba(150&comma;150&comma;150&comma;0.3); border-radius: 8px;' src='https:\/\/www.kleintools.com.mx\/sites\/all\/product_assets\/icons\/klein\/wp_made-usa-en.jpg' alt='Hecho en EE.UU.'> <\/div>\n<div style='flex: 1 1 150px; min-width: 150px;'> <img style='width: 100%; height: auto; border: 1px solid rgba(150&comma;150&comma;150&comma;0.3); border-radius: 8px;' src='https:\/\/www.kleintools.com.mx\/sites\/all\/product_assets\/icons\/klein\/wf_solid-1020awg.jpg' alt='Cable macizo 10-20 AWG'> <\/div>\n<div style='flex: 1 1 150px; min-width: 150px;'> <img style='width: 100%; height: auto; border: 1px solid rgba(150&comma;150&comma;150&comma;0.3); border-radius: 8px;' src='https:\/\/www.kleintools.com.mx\/sites\/all\/product_assets\/icons\/klein\/wf_stranded-1222awg.jpg' alt='Cable trenzado 12-22 AWG'> <\/div>\n<\/p><\/div>\n<p> <!-- Separador final --> <\/p>\n<hr style='border: 0; border-top: 1px solid rgba(150&comma; 150&comma; 150&comma; 0.3); margin: 30px 0;'> <\/div>\n","protected":false},"excerpt":{"rendered":"<p>Pelacables \/ Cortacables para Cable Macizo de 10-20 y Trenzado de 12-22 AWG<\/p>\n","protected":false},"featured_media":104585,"comment_status":"open","ping_status":"closed","template":"","meta":[],"product_brand":[],"product_cat":[1138],"product_tag":[1058,1139,432],"class_list":{"0":"post-104586","1":"product","2":"type-product","3":"status-publish","4":"has-post-thumbnail","6":"product_cat-herramientas-mecanicas","7":"product_tag-ferreteria","8":"product_tag-herramientas-mecanicas","9":"product_tag-klein-tools","11":"first","12":"instock","13":"sale","14":"shipping-taxable","15":"purchasable","16":"product-type-simple"},"_links":{"self":[{"href":"https:\/\/soydeaqui.ddns.net\/pachuca\/index.php\/wp-json\/wp\/v2\/product\/104586","targetHints":{"allow":["GET"]}}],"collection":[{"href":"https:\/\/soydeaqui.ddns.net\/pachuca\/index.php\/wp-json\/wp\/v2\/product"}],"about":[{"href":"https:\/\/soydeaqui.ddns.net\/pachuca\/index.php\/wp-json\/wp\/v2\/types\/product"}],"replies":[{"embeddable":true,"href":"https:\/\/soydeaqui.ddns.net\/pachuca\/index.php\/wp-json\/wp\/v2\/comments?post=104586"}],"wp:featuredmedia":[{"embeddable":true,"href":"https:\/\/soydeaqui.ddns.net\/pachuca\/index.php\/wp-json\/wp\/v2\/media\/104585"}],"wp:attachment":[{"href":"https:\/\/soydeaqui.ddns.net\/pachuca\/index.php\/wp-json\/wp\/v2\/media?parent=104586"}],"wp:term":[{"taxonomy":"product_brand","embeddable":true,"href":"https:\/\/soydeaqui.ddns.net\/pachuca\/index.php\/wp-json\/wp\/v2\/product_brand?post=104586"},{"taxonomy":"product_cat","embeddable":true,"href":"https:\/\/soydeaqui.ddns.net\/pachuca\/index.php\/wp-json\/wp\/v2\/product_cat?post=104586"},{"taxonomy":"product_tag","embeddable":true,"href":"https:\/\/soydeaqui.ddns.net\/pachuca\/index.php\/wp-json\/wp\/v2\/product_tag?post=104586"}],"curies":[{"name":"wp","href":"https:\/\/api.w.org\/{rel}","templated":true}]}}