{"id":104576,"date":"2026-03-20T14:39:47","date_gmt":"2026-03-20T14:39:47","guid":{"rendered":"https:\/\/soydeaqui.ddns.net\/pachuca\/index.php\/producto\/adaptador-multipuerto-usb-c-3-1-a-hdmi-4k-usb-3-0-usb-c-alta-velocidad-de-transmision-de-datos-admite-carga-rapida-pd-en-el-puerto-usb-c\/"},"modified":"2026-03-20T14:40:13","modified_gmt":"2026-03-20T14:40:13","slug":"adaptador-multipuerto-usb-c-3-1-a-hdmi-4k-usb-3-0-usb-c-alta-velocidad-de-transmision-de-datos-admite-carga-rapida-pd-en-el-puerto-usb-c","status":"publish","type":"product","link":"https:\/\/soydeaqui.ddns.net\/pachuca\/index.php\/producto\/adaptador-multipuerto-usb-c-3-1-a-hdmi-4k-usb-3-0-usb-c-alta-velocidad-de-transmision-de-datos-admite-carga-rapida-pd-en-el-puerto-usb-c\/","title":{"rendered":"Adaptador Multipuerto USB-C 3.1 A HDMI 4K \/ USB 3.0 \/ USB \u2013 C \/  Alta Velocidad de Transmisi\u00f3n de Datos \/ Admite Carga R\u00e1pida (PD) en el Puerto USB \u2013 C"},"content":{"rendered":"<div style='width: 100%; max-width: 1200px; margin: 0 auto; font-family: sans-serif; line-height: 1.6; color: inherit; background-color: transparent;'>\n<div style='width: 100%; text-align: center; margin: 20px 0;'>\n<h1 style='font-size: 28px; color: inherit; margin: 0;'><strong>TTUSBCAV<\/strong><\/h1>\n<h3 style='font-size: 18px; color: inherit; opacity: 0.8; margin: 10px 0;'>Adaptador multipuerto USB 3.1 tipo C a HDMI \/ USB 3.0 \/ USB-C<\/h3>\n<p style='font-size: 15px; color: inherit; margin: 20px 0;'>El adaptador multipuerto USB C (3 en 1): expande tu puerto USB tipo C a un puerto de salida de v\u00eddeo HDMI 4K&comma; un puerto USB 3.0 y un puerto de carga USB-C. Tiene m\u00faltiples usos como lo es cargar tus dispositivos electr\u00f3nicos mediante su puerto de carga USB-C (PD) como pueden ser tel\u00e9fonos&comma; tabletas&comma; etc. con su puerto HDMI&comma; permite extender su pantalla y transmitir directamente video 4K a su monitor o proyector. El puerto de transferencia USB 3.0 de alta velocidad proporciona una velocidad de transmisi\u00f3n de datos de hasta 5 Gbps&comma; lo suficientemente r\u00e1pida como para transferir im\u00e1genes&comma; archivos y videos HD en segundos. No necesita controlador o aplicaci\u00f3n externa&comma; los 3 puertos pueden funcionar al mismo tiempo.<\/p>\n<\/p><\/div>\n<div style='display: flex; flex-wrap: wrap; gap: 30px; margin-bottom: 30px;'>\n<div style='flex: 1 1 300px; min-width: 280px;'> <img style='width: 100%; height: auto; border: 1px solid rgba(150&comma;150&comma;150&comma;0.3); border-radius: 8px;' src='http:\/\/ftp3.syscom.mx\/usuarios\/hallende\/Familia%20Centro\/Miscelaneos\/TT-USBCAV\/TTUSBCAVESP01.jpg' alt=''> <\/p>\n<div style='border: 1px solid rgba(150&comma;150&comma;150&comma;0.3); border-radius: 8px; margin-top: 15px; overflow: hidden;'>\n<div style='background-color: rgba(22&comma; 93&comma; 245&comma; 0.1); padding: 15px; border-bottom: 1px solid rgba(150&comma;150&comma;150&comma;0.3); font-weight: bold; font-size: 16px; color: inherit;'>Caracter\u00edsticas Principales<\/div>\n<ul style='padding: 15px; margin: 0; font-size: 14px; list-style-type: disc; color: inherit;'>\n<li style='margin-bottom: 8px;'><strong>Tipo C a HDMI&comma; cargador de energ\u00eda (PD)&comma; adaptador USB 3.0 (3 en 1)<\/strong><\/li>\n<li style='margin-bottom: 8px;'><strong>Transmisi\u00f3n de calidad de imagen HD en 4K<\/strong><\/li>\n<li style='margin-bottom: 8px;'><strong>Puerto USB 3.0 a 5 Gbps<\/strong><\/li>\n<li style='margin-bottom: 8px;'>Potencia de carga tipo C 65W (M\u00c1X.)<\/li>\n<\/ul><\/div>\n<\/p><\/div>\n<div style='flex: 1 1 300px; min-width: 280px;'> <img style='width: 100%; height: auto; border: 1px solid rgba(150&comma;150&comma;150&comma;0.3); border-radius: 8px;' src='http:\/\/ftp3.syscom.mx\/usuarios\/hallende\/Familia%20Centro\/Miscelaneos\/TT-USBCAV\/TTUSBCAVESP02.jpg' alt=''> <\/p>\n<div style='border: 1px solid rgba(150&comma;150&comma;150&comma;0.3); border-radius: 8px; margin-top: 15px; overflow: hidden;'>\n<div style='background-color: rgba(22&comma; 93&comma; 245&comma; 0.1); padding: 15px; border-bottom: 1px solid rgba(150&comma;150&comma;150&comma;0.3); font-weight: bold; font-size: 16px; color: inherit;'>Caracter\u00edsticas F\u00edsicas y El\u00e9ctricas<\/div>\n<ul style='padding: 15px; margin: 0; font-size: 14px; list-style-type: disc; color: inherit;'>\n<li style='margin-bottom: 8px;'><strong>No se requiere fuente de alimentaci\u00f3n<\/strong><\/li>\n<li style='margin-bottom: 8px;'>Dimensiones: 55 mm (L) x 60 mm (W) x 10 mm (H)<\/li>\n<li style='margin-bottom: 8px;'>Color blanco plateado<\/li>\n<li style='margin-bottom: 8px;'><strong>1 A\u00f1o de Garant\u00eda por defectos de f\u00e1brica<\/strong><\/li>\n<\/ul><\/div>\n<\/p><\/div>\n<div style='flex: 1 1 300px; min-width: 280px;'> <img style='width: 100%; height: auto; border: 1px solid rgba(150&comma;150&comma;150&comma;0.3); border-radius: 8px;' src='http:\/\/ftp3.syscom.mx\/usuarios\/hallende\/Familia%20Centro\/Miscelaneos\/TT-USBCAV\/TTUSBCAVESP03.jpg' alt=''> <\/p>\n<div style='border: 1px solid rgba(150&comma;150&comma;150&comma;0.3); border-radius: 8px; margin-top: 15px; overflow: hidden;'>\n<div style='background-color: rgba(22&comma; 93&comma; 245&comma; 0.1); padding: 15px; border-bottom: 1px solid rgba(150&comma;150&comma;150&comma;0.3); font-weight: bold; font-size: 16px; color: inherit;'>Caracter\u00edsticas Destacadas<\/div>\n<ul style='padding: 15px; margin: 0; font-size: 14px; list-style-type: disc; color: inherit;'>\n<li style='margin-bottom: 8px;'><strong>Puerto HDMI:<\/strong> Calidad de video de hasta 4K<\/li>\n<li style='margin-bottom: 8px;'><strong>Puerto USB 3.0:<\/strong> Velocidad de hasta 5Gbps y funciona con teclado&comma; mouse.<\/li>\n<li style='margin-bottom: 8px;'><strong>Puerto USB-C:<\/strong> Computadora port\u00e1til de carga a trav\u00e9s de la interfaz hembra tipo C&comma; 5W-60W autom\u00e1ticamente adaptable<\/li>\n<\/ul><\/div>\n<\/p><\/div>\n<\/p><\/div>\n<div style='width: 100%; margin: 30px 0;'> <img style='width: 100%; height: auto; border: 1px solid rgba(150&comma;150&comma;150&comma;0.3); border-radius: 8px;' src='http:\/\/ftp3.syscom.mx\/usuarios\/hallende\/Familia%20Centro\/Miscelaneos\/TT-USBCAV\/TTUSBCAV.jpg' alt=''> <\/div>\n<\/p><\/div>\n","protected":false},"excerpt":{"rendered":"<p>Adaptador Multipuerto USB-C 3.1 A HDMI 4K \/ USB 3.0 \/ USB \u2013 C \/  Alta Velocidad de Transmisi\u00f3n de Datos \/ Admite Carga R\u00e1pida (PD) en el Puerto USB \u2013 C<\/p>\n","protected":false},"featured_media":104575,"comment_status":"open","ping_status":"closed","template":"","meta":[],"product_brand":[],"product_cat":[2073,2074,2077,2075,2072,2076],"product_tag":[417,2079,2080,2083,454,2081,2078,2082],"class_list":{"0":"post-104576","1":"product","2":"type-product","3":"status-publish","4":"has-post-thumbnail","6":"product_cat-convertidores","7":"product_cat-divisores","8":"product_cat-dvi","9":"product_cat-hdmi","10":"product_cat-kits-extensores","11":"product_cat-vga","12":"product_tag-accesorios-generales","13":"product_tag-convertidores","14":"product_tag-divisores","15":"product_tag-dvi","16":"product_tag-epcom-powerline","17":"product_tag-hdmi","18":"product_tag-kits-extensores","19":"product_tag-vga","21":"first","22":"instock","23":"sale","24":"shipping-taxable","25":"purchasable","26":"product-type-simple"},"_links":{"self":[{"href":"https:\/\/soydeaqui.ddns.net\/pachuca\/index.php\/wp-json\/wp\/v2\/product\/104576","targetHints":{"allow":["GET"]}}],"collection":[{"href":"https:\/\/soydeaqui.ddns.net\/pachuca\/index.php\/wp-json\/wp\/v2\/product"}],"about":[{"href":"https:\/\/soydeaqui.ddns.net\/pachuca\/index.php\/wp-json\/wp\/v2\/types\/product"}],"replies":[{"embeddable":true,"href":"https:\/\/soydeaqui.ddns.net\/pachuca\/index.php\/wp-json\/wp\/v2\/comments?post=104576"}],"wp:featuredmedia":[{"embeddable":true,"href":"https:\/\/soydeaqui.ddns.net\/pachuca\/index.php\/wp-json\/wp\/v2\/media\/104575"}],"wp:attachment":[{"href":"https:\/\/soydeaqui.ddns.net\/pachuca\/index.php\/wp-json\/wp\/v2\/media?parent=104576"}],"wp:term":[{"taxonomy":"product_brand","embeddable":true,"href":"https:\/\/soydeaqui.ddns.net\/pachuca\/index.php\/wp-json\/wp\/v2\/product_brand?post=104576"},{"taxonomy":"product_cat","embeddable":true,"href":"https:\/\/soydeaqui.ddns.net\/pachuca\/index.php\/wp-json\/wp\/v2\/product_cat?post=104576"},{"taxonomy":"product_tag","embeddable":true,"href":"https:\/\/soydeaqui.ddns.net\/pachuca\/index.php\/wp-json\/wp\/v2\/product_tag?post=104576"}],"curies":[{"name":"wp","href":"https:\/\/api.w.org\/{rel}","templated":true}]}}