{"id":104552,"date":"2026-03-20T14:38:31","date_gmt":"2026-03-20T14:38:31","guid":{"rendered":"https:\/\/soydeaqui.ddns.net\/pachuca\/index.php\/producto\/camara-box-ip-2-megapixel-serie-pro-ultra-baja-iluminacion-poe-12-vcc-wdr-120-db-onvif-micro-sd\/"},"modified":"2026-03-20T14:38:51","modified_gmt":"2026-03-20T14:38:51","slug":"camara-box-ip-2-megapixel-serie-pro-ultra-baja-iluminacion-poe-12-vcc-wdr-120-db-onvif-micro-sd","status":"publish","type":"product","link":"https:\/\/soydeaqui.ddns.net\/pachuca\/index.php\/producto\/camara-box-ip-2-megapixel-serie-pro-ultra-baja-iluminacion-poe-12-vcc-wdr-120-db-onvif-micro-sd\/","title":{"rendered":"Camara Box IP 2 Megapixel \/ Serie PRO \/ Ultra Baja Iluminacion \/ PoE \/ 12 Vcc \/ WDR 120 dB \/ Onvif \/ Micro SD"},"content":{"rendered":"<div style='width: 100%; max-width: 1200px; margin: 0 auto; font-family: sans-serif; line-height: 1.6; color: inherit; background-color: transparent;'>\n<p style='text-align: center; margin: 0;'><img style='width: 100%; max-width: 450px; height: auto; border: 1px solid rgba(150&comma;150&comma;150&comma;0.3); border-radius: 8px;' src='https:\/\/ftp3.syscom.mx\/usuarios\/jsosa\/HIKVISION\/imagenes\/logo\/hikvision%20see%20far.png' alt='Logo Hikvision'><\/p>\n<hr style='border: 0; border-top: 1px solid rgba(150&comma; 150&comma; 150&comma; 0.3); margin: 30px 0;'>\n<div style='display: flex; flex-wrap: wrap; gap: 30px; margin-bottom: 30px;'>\n<div style='flex: 1 1 300px; min-width: 280px;'>\n<h3 style='font-size: 22px; border-bottom: 2px solid currentColor; padding-bottom: 5px; margin-top: 0; color: inherit; opacity: 0.8;'>Caracter\u00edsticas principales<\/h3>\n<ul style='padding-left: 20px; font-size: 15px; color: inherit;'>\n<li style='margin-bottom: 5px;'><strong>Sensor de imagen:<\/strong> 1\/2.7&#8242; CMOS Scan Progresivo<\/li>\n<li style='margin-bottom: 5px;'><strong>Iluminaci\u00f3n m\u00ednima:<\/strong> 0.005 Lux @ (F1.2 AGC ON)<\/li>\n<li style='margin-bottom: 5px;'><strong>Lente:<\/strong> Seleccionable seg\u00fan la distancia focal a utilizar&comma; no incluye lente<\/li>\n<li style='margin-bottom: 5px;'><strong>WDR:<\/strong> 120 dB \/ 3D DNR \/ BLC \/ Onvif<\/li>\n<li style='margin-bottom: 5px;'><strong>Memoria micro SD:<\/strong> Hasta 128 GB (no incluida)<\/li>\n<li style='margin-bottom: 5px;'><strong>Resoluci\u00f3n m\u00e1xima:<\/strong> 2 Megapixel (1920 X 1080)<\/li>\n<li style='margin-bottom: 5px;'><strong>Compresi\u00f3n:<\/strong> H.265+ \/ H.265 \/ H.264<\/li>\n<li style='margin-bottom: 5px;'><strong>Main Stream:<\/strong> 30 fps (1920 x 1080&comma; 1280 x 960&comma; 1280 x 720)<\/li>\n<li style='margin-bottom: 5px;'><strong>Sub Stream:<\/strong> 30 fps (640 x 480&comma; 640 x 360&comma; 320 x 240)<\/li>\n<li style='margin-bottom: 5px;'><strong>Usuarios simult\u00e1neos:<\/strong> Hasta 6<\/li>\n<\/ul><\/div>\n<div style='flex: 1 1 300px; min-width: 280px;'>\n<h3 style='font-size: 22px; border-bottom: 2px solid currentColor; padding-bottom: 5px; margin-top: 0; color: inherit; opacity: 0.8;'>Caracter\u00edsticas F\u00edsicas y El\u00e9ctricas<\/h3>\n<ul style='padding-left: 20px; font-size: 15px; color: inherit;'>\n<li style='margin-bottom: 5px;'><strong>Temperatura de operaci\u00f3n:<\/strong> -10\u00baC a 50\u00baC<\/li>\n<li style='margin-bottom: 5px;'><strong>Alimentaci\u00f3n:<\/strong> 12 Vcc \/ 4.8 W \/ PoE (802.3 af)<\/li>\n<li style='margin-bottom: 5px;'><strong>Dimensiones:<\/strong> 68 \u00d7 56 \u00d7 143 mm<\/li>\n<li style='margin-bottom: 5px;'><strong>Peso:<\/strong> 440 grs<\/li>\n<\/ul>\n<h4 style='font-size: 18px; margin-top: 20px; margin-bottom: 10px; color: inherit; opacity: 0.8;'>Entradas y Salidas de Audio \/ Alarma \/ Red<\/h4>\n<ul style='padding-left: 20px; font-size: 15px; color: inherit;'>\n<li style='margin-bottom: 5px;'><strong>Entrada de alarma:<\/strong> 1<\/li>\n<li style='margin-bottom: 5px;'><strong>Salida de alarma:<\/strong> 1 (12 Vcc&comma; 30 mA)<\/li>\n<li style='margin-bottom: 5px;'><strong>Entrada de audio:<\/strong> 1<\/li>\n<li style='margin-bottom: 5px;'><strong>Salida de audio:<\/strong> 1<\/li>\n<li style='margin-bottom: 5px;'><strong>Micr\u00f3fono:<\/strong> Incluido<\/li>\n<\/ul>\n<h4 style='font-size: 18px; margin-top: 20px; margin-bottom: 10px; color: inherit; opacity: 0.8;'>Accesorios Opcionales<\/h4>\n<ul style='padding-left: 20px; font-size: 15px; color: inherit;'>\n<li style='margin-bottom: 5px;'><strong>Montaje de Pared:<\/strong> <a href='https:\/\/www.syscom.mx\/producto\/DS-1292ZJ-HIKVISION-137525.html' target='_blank' rel='noopener' style='color: inherit; text-decoration: underline;'>DS-1292ZJ<\/a><\/li>\n<li style='margin-bottom: 5px;'><strong>Gabinete para c\u00e1maras tipo BOX:<\/strong> <a href='https:\/\/www.syscom.mx\/producto\/DS-1331HZ-C-HIKVISION-159206.html' target='_blank' rel='noopener' style='color: inherit; text-decoration: underline;'>DS-1331HZ-C<\/a><\/li>\n<li style='margin-bottom: 5px;'><strong>Montaje Colgante Para Interior:<\/strong> <a href='https:\/\/www.syscom.mx\/producto\/DS-1299ZJ-HIKVISION-161214.html' target='_blank' rel='noopener' style='color: inherit; text-decoration: underline;'>DS-1299ZJ<\/a><\/li>\n<li style='margin-bottom: 5px;'><strong>Lente Varifocal:<\/strong> <a href='https:\/\/www.syscom.mx\/producto\/TV2710D-MPIR-HIKVISION-166250.html' target='_blank' rel='noopener' style='color: inherit; text-decoration: underline;'>TV2710D-MPIR<\/a><\/li>\n<\/ul><\/div>\n<\/p><\/div>\n<hr style='border: 0; border-top: 1px solid rgba(150&comma; 150&comma; 150&comma; 0.3); margin: 30px 0;'>\n<p style='text-align: center; margin: 0;'><img style='width: 100%; max-width: 1200px; height: auto; border: 1px solid rgba(150&comma;150&comma;150&comma;0.3); border-radius: 8px;' src='https:\/\/ftp3.syscom.mx\/usuarios\/jsosa\/HIKVISION\/imagenes\/banners\/solution%20complete.png' alt='Soluci\u00f3n completa Hikvision'><\/p>\n<\/p><\/div>\n","protected":false},"excerpt":{"rendered":"<p>Camara Box IP 2 Megapixel \/ Serie PRO \/ Ultra Baja Iluminacion \/ PoE \/ 12 Vcc \/ WDR 120 dB \/ Onvif \/ Micro SD<\/p>\n","protected":false},"featured_media":104551,"comment_status":"open","ping_status":"closed","template":"","meta":[],"product_brand":[],"product_cat":[2341],"product_tag":[122,54,2342],"class_list":{"0":"post-104552","1":"product","2":"type-product","3":"status-publish","4":"has-post-thumbnail","6":"product_cat-profesionales-caja","7":"product_tag-camaras-ip-y-nvrs","8":"product_tag-hikvision","9":"product_tag-profesionales-caja","11":"first","12":"instock","13":"sale","14":"shipping-taxable","15":"purchasable","16":"product-type-simple"},"_links":{"self":[{"href":"https:\/\/soydeaqui.ddns.net\/pachuca\/index.php\/wp-json\/wp\/v2\/product\/104552","targetHints":{"allow":["GET"]}}],"collection":[{"href":"https:\/\/soydeaqui.ddns.net\/pachuca\/index.php\/wp-json\/wp\/v2\/product"}],"about":[{"href":"https:\/\/soydeaqui.ddns.net\/pachuca\/index.php\/wp-json\/wp\/v2\/types\/product"}],"replies":[{"embeddable":true,"href":"https:\/\/soydeaqui.ddns.net\/pachuca\/index.php\/wp-json\/wp\/v2\/comments?post=104552"}],"wp:featuredmedia":[{"embeddable":true,"href":"https:\/\/soydeaqui.ddns.net\/pachuca\/index.php\/wp-json\/wp\/v2\/media\/104551"}],"wp:attachment":[{"href":"https:\/\/soydeaqui.ddns.net\/pachuca\/index.php\/wp-json\/wp\/v2\/media?parent=104552"}],"wp:term":[{"taxonomy":"product_brand","embeddable":true,"href":"https:\/\/soydeaqui.ddns.net\/pachuca\/index.php\/wp-json\/wp\/v2\/product_brand?post=104552"},{"taxonomy":"product_cat","embeddable":true,"href":"https:\/\/soydeaqui.ddns.net\/pachuca\/index.php\/wp-json\/wp\/v2\/product_cat?post=104552"},{"taxonomy":"product_tag","embeddable":true,"href":"https:\/\/soydeaqui.ddns.net\/pachuca\/index.php\/wp-json\/wp\/v2\/product_tag?post=104552"}],"curies":[{"name":"wp","href":"https:\/\/api.w.org\/{rel}","templated":true}]}}