{"id":104548,"date":"2026-03-20T14:38:22","date_gmt":"2026-03-20T14:38:22","guid":{"rendered":"https:\/\/soydeaqui.ddns.net\/pachuca\/index.php\/producto\/hikcentral-professional-licencia-anade-1-canal-anpr-hikcentral-p-vss-1ch-anpr\/"},"modified":"2026-03-20T14:38:24","modified_gmt":"2026-03-20T14:38:24","slug":"hikcentral-professional-licencia-anade-1-canal-anpr-hikcentral-p-vss-1ch-anpr","status":"publish","type":"product","link":"https:\/\/soydeaqui.ddns.net\/pachuca\/index.php\/producto\/hikcentral-professional-licencia-anade-1-canal-anpr-hikcentral-p-vss-1ch-anpr\/","title":{"rendered":"HikCentral Professional \/ Licencia A\u00f1ade 1 Canal ANPR HikCentral-P-VSS-1Ch\/ANPR)"},"content":{"rendered":"<div style='width: 100%; max-width: 1200px; margin: 0 auto; font-family: sans-serif; line-height: 1.6; color: inherit; background-color: transparent;'>\n<p style='text-align: center; margin: 0;'><img style='width: 45%; height: auto; border: 1px solid rgba(150&comma;150&comma;150&comma;0.3); border-radius: 8px;' src='https:\/\/ftp3.syscom.mx\/usuarios\/jsosa\/HIKVISION\/imagenes\/logo\/hikvision%20see%20far.png' alt='Logo Hikvision'><\/p>\n<div style='display: flex; flex-wrap: wrap; gap: 30px; margin-top: 30px; margin-bottom: 30px;'>\n<div style='flex: 1 1 300px; min-width: 280px;'>\n<h3 style='font-size: 22px; border-bottom: 2px solid currentColor; padding-bottom: 5px; margin-top: 0; color: inherit; opacity: 0.8;'>Caracter\u00edsticas Principales:<\/h3>\n<ul style='padding-left: 20px; font-size: 15px; color: inherit;'>\n<li style='margin-bottom: 5px;'><span style='color: inherit;'>Esta licencia a\u00f1ade un canal de ANPR (no requiere licencia de canal de video adicional).<\/span><\/li>\n<li style='margin-bottom: 5px;'><span style='color: inherit;'>Requiere una licencia base de videovigilancia activa y una camara con funci\u00f3n de ANPR. El software no genera el analitico<\/span><a style='color: inherit; text-decoration: none; font-weight: 600; background-color: #ffffff;' href='https:\/\/www.syscom.mx\/principal\/searchcont?route=HC-P-VSS\/1C-HIKVISION-202578&#038;autodetect=hcpvssb'>.<\/a><\/li>\n<li style='margin-bottom: 5px;'><span style='color: inherit;'>Licencia Vitalicia (Permanente).<\/span><\/li>\n<\/ul><\/div>\n<div style='flex: 1 1 300px; min-width: 280px;'>\n<h3 style='font-size: 22px; border-bottom: 2px solid currentColor; padding-bottom: 5px; margin-top: 0; color: inherit; opacity: 0.8;'>Consideraciones:<\/h3>\n<ul style='padding-left: 20px; font-size: 15px; color: inherit;'>\n<li style='margin-bottom: 5px;'><span style='color: inherit;'>Al comprar cualquier licencia de HikCentral Professional&comma; usted recib\u00edra un archivo PDF en donde obtendra un codigo para poder activar \/ a\u00f1adir la licencia a la plataforma.<\/span><\/li>\n<li style='margin-bottom: 5px;'><span style='color: inherit;'>Todas las licencias de HikCentral Professional&comma; tiene un tiempo estimado de entrega de 8 a 10 dias habiles despues de generar la orden de compra.<\/span><\/li>\n<li style='margin-bottom: 5px;'><span style='color: inherit;'>No hay devoluciones o reembolsos de la liencia adquirida. Tampoco aplica cancelaci\u00f3n si ya se dio un anticipo para poder procesar la compra.<\/span><\/li>\n<\/ul><\/div>\n<\/p><\/div>\n<div style='width: 100%; margin: 30px 0;'> <img style='width: 100%; height: auto; border: 1px solid rgba(150&comma;150&comma;150&comma;0.3); border-radius: 8px;' src='https:\/\/ftp3.syscom.mx\/usuarios\/yalvarado\/hikvision\/HCP\/V2.6\/HCP%20v2.6_Landingpage_homepage%20banner.jpg' alt='Banner HikCentral Professional'> <\/div>\n<p style='text-align: justify; margin-top: 20px; color: inherit;'><span style='color: inherit;'>HikCentral Professional&comma; es el software de Hikvision para integrar sistemas de seguridad&comma; est\u00e1 dise\u00f1ado para afrontar los diferentes retos de seguridad en una plataforma intuitiva. Desde la gesti\u00f3n de sistemas individuales&comma; como la videovigilancia&comma; el control de accesos&comma; las alarmas de seguridad&comma; etc.&comma; hasta la combinaci\u00f3n de varios sistemas en una \u00fanica estructura unificada. Consigue que las operaciones diarias sean m\u00e1s eficientes sin perder de vista la protecci\u00f3n de las personas y las propiedades&comma; adem\u00e1s de ayudar a todo tipo de usuarios a tomar decisiones m\u00e1s inteligentes.<\/span><\/p>\n<div style='display: flex; flex-wrap: wrap; gap: 30px; margin-top: 40px; margin-bottom: 40px;'>\n<div style='flex: 1 1 300px; min-width: 280px;'>\n<h3 style='font-size: 18px; margin-top: 0; color: inherit; opacity: 0.8;'>Una plataforma vers\u00e1til con operaciones de gesti\u00f3n diversas<\/h3>\n<ul style='padding-left: 20px; font-size: 14px; color: inherit;'>\n<li style='margin-bottom: 5px;'><span style='color: inherit;'>HikCentral Professional unifica una amplia gama de aplicaciones y proporciona una soluci\u00f3n perfecta para tu negocio&comma; desde necesidades basicas hasta avanzadas.<\/span><\/li>\n<li style='margin-bottom: 5px;'><span style='color: inherit;'>La gesti\u00f3n centralizada de roles multinivel brinda a los usuarios una eficiencia optimizada<\/span><\/li>\n<\/ul><\/div>\n<div style='flex: 1 1 300px; min-width: 280px;'>\n<div style='position: relative; padding-bottom: 56.25%; height: 0; overflow: hidden; margin-bottom: 30px;'> <video style='position: absolute; top: 0; left: 0; width: 100%; height: 100%; border: none;' src='https:\/\/ftp3.syscom.mx\/usuarios\/yalvarado\/hikvision\/HCP\/V2.6\/UNIDAD.mp4' loop muted controls><\/video> <\/div>\n<\/p><\/div>\n<\/p><\/div>\n<div style='display: flex; flex-wrap: wrap; gap: 30px; margin-top: 40px; margin-bottom: 40px;'>\n<div style='flex: 1 1 300px; min-width: 280px;'> <img style='width: 100%; height: auto; border: 1px solid rgba(150&comma;150&comma;150&comma;0.3); border-radius: 8px;' src='https:\/\/ftp3.syscom.mx\/usuarios\/yalvarado\/hikvision\/HCP\/V2.6\/flexibilidad.png' alt='Flexibilidad'> <\/div>\n<div style='flex: 1 1 300px; min-width: 280px;'>\n<h3 style='font-size: 18px; margin-top: 0; color: inherit; opacity: 0.8;'>Flexible y ampliable para una experiencia personalizada<\/h3>\n<ul style='padding-left: 20px; font-size: 14px; color: inherit;'>\n<li style='margin-bottom: 5px;'><span style='color: inherit;'>Los sistemas centrales&comma; incluidos v\u00eddeo&comma; control de acceso&comma; intercomunicador y mantenimiento&comma; ahora requieren un rendimiento m\u00ednimo del servidor.<\/span><\/li>\n<li style='margin-bottom: 5px;'><span style='color: inherit;'>Ampl\u00eda f\u00e1cilmente las funcinalidades descargando aplicaciones para diversas empresas e industrias del mercado de aplicaciones en HikCentral Professional.<\/span><\/li>\n<\/ul><\/div>\n<\/p><\/div>\n<div style='display: flex; flex-wrap: wrap; gap: 30px; margin-top: 40px; margin-bottom: 40px;'>\n<div style='flex: 1 1 300px; min-width: 280px;'>\n<h3 style='font-size: 18px; margin-top: 0; color: inherit; opacity: 0.8;'>Dise\u00f1o pensando en la simplicidad<\/h3>\n<ul style='padding-left: 20px; font-size: 14px; color: inherit;'>\n<li style='margin-bottom: 5px;'><span style='color: inherit;'>Operaciones sencillas: Interfaz f\u00e1cil de usar con asistentes y dise\u00f1o visualizado.<\/span><\/li>\n<li style='margin-bottom: 5px;'><span style='color: inherit;'>Configuraci\u00f3n y mantenimiento simplificados: Visualizaci\u00f3n del estado del sistema en tiempo real y registros hist\u00f3ricos rastreables<\/span><\/li>\n<li style='margin-bottom: 5px;'><span style='color: inherit;'>Control de permisos basados en roles: La visualizaci\u00f3n de contenido personalizado seg\u00fan el rol te permite cocentrarte en las aplicaciones m\u00e1s importantes.<\/span><\/li>\n<\/ul><\/div>\n<div style='flex: 1 1 300px; min-width: 280px;'>\n<div style='position: relative; padding-bottom: 56.25%; height: 0; overflow: hidden; margin-bottom: 30px;'> <video style='position: absolute; top: 0; left: 0; width: 100%; height: 100%; border: none;' src='https:\/\/ftp3.syscom.mx\/usuarios\/yalvarado\/hikvision\/HCP\/V2.6\/Simplicidad.mp4' loop muted controls><\/video> <\/div>\n<\/p><\/div>\n<\/p><\/div>\n<div style='width: 100%; margin: 30px 0;'> <img style='width: 100%; height: auto; border: 1px solid rgba(150&comma;150&comma;150&comma;0.3); border-radius: 8px;' src='http:\/\/ftp3.syscom.mx\/usuarios\/yalvarado\/hikvision\/HCP\/fotos\/Visualized-systems%2C-data%2C-and-maintenance.png' alt='Sistemas visualizados'> <\/div>\n<div style='width: 100%; margin: 30px 0;'>\n<h2 style='font-size: 36px; text-align: center; margin: 0; color: inherit;'>Aplicaciones Avanzadas<\/h2>\n<\/p><\/div>\n<div style='width: 100%; margin: 30px 0;'> <img style='width: 100%; height: auto; border: 1px solid rgba(150&comma;150&comma;150&comma;0.3); border-radius: 8px;' src='https:\/\/ftp3.syscom.mx\/usuarios\/yalvarado\/hikvision\/HCP\/V2.6\/AVANZADAS.JPG' alt='Aplicaciones Avanzadas'> <\/div>\n<div style='width: 100%; margin: 30px 0;'> <img style='width: 100%; height: auto; border: 1px solid rgba(150&comma;150&comma;150&comma;0.3); border-radius: 8px;' src='https:\/\/ftp3.syscom.mx\/usuarios\/fcarrillo\/Hikvision\/Imagenes\/solution-banner-2021.png' alt='Banner de soluci\u00f3n'> <\/div>\n<\/p><\/div>\n","protected":false},"excerpt":{"rendered":"<p>HikCentral Professional \/ Licencia A\u00f1ade 1 Canal ANPR HikCentral-P-VSS-1Ch\/ANPR)<\/p>\n","protected":false},"featured_media":104547,"comment_status":"open","ping_status":"closed","template":"","meta":[],"product_brand":[],"product_cat":[2262],"product_tag":[54,2263],"class_list":{"0":"post-104548","1":"product","2":"type-product","3":"status-publish","4":"has-post-thumbnail","6":"product_cat-hikvision-software-vms-y-analiticas","7":"product_tag-hikvision","8":"product_tag-software-vms-y-analiticas","10":"first","11":"outofstock","12":"sale","13":"shipping-taxable","14":"purchasable","15":"product-type-simple"},"_links":{"self":[{"href":"https:\/\/soydeaqui.ddns.net\/pachuca\/index.php\/wp-json\/wp\/v2\/product\/104548","targetHints":{"allow":["GET"]}}],"collection":[{"href":"https:\/\/soydeaqui.ddns.net\/pachuca\/index.php\/wp-json\/wp\/v2\/product"}],"about":[{"href":"https:\/\/soydeaqui.ddns.net\/pachuca\/index.php\/wp-json\/wp\/v2\/types\/product"}],"replies":[{"embeddable":true,"href":"https:\/\/soydeaqui.ddns.net\/pachuca\/index.php\/wp-json\/wp\/v2\/comments?post=104548"}],"wp:featuredmedia":[{"embeddable":true,"href":"https:\/\/soydeaqui.ddns.net\/pachuca\/index.php\/wp-json\/wp\/v2\/media\/104547"}],"wp:attachment":[{"href":"https:\/\/soydeaqui.ddns.net\/pachuca\/index.php\/wp-json\/wp\/v2\/media?parent=104548"}],"wp:term":[{"taxonomy":"product_brand","embeddable":true,"href":"https:\/\/soydeaqui.ddns.net\/pachuca\/index.php\/wp-json\/wp\/v2\/product_brand?post=104548"},{"taxonomy":"product_cat","embeddable":true,"href":"https:\/\/soydeaqui.ddns.net\/pachuca\/index.php\/wp-json\/wp\/v2\/product_cat?post=104548"},{"taxonomy":"product_tag","embeddable":true,"href":"https:\/\/soydeaqui.ddns.net\/pachuca\/index.php\/wp-json\/wp\/v2\/product_tag?post=104548"}],"curies":[{"name":"wp","href":"https:\/\/api.w.org\/{rel}","templated":true}]}}