{"id":104517,"date":"2026-03-20T14:36:51","date_gmt":"2026-03-20T14:36:51","guid":{"rendered":"https:\/\/soydeaqui.ddns.net\/pachuca\/index.php\/producto\/kit-dvr-movil-1080p-incluye-4-camaras-turbohd-1080p-modulo-4g-y-gps-soporta-memoria-sd-visualizacion-por-hik-connect-teams\/"},"modified":"2026-03-20T14:36:52","modified_gmt":"2026-03-20T14:36:52","slug":"kit-dvr-movil-1080p-incluye-4-camaras-turbohd-1080p-modulo-4g-y-gps-soporta-memoria-sd-visualizacion-por-hik-connect-teams","status":"publish","type":"product","link":"https:\/\/soydeaqui.ddns.net\/pachuca\/index.php\/producto\/kit-dvr-movil-1080p-incluye-4-camaras-turbohd-1080p-modulo-4g-y-gps-soporta-memoria-sd-visualizacion-por-hik-connect-teams\/","title":{"rendered":"Kit DVR M\u00f3vil 1080P \/ Incluye 4 C\u00e1maras TURBOHD 1080P \/ Modulo 4G y GPS \/ Soporta Memoria SD \/ Visualizaci\u00f3n por Hik-Connect Teams"},"content":{"rendered":"<div style='width: 100%; max-width: 1200px; margin: 0 auto; font-family: sans-serif; line-height: 1.6; color: inherit; background-color: transparent;'> <!-- Logo --> <\/p>\n<div style='text-align: center; margin: 20px 0;'> <img style='width: 45%; height: auto; border: 1px solid rgba(150&comma;150&comma;150&comma;0.3); border-radius: 8px;' src='https:\/\/ftp3.syscom.mx\/usuarios\/jsosa\/HIKVISION\/imagenes\/logo\/hikvision%20see%20far.png' alt='Hikvision Logo'> <\/div>\n<p> <!-- Video --> <\/p>\n<div style='position: relative; padding-bottom: 56.25%; height: 0; overflow: hidden; margin: 30px 0;'>   <\/div>\n<p> <!-- Product Inclusion --> <\/p>\n<div style='margin: 30px 0;'>\n<h3 style='font-size: 20px; border-bottom: 2px solid currentColor; padding-bottom: 5px; margin-top: 0; color: inherit; opacity: 0.8; text-align: center;'>Incluye:<\/h3>\n<ul style='padding-left: 20px; font-size: 15px; color: inherit; text-align: center;'>\n<li style='margin-bottom: 5px;'><strong>1 x AE-MD5043-SD(Lite)<\/strong><\/li>\n<li style='margin-bottom: 5px;'><strong>1 x <\/strong><a style='color: inherit; text-decoration: underline;' href='https:\/\/www.syscom.mx\/producto\/AE-VC222T-S-HIKVISION-207553.html' target='_blank' rel='noopener'>AE-VC222T-S<\/a><\/li>\n<li style='margin-bottom: 5px;'><strong>1 x <\/strong><a style='color: inherit; text-decoration: underline;' href='https:\/\/www.syscom.mx\/principal\/searchcont?route=AE-VC253T-IT-HIKVISION-189698&#038;autodetect=AE-VC253TIT' target='_blank' rel='noopener'>AE-VC253T-IT<\/a><\/li>\n<li style='margin-bottom: 5px;'><strong>1 x <\/strong><a style='color: inherit; text-decoration: underline;' href='https:\/\/www.syscom.mx\/producto\/AE-VC224TIT-HIKVISION-207554.html' target='_blank' rel='noopener'>AE-VC224T-IT<\/a><\/li>\n<li style='margin-bottom: 5px;'><strong>1 x <\/strong><a style='color: inherit; text-decoration: underline;' href='https:\/\/www.syscom.mx\/producto\/AE-VC212T-ITS-HIKVISION-207560.html' target='_blank' rel='noopener'>AE-VC212T-ITS<\/a><\/li>\n<\/ul><\/div>\n<p> <!-- Product Grid --> <\/p>\n<div style='display: flex; flex-wrap: wrap; gap: 30px; margin: 30px 0;'> <!-- Product 1 --> <\/p>\n<div style='flex: 1 1 300px; min-width: 280px;'>\n<div style='border: 1px solid rgba(150&comma;150&comma;150&comma;0.3); border-radius: 8px; overflow: hidden; display: flex; flex-direction: column;'>\n<div style='padding: 15px; background-color: #f5f5f5; font-weight: bold; color: inherit;'> <a style='color: inherit; text-decoration: none;' href='https:\/\/www.syscom.mx\/principal\/searchcont?route=DS-MP5604-SD\/GLF\/WI58-HIKVISION-193029&#038;autodetect=dsmp5604' target='_blank' rel='noopener'>1 x AE-MD5043SD\/GLF(LITE)<\/a> <\/div>\n<div style='padding: 15px; color: inherit;'> <img style='width: 100%; height: auto; border: 1px solid rgba(150&comma;150&comma;150&comma;0.3); border-radius: 8px;' src='https:\/\/ftp3.syscom.mx\/usuarios\/fotos\/BancoFotografiasSyscom\/HIKVISION\/DSMP5604SD_GLF_WI58\/DSMP5604SD_GLF_WI58-l.PNG' alt='AE-MD5043SD\/GLF(LITE)'> <\/p>\n<h4 style='margin-top: 15px; margin-bottom: 10px; color: inherit; opacity: 0.8;'>Caracter\u00edsticas:<\/h4>\n<ul style='padding-left: 20px; margin: 0; font-size: 14px;'>\n<li style='margin-bottom: 5px;'>Soporta 4 c\u00e1maras m\u00f3vil TURBO 1080p.<\/li>\n<li style='margin-bottom: 5px;'><strong>Compresi\u00f3n H265.<\/strong><\/li>\n<li style='margin-bottom: 5px;'>Soporta dos memorias SD de hasta 512 GB (no incluida) (<a style='color: inherit; text-decoration: underline;' href='https:\/\/www.syscom.mx\/principal\/listadoproductosazul\/videovigilancia-accesorios-generales-memorias-sd-65973.html?ordenar=Precio_de_Menor_a_Mayor&#038;pag=1&#038;marca=hikvision' target='_blank' rel='noopener'>Memorias compatibles<\/a>).<\/li>\n<li style='margin-bottom: 5px;'>Incluye modulo de GPS.<\/li>\n<li style='margin-bottom: 5px;'>Incluye modulo de 4G. (requiere SIM de datos para transmisi\u00f3n de informaci\u00f3n remota y licencias del software Hik-Central).<\/li>\n<li style='margin-bottom: 5px;'>Puerto RJ45 para configuraci\u00f3n.<\/li>\n<\/ul>\n<p style='font-size: 14px; margin-top: 15px;'><strong>NOTA:<\/strong> La versi\u00f3n LITE no soporta ning\u00fan accesorio como el monitor (DS-MP1301(AE))&comma; altavoz (DS-1350HM(AE))&comma; micr\u00f3fono (DS-MP1351(AE))&comma; bot\u00f3n de p\u00e1nico (DS-1530HMI(AE)).<\/p>\n<\/p><\/div>\n<\/p><\/div>\n<\/p><\/div>\n<p> <!-- Product 2 --> <\/p>\n<div style='flex: 1 1 300px; min-width: 280px;'>\n<div style='border: 1px solid rgba(150&comma;150&comma;150&comma;0.3); border-radius: 8px; overflow: hidden; display: flex; flex-direction: column;'>\n<div style='padding: 15px; background-color: #f5f5f5; font-weight: bold; color: inherit;'> <a style='color: inherit; text-decoration: none;' href='https:\/\/www.syscom.mx\/producto\/DS-2CE10DF0T-F-HIKVISION-189229.html' target='_blank' rel='noopener'>1 x AE-VC253T-IT<\/a> <\/div>\n<div style='padding: 15px; color: inherit;'> <img style='width: 100%; height: auto; border: 1px solid rgba(150&comma;150&comma;150&comma;0.3); border-radius: 8px;' src='https:\/\/ftp3.syscom.mx\/usuarios\/fotos\/BancoFotografiasSyscom\/HIKVISION\/AEVC253TIT\/AEVC253TIT-l.PNG' alt='AE-VC253T-IT'> <\/p>\n<h4 style='margin-top: 15px; margin-bottom: 10px; color: inherit; opacity: 0.8;'>Caracter\u00edsticas:<\/h4>\n<ul style='padding-left: 20px; margin: 0; font-size: 14px;'>\n<li style='margin-bottom: 5px;'>Resoluci\u00f3n M\u00e1xima 2 Megapixel (1920 x 1080).<\/li>\n<li style='margin-bottom: 5px;'>Lente 2.8 mm (\u00e1ngulo de visi\u00f3n 96\u00b0).<\/li>\n<li style='margin-bottom: 5px;'>Conector tipo aviaci\u00f3n (por el mismo cable de video inyecta la alimentaci\u00f3n).<\/li>\n<li style='margin-bottom: 5px;'>15 mts IR (visi\u00f3n nocturna).<\/li>\n<li style='margin-bottom: 5px;'>Exterior IP68.<\/li>\n<\/ul><\/div>\n<\/p><\/div>\n<\/p><\/div>\n<p> <!-- Product 3 --> <\/p>\n<div style='flex: 1 1 300px; min-width: 280px;'>\n<div style='border: 1px solid rgba(150&comma;150&comma;150&comma;0.3); border-radius: 8px; overflow: hidden; display: flex; flex-direction: column;'>\n<div style='padding: 15px; background-color: #f5f5f5; font-weight: bold; color: inherit;'> <a style='color: inherit; text-decoration: none;' href='https:\/\/www.syscom.mx\/producto\/AE-VC222T-S-HIKVISION-207553.html' target='_blank' rel='noopener'>1 x AE-VC222T-S<\/a> <\/div>\n<div style='padding: 15px; color: inherit;'> <img style='width: 100%; height: auto; border: 1px solid rgba(150&comma;150&comma;150&comma;0.3); border-radius: 8px;' src='https:\/\/ftp3.syscom.mx\/usuarios\/fotos\/BancoFotografiasSyscom\/HIKVISION\/AEVC222TITS\/AEVC222TITS-l.PNG' alt='AE-VC222T-S'> <\/p>\n<h4 style='margin-top: 15px; margin-bottom: 10px; color: inherit; opacity: 0.8;'>Caracter\u00edsticas:<\/h4>\n<ul style='padding-left: 20px; margin: 0; font-size: 14px;'>\n<li style='margin-bottom: 5px;'>Resoluci\u00f3n M\u00e1xima 2 Megapixel (1920 x 1080).<\/li>\n<li style='margin-bottom: 5px;'>Lente 2.1 mm (\u00e1ngulo de visi\u00f3n 117\u00b0).<\/li>\n<li style='margin-bottom: 5px;'>Conector tipo aviaci\u00f3n (por el mismo cable de video inyecta la alimentaci\u00f3n).<\/li>\n<li style='margin-bottom: 5px;'>Micr\u00f3fono integrado.<\/li>\n<li style='margin-bottom: 5px;'>Interior.<\/li>\n<\/ul><\/div>\n<\/p><\/div>\n<\/p><\/div>\n<p> <!-- Product 4 --> <\/p>\n<div style='flex: 1 1 300px; min-width: 280px;'>\n<div style='border: 1px solid rgba(150&comma;150&comma;150&comma;0.3); border-radius: 8px; overflow: hidden; display: flex; flex-direction: column;'>\n<div style='padding: 15px; background-color: #f5f5f5; font-weight: bold; color: inherit;'> <a style='color: inherit; text-decoration: none;' href='https:\/\/www.syscom.mx\/producto\/AE-VC224TIT-HIKVISION-207554.html' target='_blank' rel='noopener'>1 x AE-VC224TIT<\/a> <\/div>\n<div style='padding: 15px; color: inherit;'> <img style='width: 100%; height: auto; border: 1px solid rgba(150&comma;150&comma;150&comma;0.3); border-radius: 8px;' src='https:\/\/ftp3.syscom.mx\/usuarios\/fotos\/BancoFotografiasSyscom\/HIKVISION\/AEVC224TIT\/AEVC224TIT-l.PNG' alt='AE-VC224TIT'> <\/p>\n<h4 style='margin-top: 15px; margin-bottom: 10px; color: inherit; opacity: 0.8;'>Caracter\u00edsticas:<\/h4>\n<ul style='padding-left: 20px; margin: 0; font-size: 14px;'>\n<li style='margin-bottom: 5px;'>Resoluci\u00f3n M\u00e1xima 2 Megapixel (1920 x 1080).<\/li>\n<li style='margin-bottom: 5px;'>Lente 2.1 mm (\u00e1ngulo de visi\u00f3n 117\u00b0).<\/li>\n<li style='margin-bottom: 5px;'>Conector tipo aviaci\u00f3n (por el mismo cable de video inyecta la alimentaci\u00f3n).<\/li>\n<li style='margin-bottom: 5px;'>15 mts IR (visi\u00f3n nocturna).<\/li>\n<li style='margin-bottom: 5px;'>Exterior IP68.<\/li>\n<\/ul><\/div>\n<\/p><\/div>\n<\/p><\/div>\n<p> <!-- Product 5 --> <\/p>\n<div style='flex: 1 1 300px; min-width: 280px;'>\n<div style='border: 1px solid rgba(150&comma;150&comma;150&comma;0.3); border-radius: 8px; overflow: hidden; display: flex; flex-direction: column;'>\n<div style='padding: 15px; background-color: #f5f5f5; font-weight: bold; color: inherit;'> <a style='color: inherit; text-decoration: none;' href='https:\/\/www.syscom.mx\/producto\/AE-VC212T-ITS-HIKVISION-207560.html' target='_blank' rel='noopener'>1 x AE-VC212T-ITS<\/a> <\/div>\n<div style='padding: 15px; color: inherit;'> <img style='width: 100%; height: auto; border: 1px solid rgba(150&comma;150&comma;150&comma;0.3); border-radius: 8px;' src='https:\/\/ftp3.syscom.mx\/usuarios\/fotos\/BancoFotografiasSyscom\/HIKVISION\/AEVC212TITS\/AEVC212TITS-l.PNG' alt='AE-VC212T-ITS'> <\/p>\n<h4 style='margin-top: 15px; margin-bottom: 10px; color: inherit; opacity: 0.8;'>Caracter\u00edsticas:<\/h4>\n<ul style='padding-left: 20px; margin: 0; font-size: 14px;'>\n<li style='margin-bottom: 5px;'>Resoluci\u00f3n M\u00e1xima 2 Megapixel (1920 x 1080).<\/li>\n<li style='margin-bottom: 5px;'>Lente 2.1 mm (\u00e1ngulo de visi\u00f3n 117\u00b0).<\/li>\n<li style='margin-bottom: 5px;'>Conector tipo aviaci\u00f3n (por el mismo cable de video inyecta la alimentaci\u00f3n).<\/li>\n<li style='margin-bottom: 5px;'>15 mts IR (visi\u00f3n nocturna).<\/li>\n<li style='margin-bottom: 5px;'>Interior.<\/li>\n<\/ul><\/div>\n<\/p><\/div>\n<\/p><\/div>\n<\/p><\/div>\n<p> <!-- Licencias HikCentral --> <\/p>\n<div style='margin: 30px 0;'>\n<h3 style='font-size: 20px; border-bottom: 2px solid currentColor; padding-bottom: 5px; margin-top: 0; color: inherit; opacity: 0.8;'>Licencias necesarias para transmisi\u00f3n remota del DVR con HikCentral Profesional:<\/h3>\n<ul style='padding-left: 20px; font-size: 14px; color: inherit;'>\n<li style='margin-bottom: 5px;'> <a style='color: inherit; text-decoration: underline;' href='https:\/\/www.syscom.mx\/producto\/HC-P-MS-B-HIKVISION-200924.html' target='_blank' rel='noopener'><strong>HC-P-MS-B<\/strong><\/a>: Esta licencia a\u00f1ade la base para dispositivos m\u00f3viles&comma; incluye 10 unidades y tambi\u00e9n m\u00f3dulo de Business Intelligence. <\/li>\n<li style='margin-bottom: 5px;'> <a style='color: inherit; text-decoration: underline;' href='https:\/\/www.syscom.mx\/producto\/HC-P-MS-1-HIKVISION-200925.html' target='_blank' rel='noopener'><strong>HC-P-MS\/1<\/strong><\/a>: Esta licencia agrega 1 dispositivo m\u00f3vil adicional&comma; se requiere tener una licencia base activa. <\/li>\n<\/ul><\/div>\n<p> <!-- Licencias Hik-Connect Teams --> <\/p>\n<div style='margin: 30px 0;'>\n<h3 style='font-size: 20px; border-bottom: 2px solid currentColor; padding-bottom: 5px; margin-top: 0; color: inherit; opacity: 0.8;'>Licencias necesarias para transmisi\u00f3n remota del DVR sin servidor con Hik-Connect Teams:<\/h3>\n<ul style='padding-left: 20px; font-size: 14px; color: inherit;'>\n<li style='margin-bottom: 5px;'> <a style='color: inherit; text-decoration: underline;' href='https:\/\/www.syscom.mx\/producto\/HCT-VEHICULO-1D-1A-HIKVISION-226162.html' target='_blank' rel='noopener'><strong>HCT-VEHICULO-1D-1A<\/strong><\/a>: Licencia Anual HikCentral Connect \/ Monitoreo Vehicular de GPS (Ubicaci\u00f3n) y Video en Tiempo Real por 1 A\u00f1o para 1 Dispositivo \/ Compatible con Dash Cam y DVR\u00b4s Moviles. <\/li>\n<\/ul><\/div>\n<p> <!-- Requerimientos adicionales --> <\/p>\n<div style='margin: 30px 0;'>\n<h3 style='font-size: 20px; border-bottom: 2px solid currentColor; padding-bottom: 5px; margin-top: 0; color: inherit; opacity: 0.8;'>Requerimientos adicionales para transmisi\u00f3n remota de v\u00eddeo y ubicaci\u00f3n de DVR:<\/h3>\n<ul style='padding-left: 20px; font-size: 14px; color: inherit;'>\n<li style='margin-bottom: 5px;'>Se requiere un servidor (PC) dedicado para colocar las licencias del software Hik-Central y dejar corriendo los servicios para poder consultar el v\u00eddeo en vivo de manera remota.<\/li>\n<li style='margin-bottom: 5px;'>Se recomienda un servidor como m\u00ednimo Core i5 \/ 8 memoria RAM. Se requiere tener IP p\u00fablica fija (dedicada) y el ancho de banda depender\u00e1 de la cantidad del n\u00famero DVR\u00b4s a transmitir o visualizar. <a style='color: inherit; text-decoration: underline;' href='https:\/\/ftp3.syscom.mx\/usuarios\/yalvarado\/hikvision\/HCP\/HikCentral-Professional-V2.1_System-Requirements-and-Performance_20210729.pdf' target='_blank' rel='noopener'>Link Requerimientos del sistema<\/a><\/li>\n<\/ul><\/div>\n<p> <!-- Banner final --> <\/p>\n<div style='margin: 30px 0;'> <img style='width: 100%; height: auto; border: 1px solid rgba(150&comma;150&comma;150&comma;0.3); border-radius: 8px;' src='https:\/\/ftp3.syscom.mx\/usuarios\/jsosa\/HIKVISION\/imagenes\/banners\/solution%20complete.png' alt='Soluci\u00f3n completa'> <\/div>\n<p> <!-- Im\u00e1genes adicionales --> <\/p>\n<div style='display: flex; flex-wrap: wrap; gap: 15px; margin: 30px 0;'>\n<div style='flex: 1 1 48%; min-width: 280px;'> <img style='width: 100%; height: auto; border: 1px solid rgba(150&comma;150&comma;150&comma;0.3); border-radius: 8px;' src='URL%20DE%20IMAGEN' alt='Imagen adicional 1'> <\/div>\n<div style='flex: 1 1 48%; min-width: 280px;'> <img style='width: 100%; height: auto; border: 1px solid rgba(150&comma;150&comma;150&comma;0.3); border-radius: 8px;' src='URL%20DE%20IMAGEN' alt='Imagen adicional 2'> <\/div>\n<\/p><\/div>\n<\/p><\/div>\n","protected":false},"excerpt":{"rendered":"<p>Kit DVR M\u00f3vil 1080P \/ Incluye 4 C\u00e1maras TURBOHD 1080P \/ Modulo 4G y GPS \/ Soporta Memoria SD \/ Visualizaci\u00f3n por Hik-Connect Teams<\/p>\n","protected":false},"featured_media":104516,"comment_status":"open","ping_status":"closed","template":"","meta":[],"product_brand":[],"product_cat":[2338],"product_tag":[54,2232,2339],"class_list":{"0":"post-104517","1":"product","2":"type-product","3":"status-publish","4":"has-post-thumbnail","6":"product_cat-moviles-para-vehiculos","7":"product_tag-hikvision","8":"product_tag-kits-sistemas-completos","9":"product_tag-moviles-para-vehiculos","11":"first","12":"instock","13":"sale","14":"shipping-taxable","15":"purchasable","16":"product-type-simple"},"_links":{"self":[{"href":"https:\/\/soydeaqui.ddns.net\/pachuca\/index.php\/wp-json\/wp\/v2\/product\/104517","targetHints":{"allow":["GET"]}}],"collection":[{"href":"https:\/\/soydeaqui.ddns.net\/pachuca\/index.php\/wp-json\/wp\/v2\/product"}],"about":[{"href":"https:\/\/soydeaqui.ddns.net\/pachuca\/index.php\/wp-json\/wp\/v2\/types\/product"}],"replies":[{"embeddable":true,"href":"https:\/\/soydeaqui.ddns.net\/pachuca\/index.php\/wp-json\/wp\/v2\/comments?post=104517"}],"wp:featuredmedia":[{"embeddable":true,"href":"https:\/\/soydeaqui.ddns.net\/pachuca\/index.php\/wp-json\/wp\/v2\/media\/104516"}],"wp:attachment":[{"href":"https:\/\/soydeaqui.ddns.net\/pachuca\/index.php\/wp-json\/wp\/v2\/media?parent=104517"}],"wp:term":[{"taxonomy":"product_brand","embeddable":true,"href":"https:\/\/soydeaqui.ddns.net\/pachuca\/index.php\/wp-json\/wp\/v2\/product_brand?post=104517"},{"taxonomy":"product_cat","embeddable":true,"href":"https:\/\/soydeaqui.ddns.net\/pachuca\/index.php\/wp-json\/wp\/v2\/product_cat?post=104517"},{"taxonomy":"product_tag","embeddable":true,"href":"https:\/\/soydeaqui.ddns.net\/pachuca\/index.php\/wp-json\/wp\/v2\/product_tag?post=104517"}],"curies":[{"name":"wp","href":"https:\/\/api.w.org\/{rel}","templated":true}]}}