{"id":104463,"date":"2026-03-20T14:34:02","date_gmt":"2026-03-20T14:34:02","guid":{"rendered":"https:\/\/soydeaqui.ddns.net\/pachuca\/index.php\/producto\/kit-dhp482z-rotom-dtw181z-pistola-impacto-2-baterias-de-3-ah-y-cargador-estuche-de-lona18v\/"},"modified":"2026-03-20T14:34:10","modified_gmt":"2026-03-20T14:34:10","slug":"kit-dhp482z-rotom-dtw181z-pistola-impacto-2-baterias-de-3-ah-y-cargador-estuche-de-lona18v","status":"publish","type":"product","link":"https:\/\/soydeaqui.ddns.net\/pachuca\/index.php\/producto\/kit-dhp482z-rotom-dtw181z-pistola-impacto-2-baterias-de-3-ah-y-cargador-estuche-de-lona18v\/","title":{"rendered":"KIT (DHP482Z Rotom..+ DTW181Z Pistola Impacto)  2 Bater\u00edas de 3 AH y Cargador Estuche de Lona18V"},"content":{"rendered":"<div style='width: 100%; max-width: 1200px; margin: 0 auto; font-family: sans-serif; line-height: 1.6; color: inherit; background-color: transparent;'> <!-- Secci\u00f3n de beneficios --> <\/p>\n<div style='display: flex; flex-wrap: wrap; gap: 30px; margin-bottom: 30px;'>\n<div style='flex: 1 1 300px; min-width: 280px;'>\n<h3 style='font-size: 22px; border-bottom: 2px solid currentColor; padding-bottom: 5px; margin-top: 0; color: inherit; opacity: 0.8;'>BENEFICIOS DEL USUARIO<\/h3>\n<ul style='padding-left: 20px; font-size: 15px; color: inherit;'>\n<li style='margin-bottom: 5px; font-size: 14px;'><span style='color: inherit; font-family: sans-serif;'>Llave de impacto a bater\u00eda Litio-ion de 18V con potente motor BL sin escobillas que proporciona 210 Nm de par de apriete.<\/span><\/li>\n<li style='margin-bottom: 5px; font-size: 14px;'><span style='color: inherit; font-family: sans-serif;'>Tama\u00f1o reducido comparable a un 12V max.&comma; ligera y sencilla de trabajar.<\/span><\/li>\n<li style='margin-bottom: 5px; font-size: 14px;'><span style='color: inherit; font-family: sans-serif;'>Inserci\u00f3n de 1\/2\u201d&comma; perfecta para vasos hasta M16.<\/span><\/li>\n<li style='margin-bottom: 5px; font-size: 14px;'><span style='color: inherit; font-family: sans-serif;'>2 velocidades y modo reversible \u201cauto-stop\u201d. Detiene la m\u00e1quina 0&comma;2 segundos despu\u00e9s de que el sistema de impacto deja de actuar. Ideal para aflojar quitando solo las primeras vueltas sin que caiga la tuerca.<\/span><\/li>\n<li style='margin-bottom: 5px; font-size: 14px;'><span style='color: inherit; font-family: sans-serif;'>Parte delantera protegida con elast\u00f3mero.<\/span><\/li>\n<li style='margin-bottom: 5px; font-size: 14px;'><span style='color: inherit; font-family: sans-serif;'>Muy ergon\u00f3mica&comma; con elast\u00f3mero antideslizante.<\/span><\/li>\n<li style='margin-bottom: 5px; font-size: 14px;'><span style='color: inherit; font-family: sans-serif;'>Velocidad variable en el gatillo.<\/span><\/li>\n<li style='margin-bottom: 5px; font-size: 14px;'><span style='color: inherit; font-family: sans-serif;'>Reversible.<\/span><\/li>\n<li style='margin-bottom: 5px; font-size: 14px;'><span style='color: inherit; font-family: sans-serif;'>Doble LED de iluminaci\u00f3n&comma; se enciende autom\u00e1ticamente al pulsar el gatillo. Se puede desactivar pulsando el bot\u00f3n selector.<\/span><\/li>\n<\/ul><\/div>\n<\/p><\/div>\n<p> <!-- Secci\u00f3n de beneficios adicionales --> <\/p>\n<div style='display: flex; flex-wrap: wrap; gap: 30px; margin-bottom: 30px;'>\n<div style='flex: 1 1 300px; min-width: 280px;'>\n<h3 style='font-size: 22px; border-bottom: 2px solid currentColor; padding-bottom: 5px; margin-top: 0; color: inherit; opacity: 0.8;'>BENEFICIOS DEL USUARIO<\/h3>\n<ul style='padding-left: 20px; font-size: 15px; color: inherit;'>\n<li style='margin-bottom: 5px; font-size: 14px;'><span style='color: inherit; font-family: sans-serif;'>Nuevo taladro combinado m\u00e1s compacto que el modelo anterior (BHP456).<\/span><\/li>\n<li style='margin-bottom: 5px; font-size: 14px;'><span style='color: inherit; font-family: sans-serif;'>Mango con nuevo dise\u00f1o m\u00e1s ergon\u00f3mico.<\/span><\/li>\n<li style='margin-bottom: 5px; font-size: 14px;'><span style='color: inherit; font-family: sans-serif;'>21 posiciones de par de apriete + taladro + percutor.<\/span><\/li>\n<li style='margin-bottom: 5px; font-size: 14px;'><span style='color: inherit; font-family: sans-serif;'>2 velocidades mec\u00e1nicas.<\/span><\/li>\n<li style='margin-bottom: 5px; font-size: 14px;'><span style='color: inherit; font-family: sans-serif;'>Portabrocas autoblocante&comma; cambio m\u00e1s r\u00e1pido de los accesorios con una sola mano.<\/span><\/li>\n<li style='margin-bottom: 5px; font-size: 14px;'><span style='color: inherit; font-family: sans-serif;'>LED en la parte frontal que ilumina el punto de trabajo para mayor visi\u00f3n del usuario.<\/span><\/li>\n<li style='margin-bottom: 5px; font-size: 14px;'><span style='color: inherit; font-family: sans-serif;'>Mango ergon\u00f3mico recubierto a elast\u00f3mero para un mejor agarre.<\/span><\/li>\n<li style='margin-bottom: 5px; font-size: 14px;'><span style='color: inherit; font-family: sans-serif;'>Con gancho para el cintur\u00f3n.<\/span><\/li>\n<\/ul><\/div>\n<\/p><\/div>\n<p> <!-- Secci\u00f3n de logos --> <\/p>\n<div style='display: flex; flex-wrap: wrap; gap: 20px; margin-bottom: 30px;'>\n<div style='flex: 1 1 250px; border: 1px solid rgba(150&comma; 150&comma; 150&comma; 0.4); border-radius: 8px; overflow: hidden; display: flex; flex-direction: column; align-items: center; justify-content: center; text-align: center;'>\n<div style='padding: 15px; border-bottom: 1px solid rgba(150&comma; 150&comma; 150&comma; 0.2); font-weight: bold; font-size: 18px; color: inherit;'>18 Voltios<\/div>\n<div style='padding: 15px; color: inherit;'> <img style='width: 100%; height: auto; border: 1px solid rgba(150&comma;150&comma;150&comma;0.3); border-radius: 8px;' src='https:\/\/es.pdbmakita.com\/images\/1_Makita\/103_logos\/10302_JPG_web\/18V.jpg' alt='18 Voltios'> <\/div>\n<\/p><\/div>\n<div style='flex: 1 1 250px; border: 1px solid rgba(150&comma; 150&comma; 150&comma; 0.4); border-radius: 8px; overflow: hidden; display: flex; flex-direction: column; align-items: center; justify-content: center; text-align: center;'>\n<div style='padding: 15px; border-bottom: 1px solid rgba(150&comma; 150&comma; 150&comma; 0.2); font-weight: bold; font-size: 18px; color: inherit;'>Tecnolog\u00eda de protecci\u00f3n Extrema<\/div>\n<div style='padding: 15px; color: inherit;'> <img style='width: 100%; height: auto; border: 1px solid rgba(150&comma;150&comma;150&comma;0.3); border-radius: 8px;' src='https:\/\/es.pdbmakita.com\/images\/1_Makita\/103_logos\/10302_JPG_web\/XPT.jpg' alt='Tecnolog\u00eda de protecci\u00f3n Extrema'> <\/div>\n<\/p><\/div>\n<div style='flex: 1 1 250px; border: 1px solid rgba(150&comma; 150&comma; 150&comma; 0.4); border-radius: 8px; overflow: hidden; display: flex; flex-direction: column; align-items: center; justify-content: center; text-align: center;'>\n<div style='padding: 15px; border-bottom: 1px solid rgba(150&comma; 150&comma; 150&comma; 0.2); font-weight: bold; font-size: 18px; color: inherit;'>LXT Litio-Ion<\/div>\n<div style='padding: 15px; color: inherit;'> <img style='width: 100%; height: auto; border: 1px solid rgba(150&comma;150&comma;150&comma;0.3); border-radius: 8px;' src='https:\/\/es.pdbmakita.com\/images\/1_Makita\/103_logos\/10302_JPG_web\/LXT.jpg' alt='LXT Litio-Ion'> <\/div>\n<\/p><\/div>\n<\/p><\/div>\n<p> <!-- Separador --> <\/p>\n<hr style='border: 0; border-top: 1px solid rgba(150&comma; 150&comma; 150&comma; 0.3); margin: 30px 0;'> <\/div>\n","protected":false},"excerpt":{"rendered":"<p>KIT (DHP482Z Rotom..+ DTW181Z Pistola Impacto)  2 Bater\u00edas de 3 AH y Cargador Estuche de Lona18V<\/p>\n","protected":false},"featured_media":104462,"comment_status":"open","ping_status":"closed","template":"","meta":[],"product_brand":[],"product_cat":[1227],"product_tag":[1058,1228,252],"class_list":{"0":"post-104463","1":"product","2":"type-product","3":"status-publish","4":"has-post-thumbnail","6":"product_cat-herramienta-electrica-a-bateria","7":"product_tag-ferreteria","8":"product_tag-herramienta-electrica-a-bateria","9":"product_tag-makita","11":"first","12":"outofstock","13":"sale","14":"shipping-taxable","15":"purchasable","16":"product-type-simple"},"_links":{"self":[{"href":"https:\/\/soydeaqui.ddns.net\/pachuca\/index.php\/wp-json\/wp\/v2\/product\/104463","targetHints":{"allow":["GET"]}}],"collection":[{"href":"https:\/\/soydeaqui.ddns.net\/pachuca\/index.php\/wp-json\/wp\/v2\/product"}],"about":[{"href":"https:\/\/soydeaqui.ddns.net\/pachuca\/index.php\/wp-json\/wp\/v2\/types\/product"}],"replies":[{"embeddable":true,"href":"https:\/\/soydeaqui.ddns.net\/pachuca\/index.php\/wp-json\/wp\/v2\/comments?post=104463"}],"wp:featuredmedia":[{"embeddable":true,"href":"https:\/\/soydeaqui.ddns.net\/pachuca\/index.php\/wp-json\/wp\/v2\/media\/104462"}],"wp:attachment":[{"href":"https:\/\/soydeaqui.ddns.net\/pachuca\/index.php\/wp-json\/wp\/v2\/media?parent=104463"}],"wp:term":[{"taxonomy":"product_brand","embeddable":true,"href":"https:\/\/soydeaqui.ddns.net\/pachuca\/index.php\/wp-json\/wp\/v2\/product_brand?post=104463"},{"taxonomy":"product_cat","embeddable":true,"href":"https:\/\/soydeaqui.ddns.net\/pachuca\/index.php\/wp-json\/wp\/v2\/product_cat?post=104463"},{"taxonomy":"product_tag","embeddable":true,"href":"https:\/\/soydeaqui.ddns.net\/pachuca\/index.php\/wp-json\/wp\/v2\/product_tag?post=104463"}],"curies":[{"name":"wp","href":"https:\/\/api.w.org\/{rel}","templated":true}]}}