{"id":104461,"date":"2026-03-20T14:33:56","date_gmt":"2026-03-20T14:33:56","guid":{"rendered":"https:\/\/soydeaqui.ddns.net\/pachuca\/index.php\/producto\/bala-ip-8-megapixel-80-mts-ir-lente-mot-2-8-12-mm-anticorrosivo-ultra-low-light-wdr-120-db-exterior-ip67-onvif-c5-m-nema-4x-wiper\/"},"modified":"2026-03-20T14:33:58","modified_gmt":"2026-03-20T14:33:58","slug":"bala-ip-8-megapixel-80-mts-ir-lente-mot-2-8-12-mm-anticorrosivo-ultra-low-light-wdr-120-db-exterior-ip67-onvif-c5-m-nema-4x-wiper","status":"publish","type":"product","link":"https:\/\/soydeaqui.ddns.net\/pachuca\/index.php\/producto\/bala-ip-8-megapixel-80-mts-ir-lente-mot-2-8-12-mm-anticorrosivo-ultra-low-light-wdr-120-db-exterior-ip67-onvif-c5-m-nema-4x-wiper\/","title":{"rendered":"Bala IP 8 Megapixel \/ 80 mts IR \/ Lente Mot. 2.8 &#8211; 12 mm \/ Anticorrosivo \/ Ultra Low Light \/ WDR 120 dB \/ Exterior IP67 \/ ONVIF \/ C5-M \/ NEMA 4X \/ Wiper"},"content":{"rendered":"<div style='width: 100%; max-width: 1200px; margin: 0 auto; font-family: sans-serif; line-height: 1.6; color: inherit; background-color: transparent;'> <!-- Logo Hikvision --> <\/p>\n<div style='text-align: center; margin-bottom: 20px;'> <img style='width: 45%; height: auto; border: 1px solid rgba(150&comma;150&comma;150&comma;0.3); border-radius: 8px;' src='https:\/\/ftp3.syscom.mx\/usuarios\/jsosa\/HIKVISION\/imagenes\/logo\/hikvision%20see%20far.png' alt='Logo Hikvision'> <\/div>\n<p> <!-- Secci\u00f3n de caracter\u00edsticas --> <\/p>\n<div style='display: flex; flex-wrap: wrap; gap: 30px; margin-bottom: 30px;'>\n<div style='flex: 1 1 300px; min-width: 280px;'>\n<h3 style='font-size: 22px; border-bottom: 2px solid currentColor; padding-bottom: 5px; margin-top: 0; color: inherit; opacity: 0.8;'>Caracter\u00edsticas principales<\/h3>\n<ul style='padding-left: 20px; font-size: 15px; color: inherit;'>\n<li style='margin-bottom: 5px;'><strong>Resoluci\u00f3n m\u00e1xima:<\/strong> 8 Megapixel (3840 x 2160)<\/li>\n<li style='margin-bottom: 5px;'><strong>Distancia de IR:<\/strong> 80 mts<\/li>\n<li style='margin-bottom: 5px;'><strong>Lente Motorizado:<\/strong> 2.8mm &#8211; 12 mm (\u00c1ngulo de visi\u00f3n 94.8\u00b0-38.2\u00b0)<\/li>\n<li style='margin-bottom: 5px;'><strong>Funciones Avanzadas:<\/strong> Cruce de linea \/ Intrusi\u00f3n de \u00c1rea \/ Objeto Remobido \/ Cambio de escena<\/li>\n<li style='margin-bottom: 5px;'><strong>Plataforma compatible:<\/strong> Hik-Connect <a style='color: inherit; text-decoration: underline;' href='https:\/\/appstore.hikvision.com\/' target='_blank' rel='noopener'>https:\/\/appstore.hikvision.com\/<\/a><\/li>\n<\/ul><\/div>\n<div style='flex: 1 1 300px; min-width: 280px;'>\n<h3 style='font-size: 22px; border-bottom: 2px solid currentColor; padding-bottom: 5px; margin-top: 0; color: inherit; opacity: 0.8;'>Caracter\u00edsticas F\u00edsicas y El\u00e9ctricas<\/h3>\n<ul style='padding-left: 20px; font-size: 15px; color: inherit;'>\n<li style='margin-bottom: 5px;'><strong>Temperatura de operaci\u00f3n:<\/strong> -40 \u00b0C a 60 \u00b0C (-40 \u00b0F &#8211; +140 \u00b0F). Humedad 95%<\/li>\n<li style='margin-bottom: 5px;'><strong>Alimentaci\u00f3n:<\/strong> 24 VAC \/ PoE (802.3.at) \/ 24 W<\/li>\n<li style='margin-bottom: 5px;'><strong>Protecci\u00f3n:<\/strong> Exterior IP67&comma; Certificaci\u00f3n NEMA 4X&comma; C5-M<\/li>\n<li style='margin-bottom: 5px;'><strong>Material:<\/strong> Metal<\/li>\n<li style='margin-bottom: 5px;'><strong>Dimensiones:<\/strong> 179.9 mm \u00d7 203.2 mm \u00d7 468 mm<\/li>\n<li style='margin-bottom: 5px;'><strong>Peso:<\/strong> 9.07 kg<\/li>\n<\/ul><\/div>\n<\/p><\/div>\n<p> <!-- Banner soluci\u00f3n completa --> <\/p>\n<div style='margin: 30px 0;'> <img style='width: 100%; height: auto; border: 1px solid rgba(150&comma;150&comma;150&comma;0.3); border-radius: 8px;' src='https:\/\/ftp3.syscom.mx\/usuarios\/jsosa\/HIKVISION\/imagenes\/banners\/solution%20complete.png' alt='Soluci\u00f3n completa Hikvision'> <\/div>\n<\/p><\/div>\n","protected":false},"excerpt":{"rendered":"<p>Bala IP 8 Megapixel \/ 80 mts IR \/ Lente Mot. 2.8 &#8211; 12 mm \/ Anticorrosivo \/ Ultra Low Light \/ WDR 120 dB \/ Exterior IP67 \/ ONVIF \/ C5-M \/ NEMA 4X \/ Wiper<\/p>\n","protected":false},"featured_media":104460,"comment_status":"open","ping_status":"closed","template":"","meta":[],"product_brand":[],"product_cat":[2289],"product_tag":[2290,122,54],"class_list":{"0":"post-104461","1":"product","2":"type-product","3":"status-publish","4":"has-post-thumbnail","6":"product_cat-ambientes-salinos-anticorrosion","7":"product_tag-ambientes-salinos-anticorrosion","8":"product_tag-camaras-ip-y-nvrs","9":"product_tag-hikvision","11":"first","12":"outofstock","13":"sale","14":"shipping-taxable","15":"purchasable","16":"product-type-simple"},"_links":{"self":[{"href":"https:\/\/soydeaqui.ddns.net\/pachuca\/index.php\/wp-json\/wp\/v2\/product\/104461","targetHints":{"allow":["GET"]}}],"collection":[{"href":"https:\/\/soydeaqui.ddns.net\/pachuca\/index.php\/wp-json\/wp\/v2\/product"}],"about":[{"href":"https:\/\/soydeaqui.ddns.net\/pachuca\/index.php\/wp-json\/wp\/v2\/types\/product"}],"replies":[{"embeddable":true,"href":"https:\/\/soydeaqui.ddns.net\/pachuca\/index.php\/wp-json\/wp\/v2\/comments?post=104461"}],"wp:featuredmedia":[{"embeddable":true,"href":"https:\/\/soydeaqui.ddns.net\/pachuca\/index.php\/wp-json\/wp\/v2\/media\/104460"}],"wp:attachment":[{"href":"https:\/\/soydeaqui.ddns.net\/pachuca\/index.php\/wp-json\/wp\/v2\/media?parent=104461"}],"wp:term":[{"taxonomy":"product_brand","embeddable":true,"href":"https:\/\/soydeaqui.ddns.net\/pachuca\/index.php\/wp-json\/wp\/v2\/product_brand?post=104461"},{"taxonomy":"product_cat","embeddable":true,"href":"https:\/\/soydeaqui.ddns.net\/pachuca\/index.php\/wp-json\/wp\/v2\/product_cat?post=104461"},{"taxonomy":"product_tag","embeddable":true,"href":"https:\/\/soydeaqui.ddns.net\/pachuca\/index.php\/wp-json\/wp\/v2\/product_tag?post=104461"}],"curies":[{"name":"wp","href":"https:\/\/api.w.org\/{rel}","templated":true}]}}