{"id":104452,"date":"2026-03-20T14:33:29","date_gmt":"2026-03-20T14:33:29","guid":{"rendered":"https:\/\/soydeaqui.ddns.net\/pachuca\/index.php\/producto\/podadora-inalambrica-silenciosa-c-bateria-y-cargadr-dc18sd-4300-r-p-m\/"},"modified":"2026-03-20T14:33:40","modified_gmt":"2026-03-20T14:33:40","slug":"podadora-inalambrica-silenciosa-c-bateria-y-cargadr-dc18sd-4300-r-p-m","status":"publish","type":"product","link":"https:\/\/soydeaqui.ddns.net\/pachuca\/index.php\/producto\/podadora-inalambrica-silenciosa-c-bateria-y-cargadr-dc18sd-4300-r-p-m\/","title":{"rendered":"PODADORA INALAMBRICA SILENCIOSA C\/BATERIA Y CARGADR DC18SD 4300 R.P.M."},"content":{"rendered":"<div style='width: 100%; max-width: 1200px; margin: 0 auto; font-family: sans-serif; line-height: 1.6; color: inherit; background-color: transparent;'>\n<div style='display: flex; flex-direction: column; gap: 30px;'>\n<div style='flex: 1 1 300px; min-width: 280px;'>\n<h3 style='font-size: 22px; border-bottom: 2px solid currentColor; padding-bottom: 5px; margin-top: 0; color: inherit; opacity: 0.8;'>Descripci\u00f3n del producto<\/h3>\n<p style='font-size: 15px; color: inherit; margin-bottom: 15px;'>El cortac\u00e9sped Makita DLM330ST est\u00e1 construido con tecnolog\u00eda XPT y por lo tanto es resistente al polvo y la humedad. El operador puede ajustar la altura de corte en 8 etapas mediante una palanca&comma; lo que ampl\u00eda su gama de aplicaciones. La versatilidad tambi\u00e9n se pone de manifiesto en la capacidad de funcionar en 3 modos: corte&comma; recogida y mulching. El sistema de arranque suave incorporado reduce las vibraciones asociadas al arranque&comma; lo que hace que sea m\u00e1s c\u00f3modo trabajar con ella. El freno el\u00e9ctrico detiene el motor r\u00e1pidamente&comma; haciendo el trabajo m\u00e1s seguro. La funci\u00f3n antireinicio evita que la herramienta se ponga en marcha accidentalmente. La empu\u00f1adura de altura ajustable en 2 posiciones hace que el trabajo sea c\u00f3modo para personas de cualquier altura. La carcasa de polipropileno es ligera y robusta&comma; por lo que los componentes m\u00e1s importantes est\u00e1n protegidos de los impactos y el manejo de la segadora es menos exigente. Los neum\u00e1ticos anchos le permiten trabajar eficazmente incluso en terrenos fangosos y accidentados. Un indicador de nivel de llenado mejora la organizaci\u00f3n del trabajo. El dise\u00f1o de la m\u00e1quina introduce la posibilidad de guardarla en posici\u00f3n vertical. Una luz de advertencia de carga baja le da m\u00e1s control sobre sus operaciones.<\/p>\n<\/p><\/div>\n<div style='flex: 1 1 300px; min-width: 280px;'>\n<h3 style='font-size: 22px; border-bottom: 2px solid currentColor; padding-bottom: 5px; margin-top: 0; color: inherit; opacity: 0.8;'>Caracter\u00edsticas principales<\/h3>\n<ul style='padding-left: 20px; font-size: 15px; color: inherit; list-style-type: disc;'>\n<li style='margin-bottom: 5px;'>La tecnolog\u00eda XPT protege el motor del polvo y la humedad<\/li>\n<li style='margin-bottom: 5px;'>El ajuste de la altura de corte en 8 niveles y los 3 modos de corte ampl\u00edan la gama de aplicaciones<\/li>\n<li style='margin-bottom: 5px;'>Arranque suave para mayor comodidad<\/li>\n<li style='margin-bottom: 5px;'>Freno el\u00e9ctrico y antiarranque para una mayor seguridad de funcionamiento<\/li>\n<li style='margin-bottom: 5px;'>El ajuste del mango en 2 posiciones permite trabajar a diferentes alturas<\/li>\n<li style='margin-bottom: 5px;'>Carcasa de polipropileno ligera y duradera<\/li>\n<li style='margin-bottom: 5px;'>Neum\u00e1ticos anchos para un funcionamiento c\u00f3modo en terrenos dif\u00edciles<\/li>\n<li style='margin-bottom: 5px;'>Los indicadores de nivel de llenado y de carga permiten una mejor gesti\u00f3n del tiempo<\/li>\n<li style='margin-bottom: 5px;'>Construido para almacenar en posici\u00f3n vertical<\/li>\n<\/ul><\/div>\n<div style='display: grid; grid-template-columns: 1fr; gap: 20px; margin-bottom: 30px;'>\n<div style='border: 1px solid rgba(150&comma; 150&comma; 150&comma; 0.4); border-radius: 8px; overflow: hidden;'>\n<div style='padding: 15px; border-bottom: 1px solid rgba(150&comma; 150&comma; 150&comma; 0.2); font-weight: bold; font-size: 18px; color: inherit;'>Datos t\u00e9cnicos<\/div>\n<div style='padding: 15px; color: inherit;'>\n<ul style='padding-left: 20px; margin: 0; font-size: 14px; list-style-type: disc;'>\n<li style='margin-bottom: 5px;'><strong>Tensi\u00f3n de alimentaci\u00f3n:<\/strong> 18V<\/li>\n<li style='margin-bottom: 5px;'><strong>Tipo de bater\u00eda:<\/strong> Li-Ion<\/li>\n<li style='margin-bottom: 5px;'><strong>Bater\u00edas compatibles:<\/strong> 3&comma;0\/4&comma;0\/5&comma;0\/6&comma;0Ah<\/li>\n<li style='margin-bottom: 5px;'><strong>No es compatible con:<\/strong> BL1811G&comma; BL1813G&comma; BL1815G (sin electr\u00f3nica) y paquete de bater\u00edas BL1815 (18V\/1&comma;3Ah)<\/li>\n<li style='margin-bottom: 5px;'><strong>Velocidad de la hoja en vac\u00edo:<\/strong> 4300\/min<\/li>\n<li style='margin-bottom: 5px;'><strong>Ancho de corte:<\/strong> 33cm<\/li>\n<li style='margin-bottom: 5px;'><strong>Altura de corte:<\/strong> 20-75mm<\/li>\n<li style='margin-bottom: 5px;'><strong>Ajuste de la altura de corte:<\/strong> 8 pasos<\/li>\n<li style='margin-bottom: 5px;'><strong>Capacidad de la cesta:<\/strong> 30l<\/li>\n<li style='margin-bottom: 5px;'><strong>Accionamiento:<\/strong> manual<\/li>\n<li style='margin-bottom: 5px;'><strong>Carcasa:<\/strong> polipropileno<\/li>\n<li style='margin-bottom: 5px;'><strong>Zona de siega:<\/strong> 270m\u00b2<\/li>\n<li style='margin-bottom: 5px;'><strong>Dimensiones:<\/strong> 1285-1350x375x935-975mm<\/li>\n<li style='margin-bottom: 5px;'><strong>Peso:<\/strong> 12&comma;5kg<\/li>\n<\/ul><\/div>\n<\/p><\/div>\n<div style='border: 1px solid rgba(150&comma; 150&comma; 150&comma; 0.4); border-radius: 8px; overflow: hidden;'>\n<div style='padding: 15px; border-bottom: 1px solid rgba(150&comma; 150&comma; 150&comma; 0.2); font-weight: bold; font-size: 18px; color: inherit;'>Accesorios b\u00e1sicos<\/div>\n<div style='padding: 15px; color: inherit;'>\n<ul style='padding-left: 20px; margin: 0; font-size: 14px; list-style-type: disc;'>\n<li style='margin-bottom: 5px;'>Cargador DC18SD 194533-61<\/li>\n<li style='margin-bottom: 5px;'>Bater\u00eda 18V 5.0Ah BL1850B<\/li>\n<li style='margin-bottom: 5px;'>Cuchilla de corte<\/li>\n<li style='margin-bottom: 5px;'>Recogedor de hierba<\/li>\n<li style='margin-bottom: 5px;'>Llave de vaso 13<\/li>\n<\/ul><\/div>\n<\/p><\/div>\n<\/p><\/div>\n<\/p><\/div>\n<\/p><\/div>\n","protected":false},"excerpt":{"rendered":"<p>PODADORA INALAMBRICA SILENCIOSA C\/BATERIA Y CARGADR DC18SD 4300 R.P.M.<\/p>\n","protected":false},"featured_media":104451,"comment_status":"open","ping_status":"closed","template":"","meta":[],"product_brand":[],"product_cat":[1057],"product_tag":[1058,1059,252],"class_list":{"0":"post-104452","1":"product","2":"type-product","3":"status-publish","4":"has-post-thumbnail","6":"product_cat-herramientas-electrica-cableada","7":"product_tag-ferreteria","8":"product_tag-herramientas-electrica-cableada","9":"product_tag-makita","11":"first","12":"outofstock","13":"sale","14":"shipping-taxable","15":"purchasable","16":"product-type-simple"},"_links":{"self":[{"href":"https:\/\/soydeaqui.ddns.net\/pachuca\/index.php\/wp-json\/wp\/v2\/product\/104452","targetHints":{"allow":["GET"]}}],"collection":[{"href":"https:\/\/soydeaqui.ddns.net\/pachuca\/index.php\/wp-json\/wp\/v2\/product"}],"about":[{"href":"https:\/\/soydeaqui.ddns.net\/pachuca\/index.php\/wp-json\/wp\/v2\/types\/product"}],"replies":[{"embeddable":true,"href":"https:\/\/soydeaqui.ddns.net\/pachuca\/index.php\/wp-json\/wp\/v2\/comments?post=104452"}],"wp:featuredmedia":[{"embeddable":true,"href":"https:\/\/soydeaqui.ddns.net\/pachuca\/index.php\/wp-json\/wp\/v2\/media\/104451"}],"wp:attachment":[{"href":"https:\/\/soydeaqui.ddns.net\/pachuca\/index.php\/wp-json\/wp\/v2\/media?parent=104452"}],"wp:term":[{"taxonomy":"product_brand","embeddable":true,"href":"https:\/\/soydeaqui.ddns.net\/pachuca\/index.php\/wp-json\/wp\/v2\/product_brand?post=104452"},{"taxonomy":"product_cat","embeddable":true,"href":"https:\/\/soydeaqui.ddns.net\/pachuca\/index.php\/wp-json\/wp\/v2\/product_cat?post=104452"},{"taxonomy":"product_tag","embeddable":true,"href":"https:\/\/soydeaqui.ddns.net\/pachuca\/index.php\/wp-json\/wp\/v2\/product_tag?post=104452"}],"curies":[{"name":"wp","href":"https:\/\/api.w.org\/{rel}","templated":true}]}}