{"id":104446,"date":"2026-03-20T14:33:07","date_gmt":"2026-03-20T14:33:07","guid":{"rendered":"https:\/\/soydeaqui.ddns.net\/pachuca\/index.php\/producto\/cortasetos-telescopico-inalambrico-18v-hoja-de-corte-de-46-cm-de-longitud-2700-cpm-incluye-batearia-y-cargador\/"},"modified":"2026-03-20T14:33:23","modified_gmt":"2026-03-20T14:33:23","slug":"cortasetos-telescopico-inalambrico-18v-hoja-de-corte-de-46-cm-de-longitud-2700-cpm-incluye-batearia-y-cargador","status":"publish","type":"product","link":"https:\/\/soydeaqui.ddns.net\/pachuca\/index.php\/producto\/cortasetos-telescopico-inalambrico-18v-hoja-de-corte-de-46-cm-de-longitud-2700-cpm-incluye-batearia-y-cargador\/","title":{"rendered":"Cortasetos telesc\u00f3pico inal\u00e1mbrico 18V, hoja de Corte de 46 cm de longitud 2700 Cpm, Incluye Batear\u00eda y Cargador."},"content":{"rendered":"<div style='width: 100%; max-width: 1200px; margin: 0 auto; font-family: sans-serif; line-height: 1.6; color: inherit; background-color: transparent;'> <!-- Secci\u00f3n de beneficios --> <\/p>\n<div style='margin-bottom: 30px;'>\n<h3 style='font-size: 22px; border-bottom: 2px solid currentColor; padding-bottom: 5px; margin-top: 0; color: inherit; opacity: 0.8;'>Beneficios del usuario<\/h3>\n<ul style='padding-left: 20px; font-size: 15px; color: inherit;'>\n<li style='margin-bottom: 5px;'>A bater\u00eda para una puesta en marcha instant\u00e1nea&comma; cero emisiones y un mantenimiento reducido.<\/li>\n<li style='margin-bottom: 5px;'>Bot\u00f3n de bloqueo del gatillo accesible desde ambos lados.<\/li>\n<li style='margin-bottom: 5px;'>El circuito de protecci\u00f3n de la bater\u00eda protege contra sobrecarga&comma; sobredescarga y sobrecalentamiento.<\/li>\n<li style='margin-bottom: 5px;'>La alta velocidad de corte permite un corte suave y eficiente. 3.600 c.p.m.<\/li>\n<li style='margin-bottom: 5px;'>La posici\u00f3n del agarre frontal deslizante es ajustable&comma; obteniendo una m\u00e1xima eficiencia de trabajo en diferentes posiciones.<\/li>\n<li style='margin-bottom: 5px;'>La rotaci\u00f3n reversible libera la hoja cuando est\u00e1 atascada por ramas gruesas.<\/li>\n<li style='margin-bottom: 5px;'>La tecnolog\u00eda de protecci\u00f3n extrema (XPT) est\u00e1 dise\u00f1ada para mejorar la resistencia al polvo y las salpicaduras de agua para su funcionamiento en condiciones adversas.<\/li>\n<li style='margin-bottom: 5px;'>Nivel de ruido bajo&comma; ideal para espacios p\u00fablicos y residenciales.<\/li>\n<li style='margin-bottom: 5px;'>Palanca de bloqueo para un ajuste f\u00e1cil sin herramientas de la extensi\u00f3n del poste.<\/li>\n<li style='margin-bottom: 5px;'>Peine de \u00e1ngulo ajustable; Inclinaci\u00f3n de 60\u00b0 hacia arriba a 75\u00b0 de inclinaci\u00f3n hacia abajo desde la posici\u00f3n horizontal; Se puede plegar en 180\u00b0 para facilitar su transporte y almacenamiento; El embrague incorporado funciona para detener el movimiento del peine incluso si se toca la palanca del acelerador durante el plegado; 10 configuraciones de \u00e1ngulo.<\/li>\n<li style='margin-bottom: 5px;'>P\u00e9rtiga telesc\u00f3pica para poder trabajar sin necesidad de escaleras de mano.<\/li>\n<\/ul><\/div>\n<p> <!-- Video de YouTube --> <\/p>\n<div style='position: relative; padding-bottom: 56.25%; height: 0; overflow: hidden; margin-bottom: 30px;'>   <\/div>\n<p> <!-- Secci\u00f3n de equipo b\u00e1sico --> <\/p>\n<div style='margin-bottom: 30px;'>\n<h3 style='font-size: 22px; border-bottom: 2px solid currentColor; padding-bottom: 5px; margin-top: 0; color: inherit; opacity: 0.8;'>Equipo b\u00e1sico<\/h3>\n<ul style='padding-left: 20px; font-size: 15px; color: inherit;'>\n<li style='margin-bottom: 5px;'>194533-6 &#8211; <a style='color: inherit; text-decoration: underline;' href='https:\/\/suincas.com\/cargadores'>Cargador<\/a> 18V LXT DC18SD<\/li>\n<li style='margin-bottom: 5px;'>197599-5 &#8211; Bater\u00eda 18V 3&comma;0Ah LXT BL1830B<\/li>\n<\/ul><\/div>\n<p> <!-- Secci\u00f3n de especificaciones t\u00e9cnicas --> <\/p>\n<div style='margin-bottom: 30px;'>\n<h3 style='font-size: 22px; border-bottom: 2px solid currentColor; padding-bottom: 5px; margin-top: 0; color: inherit; opacity: 0.8;'>Informaci\u00f3n t\u00e9cnica<\/h3>\n<ul style='padding-left: 20px; font-size: 15px; color: inherit;'>\n<li style='margin-bottom: 5px;'><strong>Tensi\u00f3n de la bater\u00eda:<\/strong> 18V<\/li>\n<li style='margin-bottom: 5px;'><strong>Tipo de bater\u00eda:<\/strong> LXT<\/li>\n<li style='margin-bottom: 5px;'><strong>Amperaje de la bater\u00eda:<\/strong> 3&comma;0 Ah<\/li>\n<li style='margin-bottom: 5px;'><strong>Tiempo de carga:<\/strong> 70 min<\/li>\n<li style='margin-bottom: 5px;'><strong>Carreras por min.:<\/strong> 3.600 cpm<\/li>\n<li style='margin-bottom: 5px;'><strong>Longitud del corte:<\/strong> 46 cm<\/li>\n<li style='margin-bottom: 5px;'><strong>Dimensiones. LxAnxAl:<\/strong> 1.889 &#8211; 2.511 x 87 x 134 mm<\/li>\n<li style='margin-bottom: 5px;'><strong>Peso seg\u00fan EPTA:<\/strong> 3&comma;3 Kg<\/li>\n<li style='margin-bottom: 5px;'><strong>Emisi\u00f3n de vibraci\u00f3n:<\/strong> 2&comma;50 m\/seg\u00b2<\/li>\n<li style='margin-bottom: 5px;'><strong>Incertidumbre (K) de vibraci\u00f3n:<\/strong> 1&comma;50 m\/seg\u00b2<\/li>\n<li style='margin-bottom: 5px;'><strong>Presi\u00f3n sonora:<\/strong> 74&comma;00 dB(A)<\/li>\n<li style='margin-bottom: 5px;'><strong>Incertidumbre (K) sonora:<\/strong> 3&comma;00 dB(A)<\/li>\n<\/ul><\/div>\n<p> <!-- Informaci\u00f3n adicional sobre la marca --> <\/p>\n<div style='margin-bottom: 30px;'>\n<p style='font-size: 15px; color: inherit; margin: 0 0 15px 0;'>Makita es una marca que se dedica a la fabricaci\u00f3n y venta de todo tipo de herramienta el\u00e9ctrica. Makita pone a disposici\u00f3n de sus usuarios una amplia variedad de herramienta el\u00e9ctrica&comma; como taladros&comma; atornilladores&comma; sierras&comma; fresadoras&comma; multiherramientas&comma; aspiradores&comma; sopladores\u2026<\/p>\n<p style='font-size: 15px; color: inherit; margin: 0 0 15px 0;'>Adem\u00e1s&comma; en Suincas.com somos servicio t\u00e9cnico oficial Makita en la zona del levante por lo que nos enorgullece afirmar que nuestra premisa es ofrecer una adecuada atenci\u00f3n al cliente.<\/p>\n<p style='font-size: 15px; color: inherit; margin: 0 0 15px 0;'>Gracias a la innovaci\u00f3n y su excelente servicio&comma; Makita se ha convertido en una marca reconocida a nivel mundial&comma; con una gran experiencia en el sector&comma; fundada desde Marzo de 1915 por Mosaburo Makita&comma; destacando adem\u00e1s de por sus precios&comma; por su pol\u00edtica de calidad en sus productos y por su consciencia medioambiental y institucional.<\/p>\n<p style='font-size: 15px; color: inherit; margin: 0;'>Entre la gama de herramientas Makita destacan las herramientas profesionales de jard\u00edn destaca el soplador de hojas Makita y dentro de su gama industrial en Suincas.com recomendamos como producto estrella la lijadora orbital BO5041 125MM Makita.<\/p>\n<\/p><\/div>\n<p> <!-- Separador final --> <\/p>\n<hr style='border: 0; border-top: 1px solid rgba(150&comma; 150&comma; 150&comma; 0.3); margin: 30px 0;'> <\/div>\n","protected":false},"excerpt":{"rendered":"<p>Cortasetos telesc\u00f3pico inal\u00e1mbrico 18V, hoja de Corte de 46 cm de longitud 2700 Cpm, Incluye Batear\u00eda y Cargador.<\/p>\n","protected":false},"featured_media":104445,"comment_status":"open","ping_status":"closed","template":"","meta":[],"product_brand":[],"product_cat":[1057],"product_tag":[1058,1059,252],"class_list":{"0":"post-104446","1":"product","2":"type-product","3":"status-publish","4":"has-post-thumbnail","6":"product_cat-herramientas-electrica-cableada","7":"product_tag-ferreteria","8":"product_tag-herramientas-electrica-cableada","9":"product_tag-makita","11":"first","12":"outofstock","13":"sale","14":"shipping-taxable","15":"purchasable","16":"product-type-simple"},"_links":{"self":[{"href":"https:\/\/soydeaqui.ddns.net\/pachuca\/index.php\/wp-json\/wp\/v2\/product\/104446","targetHints":{"allow":["GET"]}}],"collection":[{"href":"https:\/\/soydeaqui.ddns.net\/pachuca\/index.php\/wp-json\/wp\/v2\/product"}],"about":[{"href":"https:\/\/soydeaqui.ddns.net\/pachuca\/index.php\/wp-json\/wp\/v2\/types\/product"}],"replies":[{"embeddable":true,"href":"https:\/\/soydeaqui.ddns.net\/pachuca\/index.php\/wp-json\/wp\/v2\/comments?post=104446"}],"wp:featuredmedia":[{"embeddable":true,"href":"https:\/\/soydeaqui.ddns.net\/pachuca\/index.php\/wp-json\/wp\/v2\/media\/104445"}],"wp:attachment":[{"href":"https:\/\/soydeaqui.ddns.net\/pachuca\/index.php\/wp-json\/wp\/v2\/media?parent=104446"}],"wp:term":[{"taxonomy":"product_brand","embeddable":true,"href":"https:\/\/soydeaqui.ddns.net\/pachuca\/index.php\/wp-json\/wp\/v2\/product_brand?post=104446"},{"taxonomy":"product_cat","embeddable":true,"href":"https:\/\/soydeaqui.ddns.net\/pachuca\/index.php\/wp-json\/wp\/v2\/product_cat?post=104446"},{"taxonomy":"product_tag","embeddable":true,"href":"https:\/\/soydeaqui.ddns.net\/pachuca\/index.php\/wp-json\/wp\/v2\/product_tag?post=104446"}],"curies":[{"name":"wp","href":"https:\/\/api.w.org\/{rel}","templated":true}]}}