{"id":104442,"date":"2026-03-20T14:32:56","date_gmt":"2026-03-20T14:32:56","guid":{"rendered":"https:\/\/soydeaqui.ddns.net\/pachuca\/index.php\/producto\/dvr-18-canales-16-analogicos-2-ip-hasta-8-mp-soporta-4-tecnologias-ahd-tvi-cvi-cvbs-2-bahias-hdd-no-incluidos\/"},"modified":"2026-03-20T14:33:04","modified_gmt":"2026-03-20T14:33:04","slug":"dvr-18-canales-16-analogicos-2-ip-hasta-8-mp-soporta-4-tecnologias-ahd-tvi-cvi-cvbs-2-bahias-hdd-no-incluidos","status":"publish","type":"product","link":"https:\/\/soydeaqui.ddns.net\/pachuca\/index.php\/producto\/dvr-18-canales-16-analogicos-2-ip-hasta-8-mp-soporta-4-tecnologias-ahd-tvi-cvi-cvbs-2-bahias-hdd-no-incluidos\/","title":{"rendered":"DVR 18 Canales (16 Analogicos + 2 IP) hasta 8 MP\/ Soporta 4 Tecnolog\u00edas (AHD, TVI, CVI, CVBS)  \/ 2 bahias HDD (no incluidos)"},"content":{"rendered":"<div style='width: 100%; max-width: 1200px; margin: 0 auto; font-family: sans-serif; line-height: 1.6; color: inherit; background-color: transparent;'>\n<div style='width: 100%; margin-bottom: 30px;'>\n<h1 style='font-size: 28px; margin: 0 0 10px; color: inherit;'><strong>DVR Pentabrid<\/strong><\/h1>\n<h3 style='font-size: 20px; margin: 0 0 15px; color: inherit;'>La Soluci\u00f3n Flexible para M\u00faltiples Aplicaciones<\/h3>\n<p style='font-size: 15px; margin: 0; color: inherit; text-align: justify;'>Los integradores e instaladores de seguridad deben adaptarse a los requisitos del proyecto y las demandas de los clientes&comma; as\u00ed como tambi\u00e9n deben tener que gestionar m\u00faltiples soluciones tecnol\u00f3gicas. Algunas instalaciones requieren mantener c\u00e1maras anal\u00f3gicas existentes mientras se necesita instalar una nueva red c\u00e1mara con tecnolog\u00edas de video de alta definici\u00f3n. Ah\u00ed es donde los DVR pentabrid ofrecen una soluci\u00f3n perfecta.<\/p>\n<\/p><\/div>\n<div style='display: flex; flex-wrap: wrap; gap: 30px; margin-bottom: 30px;'>\n<div style='flex: 1 1 300px; min-width: 280px;'>\n<div style='border: 1px solid rgba(150&comma;150&comma;150&comma;0.3); border-radius: 8px; overflow: hidden;'> <img style='width: 100%; height: auto; border: none; border-radius: 0;' src='https:\/\/ftp3.syscom.mx\/usuarios\/fotos\/HRX1621\/177827-captura_de_pantalla_2020-02-28_a_la(s)_12.08.12.png' alt=''> <\/p>\n<div style='padding: 15px;'>\n<h4 style='font-size: 18px; margin-top: 15px; margin-bottom: 10px; color: inherit; border-top: 2px solid rgba(255&comma; 128&comma; 0&comma; 0.5); padding-top: 10px;'>Grabaci\u00f3n dual para monitoreo eficiente<\/h4>\n<p style='font-size: 14px; margin-bottom: 10px; color: inherit;'>Las im\u00e1genes se comprimen y almacenan tanto en baja como en alta resoluci\u00f3n (H.265 \/ H.264) simult\u00e1neamente para permitir m\u00faltiples canales f\u00e1ciles de supervisar.<\/p>\n<p style='font-size: 14px; margin-bottom: 10px; color: inherit;'>La reproducci\u00f3n de grabaci\u00f3n dual es efectiva en el monitoreo m\u00f3vil y remoto&comma; ya que ayuda a acelerar el tiempo de b\u00fasqueda.<\/p>\n<\/p><\/div>\n<\/p><\/div>\n<\/p><\/div>\n<div style='flex: 1 1 300px; min-width: 280px;'>\n<div style='border: 1px solid rgba(150&comma;150&comma;150&comma;0.3); border-radius: 8px; overflow: hidden;'> <img style='width: 100%; height: auto; border: none; border-radius: 0;' src='https:\/\/ftp3.syscom.mx\/usuarios\/fotos\/HRX1621\/177827-captura_de_pantalla_2020-02-27_a_la(s)_18.42.25.png' alt=''> <\/p>\n<div style='padding: 15px;'>\n<h4 style='font-size: 18px; margin-top: 15px; margin-bottom: 10px; color: inherit; border-top: 2px solid rgba(255&comma; 128&comma; 0&comma; 0.5); padding-top: 10px;'>Interfaz de Usuario Amigable<\/h4>\n<p style='font-size: 14px; margin-bottom: 10px; color: inherit;'>La l\u00ednea Wisenet pentabrid DVR tiene un dise\u00f1o de interfaz de usuario m\u00e1s intuitivo para facilitar su uso.<\/p>\n<p style='font-size: 14px; margin-bottom: 10px; color: inherit;'>La interfaz de usuario mejorada es compatible con los NVR de Wisenet para un funcionamiento perfecto.<\/p>\n<p style='font-size: 14px; margin-bottom: 10px; color: inherit;'>Los operadores simplemente seleccionan los \u00edconos de la c\u00e1mara desde el \u00e1rbol de navegaci\u00f3n&comma; luego arrastran y sueltan para verlos. Los asistentes de instalaci\u00f3n mejorados ofrecen una configuraci\u00f3n simple por primera vez de c\u00e1maras anal\u00f3gicas e IP.<\/p>\n<\/p><\/div>\n<\/p><\/div>\n<\/p><\/div>\n<div style='flex: 1 1 300px; min-width: 280px;'>\n<div style='border: 1px solid rgba(150&comma;150&comma;150&comma;0.3); border-radius: 8px; overflow: hidden;'> <img style='width: 100%; height: auto; border: none; border-radius: 0;' src='https:\/\/ftp3.syscom.mx\/usuarios\/fotos\/HRX1621\/177827-captura_de_pantalla_2020-02-27_a_la(s)_18.54.18.png' alt=''> <\/p>\n<div style='padding: 15px;'>\n<h4 style='font-size: 18px; margin-top: 15px; margin-bottom: 10px; color: inherit; border-top: 2px solid rgba(255&comma; 128&comma; 0&comma; 0.5); padding-top: 10px;'>F\u00e1cil conexi\u00f3n con P2P (c\u00f3digo QR)<\/h4>\n<p style='font-size: 14px; margin-bottom: 10px; color: inherit;'>Un usuario puede monitorear sus c\u00e1maras con la aplicaci\u00f3n gratuita Wisenet Mobile simplemente escaneando un c\u00f3digo QR sin una complicada configuraci\u00f3n de red.<\/p>\n<p style='font-size: 14px; margin-bottom: 10px; color: inherit;'>La notificaci\u00f3n autom\u00e1tica de eventos ayuda a los operadores a proporcionar una respuesta r\u00e1pida.<\/p>\n<p style='font-size: 14px; margin-bottom: 10px; color: inherit;'><strong>NOTA:<\/strong> <span style='background-color: rgba(248&comma; 249&comma; 250&comma; 0.6); padding: 5px; border-radius: 4px; display: inline-block; margin-top: 5px;'>(El P2P es unicamente compatible con dispositivos m\u00f3viles a trav\u00e9s de la aplicaci\u00f3n Wisenet mobile&comma; no es compatible con Smart Viewer&comma; SSM o Wisenet Wave).<\/span><\/p>\n<\/p><\/div>\n<\/p><\/div>\n<\/p><\/div>\n<\/p><\/div>\n<div style='display: flex; flex-wrap: wrap; gap: 20px; margin-bottom: 30px;'>\n<div style='flex: 1 1 250px; border: 1px solid rgba(150&comma; 150&comma; 150&comma; 0.4); border-radius: 8px; overflow: hidden; display: flex; flex-direction: column;'>\n<div style='padding: 15px; border-bottom: 1px solid rgba(150&comma; 150&comma; 150&comma; 0.2); font-weight: bold; font-size: 16px; color: inherit; background-color: rgba(255&comma; 128&comma; 0&comma; 0.1);'>Caracter\u00edsticas del DVR<\/div>\n<div style='padding: 15px; color: inherit; flex-grow: 1;'>\n<ul style='padding-left: 20px; margin: 0; font-size: 14px; list-style-type: disc;'>\n<li style='margin-bottom: 5px;'>Resoluci\u00f3n 8MP<\/li>\n<li style='margin-bottom: 5px;'>Soporta 2 HDDs de hasta 6TB. <strong style='color: inherit;'>(No incluidos)<\/strong><\/li>\n<li style='margin-bottom: 5px;'>Soporta Wisenet DDNS<\/li>\n<li style='margin-bottom: 5px;'>Acceso remoto v\u00eda tel\u00e9fono: Android&comma; iOS (Wisenet Mobile)<\/li>\n<li style='margin-bottom: 5px;'>Compatibilidad con navegadores IE&comma; Safari&comma; Chrome (ietab)<\/li>\n<li style='margin-bottom: 5px;'>Software cliente Wisenet Wave&comma; Smart Viewer y SSM<\/li>\n<\/ul><\/div>\n<\/p><\/div>\n<div style='flex: 1 1 250px; border: 1px solid rgba(150&comma; 150&comma; 150&comma; 0.4); border-radius: 8px; overflow: hidden; display: flex; flex-direction: column;'>\n<div style='padding: 15px; border-bottom: 1px solid rgba(150&comma; 150&comma; 150&comma; 0.2); font-weight: bold; font-size: 16px; color: inherit; background-color: rgba(255&comma; 128&comma; 0&comma; 0.1);'>Capacidad de procesamiento y funciones de red<\/div>\n<div style='padding: 15px; color: inherit; flex-grow: 1;'>\n<ul style='padding-left: 20px; margin: 0; font-size: 14px; list-style-type: disc;'>\n<li style='margin-bottom: 5px;'>1 puerto red 10 \/ 100 \/ 1000 Mbps. (LAN)<\/li>\n<li style='margin-bottom: 5px;'>Configuraci\u00f3n remota de par\u00e1metros<\/li>\n<li style='margin-bottom: 5px;'>Descarga y reproducci\u00f3n por red de los archivos grabados en la DVR<\/li>\n<li style='margin-bottom: 5px;'>Soporta la descarga de bit\u00e1cora de alarmas del DVR en forma remota<\/li>\n<li style='margin-bottom: 5px;'>Configuraci\u00f3n remota de par\u00e1metros<\/li>\n<\/ul><\/div>\n<\/p><\/div>\n<div style='flex: 1 1 250px; border: 1px solid rgba(150&comma; 150&comma; 150&comma; 0.4); border-radius: 8px; overflow: hidden; display: flex; flex-direction: column;'>\n<div style='padding: 15px; border-bottom: 1px solid rgba(150&comma; 150&comma; 150&comma; 0.2); font-weight: bold; font-size: 16px; color: inherit; background-color: rgba(255&comma; 128&comma; 0&comma; 0.1);'>Funciones de Grabaci\u00f3n y Visualizaci\u00f3n<\/div>\n<div style='padding: 15px; color: inherit; flex-grow: 1;'>\n<ul style='padding-left: 20px; margin: 0; font-size: 14px; list-style-type: disc;'>\n<li style='margin-bottom: 5px;'>Detecci\u00f3n de movimiento multizona<\/li>\n<li style='margin-bottom: 5px;'>Zoom digital en visualizaci\u00f3n y grabaci\u00f3n<\/li>\n<li style='margin-bottom: 5px;'>Soporta avance r\u00e1pido&comma; lento&comma; cuadro a cuadro&comma; etc.<\/li>\n<li style='margin-bottom: 5px;'>Soporta m\u00faltiples tipos de grabaci\u00f3n&comma; incluyendo tiempo real&comma; grabaci\u00f3n manual&comma; videosensor&comma; videosensor y alarma&comma; videosensor o alarma<\/li>\n<li style='margin-bottom: 5px;'>Soporta grabaci\u00f3n c\u00edclica (sobreescritura) y no c\u00edclica<\/li>\n<\/ul><\/div>\n<\/p><\/div>\n<div style='flex: 1 1 250px; border: 1px solid rgba(150&comma; 150&comma; 150&comma; 0.4); border-radius: 8px; overflow: hidden; display: flex; flex-direction: column;'>\n<div style='padding: 15px; border-bottom: 1px solid rgba(150&comma; 150&comma; 150&comma; 0.2); font-weight: bold; font-size: 16px; color: inherit; background-color: rgba(255&comma; 128&comma; 0&comma; 0.1);'>Resoluci\u00f3n de Grabaci\u00f3n por Canal<\/div>\n<div style='padding: 15px; color: inherit; flex-grow: 1;'>\n<ul style='padding-left: 20px; margin: 0; font-size: 14px; list-style-type: disc;'>\n<li style='margin-bottom: 5px;'>AHD (8MP&comma; 5MP&comma; 4MP&comma; 1080P&comma; 720P)<\/li>\n<li style='margin-bottom: 5px;'>TVI: (8MP&comma; 5MP&comma; 4MP&comma; 1080P&comma; 720P)<\/li>\n<li style='margin-bottom: 5px;'>CVI: (8MP&comma; 5MP&comma; 4MP&comma; 1080P&comma; 720P)<\/li>\n<li style='margin-bottom: 5px;'>CBVS: 1200TVL<\/li>\n<li style='margin-bottom: 5px;'>IP: (8MP&comma; 5MP&comma; 4MP&comma; 1080P&comma; 720P)<\/li>\n<\/ul><\/div>\n<\/p><\/div>\n<div style='flex: 1 1 250px; border: 1px solid rgba(150&comma; 150&comma; 150&comma; 0.4); border-radius: 8px; overflow: hidden; display: flex; flex-direction: column;'>\n<div style='padding: 15px; border-bottom: 1px solid rgba(150&comma; 150&comma; 150&comma; 0.2); font-weight: bold; font-size: 16px; color: inherit; background-color: rgba(255&comma; 128&comma; 0&comma; 0.1);'>Interfaces Entradas \/ Salidas<\/div>\n<div style='padding: 15px; color: inherit; flex-grow: 1;'>\n<ul style='padding-left: 20px; margin: 0; font-size: 14px; list-style-type: disc;'>\n<li style='margin-bottom: 5px;'>Salida HDMI (1920 x 1080&comma; 1280 x 1024)<\/li>\n<li style='margin-bottom: 5px;'>Salida VGA (1920&#215;1080&comma; 1280 x1024&comma; 1280 x 720)<\/li>\n<li style='margin-bottom: 5px;'>Entrada de Audio: 4 Canales<\/li>\n<li style='margin-bottom: 5px;'>Salida de Audio: 1 Canal<\/li>\n<li style='margin-bottom: 5px;'>Entrada de Alarma: 16<\/li>\n<li style='margin-bottom: 5px;'>Salida de Alarma: 4<\/li>\n<li style='margin-bottom: 5px;'>Soporta audio bidireccional (audio de dos v\u00edas)<\/li>\n<\/ul><\/div>\n<\/p><\/div>\n<div style='flex: 1 1 250px; border: 1px solid rgba(150&comma; 150&comma; 150&comma; 0.4); border-radius: 8px; overflow: hidden; display: flex; flex-direction: column;'>\n<div style='padding: 15px; border-bottom: 1px solid rgba(150&comma; 150&comma; 150&comma; 0.2); font-weight: bold; font-size: 16px; color: inherit; background-color: rgba(255&comma; 128&comma; 0&comma; 0.1);'>Caracter\u00edsticas f\u00edsicas y el\u00e9ctricas<\/div>\n<div style='padding: 15px; color: inherit; flex-grow: 1;'>\n<ul style='padding-left: 20px; margin: 0; font-size: 14px; list-style-type: disc;'>\n<li style='margin-bottom: 5px;'>Dimensiones: 370 \u00d7 44.0 \u00d7 320mm<\/li>\n<li style='margin-bottom: 5px;'>Alimentaci\u00f3n: 12 VCD \/ 40W<\/li>\n<li style='margin-bottom: 5px;'>Temperatura de operaci\u00f3n: 0\u00b0C a 40\u00b0C<\/li>\n<li style='margin-bottom: 5px;'>Peso: 4.5 Kg<\/li>\n<\/ul><\/div>\n<\/p><\/div>\n<div style='flex: 1 1 250px; border: 1px solid rgba(150&comma; 150&comma; 150&comma; 0.4); border-radius: 8px; overflow: hidden; display: flex; flex-direction: column;'>\n<div style='padding: 15px; font-weight: bold; font-size: 16px; color: inherit; background-color: rgba(255&comma; 128&comma; 0&comma; 0.1);'>Garant\u00eda<\/div>\n<div style='padding: 15px; color: inherit; flex-grow: 1;'>\n<p style='margin: 0; font-size: 14px; color: inherit;'>3 a\u00f1os<\/p>\n<\/p><\/div>\n<\/p><\/div>\n<\/p><\/div>\n<hr style='border: 0; border-top: 1px solid rgba(150&comma; 150&comma; 150&comma; 0.3); margin: 30px 0;'> <\/div>\n","protected":false},"excerpt":{"rendered":"<p>DVR 18 Canales (16 Analogicos + 2 IP) hasta 8 MP\/ Soporta 4 Tecnolog\u00edas (AHD, TVI, CVI, CVBS)  \/ 2 bahias HDD (no incluidos)<\/p>\n","protected":false},"featured_media":104441,"comment_status":"open","ping_status":"closed","template":"","meta":[],"product_brand":[],"product_cat":[2254],"product_tag":[2255,1055,2256],"class_list":{"0":"post-104442","1":"product","2":"type-product","3":"status-publish","4":"has-post-thumbnail","6":"product_cat-videograbadoras-analogicas-turbohd-tvi-ahd-cvi","7":"product_tag-camaras-y-dvrs-hd-turbohd-ahd-hd-tvi","8":"product_tag-hanwha-vision","9":"product_tag-videograbadoras-analogicas-turbohd-tvi-ahd-cvi","11":"first","12":"outofstock","13":"sale","14":"shipping-taxable","15":"purchasable","16":"product-type-simple"},"_links":{"self":[{"href":"https:\/\/soydeaqui.ddns.net\/pachuca\/index.php\/wp-json\/wp\/v2\/product\/104442","targetHints":{"allow":["GET"]}}],"collection":[{"href":"https:\/\/soydeaqui.ddns.net\/pachuca\/index.php\/wp-json\/wp\/v2\/product"}],"about":[{"href":"https:\/\/soydeaqui.ddns.net\/pachuca\/index.php\/wp-json\/wp\/v2\/types\/product"}],"replies":[{"embeddable":true,"href":"https:\/\/soydeaqui.ddns.net\/pachuca\/index.php\/wp-json\/wp\/v2\/comments?post=104442"}],"wp:featuredmedia":[{"embeddable":true,"href":"https:\/\/soydeaqui.ddns.net\/pachuca\/index.php\/wp-json\/wp\/v2\/media\/104441"}],"wp:attachment":[{"href":"https:\/\/soydeaqui.ddns.net\/pachuca\/index.php\/wp-json\/wp\/v2\/media?parent=104442"}],"wp:term":[{"taxonomy":"product_brand","embeddable":true,"href":"https:\/\/soydeaqui.ddns.net\/pachuca\/index.php\/wp-json\/wp\/v2\/product_brand?post=104442"},{"taxonomy":"product_cat","embeddable":true,"href":"https:\/\/soydeaqui.ddns.net\/pachuca\/index.php\/wp-json\/wp\/v2\/product_cat?post=104442"},{"taxonomy":"product_tag","embeddable":true,"href":"https:\/\/soydeaqui.ddns.net\/pachuca\/index.php\/wp-json\/wp\/v2\/product_tag?post=104442"}],"curies":[{"name":"wp","href":"https:\/\/api.w.org\/{rel}","templated":true}]}}