{"id":104435,"date":"2026-03-20T14:32:33","date_gmt":"2026-03-20T14:32:33","guid":{"rendered":"https:\/\/soydeaqui.ddns.net\/pachuca\/index.php\/producto\/bala-ip-4-megapixel-80-mts-ir-lente-mot-2-8-12-mm-anticorrosivo-ultra-low-light-wdr-120-db-exterior-ip67-onvif-c5-m-nema-4x-wiper\/"},"modified":"2026-03-20T14:32:35","modified_gmt":"2026-03-20T14:32:35","slug":"bala-ip-4-megapixel-80-mts-ir-lente-mot-2-8-12-mm-anticorrosivo-ultra-low-light-wdr-120-db-exterior-ip67-onvif-c5-m-nema-4x-wiper","status":"publish","type":"product","link":"https:\/\/soydeaqui.ddns.net\/pachuca\/index.php\/producto\/bala-ip-4-megapixel-80-mts-ir-lente-mot-2-8-12-mm-anticorrosivo-ultra-low-light-wdr-120-db-exterior-ip67-onvif-c5-m-nema-4x-wiper\/","title":{"rendered":"Bala IP 4 Megapixel  \/ 80 mts IR \/ Lente Mot. 2.8 &#8211; 12 mm \/ Anticorrosivo \/ Ultra Low Light \/ WDR 120 dB \/ Exterior IP67 \/ ONVIF \/ C5-M \/ NEMA 4X \/ Wiper"},"content":{"rendered":"<div style='width: 100%; max-width: 1200px; margin: 0 auto; font-family: sans-serif; line-height: 1.6; color: inherit; background-color: transparent;'>\n<p style='text-align: center;'><img style='width: 45%; height: auto; border: 1px solid rgba(150&comma;150&comma;150&comma;0.3); border-radius: 8px;' src='https:\/\/ftp3.syscom.mx\/usuarios\/jsosa\/HIKVISION\/imagenes\/logo\/hikvision%20see%20far.png' alt='Logo Hikvision'><\/p>\n<div style='display: flex; flex-wrap: wrap; gap: 30px; margin-bottom: 30px;'>\n<div style='flex: 1 1 45%; min-width: 300px;'>\n<div style='position: relative; padding-bottom: 56.25%; height: 0; overflow: hidden; margin-bottom: 30px;'>   <\/div>\n<\/p><\/div>\n<div style='flex: 1 1 45%; min-width: 300px;'>\n<div style='position: relative; padding-bottom: 56.25%; height: 0; overflow: hidden; margin-bottom: 30px;'>   <\/div>\n<\/p><\/div>\n<\/p><\/div>\n<div style='display: flex; flex-wrap: wrap; gap: 30px; margin-bottom: 30px;'>\n<div style='flex: 1 1 300px; min-width: 280px;'>\n<h3 style='font-size: 22px; border-bottom: 2px solid currentColor; padding-bottom: 5px; margin-top: 0; color: inherit; opacity: 0.8;'>Caracter\u00edsticas principales<\/h3>\n<ul style='padding-left: 20px; font-size: 15px; color: inherit;'>\n<li style='margin-bottom: 5px;'>Resolucion: <strong>2688 \u00d7 1520<\/strong><\/li>\n<li style='margin-bottom: 5px;'>Sensor de imagen: <strong>1\/1.8&#8242; CMOS Scan Progresivo<\/strong><\/li>\n<li style='margin-bottom: 5px;'>Iluminaci\u00f3n minima: <strong>Color: 0.002 Lux @ (F1.2&comma; AGC ON)<\/strong><\/li>\n<li style='margin-bottom: 5px;'>Velocidad del sutther: <strong>1 s a 1\/100&comma;000 s<\/strong><\/li>\n<li style='margin-bottom: 5px;'>Dia \/ Noche real con filtro <strong>ICR<\/strong><\/li>\n<li style='margin-bottom: 5px;'>Lente Varifocal: <strong>2.8 a 12 mm<\/strong> (\u00c1ngulo de visi\u00f3n: 94.2\u00b0 &#8211; 38.1\u00b0)<\/li>\n<li style='margin-bottom: 5px;'>Funciones: <strong>WDR real 120 dB \/ 3D-DNR \/ HLC \/ BLC \/ Defog EIS \/ ROI<\/strong><\/li>\n<li style='margin-bottom: 5px;'>Caracter\u00edsticas avanzadas: <strong>Cruce de linea \/ Intrusion de \u00e1rea \/ Detecci\u00f3n de rostros \/ Detecci\u00f3n de entrada\/salida de \u00e1rea \/ Objeto removido \/ Objeto olvidado<\/strong><\/li>\n<\/ul><\/div>\n<div style='flex: 1 1 300px; min-width: 280px;'>\n<h3 style='font-size: 22px; border-bottom: 2px solid currentColor; padding-bottom: 5px; margin-top: 0; color: inherit; opacity: 0.8;'>Caracter\u00edsticas F\u00edsicas y El\u00e9ctricas<\/h3>\n<ul style='padding-left: 20px; font-size: 15px; color: inherit;'>\n<li style='margin-bottom: 5px;'>Temperatura de operaci\u00f3n: <strong>-40 a 60 \u00b0C (-22 \u00b0F \u2013 140 \u00b0F)<\/strong>&comma; humedad <strong>95%<\/strong><\/li>\n<li style='margin-bottom: 5px;'>Alimentacion: <strong>24 VCA \/ 40 W<\/strong><\/li>\n<li style='margin-bottom: 5px;'>Aplicaci\u00f3n: <strong>Interior \/ Exterior<\/strong><\/li>\n<li style='margin-bottom: 5px;'>Proteccion: <strong>IP67&comma; Certificaci\u00f3n NEMA 4X&comma; C5-M<\/strong><\/li>\n<li style='margin-bottom: 5px;'>Dise\u00f1ada para ambientes: <strong>h\u00famedos y con salitre (Costas&comma; plantas de agua&comma; plantas qu\u00edmicas&comma; barcos&comma; islas o todo ambiente que requiera un alto nivel anticorrosivo)<\/strong><\/li>\n<li style='margin-bottom: 5px;'>Dimensiones: <strong>179.9 mm \u00d7 203.2 mm \u00d7 472 mm<\/strong><\/li>\n<li style='margin-bottom: 5px;'>Peso: <strong>10.95 kg<\/strong><\/li>\n<\/ul><\/div>\n<div style='flex: 1 1 300px; min-width: 280px;'>\n<h3 style='font-size: 22px; border-bottom: 2px solid currentColor; padding-bottom: 5px; margin-top: 0; color: inherit; opacity: 0.8;'>Caracter\u00edsticas Destacadas<\/h3>\n<ul style='padding-left: 20px; font-size: 15px; color: inherit;'>\n<li style='margin-bottom: 5px;'>Soporta NAS: <strong>NFS&comma; SMB\/CIFS \/ ANR<\/strong><\/li>\n<li style='margin-bottom: 5px;'>Protocolos: <strong>ONVIF (PROFILE S \/ PROFILE G) \/ PSIA \/ CGI \/ ISAPI<\/strong><\/li>\n<li style='margin-bottom: 5px;'>Red: <strong>1 puerto RJ45 10 \/ 100 \/ 1000 Mbps<\/strong><\/li>\n<li style='margin-bottom: 5px;'>Alarma: <strong>1 entrada y 1 salida<\/strong><\/li>\n<\/ul><\/div>\n<\/p><\/div>\n<hr style='border: 0; border-top: 1px solid rgba(150&comma; 150&comma; 150&comma; 0.3); margin: 30px 0;'>\n<h3 style='text-align: center; font-size: 22px; margin-top: 40px; margin-bottom: 30px; color: inherit; opacity: 0.8;'>Recursos<\/h3>\n<div style='display: flex; flex-wrap: wrap; gap: 20px; margin-bottom: 30px; justify-content: center;'>\n<div style='flex: 1 1 250px; min-width: 200px; text-align: center;'> <a style='text-decoration: none;' href='https:\/\/www.hikvision.com\/es-la\/support\/download\/software\/ivms4200-series\/?q=serie%20ivms4200&#038;position=1' target='_blank' rel='noopener'> <img style='width: 100%; height: auto; border: 1px solid rgba(150&comma;150&comma;150&comma;0.3); border-radius: 8px;' src='https:\/\/ftp3.syscom.mx\/usuarios\/gmagos\/HIK\/IP\/IPC\/Imagenes%20pagina\/Descargas%20IVMS4200.jpg' alt='IVMS4200'> <\/a> <\/div>\n<div style='flex: 1 1 250px; min-width: 200px; text-align: center;'> <a style='text-decoration: none;' href='https:\/\/appstore.hikvision.com\/' target='_blank' rel='noopener'> <img style='width: 100%; height: auto; border: 1px solid rgba(150&comma;150&comma;150&comma;0.3); border-radius: 8px;' src='https:\/\/ftp3.syscom.mx\/usuarios\/gmagos\/HIK\/IP\/IPC\/Imagenes%20pagina\/Descargas%20de%20app.jpg' alt='App Store Hikvision'> <\/a> <\/div>\n<div style='flex: 1 1 250px; min-width: 200px; text-align: center;'> <a style='text-decoration: none;' href='https:\/\/ftp3.syscom.mx\/usuarios\/roberto.espino\/Specs\/Bala\/Especificaciones%20Tecnicas%20DS-2XC6645G0-IZHRS_Datasheet_V5.5.153_20211112.pdf' target='_blank' rel='noopener'> <img style='width: 100%; height: auto; border: 1px solid rgba(150&comma;150&comma;150&comma;0.3); border-radius: 8px;' src='https:\/\/ftp3.syscom.mx\/usuarios\/gmagos\/HIK\/IP\/IPC\/Imagenes%20pagina\/Descarga%20de%20PDF.jpg' alt='Especificaciones t\u00e9cnicas PDF'> <\/a> <\/div>\n<\/p><\/div>\n<\/p><\/div>\n","protected":false},"excerpt":{"rendered":"<p>Bala IP 4 Megapixel  \/ 80 mts IR \/ Lente Mot. 2.8 &#8211; 12 mm \/ Anticorrosivo \/ Ultra Low Light \/ WDR 120 dB \/ Exterior IP67 \/ ONVIF \/ C5-M \/ NEMA 4X \/ Wiper<\/p>\n","protected":false},"featured_media":104434,"comment_status":"open","ping_status":"closed","template":"","meta":[],"product_brand":[],"product_cat":[2289],"product_tag":[2290,122,54],"class_list":{"0":"post-104435","1":"product","2":"type-product","3":"status-publish","4":"has-post-thumbnail","6":"product_cat-ambientes-salinos-anticorrosion","7":"product_tag-ambientes-salinos-anticorrosion","8":"product_tag-camaras-ip-y-nvrs","9":"product_tag-hikvision","11":"first","12":"outofstock","13":"sale","14":"shipping-taxable","15":"purchasable","16":"product-type-simple"},"_links":{"self":[{"href":"https:\/\/soydeaqui.ddns.net\/pachuca\/index.php\/wp-json\/wp\/v2\/product\/104435","targetHints":{"allow":["GET"]}}],"collection":[{"href":"https:\/\/soydeaqui.ddns.net\/pachuca\/index.php\/wp-json\/wp\/v2\/product"}],"about":[{"href":"https:\/\/soydeaqui.ddns.net\/pachuca\/index.php\/wp-json\/wp\/v2\/types\/product"}],"replies":[{"embeddable":true,"href":"https:\/\/soydeaqui.ddns.net\/pachuca\/index.php\/wp-json\/wp\/v2\/comments?post=104435"}],"wp:featuredmedia":[{"embeddable":true,"href":"https:\/\/soydeaqui.ddns.net\/pachuca\/index.php\/wp-json\/wp\/v2\/media\/104434"}],"wp:attachment":[{"href":"https:\/\/soydeaqui.ddns.net\/pachuca\/index.php\/wp-json\/wp\/v2\/media?parent=104435"}],"wp:term":[{"taxonomy":"product_brand","embeddable":true,"href":"https:\/\/soydeaqui.ddns.net\/pachuca\/index.php\/wp-json\/wp\/v2\/product_brand?post=104435"},{"taxonomy":"product_cat","embeddable":true,"href":"https:\/\/soydeaqui.ddns.net\/pachuca\/index.php\/wp-json\/wp\/v2\/product_cat?post=104435"},{"taxonomy":"product_tag","embeddable":true,"href":"https:\/\/soydeaqui.ddns.net\/pachuca\/index.php\/wp-json\/wp\/v2\/product_tag?post=104435"}],"curies":[{"name":"wp","href":"https:\/\/api.w.org\/{rel}","templated":true}]}}