{"id":104428,"date":"2026-03-20T14:32:09","date_gmt":"2026-03-20T14:32:09","guid":{"rendered":"https:\/\/soydeaqui.ddns.net\/pachuca\/index.php\/producto\/bala-ip-5-megapixel-lente-2-8-mm-30-mts-ir-wdr-120-db-exterior-ip67-h-265-poe-onvif\/"},"modified":"2026-03-20T14:32:28","modified_gmt":"2026-03-20T14:32:28","slug":"bala-ip-5-megapixel-lente-2-8-mm-30-mts-ir-wdr-120-db-exterior-ip67-h-265-poe-onvif","status":"publish","type":"product","link":"https:\/\/soydeaqui.ddns.net\/pachuca\/index.php\/producto\/bala-ip-5-megapixel-lente-2-8-mm-30-mts-ir-wdr-120-db-exterior-ip67-h-265-poe-onvif\/","title":{"rendered":"Bala IP 5 Megapixel \/ Lente 2.8 mm \/ 30 mts IR \/ WDR 120 dB \/ Exterior IP67  \/ H.265+ \/ PoE \/  ONVIF"},"content":{"rendered":"<div style='width: 100%; max-width: 1200px; margin: 0 auto; font-family: sans-serif; line-height: 1.6; color: inherit; background-color: transparent;'> <!-- Imagen de logo Hikvision --> <\/p>\n<div style='text-align: center; margin: 20px 0;'> <img style='width: 45%; height: auto; border: 1px solid rgba(150&comma;150&comma;150&comma;0.3); border-radius: 8px; max-width: 100%;' src='https:\/\/ftp3.syscom.mx\/usuarios\/jsosa\/HIKVISION\/imagenes\/logo\/hikvision%20see%20far.png' alt='Logo Hikvision'> <\/div>\n<p> <!-- Secci\u00f3n principal con tres columnas --> <\/p>\n<div style='display: flex; flex-wrap: wrap; gap: 30px; margin-top: 30px;'> <!-- Caracter\u00edsticas principales --> <\/p>\n<div style='flex: 1 1 300px; min-width: 280px;'>\n<div style='border-left: 5px solid #ff0000; border-radius: 8px; padding: 15px; box-shadow: 2px 2px 10px rgba(216&comma; 216&comma; 216&comma; 0.4);'>\n<h3 style='font-size: 18px; margin-top: 0; margin-bottom: 15px; color: inherit; font-weight: bold;'>Caracter\u00edsticas principales:<\/h3>\n<ul style='padding-left: 20px; font-size: 14px; color: inherit; list-style-type: disc;'>\n<li style='margin-bottom: 8px;'>Resoluci\u00f3n m\u00e1xima: 5 Megapixel (2560 \u00d7 1920).<\/li>\n<li style='margin-bottom: 8px;'>Iluminaci\u00f3n m\u00ednima: color 0.01 Lux @ (F2.0&comma; AGC ON)<\/li>\n<li style='margin-bottom: 8px;'>Iluminaci\u00f3n m\u00ednima: B\/N 0 Lux con IR<\/li>\n<li style='margin-bottom: 8px;'>D\u00eda \/ Noche Real (filtro ICR).<\/li>\n<li style='margin-bottom: 8px;'>Distancia focal: 2.8 mm (angulo de visi\u00f3n) 98\u00b0<\/li>\n<li style='margin-bottom: 8px;'>Distancia de infrarrojo: 30 mts Smart IR.<\/li>\n<li style='margin-bottom: 8px;'>Funciones normales: WDR 120 dB \/ D3 DNR \/ BLC.<\/li>\n<li style='margin-bottom: 8px;'>Compresi\u00f3n: H.265+ \/ H.265 \/ H.264+ \/ H.264.<\/li>\n<li style='margin-bottom: 8px;'>Compatible con la plataforma de Hik-Connect (<a style='color: #005cb9; text-decoration: none;' href='https:\/\/appstore.hikvision.com\/' target='_blank' rel='noopener'>https:\/\/appstore.hikvision.com\/<\/a>).<\/li>\n<\/ul><\/div>\n<\/p><\/div>\n<p> <!-- Caracter\u00edsticas F\u00edsicas y El\u00e9ctricas --> <\/p>\n<div style='flex: 1 1 300px; min-width: 280px;'>\n<div style='border-left: 5px solid #ff0000; border-radius: 8px; padding: 15px; box-shadow: 2px 2px 10px rgba(216&comma; 216&comma; 216&comma; 0.4);'>\n<h3 style='font-size: 18px; margin-top: 0; margin-bottom: 15px; color: inherit; font-weight: bold;'>Caracter\u00edsticas F\u00edsicas y El\u00e9ctricas:<\/h3>\n<ul style='padding-left: 20px; font-size: 14px; color: inherit; list-style-type: disc;'>\n<li style='margin-bottom: 8px;'>Alimentaci\u00f3n: 12 Vcc \/ PoE 802.3 af \/ 6.5 W.<\/li>\n<li style='margin-bottom: 8px;'>Temperatura de operaci\u00f3n: -30\u00b0C a 60\u00b0C \/ Humedad al 95% m\u00e1ximo.<\/li>\n<li style='margin-bottom: 8px;'>Uso en exterior IP67.<\/li>\n<li style='margin-bottom: 8px;'>Dimensiones: 177.6 mm \u00d7 67.8 mm \u00d766.2 mm<\/li>\n<li style='margin-bottom: 8px;'>Peso: 270 grs.<\/li>\n<li style='margin-bottom: 8px;'>Garant\u00eda: 2 a\u00f1os.<\/li>\n<\/ul>\n<h4 style='font-size: 16px; margin-top: 20px; margin-bottom: 10px; color: inherit; font-weight: bold;'>Accesorios opcionales:<\/h4>\n<ul style='padding-left: 20px; font-size: 14px; color: inherit; list-style-type: disc;'>\n<li style='margin-bottom: 8px;'><a style='color: #005cb9; text-decoration: none;' href='https:\/\/www.syscom.mx\/producto\/DS-1280ZJ-XS-HIKVISION-84491.html' target='_blank' rel='noopener'>DS-1280ZJ-XS<\/a><\/li>\n<li style='margin-bottom: 8px;'><a style='color: #005cb9; text-decoration: none;' href='https:\/\/www.syscom.mx\/producto\/DS-1280ZJ-XS-AX-SYSCOM-VIDEO-155159.html' target='_blank' rel='noopener'>DS-1280ZJ-XS-AX<\/a><\/li>\n<li style='margin-bottom: 8px;'><a style='color: #005cb9; text-decoration: none;' href='https:\/\/www.syscom.mx\/producto\/DS-1280ZJ-XS-BAX-SYSCOM-VIDEO-187939.html' target='_blank' rel='noopener'>DS-1280ZJ-XS-BAX<\/a><\/li>\n<li style='margin-bottom: 8px;'><a style='color: #005cb9; text-decoration: none;' href='https:\/\/www.syscom.mx\/producto\/DS-1280-ZJ-XS-P-SYSCOM-VIDEO-198211.html' target='_blank' rel='noopener'>DS-1280-ZJ-XS-P<\/a><\/li>\n<\/ul><\/div>\n<\/p><\/div>\n<p> <!-- Caracter\u00edsticas Generales --> <\/p>\n<div style='flex: 1 1 300px; min-width: 280px;'>\n<div style='border-left: 5px solid #ff0000; border-radius: 8px; padding: 15px; box-shadow: 2px 2px 10px rgba(216&comma; 216&comma; 216&comma; 0.4);'>\n<h3 style='font-size: 18px; margin-top: 0; margin-bottom: 15px; color: inherit; font-weight: bold;'>Caracter\u00edsticas Generales:<\/h3>\n<ul style='padding-left: 20px; font-size: 14px; color: inherit; list-style-type: disc;'>\n<li style='margin-bottom: 8px;'>Main Stream: 20 fps (2560 \u00d7 1920) \/ 30 fps (2560 \u00d7 1440&comma; 1920 \u00d7 1080&comma; 1280 \u00d7 720).<\/li>\n<li style='margin-bottom: 8px;'>Sub Steam: 30 fps (1280 \u00d7 720&comma; 640 \u00d7 480&comma; 640 \u00d7 360).<\/li>\n<li style='margin-bottom: 8px;'>Soporta hasta 6 usuarios simult\u00e1neos.<\/li>\n<\/ul>\n<h4 style='font-size: 16px; margin-top: 20px; margin-bottom: 10px; color: inherit; font-weight: bold;'>Entradas y Salidas de Audio \/ Alarmas \/ Red:<\/h4>\n<ul style='padding-left: 20px; font-size: 14px; color: inherit; list-style-type: disc;'>\n<li style='margin-bottom: 8px;'>Entradas de alarma: NA.<\/li>\n<li style='margin-bottom: 8px;'>Salidas de alarma: NA.<\/li>\n<li style='margin-bottom: 8px;'>Entradas de audio: NA.<\/li>\n<li style='margin-bottom: 8px;'>Salidas de audio: NA.<\/li>\n<li style='margin-bottom: 8px;'>Puerto de red: 1 (10 \/ 100 Mbps \/ PoE 802.3af ).<\/li>\n<li style='margin-bottom: 8px;'>Soporta ONVIF (PROFILE S) \/ ISAPI.<\/li>\n<\/ul><\/div>\n<\/p><\/div>\n<\/p><\/div>\n<p> <!-- Recursos --> <\/p>\n<div style='margin-top: 40px;'>\n<h2 style='text-align: center; font-size: 20px; margin-bottom: 20px; color: inherit;'>Recursos<\/h2>\n<div style='display: flex; flex-wrap: wrap; gap: 20px; justify-content: center;'>\n<div style='flex: 1 1 250px; min-width: 200px;'> <a style='display: block; text-align: center;' href='https:\/\/www.hikvision.com\/es-la\/support\/download\/software\/ivms4200-series\/?q=serie%20ivms4200&#038;position=1' target='_blank' rel='noopener'> <img style='width: 100%; height: auto; border: 1px solid rgba(150&comma;150&comma;150&comma;0.3); border-radius: 8px;' src='https:\/\/ftp3.syscom.mx\/usuarios\/gmagos\/HIK\/IP\/IPC\/Imagenes%20pagina\/Descargas%20IVMS4200.jpg' alt='IVMS4200'> <\/a> <\/div>\n<div style='flex: 1 1 250px; min-width: 200px;'> <a style='display: block; text-align: center;' href='https:\/\/appstore.hikvision.com\/' target='_blank' rel='noopener'> <img style='width: 100%; height: auto; border: 1px solid rgba(150&comma;150&comma;150&comma;0.3); border-radius: 8px;' src='https:\/\/ftp3.syscom.mx\/usuarios\/gmagos\/HIK\/IP\/IPC\/Imagenes%20pagina\/Descargas%20de%20app.jpg' alt='App Store Hikvision'> <\/a> <\/div>\n<div style='flex: 1 1 250px; min-width: 200px;'> <a style='display: block; text-align: center;' href='https:\/\/ftp3.syscom.mx\/usuarios\/roberto.espino\/Specs\/DVR\/Datasheet%2Bof%2BiDS-7200HUHI-M2_S%28E%29_V4.70.100_20220523.pdf' target='_blank' rel='noopener'> <img style='width: 100%; height: auto; border: 1px solid rgba(150&comma;150&comma;150&comma;0.3); border-radius: 8px;' src='https:\/\/ftp3.syscom.mx\/usuarios\/gmagos\/HIK\/IP\/IPC\/Imagenes%20pagina\/Descarga%20de%20PDF.jpg' alt='Datasheet PDF'> <\/a> <\/div>\n<\/p><\/div>\n<\/p><\/div>\n<p> <!-- Imagen final --> <\/p>\n<div style='text-align: center; margin-top: 30px;'> <img style='width: 100%; height: auto; border: 1px solid rgba(150&comma;150&comma;150&comma;0.3); border-radius: 8px; max-width: 100%;' src='https:\/\/ftp3.syscom.mx\/usuarios\/jsosa\/HIKVISION\/imagenes\/banners\/solution%20complete.png' alt='Soluci\u00f3n completa Hikvision'> <\/div>\n<\/p><\/div>\n","protected":false},"excerpt":{"rendered":"<p>Bala IP 5 Megapixel \/ Lente 2.8 mm \/ 30 mts IR \/ WDR 120 dB \/ Exterior IP67  \/ H.265+ \/ PoE \/  ONVIF<\/p>\n","protected":false},"featured_media":104427,"comment_status":"open","ping_status":"closed","template":"","meta":[],"product_brand":[],"product_cat":[438],"product_tag":[439,122,54],"class_list":{"0":"post-104428","1":"product","2":"type-product","3":"status-publish","4":"has-post-thumbnail","6":"product_cat-bala","7":"product_tag-bala","8":"product_tag-camaras-ip-y-nvrs","9":"product_tag-hikvision","11":"first","12":"outofstock","13":"sale","14":"shipping-taxable","15":"purchasable","16":"product-type-simple"},"_links":{"self":[{"href":"https:\/\/soydeaqui.ddns.net\/pachuca\/index.php\/wp-json\/wp\/v2\/product\/104428","targetHints":{"allow":["GET"]}}],"collection":[{"href":"https:\/\/soydeaqui.ddns.net\/pachuca\/index.php\/wp-json\/wp\/v2\/product"}],"about":[{"href":"https:\/\/soydeaqui.ddns.net\/pachuca\/index.php\/wp-json\/wp\/v2\/types\/product"}],"replies":[{"embeddable":true,"href":"https:\/\/soydeaqui.ddns.net\/pachuca\/index.php\/wp-json\/wp\/v2\/comments?post=104428"}],"wp:featuredmedia":[{"embeddable":true,"href":"https:\/\/soydeaqui.ddns.net\/pachuca\/index.php\/wp-json\/wp\/v2\/media\/104427"}],"wp:attachment":[{"href":"https:\/\/soydeaqui.ddns.net\/pachuca\/index.php\/wp-json\/wp\/v2\/media?parent=104428"}],"wp:term":[{"taxonomy":"product_brand","embeddable":true,"href":"https:\/\/soydeaqui.ddns.net\/pachuca\/index.php\/wp-json\/wp\/v2\/product_brand?post=104428"},{"taxonomy":"product_cat","embeddable":true,"href":"https:\/\/soydeaqui.ddns.net\/pachuca\/index.php\/wp-json\/wp\/v2\/product_cat?post=104428"},{"taxonomy":"product_tag","embeddable":true,"href":"https:\/\/soydeaqui.ddns.net\/pachuca\/index.php\/wp-json\/wp\/v2\/product_tag?post=104428"}],"curies":[{"name":"wp","href":"https:\/\/api.w.org\/{rel}","templated":true}]}}