{"id":104422,"date":"2026-03-20T14:31:53","date_gmt":"2026-03-20T14:31:53","guid":{"rendered":"https:\/\/soydeaqui.ddns.net\/pachuca\/index.php\/producto\/bala-ip-ptz-4-megapixel-lente-mot-2-8-a-12-mm-luz-ir-50-mts-wdr-120-db-poe-ip66-microfono-integrado-micro-sd-ultra-baja-iluminacion\/"},"modified":"2026-03-20T14:31:57","modified_gmt":"2026-03-20T14:31:57","slug":"bala-ip-ptz-4-megapixel-lente-mot-2-8-a-12-mm-luz-ir-50-mts-wdr-120-db-poe-ip66-microfono-integrado-micro-sd-ultra-baja-iluminacion","status":"publish","type":"product","link":"https:\/\/soydeaqui.ddns.net\/pachuca\/index.php\/producto\/bala-ip-ptz-4-megapixel-lente-mot-2-8-a-12-mm-luz-ir-50-mts-wdr-120-db-poe-ip66-microfono-integrado-micro-sd-ultra-baja-iluminacion\/","title":{"rendered":"Bala IP PTZ 4 Megapixel \/ Lente Mot. 2.8 a 12 mm  \/ Luz IR 50 mts \/ WDR 120 dB  \/ PoE \/ IP66 \/ Microfono Integrado \/ Micro SD \/ Ultra Baja Iluminaci\u00f3n"},"content":{"rendered":"<div style='width: 100%; max-width: 1200px; margin: 0 auto; font-family: sans-serif; line-height: 1.6; color: inherit;'>\n<p style='text-align: center; margin: 20px 0;'> <img style='width: 100%; max-width: 450px; height: auto; border: 1px solid rgba(150&comma;150&comma;150&comma;0.3); border-radius: 8px;' src='https:\/\/ftp3.syscom.mx\/usuarios\/jsosa\/HIKVISION\/imagenes\/logo\/hikvision%20see%20far.png' alt='Logo Hikvision' \/> <\/p>\n<div style='display: flex; flex-wrap: wrap; gap: 30px; margin-bottom: 30px;'>\n<div style='flex: 1 1 300px; min-width: 280px;'>\n<div style='border-left: 5px solid #ff0000; border-radius: 5px; padding: 5px; box-shadow: 2px 2px 10px rgba(216&comma;216&comma;216&comma;0.3);'>\n<h3 style='font-size: 18px; margin-top: 0; margin-bottom: 10px; color: inherit; opacity: 0.8;'>Caracter\u00edsticas principales:<\/h3>\n<ul style='padding-left: 20px; font-size: 14px; color: inherit; list-style-type: disc;'>\n<li style='margin-bottom: 5px;'>Resoluci\u00f3n m\u00e1xima: 4 Megapixel (2560 \u00d7 1440 ).<\/li>\n<li style='margin-bottom: 5px;'>Iluminaci\u00f3n m\u00ednima: color 0.007 Lux @ (F1.6&comma; AGC ON).<\/li>\n<li style='margin-bottom: 5px;'>Distancia focal: 2.8 a 12 mm.<\/li>\n<li style='margin-bottom: 5px;'>Distancia de luz IR: 50 mts.<\/li>\n<li style='margin-bottom: 5px;'>Funciones normales: WDR \/ BLC \/ HLC \/ 3DNR<\/li>\n<li style='margin-bottom: 5px;'>Compresi\u00f3n: H.265+ \/ H.265.<\/li>\n<\/ul><\/div>\n<\/p><\/div>\n<div style='flex: 1 1 300px; min-width: 280px;'>\n<div style='border-left: 5px solid #ff0000; border-radius: 5px; padding: 5px; box-shadow: 2px 2px 10px rgba(216&comma;216&comma;216&comma;0.3);'>\n<h3 style='font-size: 18px; margin-top: 0; margin-bottom: 10px; color: inherit; opacity: 0.8;'>Caracter\u00edsticas F\u00edsicas y El\u00e9ctricas:<\/h3>\n<ul style='padding-left: 20px; font-size: 14px; color: inherit; list-style-type: disc;'>\n<li style='margin-bottom: 5px;'>Alimentaci\u00f3n: 12 Vcd (No incluida)\/ 12.5 W \/ PoE (802.3 af).<\/li>\n<li style='margin-bottom: 5px;'>Temperatura de operaci\u00f3n: -30\u00b0C a 60\u00b0C \/ Humedad al 95% m\u00e1ximo.<\/li>\n<li style='margin-bottom: 5px;'>Uso en Exterior \/ IP66.<\/li>\n<li style='margin-bottom: 5px;'>Protecci\u00f3n contra sobretensiones y protecci\u00f3n contra voltajes transitorios.<\/li>\n<li style='margin-bottom: 5px;'>Dimensiones: 197.1 mm \u00d7 105 mm \u00d7 225.4 mm<\/li>\n<li style='margin-bottom: 5px;'>Peso: 900 g.<\/li>\n<\/ul><\/div>\n<\/p><\/div>\n<div style='flex: 1 1 300px; min-width: 280px;'>\n<div style='border-left: 5px solid #ff0000; border-radius: 5px; padding: 5px; box-shadow: 2px 2px 10px rgba(216&comma;216&comma;216&comma;0.3);'>\n<h3 style='font-size: 18px; margin-top: 0; margin-bottom: 10px; color: inherit; opacity: 0.8;'>Caracter\u00edsticas Generales:<\/h3>\n<ul style='padding-left: 20px; font-size: 14px; color: inherit; list-style-type: disc;'>\n<li style='margin-bottom: 5px;'>Paneo: -100\u00b0 a 100\u00b0.<\/li>\n<li style='margin-bottom: 5px;'>Tildeo: -20\u00b0 a 45\u00b0.<\/li>\n<li style='margin-bottom: 5px;'><strong>(No preset\/No Pattern \/No Patrol \/No Park Act).<\/strong><\/li>\n<\/ul>\n<h4 style='font-size: 16px; margin-top: 15px; margin-bottom: 10px; color: inherit; opacity: 0.8;'>Entradas y Salidas de Audio \/ Alarmas \/ Almacenamiento \/ Red:<\/h4>\n<ul style='padding-left: 20px; font-size: 14px; color: inherit; list-style-type: disc;'>\n<li style='margin-bottom: 5px;'>Entradas de alarma: N\/A.<\/li>\n<li style='margin-bottom: 5px;'>Salidas de alarma: N\/A.<\/li>\n<li style='margin-bottom: 5px;'>Entradas de audio: N\/A.<\/li>\n<li style='margin-bottom: 5px;'>Salidas de audio: N\/A.<\/li>\n<li style='margin-bottom: 5px;'>Puerto de red: 1 (10 \/ 100 Mbps ).<\/li>\n<li style='margin-bottom: 5px;'>Almacenamiento micro SD de hasta 256 GB \/ ANR (Automatic Network Recovery).<\/li>\n<li style='margin-bottom: 5px;'>Soporta ONVIF \/ ISAPI \/ SDK.<\/li>\n<\/ul><\/div>\n<\/p><\/div>\n<\/p><\/div>\n<p style='margin: 30px 0; text-align: center;'> <img style='width: 100%; max-width: 1200px; height: auto; border: 1px solid rgba(150&comma;150&comma;150&comma;0.3); border-radius: 8px;' src='https:\/\/ftp3.syscom.mx\/usuarios\/jsosa\/HIKVISION\/imagenes\/banners\/solution%20complete.png' alt='Soluci\u00f3n completa' \/> <\/p>\n<\/p><\/div>\n","protected":false},"excerpt":{"rendered":"<p>Bala IP PTZ 4 Megapixel \/ Lente Mot. 2.8 a 12 mm  \/ Luz IR 50 mts \/ WDR 120 dB  \/ PoE \/ IP66 \/ Microfono Integrado \/ Micro SD \/ Ultra Baja Iluminaci\u00f3n<\/p>\n","protected":false},"featured_media":104421,"comment_status":"open","ping_status":"closed","template":"","meta":[],"product_brand":[],"product_cat":[1224],"product_tag":[122,54,1225],"class_list":{"0":"post-104422","1":"product","2":"type-product","3":"status-publish","4":"has-post-thumbnail","6":"product_cat-ptz","7":"product_tag-camaras-ip-y-nvrs","8":"product_tag-hikvision","9":"product_tag-ptz","11":"first","12":"instock","13":"sale","14":"shipping-taxable","15":"purchasable","16":"product-type-simple"},"_links":{"self":[{"href":"https:\/\/soydeaqui.ddns.net\/pachuca\/index.php\/wp-json\/wp\/v2\/product\/104422","targetHints":{"allow":["GET"]}}],"collection":[{"href":"https:\/\/soydeaqui.ddns.net\/pachuca\/index.php\/wp-json\/wp\/v2\/product"}],"about":[{"href":"https:\/\/soydeaqui.ddns.net\/pachuca\/index.php\/wp-json\/wp\/v2\/types\/product"}],"replies":[{"embeddable":true,"href":"https:\/\/soydeaqui.ddns.net\/pachuca\/index.php\/wp-json\/wp\/v2\/comments?post=104422"}],"wp:featuredmedia":[{"embeddable":true,"href":"https:\/\/soydeaqui.ddns.net\/pachuca\/index.php\/wp-json\/wp\/v2\/media\/104421"}],"wp:attachment":[{"href":"https:\/\/soydeaqui.ddns.net\/pachuca\/index.php\/wp-json\/wp\/v2\/media?parent=104422"}],"wp:term":[{"taxonomy":"product_brand","embeddable":true,"href":"https:\/\/soydeaqui.ddns.net\/pachuca\/index.php\/wp-json\/wp\/v2\/product_brand?post=104422"},{"taxonomy":"product_cat","embeddable":true,"href":"https:\/\/soydeaqui.ddns.net\/pachuca\/index.php\/wp-json\/wp\/v2\/product_cat?post=104422"},{"taxonomy":"product_tag","embeddable":true,"href":"https:\/\/soydeaqui.ddns.net\/pachuca\/index.php\/wp-json\/wp\/v2\/product_tag?post=104422"}],"curies":[{"name":"wp","href":"https:\/\/api.w.org\/{rel}","templated":true}]}}