{"id":104416,"date":"2026-03-20T14:31:35","date_gmt":"2026-03-20T14:31:35","guid":{"rendered":"https:\/\/soydeaqui.ddns.net\/pachuca\/index.php\/producto\/nvr-4-megapixel-pantalla-lcd-11-6-4-canales-ip-1-bahia-de-disco-duro-2-antenas-wi-fi-salida-de-video-full-hd\/"},"modified":"2026-03-20T14:31:50","modified_gmt":"2026-03-20T14:31:50","slug":"nvr-4-megapixel-pantalla-lcd-11-6-4-canales-ip-1-bahia-de-disco-duro-2-antenas-wi-fi-salida-de-video-full-hd","status":"publish","type":"product","link":"https:\/\/soydeaqui.ddns.net\/pachuca\/index.php\/producto\/nvr-4-megapixel-pantalla-lcd-11-6-4-canales-ip-1-bahia-de-disco-duro-2-antenas-wi-fi-salida-de-video-full-hd\/","title":{"rendered":"NVR 4 Megapixel \/ Pantalla LCD 11.6&#8243; \/ 4 canales IP \/ 1 Bah\u00eda de Disco Duro \/ 2 Antenas Wi-Fi \/ Salida de V\u00eddeo Full HD"},"content":{"rendered":"<div style='width: 100%; max-width: 1200px; margin: 0 auto; font-family: sans-serif; line-height: 1.6; color: inherit; background-color: transparent;'>\n<p style='text-align: center;'><img style='width: 100%; max-width: 45%; height: auto; border: 1px solid rgba(150&comma;150&comma;150&comma;0.3); border-radius: 8px;' src='https:\/\/ftp3.syscom.mx\/usuarios\/jsosa\/HIKVISION\/imagenes\/logo\/hikvision%20see%20far.png' alt='Logo Hikvision'><\/p>\n<div style='display: flex; flex-wrap: wrap; gap: 30px; margin: 30px 0;'>\n<div style='flex: 1 1 300px; min-width: 280px;'>\n<h3 style='font-size: 22px; border-bottom: 2px solid currentColor; padding-bottom: 5px; margin-top: 0; color: inherit; opacity: 0.8;'>Caracter\u00edsticas principales<\/h3>\n<ul style='padding-left: 20px; font-size: 15px; color: inherit;'>\n<li style='margin-bottom: 5px;'><strong>Compresi\u00f3n de video:<\/strong> H.265+ \/ H.265 \/ H.264+ \/ H.264<\/li>\n<li style='margin-bottom: 5px;'><strong>Soporta mouse USB:<\/strong> S\u00ed (incluido)<\/li>\n<li style='margin-bottom: 5px;'><strong>Almacenamiento:<\/strong> 1 disco duro de hasta 6 TB (no incluido)<\/li>\n<li style='margin-bottom: 5px;'><strong>Conectividad:<\/strong> Compatible con Hik-Connect P2P \/ DynDNS<\/li>\n<li style='margin-bottom: 5px;'><strong>Software:<\/strong> Compatible con iVMS-4200 (gratuito)<\/li>\n<\/ul><\/div>\n<div style='flex: 1 1 300px; min-width: 280px;'>\n<h3 style='font-size: 22px; border-bottom: 2px solid currentColor; padding-bottom: 5px; margin-top: 0; color: inherit; opacity: 0.8;'>Resoluci\u00f3n de grabaci\u00f3n por canal (recomendado)<\/h3>\n<ul style='padding-left: 20px; font-size: 15px; color: inherit;'>\n<li style='margin-bottom: 5px;'>2 Megapixel: 4 Canales @ 30 IPS<\/li>\n<li style='margin-bottom: 5px;'>4 Megapixel: 4 Canales @ 15 IPS<\/li>\n<li style='margin-bottom: 5px;'>Reproducci\u00f3n s\u00edncrona en canales: 4 Canales<\/li>\n<\/ul><\/div>\n<div style='flex: 1 1 300px; min-width: 280px;'>\n<h3 style='font-size: 22px; border-bottom: 2px solid currentColor; padding-bottom: 5px; margin-top: 0; color: inherit; opacity: 0.8;'>Caracter\u00edsticas destacadas<\/h3>\n<ul style='padding-left: 20px; font-size: 15px; color: inherit;'>\n<li style='margin-bottom: 5px;'><strong>Throughput entrada:<\/strong> 40 Mbps<\/li>\n<li style='margin-bottom: 5px;'><strong>Throughput salida:<\/strong> 60 Mbps<\/li>\n<li style='margin-bottom: 5px;'><strong>Puerto LAN:<\/strong> 100 Mbps<\/li>\n<li style='margin-bottom: 5px;'><strong>Antenas Wi-Fi:<\/strong> 2 antenas MIMO 2.4 GHz<\/li>\n<\/ul><\/div>\n<div style='flex: 1 1 300px; min-width: 280px;'>\n<h3 style='font-size: 22px; border-bottom: 2px solid currentColor; padding-bottom: 5px; margin-top: 0; color: inherit; opacity: 0.8;'>Caracter\u00edsticas f\u00edsicas y el\u00e9ctricas<\/h3>\n<ul style='padding-left: 20px; font-size: 15px; color: inherit;'>\n<li style='margin-bottom: 5px;'><strong>Dimensiones:<\/strong> 265 x 246 x 48 mm<\/li>\n<li style='margin-bottom: 5px;'><strong>Peso:<\/strong> 1.6 Kg<\/li>\n<li style='margin-bottom: 5px;'><strong>Garant\u00eda:<\/strong> 2 a\u00f1os<\/li>\n<li style='margin-bottom: 5px;'><strong>Alimentaci\u00f3n:<\/strong> 12 Vcc \/ 10 W m\u00e1ximo<\/li>\n<\/ul><\/div>\n<\/p><\/div>\n<div style='margin: 30px 0;'>\n<h3 style='font-size: 22px; border-bottom: 2px solid currentColor; padding-bottom: 5px; margin-top: 0; color: inherit; opacity: 0.8;'>Consideraciones<\/h3>\n<ul style='padding-left: 20px; font-size: 15px; color: inherit;'>\n<li style='margin-bottom: 5px;'>El alcance del WiFi entre las c\u00e1maras y el NVR depender\u00e1 de las limitaciones que se tenga como por ejemplo: muros de concreto&comma; alg\u00fan otro modem en 2.4 GHz&comma; ruido en el ambiente&comma; etc.<\/li>\n<li style='margin-bottom: 5px;'>El NVR se tiene que conectar v\u00eda Ethernet hacia el modem (router) por el cual saldr\u00e1 por internet&comma; solo las c\u00e1maras WiFi se pueden conectar de manera inal\u00e1mbrica hacia el NVR.<\/li>\n<li style='margin-bottom: 5px;'><strong>No es compatible con los modelos:<\/strong>\n<ul style='padding-left: 20px; margin: 10px 0;'>\n<li style='margin-bottom: 5px;'><a href='https:\/\/www.syscom.mx\/products\/233660' style='color: inherit; text-decoration: underline;'>DS-2CV2121G2-IDW(W)<\/a><\/li>\n<li style='margin-bottom: 5px;'><a href='https:\/\/www.syscom.mx\/products\/233661' style='color: inherit; text-decoration: underline;'>DS-2CV2141G2-IDW(W)<\/a><\/li>\n<li style='margin-bottom: 5px;'><a href='https:\/\/www.syscom.mx\/products\/225914' style='color: inherit; text-decoration: underline;'>DS-2CV2021G2-IDW(W)&comma; DS-2CV2041G2-IDW(W)<\/a><\/li>\n<li style='margin-bottom: 5px;'><a href='https:\/\/www.syscom.mx\/products\/230295' style='color: inherit; text-decoration: underline;'>DS-2DE2C400IWG\/W(W)<\/a><\/li>\n<li style='margin-bottom: 5px;'><a href='https:\/\/www.syscom.mx\/products\/230298' style='color: inherit; text-decoration: underline;'>DS-2DE2C200IWG\/W(W)<\/a><\/li>\n<\/ul>\n<\/li>\n<\/ul><\/div>\n<hr style='border: 0; border-top: 1px solid rgba(150&comma;150&comma;150&comma;0.3); margin: 30px 0;'>\n<p style='text-align: center;'><img style='width: 100%; height: auto; border: 1px solid rgba(150&comma;150&comma;150&comma;0.3); border-radius: 8px;' src='https:\/\/ftp3.syscom.mx\/usuarios\/jsosa\/HIKVISION\/imagenes\/banners\/solution%20complete.png' alt='Soluci\u00f3n completa'><\/p>\n<\/p><\/div>\n","protected":false},"excerpt":{"rendered":"<p>NVR 4 Megapixel \/ Pantalla LCD 11.6&#8243; \/ 4 canales IP \/ 1 Bah\u00eda de Disco Duro \/ 2 Antenas Wi-Fi \/ Salida de V\u00eddeo Full HD<\/p>\n","protected":false},"featured_media":104415,"comment_status":"open","ping_status":"closed","template":"","meta":[],"product_brand":[],"product_cat":[2234],"product_tag":[122,54,2235],"class_list":{"0":"post-104416","1":"product","2":"type-product","3":"status-publish","4":"has-post-thumbnail","6":"product_cat-nvrs-network-video-recorders","7":"product_tag-camaras-ip-y-nvrs","8":"product_tag-hikvision","9":"product_tag-nvrs-network-video-recorders","11":"first","12":"outofstock","13":"sale","14":"shipping-taxable","15":"purchasable","16":"product-type-simple"},"_links":{"self":[{"href":"https:\/\/soydeaqui.ddns.net\/pachuca\/index.php\/wp-json\/wp\/v2\/product\/104416","targetHints":{"allow":["GET"]}}],"collection":[{"href":"https:\/\/soydeaqui.ddns.net\/pachuca\/index.php\/wp-json\/wp\/v2\/product"}],"about":[{"href":"https:\/\/soydeaqui.ddns.net\/pachuca\/index.php\/wp-json\/wp\/v2\/types\/product"}],"replies":[{"embeddable":true,"href":"https:\/\/soydeaqui.ddns.net\/pachuca\/index.php\/wp-json\/wp\/v2\/comments?post=104416"}],"wp:featuredmedia":[{"embeddable":true,"href":"https:\/\/soydeaqui.ddns.net\/pachuca\/index.php\/wp-json\/wp\/v2\/media\/104415"}],"wp:attachment":[{"href":"https:\/\/soydeaqui.ddns.net\/pachuca\/index.php\/wp-json\/wp\/v2\/media?parent=104416"}],"wp:term":[{"taxonomy":"product_brand","embeddable":true,"href":"https:\/\/soydeaqui.ddns.net\/pachuca\/index.php\/wp-json\/wp\/v2\/product_brand?post=104416"},{"taxonomy":"product_cat","embeddable":true,"href":"https:\/\/soydeaqui.ddns.net\/pachuca\/index.php\/wp-json\/wp\/v2\/product_cat?post=104416"},{"taxonomy":"product_tag","embeddable":true,"href":"https:\/\/soydeaqui.ddns.net\/pachuca\/index.php\/wp-json\/wp\/v2\/product_tag?post=104416"}],"curies":[{"name":"wp","href":"https:\/\/api.w.org\/{rel}","templated":true}]}}