{"id":104412,"date":"2026-03-20T14:31:24","date_gmt":"2026-03-20T14:31:24","guid":{"rendered":"https:\/\/soydeaqui.ddns.net\/pachuca\/index.php\/producto\/contacto-duplex-conexion-a-tierra-aislada-15-a-125-v-2-polos-3-hilos-color-gris-nema-5-15r-grado-comercial\/"},"modified":"2026-03-20T14:31:26","modified_gmt":"2026-03-20T14:31:26","slug":"contacto-duplex-conexion-a-tierra-aislada-15-a-125-v-2-polos-3-hilos-color-gris-nema-5-15r-grado-comercial","status":"publish","type":"product","link":"https:\/\/soydeaqui.ddns.net\/pachuca\/index.php\/producto\/contacto-duplex-conexion-a-tierra-aislada-15-a-125-v-2-polos-3-hilos-color-gris-nema-5-15r-grado-comercial\/","title":{"rendered":"Contacto D\u00faplex Conexi\u00f3n a Tierra Aislada\/ 15 A 125 V\/ 2 Polos 3 Hilos\/ Color Gris\/ Nema 5-15R\/ Grado Comercial."},"content":{"rendered":"<div style='width: 100%; max-width: 1200px; margin: 0 auto; font-family: sans-serif; line-height: 1.6; color: inherit; background-color: transparent;'> <!-- Secci\u00f3n de descripci\u00f3n b\u00e1sica --> <\/p>\n<div style='margin-bottom: 30px;'>\n<p style='font-size: 15px; margin: 0; color: inherit;'>Contacto d\u00faplex&comma; grado comercial&comma; 2 polos&comma; 3 cables&comma; 15A 125V&comma; NEMA 5-15R&comma; color gris.<\/p>\n<\/p><\/div>\n<p> <!-- Secci\u00f3n de especificaciones --> <\/p>\n<div style='display: flex; flex-wrap: wrap; gap: 20px; margin-bottom: 30px;'>\n<div style='flex: 1 1 250px; border: 1px solid rgba(150&comma; 150&comma; 150&comma; 0.4); border-radius: 8px; overflow: hidden; display: flex; flex-direction: column;'>\n<div style='padding: 15px; border-bottom: 1px solid rgba(150&comma; 150&comma; 150&comma; 0.2); font-weight: bold; font-size: 18px; color: inherit;'>Especificaciones Generales<\/div>\n<div style='padding: 15px; color: inherit;'>\n<ul style='padding-left: 20px; margin: 0; font-size: 14px; list-style-type: disc;'>\n<li style='margin-bottom: 5px;'><strong>Aplicaci\u00f3n:<\/strong> Servicio extra pesado<\/li>\n<li style='margin-bottom: 5px;'><strong>Material:<\/strong> Nylon<\/li>\n<li style='margin-bottom: 5px;'><strong>Ambientes de trabajo:<\/strong> Interior seco a menos que se encuentre protegido por medios adicionales.<\/li>\n<li style='margin-bottom: 5px;'><strong>Montaje:<\/strong> Montaje con tornillos<\/li>\n<li style='margin-bottom: 5px;'><strong>Serie:<\/strong> Servicio pesado<\/li>\n<\/ul><\/div>\n<\/p><\/div>\n<div style='flex: 1 1 250px; border: 1px solid rgba(150&comma; 150&comma; 150&comma; 0.4); border-radius: 8px; overflow: hidden; display: flex; flex-direction: column;'>\n<div style='padding: 15px; border-bottom: 1px solid rgba(150&comma; 150&comma; 150&comma; 0.2); font-weight: bold; font-size: 18px; color: inherit;'>Caracter\u00edsticas El\u00e9ctricas<\/div>\n<div style='padding: 15px; color: inherit;'>\n<ul style='padding-left: 20px; margin: 0; font-size: 14px; list-style-type: disc;'>\n<li style='margin-bottom: 5px;'><strong>Rango de amperaje:<\/strong> 15 A<\/li>\n<li style='margin-bottom: 5px;'><strong>Rango de voltaje:<\/strong> 125 V<\/li>\n<li style='margin-bottom: 5px;'><strong>Potencia:<\/strong> 1875 W<\/li>\n<li style='margin-bottom: 5px;'><strong>N\u00famero de polos:<\/strong> 2<\/li>\n<li style='margin-bottom: 5px;'><strong>N\u00famero de hilos:<\/strong> 3 &#8211; Hilos<\/li>\n<\/ul><\/div>\n<\/p><\/div>\n<div style='flex: 1 1 250px; border: 1px solid rgba(150&comma; 150&comma; 150&comma; 0.4); border-radius: 8px; overflow: hidden; display: flex; flex-direction: column;'>\n<div style='padding: 15px; border-bottom: 1px solid rgba(150&comma; 150&comma; 150&comma; 0.2); font-weight: bold; font-size: 18px; color: inherit;'>Caracter\u00edsticas F\u00edsicas<\/div>\n<div style='padding: 15px; color: inherit;'>\n<ul style='padding-left: 20px; margin: 0; font-size: 14px; list-style-type: disc;'>\n<li style='margin-bottom: 5px;'><strong>Dimensiones:<\/strong> 3.28 in x 1.57 in x 1.07 in (83.31 mm x 39.87 mm x 27.17 mm)<\/li>\n<li style='margin-bottom: 5px;'><strong>Altura:<\/strong> 1.07 in (27.17 mm)<\/li>\n<li style='margin-bottom: 5px;'><strong>Largo:<\/strong> 3.28 in (83.31 mm)<\/li>\n<li style='margin-bottom: 5px;'><strong>Ancho:<\/strong> 1.57 in (39.878 mm)<\/li>\n<li style='margin-bottom: 5px;'><strong>Peso:<\/strong> 0.15 lb (0.06 kg)<\/li>\n<\/ul><\/div>\n<\/p><\/div>\n<div style='flex: 1 1 250px; border: 1px solid rgba(150&comma; 150&comma; 150&comma; 0.4); border-radius: 8px; overflow: hidden; display: flex; flex-direction: column;'>\n<div style='padding: 15px; border-bottom: 1px solid rgba(150&comma; 150&comma; 150&comma; 0.2); font-weight: bold; font-size: 18px; color: inherit;'>Caracter\u00edsticas de Rendimiento<\/div>\n<div style='padding: 15px; color: inherit;'>\n<ul style='padding-left: 20px; margin: 0; font-size: 14px; list-style-type: disc;'>\n<li style='margin-bottom: 5px;'><strong>Temperatura de operaci\u00f3n:<\/strong> M\u00e1xima continua de 75 \u00b0C y m\u00ednima de -40 \u00b0C sin impactos.<\/li>\n<li style='margin-bottom: 5px;'><strong>Interrupci\u00f3n de corriente:<\/strong> Certificado para interrupci\u00f3n de corriente a corriente nominal completa.<\/li>\n<li style='margin-bottom: 5px;'><strong>Voltaje diel\u00e9ctrico:<\/strong> Soporta un m\u00ednimo de 2000 V.<\/li>\n<li style='margin-bottom: 5px;'><strong>Inflamabilidad:<\/strong> Superior: UL 94V-2&comma; Base: UL 94V-0.<\/li>\n<li style='margin-bottom: 5px;'><strong>Alojamiento de terminales:<\/strong> S\u00f3lo conductor s\u00f3lido o trenzado de cobre #14 #10 AWG.<\/li>\n<li style='margin-bottom: 5px;'><strong>Identificaci\u00f3n de terminales:<\/strong> Terminales identificados de acuerdo con UL 498 y CSA.<\/li>\n<\/ul><\/div>\n<\/p><\/div>\n<\/p><\/div>\n<p> <!-- Separador --> <\/p>\n<hr style='border: 0; border-top: 1px solid rgba(150&comma; 150&comma; 150&comma; 0.3); margin: 30px 0;'> <\/div>\n","protected":false},"excerpt":{"rendered":"<p>Contacto D\u00faplex Conexi\u00f3n a Tierra Aislada\/ 15 A 125 V\/ 2 Polos 3 Hilos\/ Color Gris\/ Nema 5-15R\/ Grado Comercial.<\/p>\n","protected":false},"featured_media":104411,"comment_status":"open","ping_status":"closed","template":"","meta":[],"product_brand":[],"product_cat":[1071],"product_tag":[1066,1072,705],"class_list":{"0":"post-104412","1":"product","2":"type-product","3":"status-publish","4":"has-post-thumbnail","6":"product_cat-extensiones-y-multicontactos","7":"product_tag-area-electrica","8":"product_tag-extensiones-y-multicontactos","9":"product_tag-hubbell","11":"first","12":"outofstock","13":"sale","14":"shipping-taxable","15":"purchasable","16":"product-type-simple"},"_links":{"self":[{"href":"https:\/\/soydeaqui.ddns.net\/pachuca\/index.php\/wp-json\/wp\/v2\/product\/104412","targetHints":{"allow":["GET"]}}],"collection":[{"href":"https:\/\/soydeaqui.ddns.net\/pachuca\/index.php\/wp-json\/wp\/v2\/product"}],"about":[{"href":"https:\/\/soydeaqui.ddns.net\/pachuca\/index.php\/wp-json\/wp\/v2\/types\/product"}],"replies":[{"embeddable":true,"href":"https:\/\/soydeaqui.ddns.net\/pachuca\/index.php\/wp-json\/wp\/v2\/comments?post=104412"}],"wp:featuredmedia":[{"embeddable":true,"href":"https:\/\/soydeaqui.ddns.net\/pachuca\/index.php\/wp-json\/wp\/v2\/media\/104411"}],"wp:attachment":[{"href":"https:\/\/soydeaqui.ddns.net\/pachuca\/index.php\/wp-json\/wp\/v2\/media?parent=104412"}],"wp:term":[{"taxonomy":"product_brand","embeddable":true,"href":"https:\/\/soydeaqui.ddns.net\/pachuca\/index.php\/wp-json\/wp\/v2\/product_brand?post=104412"},{"taxonomy":"product_cat","embeddable":true,"href":"https:\/\/soydeaqui.ddns.net\/pachuca\/index.php\/wp-json\/wp\/v2\/product_cat?post=104412"},{"taxonomy":"product_tag","embeddable":true,"href":"https:\/\/soydeaqui.ddns.net\/pachuca\/index.php\/wp-json\/wp\/v2\/product_tag?post=104412"}],"curies":[{"name":"wp","href":"https:\/\/api.w.org\/{rel}","templated":true}]}}