{"id":104381,"date":"2026-03-20T14:29:55","date_gmt":"2026-03-20T14:29:55","guid":{"rendered":"https:\/\/soydeaqui.ddns.net\/pachuca\/index.php\/producto\/abrazadera-de-acero-inoxidable-de-1-2-para-unicanal-tipo-strut\/"},"modified":"2026-03-20T14:29:56","modified_gmt":"2026-03-20T14:29:56","slug":"abrazadera-de-acero-inoxidable-de-1-2-para-unicanal-tipo-strut","status":"publish","type":"product","link":"https:\/\/soydeaqui.ddns.net\/pachuca\/index.php\/producto\/abrazadera-de-acero-inoxidable-de-1-2-para-unicanal-tipo-strut\/","title":{"rendered":"Abrazadera de Acero Inoxidable  de 1\/2&#8243; Para Unicanal Tipo Strut"},"content":{"rendered":"<div style='width: 100%; max-width: 1200px; margin: 0 auto; font-family: sans-serif; line-height: 1.6; color: inherit; background-color: transparent;'> <!-- Imagen principal --> <\/p>\n<div style='width: 100%; margin-bottom: 30px;'> <img style='width: 100%; height: auto; border: 1px solid rgba(150&comma;150&comma;150&comma;0.3); border-radius: 8px;' src='https:\/\/ftp3.syscom.mx\/usuarios\/fotos\/KITST68MCLICK1\/200912-syscom_towers.png' alt=''> <\/div>\n<p> <!-- Contenido principal --> <\/p>\n<div style='display: flex; flex-wrap: wrap; gap: 30px; margin-bottom: 30px;'>\n<div style='flex: 1 1 300px; min-width: 280px;'>\n<p style='font-size: 15px; color: inherit;'> Un &#8216;Strut Clamp&#8217; es un tipo de abrazadera dise\u00f1ada para sujetar y asegurar componentes a una estructura tipo &#8216;strut&#8217;&comma; tambi\u00e9n conocida como riel o canal tipo Unistrut. <\/p>\n<p style='font-size: 15px; color: inherit;'> Son ampliamente utilizados debido a su facilidad de instalaci\u00f3n&comma; versatilidad y resistencia en una variedad de entornos industriales y comerciales. <\/p>\n<p style='font-size: 15px; color: inherit;'> Son componentes esenciales en sistemas de telecomunicaciones y cableado estructurado&comma; proporcionando una soluci\u00f3n confiable y segura para el montaje y la gesti\u00f3n de cables&comma; conductos y equipos en una variedad de entornos comerciales e industriales. <\/p>\n<\/p><\/div>\n<div style='flex: 1 1 300px; min-width: 280px;'> <!-- Aplicaciones --> <\/p>\n<div style='margin-bottom: 25px;'>\n<h3 style='font-size: 20px; border-bottom: 2px solid currentColor; padding-bottom: 5px; margin-top: 0; color: inherit; opacity: 0.8;'>Aplicaciones principales<\/h3>\n<ul style='padding-left: 20px; font-size: 15px; color: inherit;'>\n<li style='margin-bottom: 5px;'>Fijaci\u00f3n y Sujeci\u00f3n en la Industria y Construcci\u00f3n.<\/li>\n<li style='margin-bottom: 5px;'>Organizaci\u00f3n del Cableado.<\/li>\n<li style='margin-bottom: 5px;'>Fijaci\u00f3n de Conductos.<\/li>\n<li style='margin-bottom: 5px;'>Sujeci\u00f3n de Canaletas<\/li>\n<li style='margin-bottom: 5px;'>Soporte de Equipos de Red.<\/li>\n<\/ul><\/div>\n<\/p><\/div>\n<div style='flex: 1 1 300px; min-width: 280px;'> <!-- Caracter\u00edsticas --> <\/p>\n<div style='margin-bottom: 25px;'>\n<h3 style='font-size: 20px; border-bottom: 2px solid currentColor; padding-bottom: 5px; margin-top: 0; color: inherit; opacity: 0.8;'>Caracter\u00edsticas<\/h3>\n<ul style='padding-left: 20px; font-size: 15px; color: inherit;'>\n<li style='margin-bottom: 5px;'><strong>Material:<\/strong> Acero inoxidable 304.<\/li>\n<li style='margin-bottom: 5px;'><strong>Ancho:<\/strong> 1.26 in | 32.0 mm<\/li>\n<li style='margin-bottom: 5px;'><strong>Largo:<\/strong> 2.20 in | 56.0 mm<\/li>\n<li style='margin-bottom: 5px;'><strong>Di\u00e1metro ext. de tubo compatible:<\/strong> 0.82 in | 21.0 mm<\/li>\n<li style='margin-bottom: 5px;'><strong>Tornillo:<\/strong> M6 X 20 mm (Incluido)<\/li>\n<li style='margin-bottom: 5px;'><strong>Tuerca:<\/strong> M6 (Incluido)<\/li>\n<li style='margin-bottom: 5px;'><strong>Cumplimiento:<\/strong> ISO 9001:2015<\/li>\n<\/ul><\/div>\n<\/p><\/div>\n<p> <!-- Imagen secundaria --> <\/p>\n<div style='flex: 1 1 300px; min-width: 280px;'> <img style='width: 100%; height: auto; border: 1px solid rgba(150&comma;150&comma;150&comma;0.3); border-radius: 8px;' src='https:\/\/ftp3.syscom.mx\/usuarios\/fotos\/STRUTSTRAP4\/212437-strut_abrazadera.jpg' alt=''> <\/div>\n<\/p><\/div>\n<p> <!-- Separador --> <\/p>\n<hr style='border: 0; border-top: 1px solid rgba(150&comma; 150&comma; 150&comma; 0.3); margin: 30px 0;'> <\/div>\n","protected":false},"excerpt":{"rendered":"<p>Abrazadera de Acero Inoxidable  de 1\/2&#8243; Para Unicanal Tipo Strut<\/p>\n","protected":false},"featured_media":104380,"comment_status":"open","ping_status":"closed","template":"","meta":[],"product_brand":[],"product_cat":[574],"product_tag":[572,575,733],"class_list":{"0":"post-104381","1":"product","2":"type-product","3":"status-publish","4":"has-post-thumbnail","6":"product_cat-fijacion","7":"product_tag-canalizacion","8":"product_tag-fijacion","9":"product_tag-syscom-towers","11":"first","12":"instock","13":"sale","14":"shipping-taxable","15":"purchasable","16":"product-type-simple"},"_links":{"self":[{"href":"https:\/\/soydeaqui.ddns.net\/pachuca\/index.php\/wp-json\/wp\/v2\/product\/104381","targetHints":{"allow":["GET"]}}],"collection":[{"href":"https:\/\/soydeaqui.ddns.net\/pachuca\/index.php\/wp-json\/wp\/v2\/product"}],"about":[{"href":"https:\/\/soydeaqui.ddns.net\/pachuca\/index.php\/wp-json\/wp\/v2\/types\/product"}],"replies":[{"embeddable":true,"href":"https:\/\/soydeaqui.ddns.net\/pachuca\/index.php\/wp-json\/wp\/v2\/comments?post=104381"}],"wp:featuredmedia":[{"embeddable":true,"href":"https:\/\/soydeaqui.ddns.net\/pachuca\/index.php\/wp-json\/wp\/v2\/media\/104380"}],"wp:attachment":[{"href":"https:\/\/soydeaqui.ddns.net\/pachuca\/index.php\/wp-json\/wp\/v2\/media?parent=104381"}],"wp:term":[{"taxonomy":"product_brand","embeddable":true,"href":"https:\/\/soydeaqui.ddns.net\/pachuca\/index.php\/wp-json\/wp\/v2\/product_brand?post=104381"},{"taxonomy":"product_cat","embeddable":true,"href":"https:\/\/soydeaqui.ddns.net\/pachuca\/index.php\/wp-json\/wp\/v2\/product_cat?post=104381"},{"taxonomy":"product_tag","embeddable":true,"href":"https:\/\/soydeaqui.ddns.net\/pachuca\/index.php\/wp-json\/wp\/v2\/product_tag?post=104381"}],"curies":[{"name":"wp","href":"https:\/\/api.w.org\/{rel}","templated":true}]}}