{"id":10438,"date":"2026-03-18T07:35:58","date_gmt":"2026-03-18T07:35:58","guid":{"rendered":"https:\/\/soydeaqui.ddns.net\/pachuca\/index.php\/producto\/jumper-de-fibra-ptica-multimodo-50-125-om3-xglo-lc-lc-duplex-ofnr-color-aqua-1-metro-3-28-pies\/"},"modified":"2026-03-18T07:36:02","modified_gmt":"2026-03-18T07:36:02","slug":"jumper-de-fibra-ptica-multimodo-50-125-om3-xglo-lc-lc-duplex-ofnr-color-aqua-1-metro-3-28-pies","status":"publish","type":"product","link":"https:\/\/soydeaqui.ddns.net\/pachuca\/index.php\/producto\/jumper-de-fibra-ptica-multimodo-50-125-om3-xglo-lc-lc-duplex-ofnr-color-aqua-1-metro-3-28-pies\/","title":{"rendered":"Jumper de Fibra ?ptica Multimodo 50\/125 OM3 XGLO, LC-LC Duplex, OFNR, Color Aqua, 1 Metro (3.28 Pies)"},"content":{"rendered":"<div style='width: 100%; max-width: 1200px; margin: 0 auto; font-family: sans-serif; line-height: 1.6; color: inherit; background-color: transparent;'> <!-- Secci\u00f3n de descripci\u00f3n general --> <\/p>\n<div style='margin-bottom: 30px;'>\n<h2 style='font-size: 24px; border-bottom: 2px solid currentColor; padding-bottom: 8px; margin-top: 0; color: inherit; opacity: 0.9;'>Descripci\u00f3n General<\/h2>\n<p style='font-size: 15px; color: inherit; margin-bottom: 15px;'>Los cables de Fibra \u00d3ptica XGLO son ideales para aplicaciones de fibra con soporte de 10 Gigabits a trav\u00e9s de distancias extendidas y redes troncales de pr\u00f3xima generaci\u00f3n.<\/p>\n<p style='font-size: 15px; color: inherit; margin-bottom: 15px;'>La Fibra \u00d3ptica cumple con el est\u00e1ndar Gigabit IEEE 802.3&comma; as\u00ed como IEC-60793-2-10 y TIA-492AAAC (OM3)&comma; TIA-942AAAD (OM4).<\/p>\n<p style='font-size: 15px; color: inherit; margin-bottom: 15px;'>Estos jumpers \u00f3pticos ofrecen un pulido de conector superior que cumple con especificaciones estrictas de Telcordia y ISO\/IEC para geometr\u00eda de superficie final y excede todos los requisitos ANSI\/TIA y ISO\/IEC de p\u00e9rdida de inserci\u00f3n y p\u00e9rdida de retorno.<\/p>\n<\/p><\/div>\n<p> <!-- Secci\u00f3n de caracter\u00edsticas principales --> <\/p>\n<div style='margin-bottom: 30px;'>\n<h3 style='font-size: 22px; border-bottom: 2px solid currentColor; padding-bottom: 5px; margin-top: 0; color: inherit; opacity: 0.8;'>Caracter\u00edsticas Principales<\/h3>\n<ul style='padding-left: 20px; font-size: 15px; color: inherit; list-style-type: disc;'>\n<li style='margin-bottom: 5px;'>Soporte de 10 gigabits para largas distancias<\/li>\n<li style='margin-bottom: 5px;'>Cumple con el est\u00e1ndar Gigabit IEEE 802.3<\/li>\n<li style='margin-bottom: 5px;'>Compatible con IEC-60793-2-10 est\u00e1ndar<\/li>\n<li style='margin-bottom: 5px;'>Normativas TIA-492AAAC (OM3) y TIA-942AAAD (OM4)<\/li>\n<li style='margin-bottom: 5px;'>Ideal para redes troncales de pr\u00f3xima generaci\u00f3n<\/li>\n<li style='margin-bottom: 5px;'>Cable optimizado para ancho de banda l\u00e1ser que reduce impurezas en el n\u00facleo de la fibra<\/li>\n<li style='margin-bottom: 5px;'>Conectores beige con funda color aqua para multimodo<\/li>\n<li style='margin-bottom: 5px;'>Incluye tapas de polvo para proteger el pulido de los conectores<\/li>\n<li style='margin-bottom: 5px;'>Excede los requisitos TIA\/EIA e ISO\/IEC para envejecimiento&comma; exposici\u00f3n a humedad&comma; temperaturas extremas&comma; impacto&comma; vibraci\u00f3n&comma; resistencia de acoplamiento y cable a estr\u00e9s y deformaci\u00f3n<\/li>\n<\/ul><\/div>\n<p> <!-- Secci\u00f3n de especificaciones t\u00e9cnicas --> <\/p>\n<div style='margin-bottom: 30px;'>\n<h3 style='font-size: 22px; border-bottom: 2px solid currentColor; padding-bottom: 5px; margin-top: 0; color: inherit; opacity: 0.8;'>Especificaciones T\u00e9cnicas<\/h3>\n<p> <!-- Tabla de rendimiento --> <\/p>\n<div style='overflow-x: auto; margin: 20px 0;'>\n<table style='width: 100%; border-collapse: collapse; font-size: 14px; color: inherit;'>\n<thead>\n<tr style='background-color: rgba(150&comma; 150&comma; 150&comma; 0.1);'>\n<th style='padding: 12px; border: 1px solid rgba(150&comma; 150&comma; 150&comma; 0.3); text-align: left;'>Par\u00e1metro<\/th>\n<th style='padding: 12px; border: 1px solid rgba(150&comma; 150&comma; 150&comma; 0.3); text-align: left;'>OM3<\/th>\n<th style='padding: 12px; border: 1px solid rgba(150&comma; 150&comma; 150&comma; 0.3); text-align: left;'>OM4<\/th>\n<\/tr>\n<\/thead>\n<tbody>\n<tr>\n<td style='padding: 10px; border: 1px solid rgba(150&comma; 150&comma; 150&comma; 0.3);'>Ancho de Banda M\u00ednimo (MHz\u00b7km) a 850nm<\/td>\n<td style='padding: 10px; border: 1px solid rgba(150&comma; 150&comma; 150&comma; 0.3);'>1500 (OFL)<\/td>\n<td style='padding: 10px; border: 1px solid rgba(150&comma; 150&comma; 150&comma; 0.3);'>2000 (EMB)<\/td>\n<\/tr>\n<tr>\n<td style='padding: 10px; border: 1px solid rgba(150&comma; 150&comma; 150&comma; 0.3);'>Ancho de Banda M\u00ednimo (MHz\u00b7km) a 1300nm<\/td>\n<td style='padding: 10px; border: 1px solid rgba(150&comma; 150&comma; 150&comma; 0.3);'>500 (OFL)<\/td>\n<td style='padding: 10px; border: 1px solid rgba(150&comma; 150&comma; 150&comma; 0.3);'>500 (OFL)<\/td>\n<\/tr>\n<tr>\n<td style='padding: 10px; border: 1px solid rgba(150&comma; 150&comma; 150&comma; 0.3);'>P\u00e9rdida de Inserci\u00f3n M\u00e1xima (dB)<\/td>\n<td style='padding: 10px; border: 1px solid rgba(150&comma; 150&comma; 150&comma; 0.3);'>0.25 (0.10 t\u00edpico)<\/td>\n<td style='padding: 10px; border: 1px solid rgba(150&comma; 150&comma; 150&comma; 0.3);'>0.40 (0.10 t\u00edpico)<\/td>\n<\/tr>\n<tr>\n<td style='padding: 10px; border: 1px solid rgba(150&comma; 150&comma; 150&comma; 0.3);'>P\u00e9rdida de Retorno M\u00ednima (dB)<\/td>\n<td style='padding: 10px; border: 1px solid rgba(150&comma; 150&comma; 150&comma; 0.3);'>30 (35 t\u00edpico)<\/td>\n<td style='padding: 10px; border: 1px solid rgba(150&comma; 150&comma; 150&comma; 0.3);'>55 (60 t\u00edpico)<\/td>\n<\/tr>\n<\/tbody>\n<\/table><\/div>\n<p> <!-- Especificaciones de construcci\u00f3n --> <\/p>\n<div style='display: flex; flex-wrap: wrap; gap: 20px; margin-top: 20px;'>\n<div style='flex: 1 1 250px; min-width: 220px;'>\n<h4 style='font-size: 18px; border-bottom: 1px solid currentColor; padding-bottom: 4px; margin-top: 0; color: inherit; opacity: 0.8;'>Construcci\u00f3n<\/h4>\n<ul style='padding-left: 20px; margin: 0; font-size: 14px; list-style-type: disc; color: inherit;'>\n<li style='margin-bottom: 5px;'><strong>Tipo:<\/strong> Jumper de Fibra \u00d3ptica Multimodo<\/li>\n<li style='margin-bottom: 5px;'><strong>Estructura:<\/strong> Duplex<\/li>\n<li style='margin-bottom: 5px;'><strong>Color:<\/strong> Aqua<\/li>\n<li style='margin-bottom: 5px;'><strong>Est\u00e1ndar de Cable:<\/strong> OFNR (Riser)<\/li>\n<\/ul><\/div>\n<div style='flex: 1 1 250px; min-width: 220px;'>\n<h4 style='font-size: 18px; border-bottom: 1px solid currentColor; padding-bottom: 4px; margin-top: 0; color: inherit; opacity: 0.8;'>Conectores<\/h4>\n<ul style='padding-left: 20px; margin: 0; font-size: 14px; list-style-type: disc; color: inherit;'>\n<li style='margin-bottom: 5px;'><strong>Conector 1:<\/strong> LC<\/li>\n<li style='margin-bottom: 5px;'><strong>Conector 2:<\/strong> LC<\/li>\n<li style='margin-bottom: 5px;'><strong>Estilo de Terminaci\u00f3n:<\/strong> UPC (Ultra Physical Contact)<\/li>\n<li style='margin-bottom: 5px;'><strong>Material:<\/strong> Cer\u00e1mica<\/li>\n<\/ul><\/div>\n<div style='flex: 1 1 250px; min-width: 220px;'>\n<h4 style='font-size: 18px; border-bottom: 1px solid currentColor; padding-bottom: 4px; margin-top: 0; color: inherit; opacity: 0.8;'>Caracter\u00edsticas \u00d3pticas<\/h4>\n<ul style='padding-left: 20px; margin: 0; font-size: 14px; list-style-type: disc; color: inherit;'>\n<li style='margin-bottom: 5px;'><strong>Tipo de Fibra:<\/strong> 50\/125 \u00b5m<\/li>\n<li style='margin-bottom: 5px;'><strong>Longitud de Onda:<\/strong> 850nm y 1300nm<\/li>\n<li style='margin-bottom: 5px;'><strong>Calidad de Pulido:<\/strong> Excede requisitos ANSI\/TIA y ISO\/IEC<\/li>\n<\/ul><\/div>\n<div style='flex: 1 1 250px; min-width: 220px;'>\n<h4 style='font-size: 18px; border-bottom: 1px solid currentColor; padding-bottom: 4px; margin-top: 0; color: inherit; opacity: 0.8;'>Especificaciones Mec\u00e1nicas<\/h4>\n<ul style='padding-left: 20px; margin: 0; font-size: 14px; list-style-type: disc; color: inherit;'>\n<li style='margin-bottom: 5px;'><strong>Longitud:<\/strong> 1 Metro<\/li>\n<li style='margin-bottom: 5px;'><strong>Garant\u00eda:<\/strong> 20 a\u00f1os<\/li>\n<li style='margin-bottom: 5px;'><strong>Material del Cable:<\/strong> PVC<\/li>\n<li style='margin-bottom: 5px;'><strong>Di\u00e1metro del Cable:<\/strong> 3.0mm<\/li>\n<\/ul><\/div>\n<\/p><\/div>\n<\/p><\/div>\n<p> <!-- Secci\u00f3n de aplicaciones --> <\/p>\n<div style='margin-bottom: 30px;'>\n<h3 style='font-size: 22px; border-bottom: 2px solid currentColor; padding-bottom: 5px; margin-top: 0; color: inherit; opacity: 0.8;'>Aplicaciones<\/h3>\n<ul style='padding-left: 20px; font-size: 15px; color: inherit; list-style-type: disc;'>\n<li style='margin-bottom: 5px;'>Redes de datos de alta velocidad hasta 10 Gigabits<\/li>\n<li style='margin-bottom: 5px;'>Redes troncales de pr\u00f3xima generaci\u00f3n<\/li>\n<li style='margin-bottom: 5px;'>Centros de datos y salas de servidores<\/li>\n<li style='margin-bottom: 5px;'>Sistemas de comunicaci\u00f3n de campus<\/li>\n<li style='margin-bottom: 5px;'>Infraestructuras de fibra \u00f3ptica estructurada<\/li>\n<\/ul><\/div>\n<p> <!-- Secci\u00f3n de informaci\u00f3n de pedido --> <\/p>\n<div style='margin-bottom: 30px;'>\n<h3 style='font-size: 22px; border-bottom: 2px solid currentColor; padding-bottom: 5px; margin-top: 0; color: inherit; opacity: 0.8;'>Informaci\u00f3n de Pedido<\/h3>\n<ul style='padding-left: 20px; font-size: 15px; color: inherit; list-style-type: disc;'>\n<li style='margin-bottom: 5px;'><strong>Modelo:<\/strong> FJ2LCLC5L01AQ<\/li>\n<li style='margin-bottom: 5px;'><strong>Tipo:<\/strong> LC-LC Duplex<\/li>\n<li style='margin-bottom: 5px;'><strong>Longitud:<\/strong> 1 Metro (01=1m)<\/li>\n<li style='margin-bottom: 5px;'><strong>Color:<\/strong> Aqua<\/li>\n<li style='margin-bottom: 5px;'><strong>Est\u00e1ndar:<\/strong> OM3<\/li>\n<li style='margin-bottom: 5px;'><strong>Clasificaci\u00f3n:<\/strong> OFNR (Riser)<\/li>\n<li style='margin-bottom: 5px;'><strong>Empaquetado:<\/strong> Empaque est\u00e1ndar (100 unidades por caja para pedidos a granel)<\/li>\n<\/ul><\/div>\n<p> <!-- Secci\u00f3n de cumplimiento normativo --> <\/p>\n<div style='margin-bottom: 30px;'>\n<h3 style='font-size: 22px; border-bottom: 2px solid currentColor; padding-bottom: 5px; margin-top: 0; color: inherit; opacity: 0.8;'>Cumplimiento Normativo<\/h3>\n<ul style='padding-left: 20px; font-size: 15px; color: inherit; list-style-type: disc;'>\n<li style='margin-bottom: 5px;'>IEEE 802.3 10 Gigabit Ethernet<\/li>\n<li style='margin-bottom: 5px;'>IEC-60793-2-10<\/li>\n<li style='margin-bottom: 5px;'>TIA-492AAAC (OM3)<\/li>\n<li style='margin-bottom: 5px;'>TIA-942AAAD (OM4)<\/li>\n<li style='margin-bottom: 5px;'>Telcordia GR-326-CORE<\/li>\n<li style='margin-bottom: 5px;'>ISO\/IEC 11801<\/li>\n<li style='margin-bottom: 5px;'>RoHS Compliant<\/li>\n<\/ul><\/div>\n<p> <!-- Separador final --> <\/p>\n<hr style='border: 0; border-top: 1px solid rgba(150&comma; 150&comma; 150&comma; 0.3); margin: 30px 0;'> <\/div>\n","protected":false},"excerpt":{"rendered":"<p>Jumper de Fibra ?ptica Multimodo 50\/125 OM3 XGLO, LC-LC Duplex, OFNR, Color Aqua, 1 Metro (3.28 Pies)<\/p>\n","protected":false},"featured_media":10437,"comment_status":"open","ping_status":"closed","template":"","meta":[],"product_brand":[],"product_cat":[617],"product_tag":[611,618,600],"class_list":{"0":"post-10438","1":"product","2":"type-product","3":"status-publish","4":"has-post-thumbnail","6":"product_cat-jumpers-y-pigtails","7":"product_tag-fibra-optica","8":"product_tag-jumpers-y-pigtails","9":"product_tag-siemon","11":"first","12":"instock","13":"sale","14":"shipping-taxable","15":"purchasable","16":"product-type-simple"},"_links":{"self":[{"href":"https:\/\/soydeaqui.ddns.net\/pachuca\/index.php\/wp-json\/wp\/v2\/product\/10438","targetHints":{"allow":["GET"]}}],"collection":[{"href":"https:\/\/soydeaqui.ddns.net\/pachuca\/index.php\/wp-json\/wp\/v2\/product"}],"about":[{"href":"https:\/\/soydeaqui.ddns.net\/pachuca\/index.php\/wp-json\/wp\/v2\/types\/product"}],"replies":[{"embeddable":true,"href":"https:\/\/soydeaqui.ddns.net\/pachuca\/index.php\/wp-json\/wp\/v2\/comments?post=10438"}],"wp:featuredmedia":[{"embeddable":true,"href":"https:\/\/soydeaqui.ddns.net\/pachuca\/index.php\/wp-json\/wp\/v2\/media\/10437"}],"wp:attachment":[{"href":"https:\/\/soydeaqui.ddns.net\/pachuca\/index.php\/wp-json\/wp\/v2\/media?parent=10438"}],"wp:term":[{"taxonomy":"product_brand","embeddable":true,"href":"https:\/\/soydeaqui.ddns.net\/pachuca\/index.php\/wp-json\/wp\/v2\/product_brand?post=10438"},{"taxonomy":"product_cat","embeddable":true,"href":"https:\/\/soydeaqui.ddns.net\/pachuca\/index.php\/wp-json\/wp\/v2\/product_cat?post=10438"},{"taxonomy":"product_tag","embeddable":true,"href":"https:\/\/soydeaqui.ddns.net\/pachuca\/index.php\/wp-json\/wp\/v2\/product_tag?post=10438"}],"curies":[{"name":"wp","href":"https:\/\/api.w.org\/{rel}","templated":true}]}}