{"id":104348,"date":"2026-03-20T14:28:22","date_gmt":"2026-03-20T14:28:22","guid":{"rendered":"https:\/\/soydeaqui.ddns.net\/pachuca\/index.php\/producto\/frente-de-calle-ip-2-megapixel-para-videoportero-modular-poe-angulo-146-ultra-baja-iluminacion-exterior-ip65-wdr-120-db\/"},"modified":"2026-03-20T14:28:45","modified_gmt":"2026-03-20T14:28:45","slug":"frente-de-calle-ip-2-megapixel-para-videoportero-modular-poe-angulo-146-ultra-baja-iluminacion-exterior-ip65-wdr-120-db","status":"publish","type":"product","link":"https:\/\/soydeaqui.ddns.net\/pachuca\/index.php\/producto\/frente-de-calle-ip-2-megapixel-para-videoportero-modular-poe-angulo-146-ultra-baja-iluminacion-exterior-ip65-wdr-120-db\/","title":{"rendered":"Frente de calle IP 2 Megapixel para Videoportero Modular \/ PoE \/ Angulo 146\u00b0 \/ Ultra Baja Iluminaci\u00f3n \/ Exterior IP65 \/ WDR 120 dB"},"content":{"rendered":"<div style='width: 100%; max-width: 1200px; margin: 0 auto; font-family: sans-serif; line-height: 1.6; color: inherit; background-color: transparent;'> <!-- Banner principal --> <\/p>\n<div style='width: 100%; margin-bottom: 30px;'> <a href='https:\/\/www.syscom.mx\/principal\/consultarproductosazul?global_search=dskd8003ime1&#038;ordenar=Relevancia&#038;pag=1' target='_blank' rel='noopener'> <img style='width: 100%; height: auto; border: 1px solid rgba(150&comma;150&comma;150&comma;0.3); border-radius: 8px;' src='https:\/\/ftp3.syscom.mx\/usuarios\/rcovarrubias\/videoporteros\/Videoporteros%20Banner-segunda-generacion-2.jpg' alt='Banner principal'> <\/a> <\/div>\n<p> <!-- Videos --> <\/p>\n<div style='display: flex; flex-wrap: wrap; gap: 20px; margin-bottom: 30px;'>\n<div style='position: relative; padding-bottom: 56.25%; height: 0; overflow: hidden; flex: 1 1 300px; min-width: 280px;'>   <\/div>\n<div style='position: relative; padding-bottom: 56.25%; height: 0; overflow: hidden; flex: 1 1 300px; min-width: 280px;'>   <\/div>\n<div style='position: relative; padding-bottom: 56.25%; height: 0; overflow: hidden; flex: 1 1 300px; min-width: 280px;'>   <\/div>\n<\/p><\/div>\n<p> <!-- Caracter\u00edsticas en 2 columnas --> <\/p>\n<div style='display: flex; flex-wrap: wrap; gap: 30px; margin-bottom: 30px;'>\n<div style='flex: 1 1 300px; min-width: 280px;'>\n<div style='border: 1px solid rgba(150&comma;150&comma;150&comma;0.4); border-radius: 8px; overflow: hidden; display: flex; flex-direction: column;'>\n<div style='padding: 15px; border-bottom: 1px solid rgba(150&comma;150&comma;150&comma;0.2); font-weight: bold; font-size: 18px; color: inherit; background-color: rgba(255&comma;0&comma;0&comma;0.8); color: white;'> Caracter\u00edsticas del Frente de calle DS-KD8003-IME1: <\/div>\n<div style='padding: 15px; color: inherit;'>\n<ul style='padding-left: 20px; margin: 0; font-size: 14px; list-style-type: disc;'>\n<li style='margin-bottom: 5px;'>Funci\u00f3n de TV Portero<\/li>\n<li style='margin-bottom: 5px;'>C\u00e1mara de 2 MP (1920 X 1080)<\/li>\n<li style='margin-bottom: 5px;'>IR oculto 3m<\/li>\n<li style='margin-bottom: 5px;'>Soporta 17 Frentes de calle (1 Principal y 16 Ext.)<\/li>\n<li style='margin-bottom: 5px;'>Codificaci\u00f3n H.264<\/li>\n<li style='margin-bottom: 5px;'>WDR&comma; BLC&comma; DNR<\/li>\n<li style='margin-bottom: 5px;'>2 Salidas de Relevador (Soporta 2 Puertas)<\/li>\n<li style='margin-bottom: 5px;'>Audio Omnidireccional<\/li>\n<li style='margin-bottom: 5px;'>Red: 10\/100 Mbps Self-Adaptive Ethernet<\/li>\n<li style='margin-bottom: 5px;'>Configurable mediante iVMS4200<\/li>\n<li style='margin-bottom: 5px;'><strong>10&comma;000 tarjetas PROX EM<\/strong> (usando <a style='color: inherit; text-decoration: underline;' href='https:\/\/www.syscom.mx\/producto\/DS-KD-E-HIKVISION-170769.html'>DS-KD-E<\/a>)<\/li>\n<li style='margin-bottom: 5px;'><strong>Garant\u00eda: 2 a\u00f1os<\/strong><\/li>\n<\/ul><\/div>\n<\/p><\/div>\n<\/p><\/div>\n<div style='flex: 1 1 300px; min-width: 280px;'>\n<div style='border: 1px solid rgba(150&comma;150&comma;150&comma;0.4); border-radius: 8px; overflow: hidden; display: flex; flex-direction: column;'>\n<div style='padding: 15px; border-bottom: 1px solid rgba(150&comma;150&comma;150&comma;0.2); font-weight: bold; font-size: 18px; color: inherit; background-color: rgba(255&comma;0&comma;0&comma;0.8); color: white;'> Caracter\u00edsticas F\u00edsicas y El\u00e9ctricas: <\/div>\n<div style='padding: 15px; color: inherit;'>\n<ul style='padding-left: 20px; margin: 0; font-size: 14px; list-style-type: disc;'>\n<li style='margin-bottom: 5px;'>Voltaje de operaci\u00f3n: 12 Vcc o PoE IEEE 802.3af<\/li>\n<li style='margin-bottom: 5px;'>(Recomendado switch DS-3E0105P-E\/M)<\/li>\n<li style='margin-bottom: 5px;'>Consumo el\u00e9ctrico: 10 W<\/li>\n<li style='margin-bottom: 5px;'>Nivel de protecci\u00f3n: Exterior IP65<\/li>\n<li style='margin-bottom: 5px;'>Material: Aluminio<\/li>\n<li style='margin-bottom: 5px;'>Temperatura de operaci\u00f3n: -40\u00b0 C to +60\u00b0 C<\/li>\n<li style='margin-bottom: 5px;'>Humedad: 10 to 95%<\/li>\n<li style='margin-bottom: 5px;'>Dimensiones: 98 mm \u00d7 99.8 mm \u00d7 43.9 mm (3.86&#8242; \u00d7 3.93&#8242; \u00d7 1.73&#8242;).<\/li>\n<\/ul><\/div>\n<\/p><\/div>\n<\/p><\/div>\n<\/p><\/div>\n<p> <!-- M\u00f3dulos opcionales --> <\/p>\n<div style='display: flex; flex-wrap: wrap; margin-bottom: 30px;'>\n<div style='flex: 1 1 100%;'>\n<div style='border: 1px solid rgba(150&comma;150&comma;150&comma;0.4); border-radius: 8px; overflow: hidden; display: flex; flex-direction: column;'>\n<div style='padding: 15px; border-bottom: 1px solid rgba(150&comma;150&comma;150&comma;0.2); font-weight: bold; font-size: 18px; color: inherit; background-color: rgba(255&comma;0&comma;0&comma;0.8); color: white;'> M\u00f3dulos opcionales (M\u00e1ximo 8): <\/div>\n<div style='padding: 15px; color: inherit;'>\n<ul style='padding-left: 20px; margin: 0; font-size: 14px; list-style-type: disc;'>\n<li style='margin-bottom: 5px;'><a style='color: inherit; text-decoration: underline;' href='https:\/\/www.syscom.mx\/producto\/DS-KD-E-HIKVISION-170769.html'>DS-KD-E<\/a>: Lector de tarjetas PROX EM (125 Khz)<\/li>\n<li style='margin-bottom: 5px;'><a style='color: inherit; text-decoration: underline;' href='https:\/\/www.syscom.mx\/producto\/DS-KD-KP-HIKVISION-168342.html'>DS-KD-KP<\/a>: Teclado num\u00e9rico para marcar o acceso por pin (pin limitado a 16 p\u00fablicos)<\/li>\n<li style='margin-bottom: 5px;'><a style='color: inherit; text-decoration: underline;' href='https:\/\/www.syscom.mx\/producto\/DS-KD-KK-HIKVISION-168343.html'>DS-KD-KK<\/a>: 6 botones de llamado adicionales<\/li>\n<li style='margin-bottom: 5px;'><a style='color: inherit; text-decoration: underline;' href='https:\/\/www.syscom.mx\/producto\/DS-KD-IN-HIKVISION-170770.html'>DS-KD-IN<\/a>: Indicador estatus de llamada\/apertura<\/li>\n<li style='margin-bottom: 5px;'><a style='color: inherit; text-decoration: underline;' href='https:\/\/www.syscom.mx\/producto\/DS-KD-BK-HIKVISION-170766.html'>DS-KD-BK<\/a>: Tapa ciega<\/li>\n<\/ul><\/div>\n<\/p><\/div>\n<\/p><\/div>\n<\/p><\/div>\n<p> <!-- Caracter\u00edsticas Destacadas --> <\/p>\n<div style='display: flex; flex-wrap: wrap; margin-bottom: 30px;'>\n<div style='flex: 1 1 100%;'>\n<div style='border: 1px solid rgba(150&comma;150&comma;150&comma;0.4); border-radius: 8px; overflow: hidden; display: flex; flex-direction: column;'>\n<div style='padding: 15px; border-bottom: 1px solid rgba(150&comma;150&comma;150&comma;0.2); font-weight: bold; font-size: 18px; color: inherit; background-color: rgba(255&comma;0&comma;0&comma;0.8); color: white;'> Caracter\u00edsticas Destacadas: <\/div>\n<div style='padding: 15px; color: inherit;'>\n<ul style='padding-left: 20px; margin: 0; font-size: 14px; list-style-type: disc;'>\n<li style='margin-bottom: 5px;'>Sistema multiapartamento recomendado para edificios residenciales&comma; apartamentos y oficinas<\/li>\n<li style='margin-bottom: 5px;'>Control de acceso a trav\u00e9s de tarjeta EM&comma; c\u00f3digo o apertura remota<\/li>\n<li style='margin-bottom: 5px; color: inherit; font-weight: bold;'>No es posible agregarlo directo a Hik-Connect&comma; requiere monitor IP Hikvision para su operaci\u00f3n<\/li>\n<li style='margin-bottom: 5px; color: inherit; font-weight: bold;'>Monitores compatibles:<\/li>\n<li style='margin-bottom: 5px;'><a style='color: inherit; text-decoration: underline;' href='https:\/\/www.syscom.mx\/principal\/searchcont?route=DS-KH6220-LE1-HIKVISION-189752&#038;autodetect=dskh6220'>DS-KH6220-LE1<\/a> (solo local&comma; sin llamada a la App)<\/li>\n<li style='margin-bottom: 5px;'><a style='color: inherit; text-decoration: underline;' href='https:\/\/www.syscom.mx\/principal\/searchcont?route=DS-KH6320-WTE1-HIKVISION-170761&#038;autodetect=DSKH6310'>DS-KH6320-WTE1<\/a><\/li>\n<li style='margin-bottom: 5px;'><a style='color: inherit; text-decoration: underline;' href='https:\/\/www.syscom.mx\/principal\/searchcont?route=DS-KH8520-WTE1-HIKVISION-170927&#038;autodetect=DSKH'>DS-KH8520-WTE1<\/a><\/li>\n<li style='margin-bottom: 5px;'><a style='color: inherit; text-decoration: underline;' href='https:\/\/www.syscom.mx\/principal\/searchcont?route=DS-KH9510-WTE1-HIKVISION-194544&#038;autodetect=dskh9'>DS-KH9510-WTE1<\/a><\/li>\n<li style='margin-bottom: 5px;'><a style='color: inherit; text-decoration: underline;' href='https:\/\/www.syscom.mx\/producto\/DS-KD-KP-HIKVISION-168342.html'>DS-KD-KP<\/a>)<\/li>\n<li style='margin-bottom: 5px;'><strong>Soporta 6 monitores por cada departamento<\/strong> (1 Principal y 5 extensiones). Todos timbran al mismo tiempo.<\/li>\n<li style='margin-bottom: 5px;'><strong>Soporta 17 frentes de calle en total<\/strong> (1 principal y 16 esclavos)<\/li>\n<\/ul><\/div>\n<\/p><\/div>\n<\/p><\/div>\n<\/p><\/div>\n<p> <!-- Soporte T\u00e9cnico --> <\/p>\n<div style='display: flex; flex-wrap: wrap; margin-bottom: 30px;'>\n<div style='flex: 1 1 100%;'>\n<div style='border: 1px solid rgba(150&comma;150&comma;150&comma;0.4); border-radius: 8px; overflow: hidden; display: flex; flex-direction: column;'>\n<div style='padding: 15px; border-bottom: 1px solid rgba(150&comma;150&comma;150&comma;0.2); font-weight: bold; font-size: 18px; color: inherit; background-color: rgba(255&comma;0&comma;0&comma;0.8); color: white;'> Soporte T\u00e9cnico: <\/div>\n<div style='padding: 15px; color: inherit;'>\n<ul style='padding-left: 20px; margin: 0; font-size: 14px; list-style-type: disc;'>\n<li style='margin-bottom: 5px;'>Si requiere soporte t\u00e9cnico de clic <a style='color: inherit; text-decoration: underline;' href='https:\/\/soporte.syscom.mx\/es\/articles\/10706576-hikvision-repositorio-configuracion-videoporteros' target='_blank' rel='noopener'>aqu\u00ed<\/a><\/li>\n<li style='margin-bottom: 5px;'>El correcto funcionamiento del Wi-Fi depende totalmente del sitio&comma; interferencias&comma; obst\u00e1culos f\u00edsicos&comma; distancia al router&comma; entre otros.<\/li>\n<\/ul><\/div>\n<\/p><\/div>\n<\/p><\/div>\n<\/p><\/div>\n<p> <!-- Separador --> <\/p>\n<hr style='border: 0; border-top: 1px solid rgba(150&comma;150&comma;150&comma;0.3); margin: 30px 0;'> <!-- Diagramas --> <\/p>\n<div style='display: flex; flex-wrap: wrap; margin-bottom: 30px;'>\n<div style='width: 100%; text-align: center; margin-bottom: 20px;'> <strong style='font-size: 24px; display: block; margin-bottom: 15px;'>Ejemplo de conexi\u00f3n de una cerradura magnetica o electrica:<\/strong> <\/div>\n<div style='width: 100%; display: flex; flex-wrap: wrap; gap: 15px; justify-content: center;'> <img style='width: 100%; max-width: 500px; height: auto; border: 1px solid rgba(150&comma;150&comma;150&comma;0.3); border-radius: 8px;' src='https:\/\/downloads.intercomcdn.com\/i\/o\/qdpt3rxn\/1406813573\/860175acb5f95be60252993d75b3\/image.png' alt='Diagrama t\u00e9cnico'> <img style='width: 100%; max-width: 500px; height: auto; border: 1px solid rgba(150&comma;150&comma;150&comma;0.3); border-radius: 8px;' src='https:\/\/ftp3.syscom.mx\/usuarios\/rcovarrubias\/videoporteros\/Videoportero%202daG.png' alt='Videoportero 2da Generaci\u00f3n'> <img style='width: 100%; max-width: 500px; height: auto; border: 1px solid rgba(150&comma;150&comma;150&comma;0.3); border-radius: 8px;' src='https:\/\/ftp3.syscom.mx\/usuarios\/fespinoza\/HIKVISION\/Dispositivos\/Videoporteros\/HIKVISION-VIDEOPORTEROS.png' alt='Videoporteros Hikvision'> <\/div>\n<\/p><\/div>\n<\/p><\/div>\n","protected":false},"excerpt":{"rendered":"<p>Frente de calle IP 2 Megapixel para Videoportero Modular \/ PoE \/ Angulo 146\u00b0 \/ Ultra Baja Iluminaci\u00f3n \/ Exterior IP65 \/ WDR 120 dB<\/p>\n","protected":false},"featured_media":104347,"comment_status":"open","ping_status":"closed","template":"","meta":[],"product_brand":[],"product_cat":[856],"product_tag":[54,557,857],"class_list":{"0":"post-104348","1":"product","2":"type-product","3":"status-publish","4":"has-post-thumbnail","6":"product_cat-videoporteros-ip","7":"product_tag-hikvision","8":"product_tag-videoporteros-e-interfonos","9":"product_tag-videoporteros-ip","11":"first","12":"instock","13":"sale","14":"shipping-taxable","15":"purchasable","16":"product-type-simple"},"_links":{"self":[{"href":"https:\/\/soydeaqui.ddns.net\/pachuca\/index.php\/wp-json\/wp\/v2\/product\/104348","targetHints":{"allow":["GET"]}}],"collection":[{"href":"https:\/\/soydeaqui.ddns.net\/pachuca\/index.php\/wp-json\/wp\/v2\/product"}],"about":[{"href":"https:\/\/soydeaqui.ddns.net\/pachuca\/index.php\/wp-json\/wp\/v2\/types\/product"}],"replies":[{"embeddable":true,"href":"https:\/\/soydeaqui.ddns.net\/pachuca\/index.php\/wp-json\/wp\/v2\/comments?post=104348"}],"wp:featuredmedia":[{"embeddable":true,"href":"https:\/\/soydeaqui.ddns.net\/pachuca\/index.php\/wp-json\/wp\/v2\/media\/104347"}],"wp:attachment":[{"href":"https:\/\/soydeaqui.ddns.net\/pachuca\/index.php\/wp-json\/wp\/v2\/media?parent=104348"}],"wp:term":[{"taxonomy":"product_brand","embeddable":true,"href":"https:\/\/soydeaqui.ddns.net\/pachuca\/index.php\/wp-json\/wp\/v2\/product_brand?post=104348"},{"taxonomy":"product_cat","embeddable":true,"href":"https:\/\/soydeaqui.ddns.net\/pachuca\/index.php\/wp-json\/wp\/v2\/product_cat?post=104348"},{"taxonomy":"product_tag","embeddable":true,"href":"https:\/\/soydeaqui.ddns.net\/pachuca\/index.php\/wp-json\/wp\/v2\/product_tag?post=104348"}],"curies":[{"name":"wp","href":"https:\/\/api.w.org\/{rel}","templated":true}]}}