{"id":104331,"date":"2026-03-20T14:27:26","date_gmt":"2026-03-20T14:27:26","guid":{"rendered":"https:\/\/soydeaqui.ddns.net\/pachuca\/index.php\/producto\/ssd-dvr-2-megapixel-1080p-lite-4-canales-turbohd-1-canal-ip-15-dias-de-grabacion-unidad-de-estado-solido-incluido-h-265-acusense-lite-evita-falsas-alarmas-diseno-ultra-compacto\/"},"modified":"2026-03-20T14:27:45","modified_gmt":"2026-03-20T14:27:45","slug":"ssd-dvr-2-megapixel-1080p-lite-4-canales-turbohd-1-canal-ip-15-dias-de-grabacion-unidad-de-estado-solido-incluido-h-265-acusense-lite-evita-falsas-alarmas-diseno-ultra-compacto","status":"publish","type":"product","link":"https:\/\/soydeaqui.ddns.net\/pachuca\/index.php\/producto\/ssd-dvr-2-megapixel-1080p-lite-4-canales-turbohd-1-canal-ip-15-dias-de-grabacion-unidad-de-estado-solido-incluido-h-265-acusense-lite-evita-falsas-alarmas-diseno-ultra-compacto\/","title":{"rendered":"(SSD) DVR 2 Megap\u00edxel (1080p) Lite \/ 4 Canales TurboHD + 1 Canal IP \/ 15 D\u00edas de Grabaci\u00f3n \/ Unidad de Estado Solido Incluido \/ H.265+ \/ Acusense Lite (Evita Falsas Alarmas) \/ Dise\u00f1o Ultra Compacto \/ Extra Silencioso  \/ eSSD de"},"content":{"rendered":"<div style=\"width: 100%; max-width: 1200px; margin: 0 auto; font-family: sans-serif; line-height: 1.6; color: inherit; background-color: transparent;\"><!-- Imagen principal --> <\/p>\n<div style=\"width: 100%; margin-bottom: 30px;\"><img decoding=\"async\" style=\"width: 100%; height: auto; border: 1px solid rgba(150&comma;150&comma;150&comma;0.3); border-radius: 8px;\" src=\"https:\/\/ftp3.syscom.mx\/usuarios\/nicolas.jimenez\/essd.png\" alt=\"\" \/><\/div>\n<p> <!-- Videos --> <\/p>\n<div style=\"display: flex; flex-wrap: wrap; gap: 30px; margin-bottom: 30px;\">\n<div style=\"flex: 1 1 400px; min-width: 300px;\">\n<div style=\"position: relative; padding-bottom: 56.25%; height: 0; overflow: hidden; margin-bottom: 15px;\"> <\/div>\n<h3 style=\"font-size: 18px; text-align: center; margin: 0; color: inherit; opacity: 0.8;\">Grabadores con Unidad de Almacenamiento de Estado Solido<\/h3>\n<\/p><\/div>\n<div style=\"flex: 1 1 400px; min-width: 300px;\">\n<div style=\"position: relative; padding-bottom: 56.25%; height: 0; overflow: hidden; margin-bottom: 15px;\"> <\/div>\n<h3 style=\"font-size: 18px; text-align: center; margin: 0; color: inherit; opacity: 0.8;\">Unboxing Grabadores con Unidad de Almacenamiento de Estado Solido<\/h3>\n<\/p><\/div>\n<\/p><\/div>\n<p> <!-- Im\u00e1genes adicionales --> <\/p>\n<div style=\"display: flex; flex-wrap: wrap; gap: 30px; margin-bottom: 30px;\">\n<div style=\"flex: 1 1 400px; min-width: 300px;\"><img decoding=\"async\" style=\"width: 100%; height: auto; border: 1px solid rgba(150&comma;150&comma;150&comma;0.3); border-radius: 8px;\" src=\"https:\/\/ftp3.syscom.mx\/usuarios\/nicolas.jimenez\/DVR%20vs%20eDVR.jpg\" alt=\"\" \/><\/div>\n<div style=\"flex: 1 1 400px; min-width: 300px;\"><img decoding=\"async\" style=\"width: 100%; height: auto; border: 1px solid rgba(150&comma;150&comma;150&comma;0.3); border-radius: 8px;\" src=\"https:\/\/ftp3.syscom.mx\/usuarios\/nicolas.jimenez\/eSSD.jpg\" alt=\"\" \/><\/div>\n<\/p><\/div>\n<p> <!-- Caracter\u00edsticas principales --> <\/p>\n<div style=\"display: flex; flex-wrap: wrap; gap: 20px; margin-bottom: 30px;\">\n<div style=\"flex: 1 1 350px; min-width: 280px; border: 1px solid rgba(150&comma; 150&comma; 150&comma; 0.4); border-radius: 8px; overflow: hidden;\">\n<div style=\"padding: 15px; border-bottom: 1px solid rgba(150&comma; 150&comma; 150&comma; 0.2); font-weight: bold; font-size: 18px; color: inherit;\">Caracter&iacute;sticas principales<\/div>\n<div style=\"padding: 15px; color: inherit;\">\n<ul style=\"padding-left: 20px; margin: 0; font-size: 14px; list-style-type: disc;\">\n<li style=\"margin-bottom: 5px;\">Soporte de tecnolog&iacute;as: HD-TVI \/ HD-CVI \/ AHD \/ Anal&oacute;gico (CVBS) \/ IP.<\/li>\n<li style=\"margin-bottom: 5px;\">Software cliente iVMS-4200 (gratuito).<\/li>\n<li style=\"margin-bottom: 5px;\">Compatible con Hik-Connect (P2P). <a style=\"color: inherit; text-decoration: underline;\" href=\"https:\/\/appstore.hikvision.com\/\" target=\"_blank\" rel=\"noopener\">https:\/\/appstore.hikvision.com\/<\/a><\/li>\n<li style=\"margin-bottom: 5px;\">Soporta servicio Hik-connect Domain \/ DynDNS \/ NO-IP.<\/li>\n<li style=\"margin-bottom: 5px;\">Soporta 4 canales TURBOHD \/ anal&oacute;gicos + 1 canal IP = 5 canales en total.\n<ul style=\"margin-top: 5px; margin-bottom: 5px; padding-left: 20px; list-style-type: disc;\">\n<li style=\"margin-bottom: 5px;\">HD-TVI: 1080P Lite @ 30 IPS.<\/li>\n<li style=\"margin-bottom: 5px;\">HD-CVI: 1080P Lite @ 30 IPS.<\/li>\n<li style=\"margin-bottom: 5px;\">CVBS: WD1 @ 30 IPS.<\/li>\n<li style=\"margin-bottom: 5px;\">AHD: 1080P Lite @ 30 IPS.<\/li>\n<li style=\"margin-bottom: 5px;\">IP: 2 Megapixel (1080p).<\/li>\n<\/ul>\n<\/li>\n<li style=\"margin-bottom: 5px;\">H.265 Pro+ \/ H.265 Pro \/ H.265 \/ H.264+ \/ H.264.<\/li>\n<\/ul><\/div>\n<\/p><\/div>\n<p> <!-- Caracter\u00edsticas F\u00edsicas y El\u00e9ctricas --> <\/p>\n<div style=\"flex: 1 1 350px; min-width: 280px; border: 1px solid rgba(150&comma; 150&comma; 150&comma; 0.4); border-radius: 8px; overflow: hidden;\">\n<div style=\"padding: 15px; border-bottom: 1px solid rgba(150&comma; 150&comma; 150&comma; 0.2); font-weight: bold; font-size: 18px; color: inherit;\">Caracter&iacute;sticas F&iacute;sicas y El&eacute;ctricas<\/div>\n<div style=\"padding: 15px; color: inherit;\">\n<ul style=\"padding-left: 20px; margin: 0; font-size: 14px; list-style-type: disc;\">\n<li style=\"margin-bottom: 5px;\">Alimentaci&oacute;n: 12 Vcc \/ 1 A.<\/li>\n<li style=\"margin-bottom: 5px;\">Consumo de energ&iacute;a: 5.4W.<\/li>\n<li style=\"margin-bottom: 5px;\">Temperatura de operaci&oacute;n: -10 &ordm;C hasta 45 &ordm;C<\/li>\n<li style=\"margin-bottom: 5px;\">Dimensiones: 151 &times; 121 &times; 46 mm (W &times; D &times; H)<\/li>\n<li style=\"margin-bottom: 5px;\">Peso: 0.5Kg.<\/li>\n<li style=\"margin-bottom: 5px;\">Garant&iacute;a: 3 a&ntilde;os.<\/li>\n<\/ul><\/div>\n<\/p><\/div>\n<p> <!-- Interfaces Entradas \/ Salidas --> <\/p>\n<div style=\"flex: 1 1 350px; min-width: 280px; border: 1px solid rgba(150&comma; 150&comma; 150&comma; 0.4); border-radius: 8px; overflow: hidden;\">\n<div style=\"padding: 15px; border-bottom: 1px solid rgba(150&comma; 150&comma; 150&comma; 0.2); font-weight: bold; font-size: 18px; color: inherit;\">Interfaces Entradas \/ Salidas<\/div>\n<div style=\"padding: 15px; color: inherit;\">\n<ul style=\"padding-left: 20px; margin: 0; font-size: 14px; list-style-type: disc;\">\n<li style=\"margin-bottom: 5px;\">Salida de video:\n<ul style=\"margin-top: 5px; margin-bottom: 5px; padding-left: 20px; list-style-type: disc;\">\n<li style=\"margin-bottom: 5px;\">HDMI: 1080p \/ 720p.<\/li>\n<li style=\"margin-bottom: 5px;\">VGA: 1080p \/ 720p.<\/li>\n<\/ul>\n<\/li>\n<li style=\"margin-bottom: 5px;\">Entrada audio RCA : N\/A.<\/li>\n<li style=\"margin-bottom: 5px;\">Entradas de audio por coaxitron: 4<\/li>\n<li style=\"margin-bottom: 5px;\">Salida audio: N\/A.<\/li>\n<li style=\"margin-bottom: 5px;\">Entrada alarma: N\/A<\/li>\n<li style=\"margin-bottom: 5px;\">Salida alarma: N\/A<\/li>\n<li style=\"margin-bottom: 5px;\">Interfaz red: 1 puertos (RJ-45 10\/100 Mbps).<\/li>\n<li style=\"margin-bottom: 5px;\"><strong>Disco duro: Incluye disco duro eSSD 300 GB ya instalado.<\/strong><\/li>\n<\/ul><\/div>\n<\/p><\/div>\n<\/p><\/div>\n<p> <!-- Consideraciones --> <\/p>\n<div style=\"border: 1px solid rgba(150&comma; 150&comma; 150&comma; 0.4); border-radius: 8px; overflow: hidden; margin-bottom: 30px;\">\n<div style=\"padding: 15px; border-bottom: 1px solid rgba(150&comma; 150&comma; 150&comma; 0.2); font-weight: bold; font-size: 18px; color: inherit;\">Consideraciones<\/div>\n<div style=\"padding: 15px; color: inherit;\">\n<ul style=\"padding-left: 20px; margin: 0; font-size: 14px; list-style-type: disc;\">\n<li style=\"margin-bottom: 5px;\">El audio se recibe &uacute;nicamente por la se&ntilde;al TVI<\/li>\n<li style=\"margin-bottom: 5px;\"><span style=\"background-color: #f7ff0c; color: inherit;\">Cuenta con AcuSense para filtrar humanos y veh&iacute;culos por detecci&oacute;n de movimiento<\/span> (No cuenta con videoanal&iacute;ticos como cruces de l&iacute;nea \/ entrada de &aacute;rea)<\/li>\n<li style=\"margin-bottom: 5px;\">Para conectar los canales IP requiere utilizar un switch\/switch PoE (No Incluido)<\/li>\n<li style=\"margin-bottom: 5px;\">No soporta canal cero.<\/li>\n<li style=\"margin-bottom: 5px;\">No es compatible con control remoto<\/li>\n<li style=\"margin-bottom: 5px;\">No permite deshabilitar canales turboHD<\/li>\n<\/ul><\/div>\n<\/p><\/div>\n<p> <!-- Recursos --> <\/p>\n<div style=\"margin-bottom: 30px;\">\n<h2 style=\"font-size: 24px; text-align: center; margin-bottom: 30px; color: inherit; opacity: 0.8;\">Recursos<\/h2>\n<div style=\"display: flex; flex-wrap: wrap; gap: 20px; justify-content: center;\">\n<div style=\"flex: 1 1 250px; min-width: 200px;\"><a style=\"text-decoration: none; color: inherit;\" href=\"https:\/\/www.hikvision.com\/es-la\/support\/download\/software\/ivms4200-series\/?q=serie%20ivms4200&amp;position=1\" target=\"_blank\" rel=\"noopener\"> <img decoding=\"async\" style=\"width: 100%; height: auto; border: 1px solid rgba(150&comma;150&comma;150&comma;0.3); border-radius: 8px; margin-bottom: 10px;\" src=\"https:\/\/ftp3.syscom.mx\/usuarios\/gmagos\/HIK\/IP\/IPC\/Imagenes%20pagina\/Descargas%20IVMS4200.jpg\" alt=\"\" \/><\/a> <\/p>\n<p style=\"text-align: center; margin: 0;\">Descargas IVMS4200<\/p>\n<\/p><\/div>\n<div style=\"flex: 1 1 250px; min-width: 200px;\"><a style=\"text-decoration: none; color: inherit;\" href=\"https:\/\/appstore.hikvision.com\/\" target=\"_blank\" rel=\"noopener\"> <img decoding=\"async\" style=\"width: 100%; height: auto; border: 1px solid rgba(150&comma;150&comma;150&comma;0.3); border-radius: 8px; margin-bottom: 10px;\" src=\"https:\/\/ftp3.syscom.mx\/usuarios\/gmagos\/HIK\/IP\/IPC\/Imagenes%20pagina\/Descargas%20de%20app.jpg\" alt=\"\" \/><\/a> <\/p>\n<p style=\"text-align: center; margin: 0;\">Descargas de app<\/p>\n<\/p><\/div>\n<div style=\"flex: 1 1 250px; min-width: 200px;\"><a style=\"text-decoration: none; color: inherit;\" href=\"https:\/\/ftp3.syscom.mx\/usuarios\/ftp\/2022\/09\/23\/e4db7\/Especificaci%C3%B3nes%20T%C3%A9cnicas%20-%20DS-E04HGHI-B.pdf\" target=\"_blank\" rel=\"noopener\"> <img decoding=\"async\" style=\"width: 100%; height: auto; border: 1px solid rgba(150&comma;150&comma;150&comma;0.3); border-radius: 8px; margin-bottom: 10px;\" src=\"https:\/\/ftp3.syscom.mx\/usuarios\/gmagos\/HIK\/IP\/IPC\/Imagenes%20pagina\/Descarga%20de%20PDF.jpg\" alt=\"\" \/><\/a> <\/p>\n<p style=\"text-align: center; margin: 0;\">Descarga de PDF<\/p>\n<\/p><\/div>\n<\/p><\/div>\n<\/p><\/div>\n<p> <!-- Im\u00e1genes adicionales finales --> <\/p>\n<div style=\"display: flex; flex-wrap: wrap; gap: 30px; margin-bottom: 30px;\">\n<div style=\"width: 100%;\"><img decoding=\"async\" style=\"width: 100%; height: auto; border: 1px solid rgba(150&comma;150&comma;150&comma;0.3); border-radius: 8px;\" src=\"https:\/\/ftp3.syscom.mx\/usuarios\/fotos\/S04TURBOG3\/195128-explicaci&oacute;n_acusense_turbohd.jpeg\" alt=\"\" \/><\/div>\n<div style=\"width: 100%;\"><img decoding=\"async\" style=\"width: 100%; height: auto; border: 1px solid rgba(150&comma;150&comma;150&comma;0.3); border-radius: 8px;\" src=\"https:\/\/ftp3.syscom.mx\/usuarios\/jsosa\/HIKVISION\/imagenes\/banners\/solution%20complete.png\" alt=\"\" \/><\/div>\n<\/p><\/div>\n<\/p><\/div>\n","protected":false},"excerpt":{"rendered":"<p>(SSD) DVR 2 Megap\u00edxel (1080p) Lite \/ 4 Canales TurboHD + 1 Canal IP \/ 15 D\u00edas de Grabaci\u00f3n \/ Unidad de Estado Solido Incluido \/ H.265+ \/ Acusense Lite (Evita Falsas Alarmas) \/ Dise\u00f1o Ultra Compacto \/ Extra Silencioso  \/ eSSD de<\/p>\n","protected":false},"featured_media":104330,"comment_status":"open","ping_status":"closed","template":"","meta":[],"product_brand":[],"product_cat":[2254],"product_tag":[2255,54,2256],"class_list":{"0":"post-104331","1":"product","2":"type-product","3":"status-publish","4":"has-post-thumbnail","6":"product_cat-videograbadoras-analogicas-turbohd-tvi-ahd-cvi","7":"product_tag-camaras-y-dvrs-hd-turbohd-ahd-hd-tvi","8":"product_tag-hikvision","9":"product_tag-videograbadoras-analogicas-turbohd-tvi-ahd-cvi","11":"first","12":"instock","13":"sale","14":"shipping-taxable","15":"purchasable","16":"product-type-simple"},"_links":{"self":[{"href":"https:\/\/soydeaqui.ddns.net\/pachuca\/index.php\/wp-json\/wp\/v2\/product\/104331","targetHints":{"allow":["GET"]}}],"collection":[{"href":"https:\/\/soydeaqui.ddns.net\/pachuca\/index.php\/wp-json\/wp\/v2\/product"}],"about":[{"href":"https:\/\/soydeaqui.ddns.net\/pachuca\/index.php\/wp-json\/wp\/v2\/types\/product"}],"replies":[{"embeddable":true,"href":"https:\/\/soydeaqui.ddns.net\/pachuca\/index.php\/wp-json\/wp\/v2\/comments?post=104331"}],"wp:featuredmedia":[{"embeddable":true,"href":"https:\/\/soydeaqui.ddns.net\/pachuca\/index.php\/wp-json\/wp\/v2\/media\/104330"}],"wp:attachment":[{"href":"https:\/\/soydeaqui.ddns.net\/pachuca\/index.php\/wp-json\/wp\/v2\/media?parent=104331"}],"wp:term":[{"taxonomy":"product_brand","embeddable":true,"href":"https:\/\/soydeaqui.ddns.net\/pachuca\/index.php\/wp-json\/wp\/v2\/product_brand?post=104331"},{"taxonomy":"product_cat","embeddable":true,"href":"https:\/\/soydeaqui.ddns.net\/pachuca\/index.php\/wp-json\/wp\/v2\/product_cat?post=104331"},{"taxonomy":"product_tag","embeddable":true,"href":"https:\/\/soydeaqui.ddns.net\/pachuca\/index.php\/wp-json\/wp\/v2\/product_tag?post=104331"}],"curies":[{"name":"wp","href":"https:\/\/api.w.org\/{rel}","templated":true}]}}