{"id":104324,"date":"2026-03-20T14:27:04","date_gmt":"2026-03-20T14:27:04","guid":{"rendered":"https:\/\/soydeaqui.ddns.net\/pachuca\/index.php\/producto\/kit-de-montaje-de-tripie-con-mastil-de-3-metros-ideal-para-instalar-antenas-radios-camaras-etc\/"},"modified":"2026-03-20T14:27:21","modified_gmt":"2026-03-20T14:27:21","slug":"kit-de-montaje-de-tripie-con-mastil-de-3-metros-ideal-para-instalar-antenas-radios-camaras-etc","status":"publish","type":"product","link":"https:\/\/soydeaqui.ddns.net\/pachuca\/index.php\/producto\/kit-de-montaje-de-tripie-con-mastil-de-3-metros-ideal-para-instalar-antenas-radios-camaras-etc\/","title":{"rendered":"Kit de Montaje de Tripie con M\u00e1stil de 3 metros Ideal para instalar Antenas, Radios, C\u00e1maras, etc&#8230;"},"content":{"rendered":"<div style='width: 100%; max-width: 1200px; margin: 0 auto; font-family: sans-serif; line-height: 1.6; color: inherit; background-color: transparent;'>\n<div style='display: flex; flex-wrap: wrap; gap: 30px; margin-bottom: 30px;'>\n<div style='flex: 1 1 300px; min-width: 280px;'>\n<h3 style='font-size: 22px; border-bottom: 2px solid currentColor; padding-bottom: 5px; margin-top: 0; color: inherit; opacity: 0.8;'>Descripci\u00f3n<\/h3>\n<p style='margin-top: 0; margin-bottom: 15px; color: inherit;'>El Nuevo Kit de montaje de tripie con m\u00e1stil de 3 metros es ideal para instalar Antenas&comma; Radios&comma; C\u00e1maras&comma; etc&#8230;<\/p>\n<p style='margin-top: 0; margin-bottom: 15px; color: inherit;'>Incluye nuestro montaje de tripie para exterior modelo <a style='color: inherit; text-decoration: underline; font-weight: 600;' href='https:\/\/www.syscom.mx\/principal\/searchcont?route=LP-TP-2-LINKEDPRO-BY-EPCOM-195973&#038;autodetect=lptp2'>LP-TP-2<\/a> con el m\u00e1stil de 3 metros <a style='color: inherit; text-decoration: underline; font-weight: 600;' href='https:\/\/www.syscom.mx\/principal\/searchcont?route=SLM-3-SYSCOM-TOWERS-30251&#038;autodetect=SLM-3'>SLM-3<\/a> Esto para hacer una instalaci\u00f3n mucho m\u00e1s rapida y limpia en los lugares donde no hay donde instalar.<\/p>\n<\/p><\/div>\n<\/p><\/div>\n<div style='display: flex; flex-wrap: wrap; gap: 20px; margin-bottom: 30px;'>\n<div style='flex: 1 1 250px; border: 1px solid rgba(150&comma; 150&comma; 150&comma; 0.4); border-radius: 8px; overflow: hidden; display: flex; flex-direction: column;'>\n<div style='padding: 15px; border-bottom: 1px solid rgba(150&comma; 150&comma; 150&comma; 0.2); font-weight: bold; font-size: 18px; color: inherit;'>Caracter\u00edsticas Generales<\/div>\n<div style='padding: 15px; color: inherit;'>\n<ul style='padding-left: 20px; margin: 0; font-size: 14px; list-style-type: disc;'>\n<li style='margin-bottom: 5px;'>Montaje de Tripie para exterior.<\/li>\n<li style='margin-bottom: 5px;'>Tripie de Material Acero Galvanizado.<\/li>\n<li style='margin-bottom: 5px;'>Altura total del tripie 1.52 m.<\/li>\n<li style='margin-bottom: 5px;'>M\u00e1stil de 3 metros&comma; 1-1\/4&#8242; di\u00e1metro.<\/li>\n<li style='margin-bottom: 5px;'>Tubo industrial galvanizado en caliente calibre 20.<\/li>\n<li style='margin-bottom: 5px;'>Tubo de 3 metros de altura<\/li>\n<li style='margin-bottom: 5px;'>Peso del Tubo: 2.11 Kg.<\/li>\n<li style='margin-bottom: 5px;'>Se recomienda para equipos menores a 6 Kg. y antenas de plato menores a 25 cm. de di\u00e1metro.<\/li>\n<\/ul><\/div>\n<\/p><\/div>\n<div style='flex: 1 1 250px; border: 1px solid rgba(150&comma; 150&comma; 150&comma; 0.4); border-radius: 8px; overflow: hidden; display: flex; flex-direction: column;'>\n<div style='padding: 15px; border-bottom: 1px solid rgba(150&comma; 150&comma; 150&comma; 0.2); font-weight: bold; font-size: 18px; color: inherit;'>Nota t\u00e9cnica<\/div>\n<div style='padding: 15px; color: inherit;'>\n<ul style='padding-left: 20px; margin: 0; font-size: 14px; list-style-type: disc;'>\n<li style='margin-bottom: 5px;'>El uso de m\u00e1stiles est\u00e1 limitado a las capacidades de carga y \u00e1rea se\u00f1alada en cada m\u00e1stil.<\/li>\n<li style='margin-bottom: 5px;'>Todo m\u00e1stil debe ser sujeto con retenida o al menos alambre galvanizado de un buen calibre.<\/li>\n<li style='margin-bottom: 5px;'>No se debe de escalar directamente ni apoyar escaleras sobre este m\u00e1stil telesc\u00f3pico.<\/li>\n<li style='margin-bottom: 5px;'>Para el ajuste de equipo instalado en dicho m\u00e1stil se recomienda usar escalera tipo escalera o andamios&comma; \u00e9sto en su posici\u00f3n retraida a la altura m\u00ednima de 3 metros correspondiente a la primer secci\u00f3n.<\/li>\n<\/ul><\/div>\n<\/p><\/div>\n<\/p><\/div>\n<div style='display: flex; flex-wrap: wrap; gap: 30px; margin-bottom: 30px;'>\n<div style='flex: 1 1 300px; min-width: 280px;'>\n<div style='border: 1px solid rgba(150&comma; 150&comma; 150&comma; 0.4); border-radius: 8px; overflow: hidden;'>\n<div style='padding: 15px; border-bottom: 1px solid rgba(150&comma; 150&comma; 150&comma; 0.2); font-weight: bold; font-size: 18px; color: #ed0808;'>Advertencia<\/div>\n<div style='padding: 15px; color: inherit;'>\n<ul style='padding-left: 20px; margin: 0; font-size: 14px; list-style-type: disc;'>\n<li style='margin-bottom: 5px; color: #ed0808;'>El galvanizado electrol\u00edtico no es recomendado para zonas h\u00famedas&comma; ambientes salitrosos y\/o corrosivos como costas&comma; presas o parques industriales con liberaci\u00f3n de gases (<a style='color: #ed0808; text-decoration: underline;' href='https:\/\/ftp3.syscom.mx\/usuarios\/dcarreon\/TORRES\/GALVANIZADO%20EN%20M%C3%89XICO%20(1).png' target='_blank' rel='noopener'>VER MAPA DE \u00c1REAS<\/a>).<\/li>\n<\/ul><\/div>\n<\/p><\/div>\n<\/p><\/div>\n<\/p><\/div>\n<div style='position: relative; padding-bottom: 56.25%; height: 0; overflow: hidden; margin-bottom: 30px;'>   <\/div>\n<\/p><\/div>\n","protected":false},"excerpt":{"rendered":"<p>Kit de Montaje de Tripie con M\u00e1stil de 3 metros Ideal para instalar Antenas, Radios, C\u00e1maras, etc&#8230;<\/p>\n","protected":false},"featured_media":104323,"comment_status":"open","ping_status":"closed","template":"","meta":[],"product_brand":[],"product_cat":[416],"product_tag":[417,435,418],"class_list":{"0":"post-104324","1":"product","2":"type-product","3":"status-publish","4":"has-post-thumbnail","6":"product_cat-montajes-y-brackets-para-camaras","7":"product_tag-accesorios-generales","8":"product_tag-linkedpro-by-epcom","9":"product_tag-montajes-y-brackets-para-camaras","11":"first","12":"instock","13":"sale","14":"shipping-taxable","15":"purchasable","16":"product-type-simple"},"_links":{"self":[{"href":"https:\/\/soydeaqui.ddns.net\/pachuca\/index.php\/wp-json\/wp\/v2\/product\/104324","targetHints":{"allow":["GET"]}}],"collection":[{"href":"https:\/\/soydeaqui.ddns.net\/pachuca\/index.php\/wp-json\/wp\/v2\/product"}],"about":[{"href":"https:\/\/soydeaqui.ddns.net\/pachuca\/index.php\/wp-json\/wp\/v2\/types\/product"}],"replies":[{"embeddable":true,"href":"https:\/\/soydeaqui.ddns.net\/pachuca\/index.php\/wp-json\/wp\/v2\/comments?post=104324"}],"wp:featuredmedia":[{"embeddable":true,"href":"https:\/\/soydeaqui.ddns.net\/pachuca\/index.php\/wp-json\/wp\/v2\/media\/104323"}],"wp:attachment":[{"href":"https:\/\/soydeaqui.ddns.net\/pachuca\/index.php\/wp-json\/wp\/v2\/media?parent=104324"}],"wp:term":[{"taxonomy":"product_brand","embeddable":true,"href":"https:\/\/soydeaqui.ddns.net\/pachuca\/index.php\/wp-json\/wp\/v2\/product_brand?post=104324"},{"taxonomy":"product_cat","embeddable":true,"href":"https:\/\/soydeaqui.ddns.net\/pachuca\/index.php\/wp-json\/wp\/v2\/product_cat?post=104324"},{"taxonomy":"product_tag","embeddable":true,"href":"https:\/\/soydeaqui.ddns.net\/pachuca\/index.php\/wp-json\/wp\/v2\/product_tag?post=104324"}],"curies":[{"name":"wp","href":"https:\/\/api.w.org\/{rel}","templated":true}]}}