{"id":104309,"date":"2026-03-20T14:26:24","date_gmt":"2026-03-20T14:26:24","guid":{"rendered":"https:\/\/soydeaqui.ddns.net\/pachuca\/index.php\/producto\/kit-de-bateria-para-dji-mavic-3-enterprise\/"},"modified":"2026-03-20T14:26:42","modified_gmt":"2026-03-20T14:26:42","slug":"kit-de-bateria-para-dji-mavic-3-enterprise","status":"publish","type":"product","link":"https:\/\/soydeaqui.ddns.net\/pachuca\/index.php\/producto\/kit-de-bateria-para-dji-mavic-3-enterprise\/","title":{"rendered":"Kit de bater\u00eda para DJI Mavic 3 Enterprise"},"content":{"rendered":"<div style='width: 100%; max-width: 1200px; margin: 0 auto; font-family: sans-serif; line-height: 1.6; color: inherit; background-color: transparent;'>\n<div style='display: flex; flex-wrap: wrap; gap: 30px; margin-bottom: 30px;'>\n<div style='flex: 1 1 300px; min-width: 280px;'>\n<h3 style='font-size: 22px; border-bottom: 2px solid currentColor; padding-bottom: 5px; margin-top: 0; color: inherit; opacity: 0.8;'>Caracter\u00edsticas principales<\/h3>\n<ul style='padding-left: 20px; font-size: 15px; color: inherit;'>\n<li style='margin-bottom: 5px;'>Centro de carga de bater\u00eda DJI Mavic 3 (100 W)<\/li>\n<li style='margin-bottom: 5px;'>Dimensiones: 150\u00d755\u00d728 mm (L\u00d7An\u00d7Al)<\/li>\n<li style='margin-bottom: 5px;'>Peso: 116g<\/li>\n<li style='margin-bottom: 5px;'>Temperatura de funcionamiento: 5\u00b0 a 40\u00b0 C (41\u00b0 a 104\u00b0 F)<\/li>\n<li style='margin-bottom: 5px;'>Entrada: 5-20 V&comma; m\u00e1x. 5 A<\/li>\n<li style='margin-bottom: 5px;'>Adaptador de corriente compatible: Adaptador de corriente DJI USB-C (100W)<\/li>\n<li style='margin-bottom: 5px;'>Tiempo de carga: aprox. 1 h 10 min (bater\u00eda \u00fanica)*<\/li>\n<li style='margin-bottom: 5px;'>Probado con el adaptador de corriente DJI USB-C (100 W)<\/li>\n<li style='margin-bottom: 5px; font-weight: bolder; font-size: 16px; color: inherit;'>GARANTIA DE 1 A\u00d1O CONTRA DEFECTOS DE FABRICACI\u00d3N<\/li>\n<\/ul>\n<h3 style='font-size: 22px; border-bottom: 2px solid currentColor; padding-bottom: 5px; margin-top: 20px; color: inherit; opacity: 0.8;'>Compatibilidad<\/h3>\n<ul style='padding-left: 20px; font-size: 15px; color: inherit;'>\n<li style='margin-bottom: 5px;'>Avi\u00f3n DJI Mavic 3 Enterprise Series<\/li>\n<\/ul><\/div>\n<div style='flex: 1 1 300px; min-width: 280px;'>\n<h3 style='font-size: 22px; border-bottom: 2px solid currentColor; padding-bottom: 5px; margin-top: 0; color: inherit; opacity: 0.8;'>Bater\u00eda de vuelo inteligente<\/h3>\n<ul style='padding-left: 20px; font-size: 15px; color: inherit;'>\n<li style='margin-bottom: 5px;'>Capacidad: 5000 mAh<\/li>\n<li style='margin-bottom: 5px;'>Peso: 335&comma;5g<\/li>\n<li style='margin-bottom: 5px;'>Tipo de bater\u00eda: LiPo 4S<\/li>\n<li style='margin-bottom: 5px;'>Temperatura de carga: 5\u00b0 a 40\u00b0 C (41\u00b0 a 104\u00b0 F)<\/li>\n<\/ul><\/div>\n<div style='flex: 1 1 300px; min-width: 280px;'>\n<h3 style='font-size: 22px; border-bottom: 2px solid currentColor; padding-bottom: 5px; margin-top: 0; color: inherit; opacity: 0.8;'>Contenido del paquete<\/h3>\n<ul style='padding-left: 20px; font-size: 15px; color: inherit;'>\n<li style='margin-bottom: 5px;'>Bater\u00eda de vuelo inteligente DJI Mavic 3 \u00d7 <strong>3<\/strong><\/li>\n<li style='margin-bottom: 5px;'>Concentrador de carga de bater\u00eda DJI Mavic 3 (100 W) \u00d7 <strong>1<\/strong><\/li>\n<\/ul><\/div>\n<\/p><\/div>\n<hr style='border: 0; border-top: 1px solid rgba(150&comma; 150&comma; 150&comma; 0.3); margin: 30px 0;'> <\/div>\n","protected":false},"excerpt":{"rendered":"<p>Kit de bater\u00eda para DJI Mavic 3 Enterprise<\/p>\n","protected":false},"featured_media":104308,"comment_status":"open","ping_status":"closed","template":"","meta":[],"product_brand":[],"product_cat":[2225,2223],"product_tag":[2228,2226,2227],"class_list":{"0":"post-104309","1":"product","2":"type-product","3":"status-publish","4":"has-post-thumbnail","6":"product_cat-drones-robots-e-industrial","7":"product_cat-drones","8":"product_tag-dji","9":"product_tag-drones","10":"product_tag-robots-e-industrial","12":"first","13":"instock","14":"sale","15":"shipping-taxable","16":"purchasable","17":"product-type-simple"},"_links":{"self":[{"href":"https:\/\/soydeaqui.ddns.net\/pachuca\/index.php\/wp-json\/wp\/v2\/product\/104309","targetHints":{"allow":["GET"]}}],"collection":[{"href":"https:\/\/soydeaqui.ddns.net\/pachuca\/index.php\/wp-json\/wp\/v2\/product"}],"about":[{"href":"https:\/\/soydeaqui.ddns.net\/pachuca\/index.php\/wp-json\/wp\/v2\/types\/product"}],"replies":[{"embeddable":true,"href":"https:\/\/soydeaqui.ddns.net\/pachuca\/index.php\/wp-json\/wp\/v2\/comments?post=104309"}],"wp:featuredmedia":[{"embeddable":true,"href":"https:\/\/soydeaqui.ddns.net\/pachuca\/index.php\/wp-json\/wp\/v2\/media\/104308"}],"wp:attachment":[{"href":"https:\/\/soydeaqui.ddns.net\/pachuca\/index.php\/wp-json\/wp\/v2\/media?parent=104309"}],"wp:term":[{"taxonomy":"product_brand","embeddable":true,"href":"https:\/\/soydeaqui.ddns.net\/pachuca\/index.php\/wp-json\/wp\/v2\/product_brand?post=104309"},{"taxonomy":"product_cat","embeddable":true,"href":"https:\/\/soydeaqui.ddns.net\/pachuca\/index.php\/wp-json\/wp\/v2\/product_cat?post=104309"},{"taxonomy":"product_tag","embeddable":true,"href":"https:\/\/soydeaqui.ddns.net\/pachuca\/index.php\/wp-json\/wp\/v2\/product_tag?post=104309"}],"curies":[{"name":"wp","href":"https:\/\/api.w.org\/{rel}","templated":true}]}}