{"id":104307,"date":"2026-03-20T14:26:19","date_gmt":"2026-03-20T14:26:19","guid":{"rendered":"https:\/\/soydeaqui.ddns.net\/pachuca\/index.php\/producto\/helices-de-bajo-ruido-y-maxima-altitud-para-drone-matrice30-compatible-con-m30t-serie-1676\/"},"modified":"2026-03-20T14:26:20","modified_gmt":"2026-03-20T14:26:20","slug":"helices-de-bajo-ruido-y-maxima-altitud-para-drone-matrice30-compatible-con-m30t-serie-1676","status":"publish","type":"product","link":"https:\/\/soydeaqui.ddns.net\/pachuca\/index.php\/producto\/helices-de-bajo-ruido-y-maxima-altitud-para-drone-matrice30-compatible-con-m30t-serie-1676\/","title":{"rendered":"H\u00e9lices de Bajo Ruido y M\u00e1xima Altitud para Drone MATRICE30 \/ Compatible con M30T \/ Serie 1676"},"content":{"rendered":"<div style='width: 100%; max-width: 1200px; margin: 0 auto; font-family: sans-serif; line-height: 1.6; color: inherit; background-color: transparent;'>\n<div style='display: flex; flex-wrap: wrap; gap: 30px; margin-bottom: 30px;'>\n<div style='flex: 1 1 300px; min-width: 280px;'>\n<h3 style='font-size: 22px; border-bottom: 2px solid currentColor; padding-bottom: 5px; margin-top: 0; color: inherit; opacity: 0.8;'>Caracter\u00edsticas Principales<\/h3>\n<ul style='padding-left: 20px; font-size: 15px; color: inherit;'>\n<li style='margin-bottom: 5px;'>10 KMS de transmisi\u00f3n video HD<\/li>\n<li style='margin-bottom: 5px;'>Zoom digital 32x<\/li>\n<li style='margin-bottom: 5px;'>Serie 1676<\/li>\n<li style='margin-bottom: 5px;'>Compatibilidad: M30T<\/li>\n<li style='margin-bottom: 5px;'>H\u00e9lices enterprise<\/li>\n<\/ul>\n<\/div>\n<div style='flex: 1 1 300px; min-width: 280px;'>\n<h3 style='font-size: 22px; border-bottom: 2px solid currentColor; padding-bottom: 5px; margin-top: 0; color: inherit; opacity: 0.8;'>Especificaciones T\u00e9cnicas<\/h3>\n<ul style='padding-left: 20px; font-size: 15px; color: inherit;'>\n<li style='margin-bottom: 5px;'><strong>Di\u00e1metro del disco:<\/strong> 40.6 cm (16 pulgadas)<\/li>\n<li style='margin-bottom: 5px;'><strong>Paso de la h\u00e9lice:<\/strong> 18 cm (7.1 pulgadas)<\/li>\n<li style='margin-bottom: 5px;'><strong>Contenido del paquete:<\/strong> H\u00e9lice CW \u00d7 1&comma; H\u00e9lice CCW \u00d7 1&comma; Tornillo \u00d7 6<\/li>\n<\/ul>\n<\/div>\n<\/div>\n<div style='display: flex; flex-wrap: wrap; gap: 20px; margin-bottom: 30px;'>\n<div style='flex: 1 1 250px; border: 1px solid rgba(150&comma; 150&comma; 150&comma; 0.4); border-radius: 8px; overflow: hidden; display: flex; flex-direction: column;'>\n<div style='padding: 15px; border-bottom: 1px solid rgba(150&comma; 150&comma; 150&comma; 0.2); font-weight: bold; font-size: 18px; color: inherit;'>Compatibilidad<\/div>\n<div style='padding: 15px; color: inherit;'>\n<ul style='padding-left: 20px; margin: 0; font-size: 14px; list-style-type: disc;'>\n<li style='margin-bottom: 5px;'>Matrice 30 Series<\/li>\n<\/ul>\n<\/div>\n<\/div>\n<div style='flex: 1 1 250px; border: 1px solid rgba(150&comma; 150&comma; 150&comma; 0.4); border-radius: 8px; overflow: hidden; display: flex; flex-direction: column;'>\n<div style='padding: 15px; border-bottom: 1px solid rgba(150&comma; 150&comma; 150&comma; 0.2); font-weight: bold; font-size: 18px; color: inherit;'>Recomendaciones<\/div>\n<div style='padding: 15px; color: inherit;'>\n<ul style='padding-left: 20px; margin: 0; font-size: 14px; list-style-type: disc;'>\n<li style='margin-bottom: 5px;'>Reemplazar las h\u00e9lices solo en caso de emergencia durante operaciones al aire libre<\/li>\n<li style='margin-bottom: 5px;'>Las cuchillas son afiladas&comma; manejar con cuidado<\/li>\n<\/ul>\n<\/div>\n<\/div>\n<\/div>\n<hr style='border: 0; border-top: 1px solid rgba(150&comma; 150&comma; 150&comma; 0.3); margin: 30px 0;'><\/div>\n","protected":false},"excerpt":{"rendered":"<p>H\u00e9lices de Bajo Ruido y M\u00e1xima Altitud para Drone MATRICE30 \/ Compatible con M30T \/ Serie 1676<\/p>\n","protected":false},"featured_media":104306,"comment_status":"open","ping_status":"closed","template":"","meta":[],"product_brand":[],"product_cat":[2223,2225],"product_tag":[2228,2226,2227],"class_list":{"0":"post-104307","1":"product","2":"type-product","3":"status-publish","4":"has-post-thumbnail","6":"product_cat-drones","7":"product_cat-drones-robots-e-industrial","8":"product_tag-dji","9":"product_tag-drones","10":"product_tag-robots-e-industrial","12":"first","13":"instock","14":"sale","15":"shipping-taxable","16":"purchasable","17":"product-type-simple"},"_links":{"self":[{"href":"https:\/\/soydeaqui.ddns.net\/pachuca\/index.php\/wp-json\/wp\/v2\/product\/104307","targetHints":{"allow":["GET"]}}],"collection":[{"href":"https:\/\/soydeaqui.ddns.net\/pachuca\/index.php\/wp-json\/wp\/v2\/product"}],"about":[{"href":"https:\/\/soydeaqui.ddns.net\/pachuca\/index.php\/wp-json\/wp\/v2\/types\/product"}],"replies":[{"embeddable":true,"href":"https:\/\/soydeaqui.ddns.net\/pachuca\/index.php\/wp-json\/wp\/v2\/comments?post=104307"}],"wp:featuredmedia":[{"embeddable":true,"href":"https:\/\/soydeaqui.ddns.net\/pachuca\/index.php\/wp-json\/wp\/v2\/media\/104306"}],"wp:attachment":[{"href":"https:\/\/soydeaqui.ddns.net\/pachuca\/index.php\/wp-json\/wp\/v2\/media?parent=104307"}],"wp:term":[{"taxonomy":"product_brand","embeddable":true,"href":"https:\/\/soydeaqui.ddns.net\/pachuca\/index.php\/wp-json\/wp\/v2\/product_brand?post=104307"},{"taxonomy":"product_cat","embeddable":true,"href":"https:\/\/soydeaqui.ddns.net\/pachuca\/index.php\/wp-json\/wp\/v2\/product_cat?post=104307"},{"taxonomy":"product_tag","embeddable":true,"href":"https:\/\/soydeaqui.ddns.net\/pachuca\/index.php\/wp-json\/wp\/v2\/product_tag?post=104307"}],"curies":[{"name":"wp","href":"https:\/\/api.w.org\/{rel}","templated":true}]}}