{"id":104293,"date":"2026-03-20T14:25:41","date_gmt":"2026-03-20T14:25:41","guid":{"rendered":"https:\/\/soydeaqui.ddns.net\/pachuca\/index.php\/producto\/ssd-nvme-m-2-snv3410-3510-ssd-400gb-alto-rendimiento-400000-iops-lectura-70000-iops-escritura-resistencia-1022-tbw-proteccion-de-datos-integral-analisis-de-vida-util-disenada-para-sistem\/"},"modified":"2026-03-20T14:25:41","modified_gmt":"2026-03-20T14:25:41","slug":"ssd-nvme-m-2-snv3410-3510-ssd-400gb-alto-rendimiento-400000-iops-lectura-70000-iops-escritura-resistencia-1022-tbw-proteccion-de-datos-integral-analisis-de-vida-util-disenada-para-sistem","status":"publish","type":"product","link":"https:\/\/soydeaqui.ddns.net\/pachuca\/index.php\/producto\/ssd-nvme-m-2-snv3410-3510-ssd-400gb-alto-rendimiento-400000-iops-lectura-70000-iops-escritura-resistencia-1022-tbw-proteccion-de-datos-integral-analisis-de-vida-util-disenada-para-sistem\/","title":{"rendered":"SSD NVMe M.2 SNV3410\/3510 | SSD 400GB | Alto Rendimiento 400000 IOPS Lectura | 70000 IOPS Escritura | Resistencia 1022 TBW | Protecci\u00f3n de Datos Integral | An\u00e1lisis de Vida \u00datil | Dise\u00f1ada para Sistemas Synology."},"content":{"rendered":"<div style='width: 100%; max-width: 1200px; margin: 0 auto; font-family: sans-serif; line-height: 1.6; color: inherit;'>\n<div style='margin-bottom: 30px;'>\n<p style='font-size: 18px; line-height: 1.6; margin: 0 0 20px; color: inherit;'>Las SSD NVMe M.2 SNV3410\/3510 de Synology est\u00e1n dise\u00f1adas para gestionar cargas de trabajo de almacenamiento en cach\u00e9 exigentes en entornos multiusuario permanentes. Ofrecen un rendimiento constante de E\/S&comma; aumentando la capacidad de respuesta del sistema y acelerando la gesti\u00f3n de datos de acceso frecuente. Dise\u00f1adas espec\u00edficamente para sistemas Synology&comma; estas unidades ofrecen una experiencia de almacenamiento optimizada con protecci\u00f3n de datos integral y an\u00e1lisis de vida \u00fatil avanzado&comma; respaldadas por una garant\u00eda limitada de 5 a\u00f1os.<\/p>\n<\/p><\/div>\n<div style='margin-bottom: 30px;'>\n<h2 style='font-size: 24px; font-weight: 600; margin: 0 0 15px; color: inherit; opacity: 0.85;'>Caracter\u00edsticas Principales<\/h2>\n<div style='display: flex; flex-wrap: wrap; gap: 20px;'>\n<div style='flex: 1 1 300px; min-width: 280px;'>\n<ul style='padding-left: 20px; margin: 0; font-size: 15px; color: inherit;'>\n<li style='margin-bottom: 8px;'><strong>Alto rendimiento<\/strong> con hasta 400&comma;000 IOPS de lectura y 70&comma;000 IOPS de escritura aleatoria de 4K sostenidas<\/li>\n<li style='margin-bottom: 8px;'><strong>Resistencia de nivel empresarial<\/strong> con 1&comma;022 TBW<\/li>\n<li style='margin-bottom: 8px;'><strong>Protecci\u00f3n de datos integral<\/strong> para garantizar la integridad de los datos<\/li>\n<li style='margin-bottom: 8px;'><strong>An\u00e1lisis de vida \u00fatil<\/strong> basado en cargas de trabajo reales<\/li>\n<li style='margin-bottom: 8px;'><strong>Dise\u00f1ada espec\u00edficamente<\/strong> para sistemas Synology con actualizaciones autom\u00e1ticas de firmware<\/li>\n<li style='margin-bottom: 8px;'><strong>Garant\u00eda 3 a\u00f1os<\/strong><\/li>\n<\/ul><\/div>\n<\/p><\/div>\n<\/p><\/div>\n<div style='margin-bottom: 30px;'>\n<h2 style='font-size: 24px; font-weight: 600; margin: 0 0 15px; color: inherit; opacity: 0.85;'>Detalles T\u00e9cnicos<\/h2>\n<div style='display: flex; flex-wrap: wrap; gap: 20px;'>\n<div style='flex: 1 1 300px; min-width: 280px; border: 1px solid rgba(150&comma; 150&comma; 150&comma; 0.4); border-radius: 8px; overflow: hidden; display: flex; flex-direction: column;'>\n<div style='padding: 15px; border-bottom: 1px solid rgba(150&comma; 150&comma; 150&comma; 0.2); font-weight: bold; font-size: 18px; color: inherit;'>Especificaciones<\/div>\n<div style='padding: 15px; color: inherit;'>\n<ul style='padding-left: 20px; margin: 0; font-size: 14px; list-style-type: disc;'>\n<li style='margin-bottom: 5px;'>Capacidad: 400 GB&comma; 800 GB<\/li>\n<li style='margin-bottom: 5px;'>Factor de forma: M.2 2280&comma; M.2 22110<\/li>\n<li style='margin-bottom: 5px;'>Interfaz: NVMe PCIe 3.0 x4<\/li>\n<li style='margin-bottom: 5px;'>Lectura secuencial: 3000 MB\/s&comma; 3100 MB\/s<\/li>\n<li style='margin-bottom: 5px;'>Escritura secuencial: 750 MB\/s&comma; 1000 MB\/s<\/li>\n<li style='margin-bottom: 5px;'>Lectura aleatoria: 225&comma;000 IOPS&comma; 400&comma;000 IOPS<\/li>\n<li style='margin-bottom: 5px;'>Escritura aleatoria: 45&comma;000 IOPS&comma; 70&comma;000 IOPS<\/li>\n<li style='margin-bottom: 5px;'>Resistencia (TBW): 491 TB&comma; 1&comma;022 TB<\/li>\n<li style='margin-bottom: 5px;'>MTBF: 1.8 millones de horas<\/li>\n<li style='margin-bottom: 5px;'>UBER: &lt; 1 sector por cada 10^17 bits le\u00eddos<\/li>\n<\/ul><\/div>\n<\/p><\/div>\n<div style='flex: 1 1 300px; min-width: 280px; border: 1px solid rgba(150&comma; 150&comma; 150&comma; 0.4); border-radius: 8px; overflow: hidden; display: flex; flex-direction: column;'>\n<div style='padding: 15px; border-bottom: 1px solid rgba(150&comma; 150&comma; 150&comma; 0.2); font-weight: bold; font-size: 18px; color: inherit;'>Interfaces y Conectividad<\/div>\n<div style='padding: 15px; color: inherit;'>\n<ul style='padding-left: 20px; margin: 0; font-size: 14px; list-style-type: disc;'>\n<li style='margin-bottom: 5px;'>Protecci\u00f3n contra p\u00e9rdida de energ\u00eda (SNV3510)<\/li>\n<li style='margin-bottom: 5px;'>Consumo el\u00e9ctrico: Lectura activa 3.5 W &#8211; 6.2 W&comma; Escritura activa 3.3 W &#8211; 5.1 W&comma; Inactivo 1.6 W &#8211; 1.7 W<\/li>\n<li style='margin-bottom: 5px;'>Temperatura de funcionamiento: 0\u00b0C a 70\u00b0C<\/li>\n<li style='margin-bottom: 5px;'>Temperatura de almacenamiento: -40\u00b0C a 85\u00b0C<\/li>\n<li style='margin-bottom: 5px;'>Dimensiones: 3.5 mm x 22 mm x 80 mm&comma; 4.5 mm x 22 mm x 110 mm<\/li>\n<li style='margin-bottom: 5px;'>Certificaciones: FCC&comma; CE&comma; EAC&comma; BSMI&comma; VCCI&comma; RCM&comma; KC&comma; UKCA<\/li>\n<\/ul><\/div>\n<\/p><\/div>\n<\/p><\/div>\n<\/p><\/div>\n<div style='margin-bottom: 30px;'>\n<h2 style='font-size: 24px; font-weight: 600; margin: 0 0 15px; color: inherit; opacity: 0.85;'>Aplicaciones y Casos de Uso<\/h2>\n<div style='display: flex; flex-wrap: wrap; gap: 20px;'>\n<div style='flex: 1 1 250px; min-width: 220px; border: 1px solid rgba(150&comma; 150&comma; 150&comma; 0.4); border-radius: 8px; overflow: hidden; display: flex; flex-direction: column;'>\n<div style='padding: 15px; border-bottom: 1px solid rgba(150&comma; 150&comma; 150&comma; 0.2); font-weight: bold; font-size: 18px; color: inherit;'>Almacenamiento en Cach\u00e9<\/div>\n<div style='padding: 15px; color: inherit;'>\n<p style='margin: 0; font-size: 14px;'>Optimiza el rendimiento de E\/S aleatoria y reduce la latencia en entornos multiusuario exigentes.<\/p>\n<\/p><\/div>\n<\/p><\/div>\n<div style='flex: 1 1 250px; min-width: 220px; border: 1px solid rgba(150&comma; 150&comma; 150&comma; 0.4); border-radius: 8px; overflow: hidden; display: flex; flex-direction: column;'>\n<div style='padding: 15px; border-bottom: 1px solid rgba(150&comma; 150&comma; 150&comma; 0.2); font-weight: bold; font-size: 18px; color: inherit;'>Posproducci\u00f3n Multimedia<\/div>\n<div style='padding: 15px; color: inherit;'>\n<p style='margin: 0; font-size: 14px;'>Ideal para aplicaciones de edici\u00f3n de video y audio que requieren alta velocidad y fiabilidad.<\/p>\n<\/p><\/div>\n<\/p><\/div>\n<div style='flex: 1 1 250px; min-width: 220px; border: 1px solid rgba(150&comma; 150&comma; 150&comma; 0.4); border-radius: 8px; overflow: hidden; display: flex; flex-direction: column;'>\n<div style='padding: 15px; border-bottom: 1px solid rgba(150&comma; 150&comma; 150&comma; 0.2); font-weight: bold; font-size: 18px; color: inherit;'>Bases de Datos<\/div>\n<div style='padding: 15px; color: inherit;'>\n<p style='margin: 0; font-size: 14px;'>Mejora el rendimiento de las aplicaciones de bases de datos con acceso frecuente a datos.<\/p>\n<\/p><\/div>\n<\/p><\/div>\n<\/p><\/div>\n<\/p><\/div>\n<\/p><\/div>\n","protected":false},"excerpt":{"rendered":"<p>SSD NVMe M.2 SNV3410\/3510 | SSD 400GB | Alto Rendimiento 400000 IOPS Lectura | 70000 IOPS Escritura | Resistencia 1022 TBW | Protecci\u00f3n de Datos Integral | An\u00e1lisis de Vida \u00datil | Dise\u00f1ada para Sistemas Synology.<\/p>\n","protected":false},"featured_media":104292,"comment_status":"open","ping_status":"closed","template":"","meta":[],"product_brand":[],"product_cat":[2199],"product_tag":[2065,1976,2139],"class_list":{"0":"post-104293","1":"product","2":"type-product","3":"status-publish","4":"has-post-thumbnail","6":"product_cat-unidades-de-estado-solido-ssd-servidores-almacenamiento","7":"product_tag-servidores-almacenamiento","8":"product_tag-synology","9":"product_tag-unidades-de-estado-solido-ssd","11":"first","12":"instock","13":"sale","14":"shipping-taxable","15":"purchasable","16":"product-type-simple"},"_links":{"self":[{"href":"https:\/\/soydeaqui.ddns.net\/pachuca\/index.php\/wp-json\/wp\/v2\/product\/104293","targetHints":{"allow":["GET"]}}],"collection":[{"href":"https:\/\/soydeaqui.ddns.net\/pachuca\/index.php\/wp-json\/wp\/v2\/product"}],"about":[{"href":"https:\/\/soydeaqui.ddns.net\/pachuca\/index.php\/wp-json\/wp\/v2\/types\/product"}],"replies":[{"embeddable":true,"href":"https:\/\/soydeaqui.ddns.net\/pachuca\/index.php\/wp-json\/wp\/v2\/comments?post=104293"}],"wp:featuredmedia":[{"embeddable":true,"href":"https:\/\/soydeaqui.ddns.net\/pachuca\/index.php\/wp-json\/wp\/v2\/media\/104292"}],"wp:attachment":[{"href":"https:\/\/soydeaqui.ddns.net\/pachuca\/index.php\/wp-json\/wp\/v2\/media?parent=104293"}],"wp:term":[{"taxonomy":"product_brand","embeddable":true,"href":"https:\/\/soydeaqui.ddns.net\/pachuca\/index.php\/wp-json\/wp\/v2\/product_brand?post=104293"},{"taxonomy":"product_cat","embeddable":true,"href":"https:\/\/soydeaqui.ddns.net\/pachuca\/index.php\/wp-json\/wp\/v2\/product_cat?post=104293"},{"taxonomy":"product_tag","embeddable":true,"href":"https:\/\/soydeaqui.ddns.net\/pachuca\/index.php\/wp-json\/wp\/v2\/product_tag?post=104293"}],"curies":[{"name":"wp","href":"https:\/\/api.w.org\/{rel}","templated":true}]}}