{"id":104289,"date":"2026-03-20T14:25:30","date_gmt":"2026-03-20T14:25:30","guid":{"rendered":"https:\/\/soydeaqui.ddns.net\/pachuca\/index.php\/producto\/malla-para-elevacion-y-apoyo-permanente-de-cable-coaxial-de-1-5-8-en-torres-de-comunicaciones\/"},"modified":"2026-03-20T14:25:32","modified_gmt":"2026-03-20T14:25:32","slug":"malla-para-elevacion-y-apoyo-permanente-de-cable-coaxial-de-1-5-8-en-torres-de-comunicaciones","status":"publish","type":"product","link":"https:\/\/soydeaqui.ddns.net\/pachuca\/index.php\/producto\/malla-para-elevacion-y-apoyo-permanente-de-cable-coaxial-de-1-5-8-en-torres-de-comunicaciones\/","title":{"rendered":"Malla para Elevaci\u00f3n y Apoyo Permanente de Cable Coaxial de 1-5\/8&#8243; En Torres de Comunicaciones."},"content":{"rendered":"<div style='width: 100%; max-width: 1200px; margin: 0 auto; font-family: sans-serif; line-height: 1.6; color: inherit;'>\n<div style='display: flex; flex-wrap: wrap; gap: 30px; margin-bottom: 30px;'>\n<div style='flex: 1 1 300px; min-width: 280px;'> <img style='width: 100%; height: auto; border: 1px solid rgba(150&comma;150&comma;150&comma;0.3); border-radius: 8px;' src='https:\/\/ftp3.syscom.mx\/usuarios\/fotos\/KITST68MCLICK1\/200912-syscom_towers.png' alt=''> <\/div>\n<div style='flex: 1 1 300px; min-width: 280px;'>\n<p style='font-size: 15px; color: inherit;'>Las Malla de elevaci\u00f3n precortada&comma; para levante de cables y apoyo permanente&comma; tienen como funci\u00f3n principal actuar como un punto de apoyo para absorber tensiones adicionales&comma; tales como vibraciones&comma; expansiones&comma; contracciones y flexiones. El cord\u00f3n previo se emplea espec\u00edficamente cuando el conector superior se instala despu\u00e9s de haber izado la l\u00ednea de transmisi\u00f3n de la antena. Este proceso asegura una conexi\u00f3n segura y estable en situaciones donde el orden de instalaci\u00f3n es crucial.<\/p>\n<\/p><\/div>\n<\/p><\/div>\n<div style='display: flex; flex-wrap: wrap; gap: 20px; margin-bottom: 30px;'>\n<div style='flex: 1 1 250px; border: 1px solid rgba(150&comma; 150&comma; 150&comma; 0.4); border-radius: 8px; overflow: hidden; display: flex; flex-direction: column;'>\n<div style='padding: 15px; border-bottom: 1px solid rgba(150&comma; 150&comma; 150&comma; 0.2); font-weight: bold; font-size: 18px; color: #c0392b;'>Aplicaciones principales<\/div>\n<div style='padding: 15px; color: inherit;'>\n<ul style='padding-left: 20px; margin: 0; font-size: 14px; list-style-type: disc;'>\n<li style='margin-bottom: 5px;'>Instalaciones de Telecomunicaciones<\/li>\n<li style='margin-bottom: 5px;'>Redes de Transmisi\u00f3n de Datos<\/li>\n<li style='margin-bottom: 5px;'>Cables de Antena<\/li>\n<li style='margin-bottom: 5px;'>Tendido de Cables en General<\/li>\n<\/ul><\/div>\n<\/p><\/div>\n<div style='flex: 1 1 250px; border: 1px solid rgba(150&comma; 150&comma; 150&comma; 0.4); border-radius: 8px; overflow: hidden; display: flex; flex-direction: column;'>\n<div style='padding: 15px; border-bottom: 1px solid rgba(150&comma; 150&comma; 150&comma; 0.2); font-weight: bold; font-size: 18px; color: #c0392b;'>Caracter\u00edsticas<\/div>\n<div style='padding: 15px; color: inherit;'>\n<ul style='padding-left: 20px; margin: 0; font-size: 14px; list-style-type: disc;'>\n<li style='margin-bottom: 5px;'><strong>Material:<\/strong> Acero inoxidable<\/li>\n<li style='margin-bottom: 5px;'><strong>Rango de cable:<\/strong> 1.99-2.04 in | 50.3-51.8 mm<\/li>\n<li style='margin-bottom: 5px;'><strong>Longitud de malla:<\/strong> 27.0 in | 685.8 mm<\/li>\n<li style='margin-bottom: 5px;'><strong>Carga de trabajo:<\/strong> 1400 lb | 635.0 kg<\/li>\n<li style='margin-bottom: 5px;'><strong>Resistencia a la ruptura aproximada:<\/strong> 7000 lb | 3175.1 kg<\/li>\n<li style='margin-bottom: 5px;'><strong>Cumplimiento:<\/strong> ISO 9001:2015&comma; ROHS y CE<\/li>\n<\/ul><\/div>\n<\/p><\/div>\n<div style='flex: 1 1 250px; min-width: 280px;'> <img style='width: 100%; height: auto; border: 1px solid rgba(150&comma;150&comma;150&comma;0.3); border-radius: 8px;' src='https:\/\/ftp3.syscom.mx\/usuarios\/fotos\/HGPL14\/212135-malla_de_elevaci\u00f3n.png' alt=''> <\/div>\n<\/p><\/div>\n<\/p><\/div>\n","protected":false},"excerpt":{"rendered":"<p>Malla para Elevaci\u00f3n y Apoyo Permanente de Cable Coaxial de 1-5\/8&#8243; En Torres de Comunicaciones.<\/p>\n","protected":false},"featured_media":104288,"comment_status":"open","ping_status":"closed","template":"","meta":[],"product_brand":[],"product_cat":[574],"product_tag":[572,575,733],"class_list":{"0":"post-104289","1":"product","2":"type-product","3":"status-publish","4":"has-post-thumbnail","6":"product_cat-fijacion","7":"product_tag-canalizacion","8":"product_tag-fijacion","9":"product_tag-syscom-towers","11":"first","12":"instock","13":"sale","14":"shipping-taxable","15":"purchasable","16":"product-type-simple"},"_links":{"self":[{"href":"https:\/\/soydeaqui.ddns.net\/pachuca\/index.php\/wp-json\/wp\/v2\/product\/104289","targetHints":{"allow":["GET"]}}],"collection":[{"href":"https:\/\/soydeaqui.ddns.net\/pachuca\/index.php\/wp-json\/wp\/v2\/product"}],"about":[{"href":"https:\/\/soydeaqui.ddns.net\/pachuca\/index.php\/wp-json\/wp\/v2\/types\/product"}],"replies":[{"embeddable":true,"href":"https:\/\/soydeaqui.ddns.net\/pachuca\/index.php\/wp-json\/wp\/v2\/comments?post=104289"}],"wp:featuredmedia":[{"embeddable":true,"href":"https:\/\/soydeaqui.ddns.net\/pachuca\/index.php\/wp-json\/wp\/v2\/media\/104288"}],"wp:attachment":[{"href":"https:\/\/soydeaqui.ddns.net\/pachuca\/index.php\/wp-json\/wp\/v2\/media?parent=104289"}],"wp:term":[{"taxonomy":"product_brand","embeddable":true,"href":"https:\/\/soydeaqui.ddns.net\/pachuca\/index.php\/wp-json\/wp\/v2\/product_brand?post=104289"},{"taxonomy":"product_cat","embeddable":true,"href":"https:\/\/soydeaqui.ddns.net\/pachuca\/index.php\/wp-json\/wp\/v2\/product_cat?post=104289"},{"taxonomy":"product_tag","embeddable":true,"href":"https:\/\/soydeaqui.ddns.net\/pachuca\/index.php\/wp-json\/wp\/v2\/product_tag?post=104289"}],"curies":[{"name":"wp","href":"https:\/\/api.w.org\/{rel}","templated":true}]}}