{"id":104271,"date":"2026-03-20T14:24:44","date_gmt":"2026-03-20T14:24:44","guid":{"rendered":"https:\/\/soydeaqui.ddns.net\/pachuca\/index.php\/producto\/camara-ip-domo-con-calefactor-5mp-h265-lente-motorizado-3mm-13-5-mm-ik10-ip67-ir-30m-entrada-salida-de-audio-y-alarma-poe\/"},"modified":"2026-03-20T14:24:46","modified_gmt":"2026-03-20T14:24:46","slug":"camara-ip-domo-con-calefactor-5mp-h265-lente-motorizado-3mm-13-5-mm-ik10-ip67-ir-30m-entrada-salida-de-audio-y-alarma-poe","status":"publish","type":"product","link":"https:\/\/soydeaqui.ddns.net\/pachuca\/index.php\/producto\/camara-ip-domo-con-calefactor-5mp-h265-lente-motorizado-3mm-13-5-mm-ik10-ip67-ir-30m-entrada-salida-de-audio-y-alarma-poe\/","title":{"rendered":"C\u00e1mara IP Domo con Calefactor | 5MP (H265)|  Lente  MOTORIZADO 3mm -13.5 mm | IK10\/IP67 |  IR 30m | Entrada\/Salida de Audio y Alarma | POE"},"content":{"rendered":"<div style='width: 100%; max-width: 1200px; margin: 0 auto; font-family: sans-serif; line-height: 1.6; color: inherit; background-color: transparent;'>\n<div style='display: flex; flex-direction: column; gap: 30px;'> <!-- Im\u00e1genes iniciales --> <\/p>\n<div style='display: flex; flex-direction: column; gap: 15px;'>\n<div style='width: 100%;'> <img style='width: 100%; height: auto; border: 1px solid rgba(150&comma;150&comma;150&comma;0.3); border-radius: 8px;' src='https:\/\/ftp3.syscom.mx\/usuarios\/fotos\/DCT4831HRXA\/196150-baner-proyectos.jpg' alt=''> <\/div>\n<div style='width: 50%; margin-left: auto; margin-right: auto;'> <img style='width: 100%; height: auto; border: 1px solid rgba(150&comma;150&comma;150&comma;0.3); border-radius: 8px;' src='https:\/\/ftp3.syscom.mx\/usuarios\/luis.vargas\/IDIS\/Imagenes\/logo.png' alt=''> <\/div>\n<\/p><\/div>\n<p> <!-- Descripci\u00f3n --> <\/p>\n<div style='text-align: center;'>\n<h1 style='font-size: 24px; color: inherit; margin: 0; opacity: 0.8;'><strong>DC-D4536HRX<\/strong><\/h1>\n<h3 style='font-size: 18px; color: inherit; margin: 10px 0; opacity: 0.8;'><span style='color: #147e82;'><strong>IDIS<\/strong><\/span><\/h3>\n<p style='margin: 10px 70px 50px 70px; font-size: 15px; color: inherit;'>Las c\u00e1maras Domo&comma; son camaras de tama\u00f1o medio&comma; con forma de cupula. Se trata de camaras un poco mas discretas&comma; esto es acuerdo para el tipo de espacio&comma; ya que por lo general son camaras que van en interior y se ven esteticamente mejor que una bala por su forma y buen acabado. Esto no quiere decir que no tengan una composicion fragil ya que pueden ser para interior&comma; exterior y algunas cuentan con certificacion antivandalicas.<\/p>\n<\/p><\/div>\n<p> <!-- Secci\u00f3n de caracter\u00edsticas en 3 columnas --> <\/p>\n<div style='display: flex; flex-wrap: wrap; gap: 30px; margin-top: 30px;'> <!-- Caracter\u00edsticas principales --> <\/p>\n<div style='flex: 1 1 300px; min-width: 280px;'>\n<div style='margin-bottom: 25px;'> <img style='width: 100%; height: auto; border: 1px solid rgba(150&comma;150&comma;150&comma;0.3); border-radius: 8px; margin-bottom: 20px;' src='https:\/\/ftp3.syscom.mx\/usuarios\/pnunez\/IDIS\/Imagenes%20ERP\/DC-D4213WRXarriba.png' alt=''> <\/p>\n<div style='border-top: 5px solid #0093A3; padding: 15px; background-color: transparent;'>\n<h2 style='font-size: 24px; color: inherit; margin-top: 0; margin-bottom: 15px; font-weight: 500; border-bottom: 2px solid currentColor; padding-bottom: 5px; opacity: 0.8;'>Caracteristicas<\/h2>\n<ul style='padding-left: 20px; font-size: 14px; color: inherit; list-style-type: disc;'>\n<li style='margin-bottom: 5px;'>F\u00e1cil instalaci\u00f3n con DirectIP NVR<\/li>\n<li style='margin-bottom: 5px;'>Codificac\u00f3n de video: H.264&comma; H.265&comma; M-JPEG&comma; Intelligent Codec.<\/li>\n<li style='margin-bottom: 5px;'>Lente motorizado de 3.0 &#8211; 13.5mm<\/li>\n<li style='margin-bottom: 5px;'>IR: 30mts<\/li>\n<li style='margin-bottom: 5px;'>WDR 120dB<\/li>\n<li style='margin-bottom: 5px;'><strong>Accesi Remoto: Direct IP en NVR&comma; IDIS Web&comma; IDIS Mobile&comma; IDIS Soluition Suite.<\/strong><\/li>\n<li style='margin-bottom: 5px;'><strong>Soporta audio de 2 vias<\/strong><\/li>\n<li style='margin-bottom: 5px;'>Dise\u00f1o Mec\u00e1nico de 3 ejes para Instalaci\u00f3n<\/li>\n<li style='margin-bottom: 5px;'><strong>Calefactor Incorporado<\/strong><\/li>\n<li style='margin-bottom: 5px;'><strong>Compatible con ONVIF Perfil S&comma; Direct IP 2.0<\/strong><\/li>\n<li style='margin-bottom: 5px;'><strong>Cumple con NDAA<\/strong><\/li>\n<\/ul><\/div>\n<\/p><\/div>\n<\/p><\/div>\n<p> <!-- Caracter\u00edsticas generales --> <\/p>\n<div style='flex: 1 1 300px; min-width: 280px;'>\n<div style='margin-bottom: 25px;'> <img style='width: 78%; height: auto; border: 1px solid rgba(150&comma;150&comma;150&comma;0.3); border-radius: 8px; display: block; margin: 0 auto 20px;' src='https:\/\/ftp3.syscom.mx\/usuarios\/pnunez\/IDIS\/Brochure\/DC-D4217RX\/ff2607a0c3d217271cdf76e114dd3f6b.png' alt=''> <\/p>\n<div style='border-top: 5px solid #0093A3; padding: 15px; background-color: transparent;'>\n<h2 style='font-size: 24px; color: inherit; margin-top: 0; margin-bottom: 15px; font-weight: 500; border-bottom: 2px solid currentColor; padding-bottom: 5px; opacity: 0.8;'>Caracteristicas Generales<\/h2>\n<p style='margin: 10px 0 5px; font-weight: bold; color: inherit;'><strong>Almacenamiento;<\/strong><\/p>\n<ul style='padding-left: 20px; font-size: 14px; color: inherit; list-style-type: disc;'>\n<li style='margin-bottom: 5px;'>Tipo de almecenamiento; micro SD \/ SDHC \/ SDXC&comma; Smart Failover (hasta 256GB).<\/li>\n<li style='margin-bottom: 5px;'>Multi-streaming de video: 4 Streming de video.<\/li>\n<li style='margin-bottom: 5px;'>Compatible con resoluci\u00f3n:<\/li>\n<li style='margin-bottom: 5px;'>4:3: 2592&#215;1944&comma; 1920&#215;1440&comma; 1280&#215;960&comma; 640&#215;480<\/li>\n<li style='margin-bottom: 5px;'>16:9: 2592&#215;1456&comma; 1920&#215;1080&comma; 1280&#215;720&comma; 640&#215;360<\/li>\n<li style='margin-bottom: 5px;'>Buffer de grabaci\u00f3n: 60MB<\/li>\n<\/ul>\n<p style='margin: 10px 0 5px; font-weight: bold; color: inherit;'><strong>Funciones de red:<\/strong><\/p>\n<ul style='padding-left: 20px; font-size: 14px; color: inherit; list-style-type: disc;'>\n<li style='margin-bottom: 5px;'>Protocolos de red: DirectIP 2.0 Protocol&comma; IPv4&comma; IPv6&comma; RTP\/RTSP\/TCP&comma; RTP\/RTSP\/HTTP\/TCP&comma; RTP\/UDP RTSP\/TCP&comma; HTTP&comma; HTTPS&comma; FTP&comma; SNTP&comma; SMTP&comma; FEN&comma; mDNS&comma; uPNP&comma; SNMPv2P<\/li>\n<li style='margin-bottom: 5px;'>Protocolos de seguridad: SSL Encryption&comma; Multi-user Authority&comma; IEEE 802.1x&comma; IP Filtering&comma; HTTP<\/li>\n<\/ul><\/div>\n<\/p><\/div>\n<\/p><\/div>\n<p> <!-- Caracter\u00edsticas f\u00edsicas y el\u00e9ctricas --> <\/p>\n<div style='flex: 1 1 300px; min-width: 280px;'>\n<div style='margin-bottom: 25px;'> <img style='width: 67%; height: auto; border: 1px solid rgba(150&comma;150&comma;150&comma;0.3); border-radius: 8px; display: block; margin: 0 auto 20px;' src='https:\/\/ftp3.syscom.mx\/usuarios\/albamaria\/albamaria\/IDIS\/camaras\/DCD4536HRX-2.jpg' alt=''> <\/p>\n<div style='border-top: 5px solid #0093A3; padding: 15px; background-color: transparent;'>\n<h2 style='font-size: 24px; color: inherit; margin-top: 0; margin-bottom: 15px; font-weight: 500; border-bottom: 2px solid currentColor; padding-bottom: 5px; opacity: 0.8;'>Caracteristicas Fisicas y Electricas<\/h2>\n<ul style='padding-left: 20px; font-size: 14px; color: inherit; list-style-type: disc;'>\n<li style='margin-bottom: 5px;'>Dimensiones: \u00d8155 x 104.4mm<\/li>\n<li style='margin-bottom: 5px;'>Temperatura: -40 \u00b0C ~ +55 \u00b0C *Arranque por encima de -20 \u00b0C<\/li>\n<li style='margin-bottom: 5px;'>Consumo de energia: 12 V a 1.1 A&comma; 13.2 W<\/li>\n<li style='margin-bottom: 5px;'>PoE&comma; IEEE 802.3af (clase 3)&comma; 11 W<\/li>\n<li style='margin-bottom: 5px;'>Peso: 1Kg<\/li>\n<li style='margin-bottom: 5px;'>Compresion: H.265&comma; H.264 (MP)&comma; M-JPEG<\/li>\n<li style='margin-bottom: 5px;'>IK10 \/IP67<\/li>\n<li style='margin-bottom: 5px;'>Alarma Entrada (1) \/ Salida (1)<\/li>\n<li style='margin-bottom: 5px;'>Certificaciones; FCC&comma; CE&comma;KC<\/li>\n<\/ul><\/div>\n<\/p><\/div>\n<\/p><\/div>\n<\/p><\/div>\n<\/p><\/div>\n<\/p><\/div>\n","protected":false},"excerpt":{"rendered":"<p>C\u00e1mara IP Domo con Calefactor | 5MP (H265)|  Lente  MOTORIZADO 3mm -13.5 mm | IK10\/IP67 |  IR 30m | Entrada\/Salida de Audio y Alarma | POE<\/p>\n","protected":false},"featured_media":104270,"comment_status":"open","ping_status":"closed","template":"","meta":[],"product_brand":[],"product_cat":[2056],"product_tag":[122,2057,2276],"class_list":{"0":"post-104271","1":"product","2":"type-product","3":"status-publish","4":"has-post-thumbnail","6":"product_cat-domo-eyeball-turret","7":"product_tag-camaras-ip-y-nvrs","8":"product_tag-domo-eyeball-turret","9":"product_tag-idis","11":"first","12":"outofstock","13":"sale","14":"shipping-taxable","15":"purchasable","16":"product-type-simple"},"_links":{"self":[{"href":"https:\/\/soydeaqui.ddns.net\/pachuca\/index.php\/wp-json\/wp\/v2\/product\/104271","targetHints":{"allow":["GET"]}}],"collection":[{"href":"https:\/\/soydeaqui.ddns.net\/pachuca\/index.php\/wp-json\/wp\/v2\/product"}],"about":[{"href":"https:\/\/soydeaqui.ddns.net\/pachuca\/index.php\/wp-json\/wp\/v2\/types\/product"}],"replies":[{"embeddable":true,"href":"https:\/\/soydeaqui.ddns.net\/pachuca\/index.php\/wp-json\/wp\/v2\/comments?post=104271"}],"wp:featuredmedia":[{"embeddable":true,"href":"https:\/\/soydeaqui.ddns.net\/pachuca\/index.php\/wp-json\/wp\/v2\/media\/104270"}],"wp:attachment":[{"href":"https:\/\/soydeaqui.ddns.net\/pachuca\/index.php\/wp-json\/wp\/v2\/media?parent=104271"}],"wp:term":[{"taxonomy":"product_brand","embeddable":true,"href":"https:\/\/soydeaqui.ddns.net\/pachuca\/index.php\/wp-json\/wp\/v2\/product_brand?post=104271"},{"taxonomy":"product_cat","embeddable":true,"href":"https:\/\/soydeaqui.ddns.net\/pachuca\/index.php\/wp-json\/wp\/v2\/product_cat?post=104271"},{"taxonomy":"product_tag","embeddable":true,"href":"https:\/\/soydeaqui.ddns.net\/pachuca\/index.php\/wp-json\/wp\/v2\/product_tag?post=104271"}],"curies":[{"name":"wp","href":"https:\/\/api.w.org\/{rel}","templated":true}]}}