{"id":104263,"date":"2026-03-20T14:24:21","date_gmt":"2026-03-20T14:24:21","guid":{"rendered":"https:\/\/soydeaqui.ddns.net\/pachuca\/index.php\/producto\/hikfire-mini-fisheye-ip-4-megapixel-con-detector-de-humo-puntual-autonomo-entrada-y-salida-de-alarma-15-mts-ir-poe-wdr-120-db-alarma-de-85-db-microsd-128gb-compatible-con-hik-connec\/"},"modified":"2026-03-20T14:24:35","modified_gmt":"2026-03-20T14:24:35","slug":"hikfire-mini-fisheye-ip-4-megapixel-con-detector-de-humo-puntual-autonomo-entrada-y-salida-de-alarma-15-mts-ir-poe-wdr-120-db-alarma-de-85-db-microsd-128gb-compatible-con-hik-connec","status":"publish","type":"product","link":"https:\/\/soydeaqui.ddns.net\/pachuca\/index.php\/producto\/hikfire-mini-fisheye-ip-4-megapixel-con-detector-de-humo-puntual-autonomo-entrada-y-salida-de-alarma-15-mts-ir-poe-wdr-120-db-alarma-de-85-db-microsd-128gb-compatible-con-hik-connec\/","title":{"rendered":"(HikFire) Mini Fisheye IP 4 Megapixel con Detector de Humo Puntual  \/ Aut\u00f3nomo \/ Entrada y Salida de Alarma \/ 15 mts IR \/ PoE \/ WDR 120 dB \/ Alarma de 85 dB \/ MicroSD 128GB \/ Compatible con Hik-Connect"},"content":{"rendered":"<div style='width: 100%; max-width: 1200px; margin: 0 auto; font-family: sans-serif; line-height: 1.6; color: inherit; background-color: transparent;'> <!-- Logo --> <\/p>\n<div style='text-align: center; margin: 30px 0;'> <img style='width: 45%; height: auto; border: 1px solid rgba(150&comma;150&comma;150&comma;0.3); border-radius: 8px;' src='https:\/\/ftp3.syscom.mx\/usuarios\/jsosa\/HIKVISION\/imagenes\/logo\/hikvision%20see%20far.png' alt='Logo Hikvision'> <\/div>\n<hr style='border: 0; border-top: 1px solid rgba(150&comma; 150&comma; 150&comma; 0.3); margin: 30px 0;'> <!-- Consideraciones --> <\/p>\n<div style='margin-bottom: 30px;'>\n<div style='border: 1px solid rgba(150&comma;150&comma;150&comma;0.4); border-radius: 16px; overflow: hidden;'>\n<div style='padding: 15px; background-color: #df001e; border-bottom: 2px solid #a80000;'> <span style='font-size: 14px; font-weight: bold; color: #ffffff; font-family: verdana&comma; geneva&comma; sans-serif;'>Consideraciones<\/span> <\/div>\n<div style='padding: 20px; background-color: #f7f8fa;'>\n<ul style='padding-left: 20px; margin: 0; font-size: 15px; color: inherit;'>\n<li style='margin-bottom: 10px;'><span style='color: #212529; font-family: verdana&comma; geneva&comma; sans-serif;'>Aseg\u00farese de instalar el dispositivo en una ubicaci\u00f3n adecuada para maximizar su eficiencia.<\/span><\/li>\n<li style='margin-bottom: 10px;'><span style='color: #212529; font-family: verdana&comma; geneva&comma; sans-serif;'>Mantenga el dispositivo limpio y libre de obstrucciones para un rendimiento \u00f3ptimo.<\/span><\/li>\n<\/ul>\n<p style='color: #ff0000; font-weight: bold; margin-top: 20px;'><span style='font-family: verdana&comma; geneva&comma; sans-serif;'>NVRs Compatibles:<\/span><\/p>\n<ul style='padding-left: 20px; margin: 0; font-size: 15px; color: inherit;'>\n<li style='margin-bottom: 5px;'><span style='color: #212529; font-family: verdana&comma; geneva&comma; sans-serif;'><strong>Serie M-VPRO:<\/strong> DS-9600NX1-M8R\/VPro.<\/span><\/li>\n<li style='margin-bottom: 5px;'><span style='color: #212529; font-family: verdana&comma; geneva&comma; sans-serif;'><strong>Series M:<\/strong> DS-9600NI-M8\/R&comma; DS-9600NI-M16\/R&comma; DS-7604NI-M1&comma; DS-7600IN-M2&comma; DS-7700NI-M4.<\/span><\/li>\n<li style='margin-bottom: 5px;'><span style='color: #212529; font-family: verdana&comma; geneva&comma; sans-serif;'><strong>Series I:<\/strong> DS-7600NXI-I2\/S(E)&comma; DS-7700NXI-I4\/S(E).<\/span><\/li>\n<li style='margin-bottom: 5px;'><span style='color: #212529; font-family: verdana&comma; geneva&comma; sans-serif;'><strong>Series K:<\/strong> DS-7600NXI-K1(D)&comma; DS-7600NXI-K2(D)&comma; DS7700NXI-K4(D)&comma; DS-8600NXI-K8(D)&comma; DS-7600NXI-K1&comma; DS7600NXI-K2&comma; DS7700NXI-K4&comma; DS8600NXI-K8.<\/span><\/li>\n<li style='margin-bottom: 5px;'><span style='color: #212529; font-family: verdana&comma; geneva&comma; sans-serif;'><strong>Series Q:<\/strong> DS-7600NI-Q1(D)&comma; DS-7600NI-Q2(D)<\/span><\/li>\n<\/ul><\/div>\n<\/p><\/div>\n<\/p><\/div>\n<hr style='border: 0; border-top: 1px solid rgba(150&comma; 150&comma; 150&comma; 0.3); margin: 30px 0;'> <!-- Especificaciones --> <\/p>\n<div style='margin-bottom: 30px;'>\n<h1 style='text-align: center; color: #232a6f; font-family: verdana&comma; geneva&comma; sans-serif; font-size: 24px; margin-bottom: 20px;'>Especif\u00edcaciones<\/h1>\n<div style='display: flex; flex-wrap: wrap; gap: 30px;'>\n<div style='flex: 1 1 300px; min-width: 280px;'>\n<div style='border: 1px solid rgba(150&comma;150&comma;150&comma;0.4); border-radius: 16px; overflow: hidden; display: flex; flex-direction: column; height: 100%;'>\n<div style='padding: 15px; background-color: #df001e; border-bottom: 2px solid #a80000; font-weight: bold; font-size: 14px; color: #ffffff; font-family: verdana&comma; geneva&comma; sans-serif;'>Caracter\u00edsticas Principales:<\/div>\n<div style='padding: 15px; flex-grow: 1;'>\n<ul style='padding-left: 20px; margin: 0; font-size: 14px; list-style-type: disc; color: inherit;'>\n<li style='margin-bottom: 10px;'><span style='font-family: verdana&comma; geneva&comma; sans-serif;'>Detecci\u00f3n de humo puntual y temperatura<\/span><\/li>\n<li style='margin-bottom: 10px;'><span style='font-family: verdana&comma; geneva&comma; sans-serif;'>C\u00e1mara de 4 MP<\/span><\/li>\n<li style='margin-bottom: 10px;'><span style='font-family: verdana&comma; geneva&comma; sans-serif;'>An\u00e1lisis inteligente de video para detecci\u00f3n de fuentes de fuego<\/span><\/li>\n<li style='margin-bottom: 10px;'><span style='font-family: verdana&comma; geneva&comma; sans-serif;'>Alarma visual y audible<\/span><\/li>\n<li style='margin-bottom: 10px;'><span style='font-family: verdana&comma; geneva&comma; sans-serif;'>Compatible con Hik-Connect<\/span><\/li>\n<li style='margin-bottom: 10px;'><span style='font-family: verdana&comma; geneva&comma; sans-serif;'>Almacenamiento local en tarjeta microSD de hasta 128 GB<\/span><\/li>\n<li style='margin-bottom: 0;'><span style='font-family: verdana&comma; geneva&comma; sans-serif;'>Modo D\u00eda\/Noche con filtro infrarrojo ICR<\/span><\/li>\n<\/ul><\/div>\n<\/p><\/div>\n<\/p><\/div>\n<div style='flex: 1 1 300px; min-width: 280px;'>\n<div style='border: 1px solid rgba(150&comma;150&comma;150&comma;0.4); border-radius: 16px; overflow: hidden; display: flex; flex-direction: column; height: 100%;'>\n<div style='padding: 15px; background-color: #df001e; border-bottom: 2px solid #a80000; font-weight: bold; font-size: 14px; color: #ffffff; font-family: verdana&comma; geneva&comma; sans-serif;'>Caracter\u00edsticas F\u00edsicas y El\u00e9ctricas:<\/div>\n<div style='padding: 15px; flex-grow: 1;'>\n<ul style='padding-left: 20px; margin: 0; font-size: 14px; list-style-type: disc; color: inherit;'>\n<li style='margin-bottom: 10px;'><span style='font-family: verdana&comma; geneva&comma; sans-serif;'>Resoluci\u00f3n: 2560 \u00d7 1440 p\u00edxeles<\/span><\/li>\n<li style='margin-bottom: 10px;'><span style='font-family: verdana&comma; geneva&comma; sans-serif;'>Sensor: 1\/2.7&#8242; CMOS de escaneo progresivo<\/span><\/li>\n<li style='margin-bottom: 10px;'><span style='font-family: verdana&comma; geneva&comma; sans-serif;'>Lente: 1.05 mm&comma; F2.2<\/span><\/li>\n<li style='margin-bottom: 10px;'><span style='font-family: verdana&comma; geneva&comma; sans-serif;'>Rango de IR: 15 m<\/span><\/li>\n<li style='margin-bottom: 10px;'><span style='font-family: verdana&comma; geneva&comma; sans-serif;'>Consumo de energ\u00eda: \u2264 6 W<\/span><\/li>\n<li style='margin-bottom: 10px;'><span style='font-family: verdana&comma; geneva&comma; sans-serif;'>Alimentaci\u00f3n: 12 VCD o PoE 802.3af&comma; Clase 2<\/span><\/li>\n<li style='margin-bottom: 10px;'><span style='font-family: verdana&comma; geneva&comma; sans-serif;'>Temperatura de operaci\u00f3n: -10\u00b0C a 55\u00b0C<\/span><\/li>\n<li style='margin-bottom: 10px;'><span style='font-family: verdana&comma; geneva&comma; sans-serif;'>Humedad de operaci\u00f3n: \u226495% sin condensaci\u00f3n<\/span><\/li>\n<li style='margin-bottom: 10px;'><span style='font-family: verdana&comma; geneva&comma; sans-serif;'>Peso: 475 gramos<\/span><\/li>\n<li style='margin-bottom: 0;'><span style='font-family: verdana&comma; geneva&comma; sans-serif;'>Dimensiones: \u03c6 120 mm x 72 mm<\/span><\/li>\n<\/ul><\/div>\n<\/p><\/div>\n<\/p><\/div>\n<\/p><\/div>\n<\/p><\/div>\n<hr style='border: 0; border-top: 1px solid rgba(150&comma; 150&comma; 150&comma; 0.3); margin: 30px 0;'> <!-- HikCentral Professional --> <\/p>\n<div style='margin-bottom: 30px;'>\n<div style='border: 1px solid rgba(150&comma;150&comma;150&comma;0.4); border-radius: 16px; overflow: hidden;'>\n<div style='padding: 15px; background-color: #df001e; border-bottom: 2px solid #a80000; font-weight: bold; font-size: 14px; color: #ffffff; font-family: verdana&comma; geneva&comma; sans-serif;'>Compatible con HikCentral Professional<\/div>\n<div style='padding: 20px;'>\n<p style='font-weight: bold; margin-top: 0;'><span style='color: #212529; font-family: verdana&comma; geneva&comma; sans-serif;'>Para utilizar la c\u00e1mara con sus funciones de incendio con la plataforma de Hik-Central Profesional requiere las siguientes licencias:<\/span><\/p>\n<ul style='padding-left: 20px; margin: 20px 0; font-size: 14px; color: inherit;'>\n<li style='margin-bottom: 10px;'><span style='color: #212529; font-family: verdana&comma; geneva&comma; sans-serif;'><a href='https:\/\/www.syscom.mx\/producto\/HC-P-VSS-B\/0C-HIKVISION-188079.html' target='_blank' rel='noopener' style='color: #0066cc; text-decoration: underline;'><strong>HC-P-VSS-B\/0C<\/strong><\/a>: Permite tener el acceso a la plataforma de Hik-Central Professional (si ya existe un sistema activo&comma; no se requiere esta licencia).<\/span><\/li>\n<li style='margin-bottom: 0;'><span style='color: #212529; font-family: verdana&comma; geneva&comma; sans-serif;'><a href='https:\/\/www.syscom.mx\/producto\/HC-P-FIREDETECTION\/1C-HIKVISION-238214.html' target='_blank' rel='noopener' style='color: #0066cc; text-decoration: underline;'><strong>HC-P-FIREDETECTION\/1C<\/strong><\/a>: Permite agregar una c\u00e1mara con funciones de incendio&comma; se requiere una licencia por cada c\u00e1mara.<\/span><\/li>\n<\/ul><\/div>\n<\/p><\/div>\n<\/p><\/div>\n<hr style='border: 0; border-top: 1px solid rgba(150&comma; 150&comma; 150&comma; 0.3); margin: 30px 0;'> <!-- Video --> <\/p>\n<div style='margin-bottom: 30px;'>\n<h3 style='text-align: center; font-size: 18px; margin-bottom: 20px;'><strong><span style='font-family: verdana&comma; geneva&comma; sans-serif;'>Conoce la Fisheye con Detector de Humo HikFire<\/span><\/strong><\/h3>\n<div style='position: relative; padding-bottom: 56.25%; height: 0; overflow: hidden; margin-bottom: 30px;'>   <\/div>\n<\/p><\/div>\n<hr style='border: 0; border-top: 1px solid rgba(150&comma; 150&comma; 150&comma; 0.3); margin: 30px 0;'> <!-- Banner --> <\/p>\n<div style='margin-bottom: 30px;'> <img style='width: 100%; height: auto; border: 1px solid rgba(150&comma;150&comma;150&comma;0.3); border-radius: 8px;' src='https:\/\/ftp3.syscom.mx\/usuarios\/jsosa\/HIKVISION\/HikFire\/banners\/LINKEDIN%201200%20x%20627%20-%20Solucion%20Hikfire%20s.png' alt='Banner HikFire'> <\/div>\n<\/p><\/div>\n","protected":false},"excerpt":{"rendered":"<p>(HikFire) Mini Fisheye IP 4 Megapixel con Detector de Humo Puntual  \/ Aut\u00f3nomo \/ Entrada y Salida de Alarma \/ 15 mts IR \/ PoE \/ WDR 120 dB \/ Alarma de 85 dB \/ MicroSD 128GB \/ Compatible con Hik-Connect<\/p>\n","protected":false},"featured_media":104262,"comment_status":"open","ping_status":"closed","template":"","meta":[],"product_brand":[],"product_cat":[2248],"product_tag":[122,2249,54],"class_list":{"0":"post-104263","1":"product","2":"type-product","3":"status-publish","4":"has-post-thumbnail","6":"product_cat-fisheye-y-hemisfericas","7":"product_tag-camaras-ip-y-nvrs","8":"product_tag-fisheye-y-hemisfericas","9":"product_tag-hikvision","11":"first","12":"instock","13":"sale","14":"shipping-taxable","15":"purchasable","16":"product-type-simple"},"_links":{"self":[{"href":"https:\/\/soydeaqui.ddns.net\/pachuca\/index.php\/wp-json\/wp\/v2\/product\/104263","targetHints":{"allow":["GET"]}}],"collection":[{"href":"https:\/\/soydeaqui.ddns.net\/pachuca\/index.php\/wp-json\/wp\/v2\/product"}],"about":[{"href":"https:\/\/soydeaqui.ddns.net\/pachuca\/index.php\/wp-json\/wp\/v2\/types\/product"}],"replies":[{"embeddable":true,"href":"https:\/\/soydeaqui.ddns.net\/pachuca\/index.php\/wp-json\/wp\/v2\/comments?post=104263"}],"wp:featuredmedia":[{"embeddable":true,"href":"https:\/\/soydeaqui.ddns.net\/pachuca\/index.php\/wp-json\/wp\/v2\/media\/104262"}],"wp:attachment":[{"href":"https:\/\/soydeaqui.ddns.net\/pachuca\/index.php\/wp-json\/wp\/v2\/media?parent=104263"}],"wp:term":[{"taxonomy":"product_brand","embeddable":true,"href":"https:\/\/soydeaqui.ddns.net\/pachuca\/index.php\/wp-json\/wp\/v2\/product_brand?post=104263"},{"taxonomy":"product_cat","embeddable":true,"href":"https:\/\/soydeaqui.ddns.net\/pachuca\/index.php\/wp-json\/wp\/v2\/product_cat?post=104263"},{"taxonomy":"product_tag","embeddable":true,"href":"https:\/\/soydeaqui.ddns.net\/pachuca\/index.php\/wp-json\/wp\/v2\/product_tag?post=104263"}],"curies":[{"name":"wp","href":"https:\/\/api.w.org\/{rel}","templated":true}]}}