{"id":104254,"date":"2026-03-20T14:23:55","date_gmt":"2026-03-20T14:23:55","guid":{"rendered":"https:\/\/soydeaqui.ddns.net\/pachuca\/index.php\/producto\/kit-de-medidor-de-resistencia-a-tierra-digital-terrometro-a-3-hilos-cat-iii-1000-v\/"},"modified":"2026-03-20T14:23:59","modified_gmt":"2026-03-20T14:23:59","slug":"kit-de-medidor-de-resistencia-a-tierra-digital-terrometro-a-3-hilos-cat-iii-1000-v","status":"publish","type":"product","link":"https:\/\/soydeaqui.ddns.net\/pachuca\/index.php\/producto\/kit-de-medidor-de-resistencia-a-tierra-digital-terrometro-a-3-hilos-cat-iii-1000-v\/","title":{"rendered":"KIT de Medidor de Resistencia a Tierra Digital ( Terr\u00f3metro ), a 3 hilos  CAT III \/ 1000 V."},"content":{"rendered":"<div style='width: 100%; max-width: 1200px; margin: 0 auto; font-family: sans-serif; line-height: 1.6; color: inherit; background-color: transparent;'>\n<p style='text-align: center; margin: 20px 0;'><img style='width: 100%; max-width: 540px; height: auto; border: 1px solid rgba(150&comma;150&comma;150&comma;0.3); border-radius: 8px;' src='https:\/\/ftp3.syscom.mx\/usuarios\/fotos\/TG45AB\/75917-logo_total_ground.png' alt='Logo Total Ground' \/><\/p>\n<div style='display: flex; flex-wrap: wrap; gap: 30px; margin-bottom: 30px;'>\n<div style='flex: 1 1 300px; min-width: 280px;'>\n<h3 style='font-size: 22px; border-bottom: 2px solid currentColor; padding-bottom: 5px; margin-top: 0; color: inherit; opacity: 0.8;'>Descripci\u00f3n<\/h3>\n<p style='font-size: 15px; color: inherit;'>El terr\u00f3metro KRT-01-3PN es un equipo digital de resistencia de tierra. Est\u00e1 dise\u00f1ado para medir la resistencia de la conexi\u00f3n a tierra utilizado en el equipo el\u00e9ctrico&comma; as\u00ed como para medici\u00f3n de la resistividad de la tierra. Se puede utilizar para mediciones de las otras resistencias l\u00edquidos y regulares bajas.<\/p>\n<p style='font-size: 15px; color: inherit;'>Tambi\u00e9n se puede utilizar para medir la corriente AC de tensi\u00f3n&comma; corriente DC de tensi\u00f3n y resistencia. Este instrumento tiene una aplicaci\u00f3n amplia para instalaci\u00f3n de tierra de prueba en industrias basadas en electricidad&comma; redes de telecomunicaciones y sistemas de tracci\u00f3n el\u00e9ctrica&comma; etc.<\/p>\n<\/p><\/div>\n<\/p><\/div>\n<div style='display: flex; flex-wrap: wrap; gap: 20px; margin-bottom: 30px;'>\n<div style='flex: 1 1 250px; border: 1px solid rgba(150&comma; 150&comma; 150&comma; 0.4); border-radius: 8px; overflow: hidden; display: flex; flex-direction: column;'>\n<div style='padding: 15px; border-bottom: 1px solid rgba(150&comma; 150&comma; 150&comma; 0.2); font-weight: bold; font-size: 18px; color: inherit;'>Caracter\u00edsticas<\/div>\n<div style='padding: 15px; color: inherit;'>\n<ul style='padding-left: 20px; margin: 0; font-size: 14px; list-style-type: disc;'>\n<li style='margin-bottom: 5px;'>Medidor de resistencia de tierra digital a 3 hilos.<\/li>\n<li style='margin-bottom: 5px;'>Indicadores de bater\u00eda baja.<\/li>\n<li style='margin-bottom: 5px;'>Pantalla con retroiluminaci\u00f3n.<\/li>\n<li style='margin-bottom: 5px;'>Doble carcasa de pl\u00e1stico.<\/li>\n<li style='margin-bottom: 5px;'>Auto apagado.<\/li>\n<li style='margin-bottom: 5px;'>Funci\u00f3n HOLD.<\/li>\n<li style='margin-bottom: 5px;'>Funci\u00f3n ZERO<\/li>\n<li style='margin-bottom: 5px;'>Muestreo: 2.5 veces por segundo.<\/li>\n<\/ul><\/div>\n<\/p><\/div>\n<div style='flex: 1 1 250px; border: 1px solid rgba(150&comma; 150&comma; 150&comma; 0.4); border-radius: 8px; overflow: hidden; display: flex; flex-direction: column;'>\n<div style='padding: 15px; border-bottom: 1px solid rgba(150&comma; 150&comma; 150&comma; 0.2); font-weight: bold; font-size: 18px; color: inherit;'>Especificaciones<\/div>\n<div style='padding: 15px; color: inherit;'>\n<ul style='padding-left: 20px; margin: 0; font-size: 14px; list-style-type: disc;'>\n<li style='margin-bottom: 5px;'>Tensi\u00f3n AC: 750 V<\/li>\n<li style='margin-bottom: 5px;'>Tensi\u00f3n DC: 1000 V<\/li>\n<li style='margin-bottom: 5px;'>Resistencia: 200 kOhm<\/li>\n<li style='margin-bottom: 5px;'>Test de continuidad: <200 mA<\/li>\n<li style='margin-bottom: 5px;'>Temperatura de funcionamiento: 0\u00b0C a 40\u00b0C (80%HR)<\/li>\n<li style='margin-bottom: 5px;'>Dimensiones: 200 x 92 x 50 mm<\/li>\n<li style='margin-bottom: 5px;'>Peso: 700 gr (con bater\u00edas)<\/li>\n<li style='margin-bottom: 5px;'>Cumple con los requisitos para ser Certificado en un centro de Calibraci\u00f3n (Certificado No incluido)<\/li>\n<\/ul><\/div>\n<\/p><\/div>\n<\/p><\/div>\n<div style='display: flex; flex-wrap: wrap; gap: 30px; margin-bottom: 30px;'>\n<div style='flex: 1 1 300px; min-width: 280px;'>\n<h3 style='font-size: 22px; border-bottom: 2px solid currentColor; padding-bottom: 5px; margin-top: 0; color: inherit; opacity: 0.8;'>Accesorios Incluidos<\/h3>\n<ul style='padding-left: 20px; font-size: 15px; color: inherit;'>\n<li style='margin-bottom: 5px;'>Puntas de prueba.<\/li>\n<li style='margin-bottom: 5px;'>6 pilas \u201cAA\u201d.<\/li>\n<li style='margin-bottom: 5px;'>Funda protectora de goma.<\/li>\n<li style='margin-bottom: 5px;'>3 cables (amarillo&comma; rojo y verde).<\/li>\n<li style='margin-bottom: 5px;'>2 cables de prueba.<\/li>\n<li style='margin-bottom: 5px;'>2 picas<\/li>\n<li style='margin-bottom: 5px;'>Funda de transporte.<\/li>\n<\/ul><\/div>\n<\/p><\/div>\n<div style='display: flex; flex-wrap: wrap; gap: 30px; margin-bottom: 30px;'>\n<div style='flex: 1 1 300px; min-width: 280px;'>\n<h3 style='font-size: 22px; border-bottom: 2px solid currentColor; padding-bottom: 5px; margin-top: 0; color: inherit; opacity: 0.8;'>Imagen<\/h3>\n<div style='margin-top: 15px; text-align: center;'> <img style='width: 100%; max-width: 700px; height: auto; border: 1px solid rgba(150&comma;150&comma;150&comma;0.3); border-radius: 8px;' src='https:\/\/ftp3.syscom.mx\/usuarios\/fotos\/KRT013PN\/214055-krt013pn.png' alt='Producto' \/> <\/div>\n<\/p><\/div>\n<\/p><\/div>\n<div style='display: flex; flex-wrap: wrap; gap: 30px; margin-bottom: 30px;'>\n<div style='flex: 1 1 300px; min-width: 280px;'>\n<h3 style='font-size: 22px; border-bottom: 2px solid currentColor; padding-bottom: 5px; margin-top: 0; color: inherit; opacity: 0.8;'>Diagrama<\/h3>\n<div style='margin-top: 15px; text-align: center;'> <img style='width: 100%; max-width: 200px; height: auto; border: 1px solid rgba(150&comma;150&comma;150&comma;0.3); border-radius: 8px;' src='data:image\/png;base64&comma;iVBORw0KGgoAAAANSUhEUgAAANcAAABiCAIAAABMGNEkAAAXbklEQVR4Ae2dd1yTxx\/Hf\/9SRETEUS1JeBICQmQvQZkKCoq4iKK4ERfiQnDhwII4AFcVJ2IVS62rdVLBUWUpUgUZarFAVQiyISHJ8\/waDs6HDEyQFpKeL195Xe753ve5+9ybu+fuubv8j0D\/kAI9rcD\/ejoD6P5IAQJRiCDoeQUQhT1fBygHiELEQM8rgCjs+TpAOUAUIgZ6XgFEYc\/XAcoBohAx0PMKIAp7vg5QDhCFiIGeVwBR2PN1gHKAKEQM9LwCiMKerwOUA0QhYqDnFUAU9nwd4H8A70249173BdMAAAAASUVORK5CYII=' alt='Diagrama' \/> <\/div>\n<\/p><\/div>\n<\/p><\/div>\n<hr style='border: 0; border-top: 1px solid rgba(150&comma; 150&comma; 150&comma; 0.3); margin: 30px 0;'> <\/div>\n","protected":false},"excerpt":{"rendered":"<p>KIT de Medidor de Resistencia a Tierra Digital ( Terr\u00f3metro ), a 3 hilos  CAT III \/ 1000 V.<\/p>\n","protected":false},"featured_media":104253,"comment_status":"open","ping_status":"closed","template":"","meta":[],"product_brand":[],"product_cat":[1125],"product_tag":[931,1126,635],"class_list":{"0":"post-104254","1":"product","2":"type-product","3":"status-publish","4":"has-post-thumbnail","6":"product_cat-para-instalacion-en-campo","7":"product_tag-equipo-de-laboratorio","8":"product_tag-para-instalacion-en-campo","9":"product_tag-total-ground","11":"first","12":"instock","13":"sale","14":"shipping-taxable","15":"purchasable","16":"product-type-simple"},"_links":{"self":[{"href":"https:\/\/soydeaqui.ddns.net\/pachuca\/index.php\/wp-json\/wp\/v2\/product\/104254","targetHints":{"allow":["GET"]}}],"collection":[{"href":"https:\/\/soydeaqui.ddns.net\/pachuca\/index.php\/wp-json\/wp\/v2\/product"}],"about":[{"href":"https:\/\/soydeaqui.ddns.net\/pachuca\/index.php\/wp-json\/wp\/v2\/types\/product"}],"replies":[{"embeddable":true,"href":"https:\/\/soydeaqui.ddns.net\/pachuca\/index.php\/wp-json\/wp\/v2\/comments?post=104254"}],"wp:featuredmedia":[{"embeddable":true,"href":"https:\/\/soydeaqui.ddns.net\/pachuca\/index.php\/wp-json\/wp\/v2\/media\/104253"}],"wp:attachment":[{"href":"https:\/\/soydeaqui.ddns.net\/pachuca\/index.php\/wp-json\/wp\/v2\/media?parent=104254"}],"wp:term":[{"taxonomy":"product_brand","embeddable":true,"href":"https:\/\/soydeaqui.ddns.net\/pachuca\/index.php\/wp-json\/wp\/v2\/product_brand?post=104254"},{"taxonomy":"product_cat","embeddable":true,"href":"https:\/\/soydeaqui.ddns.net\/pachuca\/index.php\/wp-json\/wp\/v2\/product_cat?post=104254"},{"taxonomy":"product_tag","embeddable":true,"href":"https:\/\/soydeaqui.ddns.net\/pachuca\/index.php\/wp-json\/wp\/v2\/product_tag?post=104254"}],"curies":[{"name":"wp","href":"https:\/\/api.w.org\/{rel}","templated":true}]}}