{"id":104242,"date":"2026-03-20T14:23:21","date_gmt":"2026-03-20T14:23:21","guid":{"rendered":"https:\/\/soydeaqui.ddns.net\/pachuca\/index.php\/producto\/ptz-ip-dual-lente-termico-9mm-lente-optico-4-megapixel-40x-zoom-200-mts-ir-wdr-120db-exterior-ip66-microsd\/"},"modified":"2026-03-20T14:23:23","modified_gmt":"2026-03-20T14:23:23","slug":"ptz-ip-dual-lente-termico-9mm-lente-optico-4-megapixel-40x-zoom-200-mts-ir-wdr-120db-exterior-ip66-microsd","status":"publish","type":"product","link":"https:\/\/soydeaqui.ddns.net\/pachuca\/index.php\/producto\/ptz-ip-dual-lente-termico-9mm-lente-optico-4-megapixel-40x-zoom-200-mts-ir-wdr-120db-exterior-ip66-microsd\/","title":{"rendered":"PTZ IP Dual \/ Lente T\u00e9rmico 9mm \/ Lente \u00f3ptico 4 Megapixel \/ 40X Zoom \/ 200 mts IR \/ WDR 120dB \/ Exterior IP66 \/ MicroSD"},"content":{"rendered":"<div style='width: 100%; max-width: 1200px; margin: 0 auto; font-family: sans-serif; line-height: 1.6; color: inherit; background-color: transparent;'>\n<p style='text-align: center; margin: 0 0 15px 0;'><img style='width: 100%; max-width: 45%; height: auto; border: 1px solid rgba(150&comma;150&comma;150&comma;0.3); border-radius: 8px;' src='https:\/\/ftp3.syscom.mx\/usuarios\/jsosa\/HIKVISION\/imagenes\/logo\/hikvision%20see%20far.png' alt='Logo Hikvision'><\/p>\n<div style='display: flex; flex-wrap: wrap; gap: 30px; margin: 30px 0;'>\n<div style='flex: 1 1 400px; min-width: 300px;'>\n<div style='position: relative; padding-bottom: 56.25%; height: 0; overflow: hidden; margin-bottom: 30px;'>   <\/div>\n<\/p><\/div>\n<div style='flex: 1 1 400px; min-width: 300px;'>\n<div style='position: relative; padding-bottom: 56.25%; height: 0; overflow: hidden; margin-bottom: 30px;'>   <\/div>\n<\/p><\/div>\n<\/p><\/div>\n<div style='display: flex; flex-wrap: wrap; gap: 30px; margin-bottom: 30px;'>\n<div style='flex: 1 1 300px; min-width: 280px;'>\n<div style='border: 1px solid rgba(150&comma; 150&comma; 150&comma; 0.4); border-radius: 8px; overflow: hidden; display: flex; flex-direction: column;'>\n<div style='padding: 15px; border-bottom: 1px solid rgba(150&comma; 150&comma; 150&comma; 0.2); font-weight: bold; font-size: 18px; color: inherit; background-color: rgba(255&comma; 0&comma; 0&comma; 0.05);'>Caracter\u00edsticas lente t\u00e9rmico<\/div>\n<div style='padding: 15px; color: inherit;'>\n<ul style='padding-left: 20px; margin: 0; font-size: 14px; list-style-type: disc;'>\n<li style='margin-bottom: 5px;'>Lente fijo: 9 mm.<\/li>\n<li style='margin-bottom: 5px;'>Resoluci\u00f3n: 384 x 288.<\/li>\n<li style='margin-bottom: 5px;'>Sensor de imagen: oxido de vanadio&comma; detector de plano focal no refrigerado.<\/li>\n<li style='margin-bottom: 5px;'>Identificaci\u00f3n de personas: 33 mts aproximado.<\/li>\n<li style='margin-bottom: 5px;'>Identificaci\u00f3n de veh\u00edculos: 101 mts aproximado.<\/li>\n<\/ul><\/div>\n<\/p><\/div>\n<\/p><\/div>\n<div style='flex: 1 1 300px; min-width: 280px;'>\n<div style='border: 1px solid rgba(150&comma; 150&comma; 150&comma; 0.4); border-radius: 8px; overflow: hidden; display: flex; flex-direction: column;'>\n<div style='padding: 15px; border-bottom: 1px solid rgba(150&comma; 150&comma; 150&comma; 0.2); font-weight: bold; font-size: 18px; color: inherit; background-color: rgba(255&comma; 0&comma; 0&comma; 0.05);'>Caracter\u00edsticas de lente \u00f3ptico<\/div>\n<div style='padding: 15px; color: inherit;'>\n<ul style='padding-left: 20px; margin: 0; font-size: 14px; list-style-type: disc;'>\n<li style='margin-bottom: 5px;'>Resolucion maxima: 4 Megapixel (2688 \u00d7 1520).<\/li>\n<li style='margin-bottom: 5px;'>Iluminacion minima: Color 0.002 Lux @ (F1.5&comma; AGC ON )&comma; B\/N 0.0002 Lux @ (F1.5&comma; AGC ON).<\/li>\n<li style='margin-bottom: 5px;'>Funciones normales: WDR real 120dB \/ 3D-DNR \/ Defog.<\/li>\n<li style='margin-bottom: 5px;'>Funciones especiales: Cruce de linea \/ Intrusion de area.<\/li>\n<li style='margin-bottom: 5px;'>Distancia focal: 6.2 a 240 mm (40 X Zoom optico 56.6\u00b0 a 33.7\u00b0).<\/li>\n<li style='margin-bottom: 5px;'>Distancia de infrarrojos: 200 mts IR.<\/li>\n<\/ul><\/div>\n<\/p><\/div>\n<\/p><\/div>\n<div style='flex: 1 1 300px; min-width: 280px;'>\n<div style='border: 1px solid rgba(150&comma; 150&comma; 150&comma; 0.4); border-radius: 8px; overflow: hidden; display: flex; flex-direction: column;'>\n<div style='padding: 15px; border-bottom: 1px solid rgba(150&comma; 150&comma; 150&comma; 0.2); font-weight: bold; font-size: 18px; color: inherit; background-color: rgba(255&comma; 0&comma; 0&comma; 0.05);'>Caracter\u00edsticas F\u00edsicas y El\u00e9ctricas<\/div>\n<div style='padding: 15px; color: inherit;'>\n<ul style='padding-left: 20px; margin: 0; font-size: 14px; list-style-type: disc;'>\n<li style='margin-bottom: 5px;'>Alimentacion: 24 Vca \/ 60 Watts.<\/li>\n<li style='margin-bottom: 5px;'>Temperatura de operacion: -40\u00baC a 60\u00baC.<\/li>\n<li style='margin-bottom: 5px;'>Proteccion: Interior \/ Exterior IP66.<\/li>\n<li style='margin-bottom: 5px;'>Proteccion contra sobretensiones y proteccion contra voltajes transistorios.<\/li>\n<li style='margin-bottom: 5px;'>Dimensiones: 266.6 x 410 mm.<\/li>\n<li style='margin-bottom: 5px;'>Peso: 9 Kgs.<\/li>\n<li style='margin-bottom: 5px;'>El PTZ incluye brazo de pared.<\/li>\n<\/ul><\/div>\n<\/p><\/div>\n<\/p><\/div>\n<div style='flex: 1 1 300px; min-width: 280px;'>\n<div style='border: 1px solid rgba(150&comma; 150&comma; 150&comma; 0.4); border-radius: 8px; overflow: hidden; display: flex; flex-direction: column;'>\n<div style='padding: 15px; border-bottom: 1px solid rgba(150&comma; 150&comma; 150&comma; 0.2); font-weight: bold; font-size: 18px; color: inherit; background-color: rgba(255&comma; 0&comma; 0&comma; 0.05);'>Entradas y Salidas de Audio \/ Alarmas \/ Red<\/div>\n<div style='padding: 15px; color: inherit;'>\n<ul style='padding-left: 20px; margin: 0; font-size: 14px; list-style-type: disc;'>\n<li style='margin-bottom: 5px;'>Entradas de alarma: 7.<\/li>\n<li style='margin-bottom: 5px;'>Salidas de alarma: 2.<\/li>\n<li style='margin-bottom: 5px;'>Entrada de audio: 1.<\/li>\n<li style='margin-bottom: 5px;'>Salida de audio: 1.<\/li>\n<li style='margin-bottom: 5px;'>Salida de video analogica CVBS (4 CIF): 1.<\/li>\n<li style='margin-bottom: 5px;'>Salida RS-485: HIKVISION \/ Pelco-D \/ Pelco-P.<\/li>\n<li style='margin-bottom: 5px;'>Soporta Micro SD m\u00e1ximo 64 GB (no incluida).<\/li>\n<li style='margin-bottom: 5px;'>Puerto de red: 1 (10 \/ 100 Mbps).<\/li>\n<li style='margin-bottom: 5px;'>Compresion: H.265+ \/ H.265 \/ H.264+ \/ H.264.<\/li>\n<\/ul><\/div>\n<\/p><\/div>\n<\/p><\/div>\n<\/p><\/div>\n<p style='text-align: center; margin: 30px 0 0 0;'><img style='width: 100%; height: auto; border: 1px solid rgba(150&comma;150&comma;150&comma;0.3); border-radius: 8px;' src='https:\/\/ftp3.syscom.mx\/usuarios\/jsosa\/banners\/solucion-termica.jpg' alt='Soluci\u00f3n t\u00e9rmica'><\/p>\n<\/p><\/div>\n","protected":false},"excerpt":{"rendered":"<p>PTZ IP Dual \/ Lente T\u00e9rmico 9mm \/ Lente \u00f3ptico 4 Megapixel \/ 40X Zoom \/ 200 mts IR \/ WDR 120dB \/ Exterior IP66 \/ MicroSD<\/p>\n","protected":false},"featured_media":104241,"comment_status":"open","ping_status":"closed","template":"","meta":[],"product_brand":[],"product_cat":[1049],"product_tag":[122,54,1050],"class_list":{"0":"post-104242","1":"product","2":"type-product","3":"status-publish","4":"has-post-thumbnail","6":"product_cat-termicas","7":"product_tag-camaras-ip-y-nvrs","8":"product_tag-hikvision","9":"product_tag-termicas","11":"first","12":"outofstock","13":"sale","14":"shipping-taxable","15":"purchasable","16":"product-type-simple"},"_links":{"self":[{"href":"https:\/\/soydeaqui.ddns.net\/pachuca\/index.php\/wp-json\/wp\/v2\/product\/104242","targetHints":{"allow":["GET"]}}],"collection":[{"href":"https:\/\/soydeaqui.ddns.net\/pachuca\/index.php\/wp-json\/wp\/v2\/product"}],"about":[{"href":"https:\/\/soydeaqui.ddns.net\/pachuca\/index.php\/wp-json\/wp\/v2\/types\/product"}],"replies":[{"embeddable":true,"href":"https:\/\/soydeaqui.ddns.net\/pachuca\/index.php\/wp-json\/wp\/v2\/comments?post=104242"}],"wp:featuredmedia":[{"embeddable":true,"href":"https:\/\/soydeaqui.ddns.net\/pachuca\/index.php\/wp-json\/wp\/v2\/media\/104241"}],"wp:attachment":[{"href":"https:\/\/soydeaqui.ddns.net\/pachuca\/index.php\/wp-json\/wp\/v2\/media?parent=104242"}],"wp:term":[{"taxonomy":"product_brand","embeddable":true,"href":"https:\/\/soydeaqui.ddns.net\/pachuca\/index.php\/wp-json\/wp\/v2\/product_brand?post=104242"},{"taxonomy":"product_cat","embeddable":true,"href":"https:\/\/soydeaqui.ddns.net\/pachuca\/index.php\/wp-json\/wp\/v2\/product_cat?post=104242"},{"taxonomy":"product_tag","embeddable":true,"href":"https:\/\/soydeaqui.ddns.net\/pachuca\/index.php\/wp-json\/wp\/v2\/product_tag?post=104242"}],"curies":[{"name":"wp","href":"https:\/\/api.w.org\/{rel}","templated":true}]}}