{"id":104239,"date":"2026-03-20T14:23:11","date_gmt":"2026-03-20T14:23:11","guid":{"rendered":"https:\/\/soydeaqui.ddns.net\/pachuca\/index.php\/producto\/domo-ip-ptz-4-megapixel-anticorrosivo-nema-4x-25x-zoom-exterior-ip67-ik10-wdr-140-db-onvif-autoseguimiento-ultra-baja-iluminacion\/"},"modified":"2026-03-20T14:23:17","modified_gmt":"2026-03-20T14:23:17","slug":"domo-ip-ptz-4-megapixel-anticorrosivo-nema-4x-25x-zoom-exterior-ip67-ik10-wdr-140-db-onvif-autoseguimiento-ultra-baja-iluminacion","status":"publish","type":"product","link":"https:\/\/soydeaqui.ddns.net\/pachuca\/index.php\/producto\/domo-ip-ptz-4-megapixel-anticorrosivo-nema-4x-25x-zoom-exterior-ip67-ik10-wdr-140-db-onvif-autoseguimiento-ultra-baja-iluminacion\/","title":{"rendered":"Domo IP PTZ 4 Megapixel \/ Anticorrosivo (NEMA 4X) \/ 25X Zoom \/ Exterior IP67 \/ IK10 \/ WDR 140 dB \/ Onvif \/ Autoseguimiento \/ Ultra Baja Iluminaci\u00f3n"},"content":{"rendered":"<div style='width: 100%; max-width: 1200px; margin: 0 auto; font-family: sans-serif; line-height: 1.6; color: inherit; background-color: transparent;'>\n<p style='text-align: center;'><img style='width: 100%; max-width: 500px; height: auto; border: 1px solid rgba(150&comma;150&comma;150&comma;0.3); border-radius: 8px;' src='https:\/\/ftp3.syscom.mx\/usuarios\/jsosa\/HIKVISION\/imagenes\/logo\/hikvision%20see%20far.png' alt='Logo Hikvision'><\/p>\n<div style='display: flex; flex-wrap: wrap; gap: 30px; margin: 30px 0;'>\n<div style='flex: 1 1 450px; min-width: 300px;'>\n<div style='position: relative; padding-bottom: 56.25%; height: 0; overflow: hidden;'>   <\/div>\n<\/p><\/div>\n<div style='flex: 1 1 450px; min-width: 300px;'>\n<div style='position: relative; padding-bottom: 56.25%; height: 0; overflow: hidden;'>   <\/div>\n<\/p><\/div>\n<\/p><\/div>\n<div style='display: flex; flex-wrap: wrap; gap: 30px; margin: 30px 0;'>\n<div style='flex: 1 1 300px; min-width: 280px;'>\n<div style='border: 1px solid rgba(150&comma;150&comma;150&comma;0.4); border-radius: 8px; overflow: hidden; display: flex; flex-direction: column;'>\n<div style='padding: 15px; border-bottom: 1px solid rgba(150&comma;150&comma;150&comma;0.2); font-weight: bold; font-size: 18px; color: inherit;'>Caracter\u00edsticas principales<\/div>\n<div style='padding: 15px; color: inherit;'>\n<ul style='padding-left: 20px; margin: 0; font-size: 14px; list-style-type: disc;'>\n<li style='margin-bottom: 5px;'>Sensor de imagen: 1\/1.8&#8242; CMOS Scan Progresivo<\/li>\n<li style='margin-bottom: 5px;'>Iluminacion minima: F1.5&comma; AGC On: Color: 0.002 lux&comma; B\/W: 0.0002 lux<\/li>\n<li style='margin-bottom: 5px;'>Velocidad del sutther: 1\/1s a 1\/30&comma;000 s<\/li>\n<li style='margin-bottom: 5px;'>Dia \/ Noche real con filtro ICR<\/li>\n<li style='margin-bottom: 5px;'>Lente Varifocal Motorizado: 5.9 a 188.8 mm (32X Zoom Optico \/ 16X Zoom Digital)<\/li>\n<li style='margin-bottom: 5px;'>Distancia de IR: N\/A<\/li>\n<li style='margin-bottom: 5px;'><strong>Funciones:<\/strong> WDR Real (140 dB)&comma; 3D-DNR&comma; BLC&comma; Defog&comma; ROI&comma; Cruce de linea&comma; Intrusion de area&comma; detecci\u00f3n de excepcion de audio&comma; detecci\u00f3n de des-enfoque&comma; detecci\u00f3n de movimiento&comma; deteccion de entrada\/salida de area&comma; objeto removido&comma; objeto olvidado&comma; conteo de objetos&comma; autoseguimiento (auto tracking)<\/li>\n<\/ul><\/div>\n<\/p><\/div>\n<\/p><\/div>\n<div style='flex: 1 1 300px; min-width: 280px;'>\n<div style='border: 1px solid rgba(150&comma;150&comma;150&comma;0.4); border-radius: 8px; overflow: hidden; display: flex; flex-direction: column;'>\n<div style='padding: 15px; border-bottom: 1px solid rgba(150&comma;150&comma;150&comma;0.2); font-weight: bold; font-size: 18px; color: inherit;'>Caracter\u00edsticas F\u00edsicas y El\u00e9ctricas<\/div>\n<div style='padding: 15px; color: inherit;'>\n<ul style='padding-left: 20px; margin: 0; font-size: 14px; list-style-type: disc;'>\n<li style='margin-bottom: 5px;'>Temperatura de operacion: -40 a 70 \u00b0C (-40 \u00b0F \u2013 158 \u00b0F)&comma; humedad 95%<\/li>\n<li style='margin-bottom: 5px;'>Alimentacion: 24 vca \/ Hi-PoE \/ 45 W<\/li>\n<li style='margin-bottom: 5px;'>Aplicaci\u00f3n: Interior \/ Exterior<\/li>\n<li style='margin-bottom: 5px;'><strong>Proteccion: IP67&comma; IK10&comma; Certificaci\u00f3n NEMA 4X<\/strong><\/li>\n<li style='margin-bottom: 5px;'><strong>Dise\u00f1ada para ambientes humedos y con salitre (Costas&comma; plantas de agua&comma; plantas quimicas&comma; barcos&comma; islas o todo ambiente que requiera un alto nivel anticorrosivo)<\/strong><\/li>\n<li style='margin-bottom: 5px;'>Dimensiones: 262 \u00d7 330 mm<\/li>\n<li style='margin-bottom: 5px;'>Peso: 10 Kgs<\/li>\n<\/ul><\/div>\n<\/p><\/div>\n<\/p><\/div>\n<div style='flex: 1 1 300px; min-width: 280px;'>\n<div style='border: 1px solid rgba(150&comma;150&comma;150&comma;0.4); border-radius: 8px; overflow: hidden; display: flex; flex-direction: column;'>\n<div style='padding: 15px; border-bottom: 1px solid rgba(150&comma;150&comma;150&comma;0.2); font-weight: bold; font-size: 18px; color: inherit;'>Funciones de red y almacenamiento<\/div>\n<div style='padding: 15px; color: inherit;'>\n<ul style='padding-left: 20px; margin: 0; font-size: 14px; list-style-type: disc;'>\n<li style='margin-bottom: 5px;'>Soporta NAS: (NFS&comma;SMB\/CIFS)<\/li>\n<li style='margin-bottom: 5px;'>Protocolos: IPv4\/IPv6&comma; HTTP&comma; HTTPS&comma; 802.1X&comma; QoS&comma; FTP&comma; SMTP&comma; UPnP&comma; SNMP&comma; DNS&comma; DDNS&comma; NTP&comma; RTSP&comma; RTP&comma; TCP&comma; UDP&comma; IGMP&comma; ICMP&comma; DHCP&comma; PPPoE<\/li>\n<li style='margin-bottom: 5px;'>ONVIF: PROFILE S&comma; PROFILE G&comma; PSIA&comma; CGI&comma; ISAPI&comma; GB28181<\/li>\n<\/ul><\/div>\n<div style='padding: 15px; border-top: 1px solid rgba(150&comma;150&comma;150&comma;0.2); color: inherit;'> <strong>Interfaces y Audio<\/strong> <\/p>\n<ul style='padding-left: 20px; margin: 0; font-size: 14px; list-style-type: disc;'>\n<li style='margin-bottom: 5px;'>Audio: 1 entrada y 1 salida<\/li>\n<li style='margin-bottom: 5px;'>Red: 1 puerto RJ45 10\/100 Mbps<\/li>\n<li style='margin-bottom: 5px;'>Alarma: 7 entradas y 2 salidas<\/li>\n<li style='margin-bottom: 5px;'>Salida de video en BNC&comma; resolucion 4CIF<\/li>\n<\/ul><\/div>\n<\/p><\/div>\n<\/p><\/div>\n<\/p><\/div>\n<div style='display: flex; flex-wrap: wrap; gap: 30px; margin: 30px 0;'>\n<div style='flex: 1 1 300px; min-width: 280px;'>\n<div style='border: 1px solid rgba(150&comma;150&comma;150&comma;0.4); border-radius: 8px; overflow: hidden; display: flex; flex-direction: column;'>\n<div style='padding: 15px; border-bottom: 1px solid rgba(150&comma;150&comma;150&comma;0.2); font-weight: bold; font-size: 18px; color: inherit;'>Compresion de video y resolucion maxima<\/div>\n<div style='padding: 15px; color: inherit;'>\n<ul style='padding-left: 20px; margin: 0; font-size: 14px; list-style-type: disc;'>\n<li style='margin-bottom: 5px;'>Formato de compresion: H.264 \/ MJPEG \/ MPEG4<\/li>\n<li style='margin-bottom: 5px;'>Video bit rate: 32 Kbps &#8211; 16 Mbps<\/li>\n<li style='margin-bottom: 5px;'>Compresion de audio: G.711ulaw\/G.711alaw\/G.726\/MP2L2\/G.722\/PCM<\/li>\n<li style='margin-bottom: 5px;'>Audio bit rate: 64Kbps(G.711) \/ 16Kbps(G.722.1) \/ 16Kbps(G.726) \/ 32-128Kbps(MP2L2)<\/li>\n<li style='margin-bottom: 5px;'>Resolucion maxima: 1920 \u00d7 1080 (2MP)<\/li>\n<li style='margin-bottom: 5px;'>Main stream: 50Hz: 50fps (1920 \u00d7 1080&comma;1280 \u00d7 960&comma;1280 \u00d7 720); 60Hz: 60fps (1920 \u00d7 1080&comma;1280 \u00d7 960&comma;1280 \u00d7720)<\/li>\n<li style='margin-bottom: 5px;'>Sub stream: 50Hz: 25fps(704\u00d7576&comma; 352\u00d7288&comma; 176\u00d7144); 60Hz: 30fps(704\u00d7480&comma; 352\u00d7240&comma; 176\u00d7120)<\/li>\n<\/ul><\/div>\n<\/p><\/div>\n<\/p><\/div>\n<\/p><\/div>\n<p style='text-align: center; margin: 30px 0 0 0;'><img style='width: 100%; height: auto; border: 1px solid rgba(150&comma;150&comma;150&comma;0.3); border-radius: 8px;' src='https:\/\/ftp3.syscom.mx\/usuarios\/jsosa\/HIKVISION\/imagenes\/banners\/solution%20complete.png' alt='Soluci\u00f3n completa Hikvision'><\/p>\n<\/p><\/div>\n","protected":false},"excerpt":{"rendered":"<p>Domo IP PTZ 4 Megapixel \/ Anticorrosivo (NEMA 4X) \/ 25X Zoom \/ Exterior IP67 \/ IK10 \/ WDR 140 dB \/ Onvif \/ Autoseguimiento \/ Ultra Baja Iluminaci\u00f3n<\/p>\n","protected":false},"featured_media":104238,"comment_status":"open","ping_status":"closed","template":"","meta":[],"product_brand":[],"product_cat":[2289],"product_tag":[2290,122,54],"class_list":{"0":"post-104239","1":"product","2":"type-product","3":"status-publish","4":"has-post-thumbnail","6":"product_cat-ambientes-salinos-anticorrosion","7":"product_tag-ambientes-salinos-anticorrosion","8":"product_tag-camaras-ip-y-nvrs","9":"product_tag-hikvision","11":"first","12":"outofstock","13":"sale","14":"shipping-taxable","15":"purchasable","16":"product-type-simple"},"_links":{"self":[{"href":"https:\/\/soydeaqui.ddns.net\/pachuca\/index.php\/wp-json\/wp\/v2\/product\/104239","targetHints":{"allow":["GET"]}}],"collection":[{"href":"https:\/\/soydeaqui.ddns.net\/pachuca\/index.php\/wp-json\/wp\/v2\/product"}],"about":[{"href":"https:\/\/soydeaqui.ddns.net\/pachuca\/index.php\/wp-json\/wp\/v2\/types\/product"}],"replies":[{"embeddable":true,"href":"https:\/\/soydeaqui.ddns.net\/pachuca\/index.php\/wp-json\/wp\/v2\/comments?post=104239"}],"wp:featuredmedia":[{"embeddable":true,"href":"https:\/\/soydeaqui.ddns.net\/pachuca\/index.php\/wp-json\/wp\/v2\/media\/104238"}],"wp:attachment":[{"href":"https:\/\/soydeaqui.ddns.net\/pachuca\/index.php\/wp-json\/wp\/v2\/media?parent=104239"}],"wp:term":[{"taxonomy":"product_brand","embeddable":true,"href":"https:\/\/soydeaqui.ddns.net\/pachuca\/index.php\/wp-json\/wp\/v2\/product_brand?post=104239"},{"taxonomy":"product_cat","embeddable":true,"href":"https:\/\/soydeaqui.ddns.net\/pachuca\/index.php\/wp-json\/wp\/v2\/product_cat?post=104239"},{"taxonomy":"product_tag","embeddable":true,"href":"https:\/\/soydeaqui.ddns.net\/pachuca\/index.php\/wp-json\/wp\/v2\/product_tag?post=104239"}],"curies":[{"name":"wp","href":"https:\/\/api.w.org\/{rel}","templated":true}]}}