{"id":104234,"date":"2026-03-20T14:22:57","date_gmt":"2026-03-20T14:22:57","guid":{"rendered":"https:\/\/soydeaqui.ddns.net\/pachuca\/index.php\/producto\/multimetro-digital-con-seleccion-manual-rango-600v-cat-iii-con-proteccion-de-alerta-led-del-cable-de-prueba\/"},"modified":"2026-03-20T14:23:08","modified_gmt":"2026-03-20T14:23:08","slug":"multimetro-digital-con-seleccion-manual-rango-600v-cat-iii-con-proteccion-de-alerta-led-del-cable-de-prueba","status":"publish","type":"product","link":"https:\/\/soydeaqui.ddns.net\/pachuca\/index.php\/producto\/multimetro-digital-con-seleccion-manual-rango-600v-cat-iii-con-proteccion-de-alerta-led-del-cable-de-prueba\/","title":{"rendered":"Mult\u00edmetro Digital con Selecci\u00f3n Manual Rango 600V CAT III con Protecci\u00f3n de Alerta LED del Cable de Prueba"},"content":{"rendered":"<div style='width: 100%; max-width: 1200px; margin: 0 auto; font-family: sans-serif; line-height: 1.6; color: inherit; background-color: transparent;'> <!-- Caracter\u00edsticas Generales --> <\/p>\n<div style='display: flex; flex-wrap: wrap; gap: 30px; margin-bottom: 30px;'>\n<div style='flex: 1 1 300px; min-width: 280px;'>\n<h3 style='font-size: 22px; border-bottom: 2px solid currentColor; padding-bottom: 5px; margin-top: 0; color: inherit; opacity: 0.8;'>Caracter\u00edsticas Generales<\/h3>\n<ul style='padding-left: 20px; font-size: 15px; color: inherit;'>\n<li style='margin-bottom: 5px;'>Mult\u00edmetro que mide voltaje de hasta 600 V CA\/CD&comma; corriente de hasta 10 A CD y resistencia de hasta 2 M\u03a9&comma; continuidad&comma; bater\u00edas y diodos<\/li>\n<li style='margin-bottom: 5px;'>Protecci\u00f3n de alerta del cable de prueba con LED para la colocaci\u00f3n del cable de prueba<\/li>\n<li style='margin-bottom: 5px;'>Pantalla retroiluminada de f\u00e1cil visualizaci\u00f3n para entornos con poca luz<\/li>\n<li style='margin-bottom: 5px;'>Indicador de bater\u00eda baja y compartimiento de fusibles y bater\u00eda de f\u00e1cil acceso<\/li>\n<li style='margin-bottom: 5px;'>Mult\u00edmetro duradero construido para resistir una ca\u00edda desde 6&comma;6&#8242; (2 m) de altura<\/li>\n<li style='margin-bottom: 5px;'>Incluye cables de prueba&comma; bater\u00edas y manual del usuario<\/li>\n<li style='margin-bottom: 5px;'>Clasificaci\u00f3n de seguridad CAT III&comma; 600 V<\/li>\n<li style='margin-bottom: 5px;'>Para utilizar en entornos electromagn\u00e9ticos b\u00e1sicos y controlados&comma; como propiedades residenciales&comma; establecimientos comerciales e instalaciones de industria ligera.<\/li>\n<\/ul><\/div>\n<\/p><\/div>\n<p> <!-- Especificaciones --> <\/p>\n<div style='display: flex; flex-wrap: wrap; gap: 20px; margin-bottom: 30px;'>\n<div style='flex: 1 1 250px; border: 1px solid rgba(150&comma; 150&comma; 150&comma; 0.4); border-radius: 8px; overflow: hidden; display: flex; flex-direction: column;'>\n<div style='padding: 15px; border-bottom: 1px solid rgba(150&comma; 150&comma; 150&comma; 0.2); font-weight: bold; font-size: 18px; color: inherit;'>Dimensiones y Especificaciones<\/div>\n<div style='padding: 15px; color: inherit;'>\n<ul style='padding-left: 20px; margin: 0; font-size: 14px; list-style-type: disc;'>\n<li style='margin-bottom: 5px;'><strong>Bater\u00edas:<\/strong> 2 x AAA<\/li>\n<li style='margin-bottom: 5px;'><strong>Protecci\u00f3n ante ca\u00eddas:<\/strong> 6.6&#8242; (2 m)<\/li>\n<li style='margin-bottom: 5px;'><strong>Ohmios (resistencia):<\/strong> 2 M\u03a9<\/li>\n<li style='margin-bottom: 5px;'><strong>Longitud total:<\/strong> 6.41&#8242; (162 mm)<\/li>\n<li style='margin-bottom: 5px;'><strong>Altura total:<\/strong> 1.83&#8242; (46 mm)<\/li>\n<li style='margin-bottom: 5px;'><strong>Ancho total:<\/strong> 3.13&#8242; (79 mm)<\/li>\n<li style='margin-bottom: 5px;'><strong>Peso:<\/strong> 250 g (8.8 oz)<\/li>\n<\/ul><\/div>\n<\/p><\/div>\n<\/p><\/div>\n<p> <!-- Imagen --> <\/p>\n<div style='margin-bottom: 30px;'> <img style='width: 100%; height: auto; border: 1px solid rgba(150&comma;150&comma;150&comma;0.3); border-radius: 8px;' src='https:\/\/ftp3.syscom.mx\/usuarios\/fotos\/MM325\/213639-captura_de_pantalla_2022-11-18_a_la(s)_15.37.46.png' alt=''> <\/div>\n<p> <!-- Separador --> <\/p>\n<hr style='border: 0; border-top: 1px solid rgba(150&comma; 150&comma; 150&comma; 0.3); margin: 30px 0;'> <\/div>\n","protected":false},"excerpt":{"rendered":"<p>Mult\u00edmetro Digital con Selecci\u00f3n Manual Rango 600V CAT III con Protecci\u00f3n de Alerta LED del Cable de Prueba<\/p>\n","protected":false},"featured_media":104233,"comment_status":"open","ping_status":"closed","template":"","meta":[],"product_brand":[],"product_cat":[130],"product_tag":[25,131,432],"class_list":{"0":"post-104234","1":"product","2":"type-product","3":"status-publish","4":"has-post-thumbnail","6":"product_cat-herramientas-electricas","7":"product_tag-herramientas","8":"product_tag-herramientas-electricas","9":"product_tag-klein-tools","11":"first","12":"instock","13":"sale","14":"shipping-taxable","15":"purchasable","16":"product-type-simple"},"_links":{"self":[{"href":"https:\/\/soydeaqui.ddns.net\/pachuca\/index.php\/wp-json\/wp\/v2\/product\/104234","targetHints":{"allow":["GET"]}}],"collection":[{"href":"https:\/\/soydeaqui.ddns.net\/pachuca\/index.php\/wp-json\/wp\/v2\/product"}],"about":[{"href":"https:\/\/soydeaqui.ddns.net\/pachuca\/index.php\/wp-json\/wp\/v2\/types\/product"}],"replies":[{"embeddable":true,"href":"https:\/\/soydeaqui.ddns.net\/pachuca\/index.php\/wp-json\/wp\/v2\/comments?post=104234"}],"wp:featuredmedia":[{"embeddable":true,"href":"https:\/\/soydeaqui.ddns.net\/pachuca\/index.php\/wp-json\/wp\/v2\/media\/104233"}],"wp:attachment":[{"href":"https:\/\/soydeaqui.ddns.net\/pachuca\/index.php\/wp-json\/wp\/v2\/media?parent=104234"}],"wp:term":[{"taxonomy":"product_brand","embeddable":true,"href":"https:\/\/soydeaqui.ddns.net\/pachuca\/index.php\/wp-json\/wp\/v2\/product_brand?post=104234"},{"taxonomy":"product_cat","embeddable":true,"href":"https:\/\/soydeaqui.ddns.net\/pachuca\/index.php\/wp-json\/wp\/v2\/product_cat?post=104234"},{"taxonomy":"product_tag","embeddable":true,"href":"https:\/\/soydeaqui.ddns.net\/pachuca\/index.php\/wp-json\/wp\/v2\/product_tag?post=104234"}],"curies":[{"name":"wp","href":"https:\/\/api.w.org\/{rel}","templated":true}]}}