{"id":104208,"date":"2026-03-20T14:21:31","date_gmt":"2026-03-20T14:21:31","guid":{"rendered":"https:\/\/soydeaqui.ddns.net\/pachuca\/index.php\/producto\/kit-de-transceptores-baluns-con-terminal-push-superior-resolucion-5mp-cable-flexible-coaxial-blindado-coaxitron-audio-por-coaxitron-menu-osd-conector-100-cobre-proteccion-tvs-calidad-pr\/"},"modified":"2026-03-20T14:21:32","modified_gmt":"2026-03-20T14:21:32","slug":"kit-de-transceptores-baluns-con-terminal-push-superior-resolucion-5mp-cable-flexible-coaxial-blindado-coaxitron-audio-por-coaxitron-menu-osd-conector-100-cobre-proteccion-tvs-calidad-pr","status":"publish","type":"product","link":"https:\/\/soydeaqui.ddns.net\/pachuca\/index.php\/producto\/kit-de-transceptores-baluns-con-terminal-push-superior-resolucion-5mp-cable-flexible-coaxial-blindado-coaxitron-audio-por-coaxitron-menu-osd-conector-100-cobre-proteccion-tvs-calidad-pr\/","title":{"rendered":"Kit de Transceptores (Baluns) con Terminal PUSH SUPERIOR, Resoluci\u00f3n 5MP , Cable flexible COAXIAL Blindado \/ COAXITRON \/ AUDIO POR COAXITRON \/ Menu OSD \/Conector 100% COBRE \/ protecci\u00f3n TVS, Calidad PREMIUM"},"content":{"rendered":"<div style='width: 100%; max-width: 1200px; margin: 0 auto; font-family: sans-serif; line-height: 1.6; color: inherit; background-color: transparent;'> <!-- Secci\u00f3n de caracter\u00edsticas principales --> <\/p>\n<div style='display: flex; flex-wrap: wrap; gap: 30px; margin-bottom: 30px;'>\n<div style='flex: 1 1 300px; min-width: 280px;'>\n<h3 style='font-size: 22px; border-bottom: 2px solid currentColor; padding-bottom: 5px; margin-top: 0; color: inherit; opacity: 0.8;'>Caracter\u00edsticas Principales<\/h3>\n<ul style='padding-left: 20px; font-size: 15px; color: inherit;'>\n<li style='margin-bottom: 5px;'><strong>Kit de transceptores pasivos con terminales tipo PUSH-PIN. Uno de los tranceptores cuenta con coleta (PIG TAIL)<\/strong><\/li>\n<li style='margin-bottom: 5px;'><strong>Compatible con c\u00e1maras con tecnolog\u00eda HD-TVI \/ HD-CVI \/ AHD \/ CVBS<\/strong><\/li>\n<li style='margin-bottom: 5px;'>Compatibles con c\u00e1maras analogas (CVBS)<\/li>\n<li style='margin-bottom: 5px;'><strong>Soporta Coaxitron&comma; Audio por coaxitron y men\u00fa OSD<\/strong><\/li>\n<li style='margin-bottom: 5px;'>Transmisi\u00f3n en tiempo real por cable UTP cat 5e\/6\/6A\/7<\/li>\n<li style='margin-bottom: 5px;'>Formatos de video compatibles NTSC&comma; PAL&comma; SECAM<\/li>\n<li style='margin-bottom: 5px;'>Impedancia 75 ohms<\/li>\n<li style='margin-bottom: 5px;'>Conectores macho en BNC<\/li>\n<\/ul><\/div>\n<\/p><\/div>\n<p> <!-- Secci\u00f3n de caracter\u00edsticas f\u00edsicas y el\u00e9ctricas --> <\/p>\n<div style='display: flex; flex-wrap: wrap; gap: 30px; margin-bottom: 30px;'>\n<div style='flex: 1 1 300px; min-width: 280px;'>\n<h3 style='font-size: 22px; border-bottom: 2px solid currentColor; padding-bottom: 5px; margin-top: 0; color: inherit; opacity: 0.8;'>Caracter\u00edsticas F\u00edsicas y El\u00e9ctricas<\/h3>\n<ul style='padding-left: 20px; font-size: 15px; color: inherit;'>\n<li style='margin-bottom: 5px;'>No requieren alimentaci\u00f3n<\/li>\n<li style='margin-bottom: 5px;'>Dimensiones 35.1(L) x 16.7(W) x 18.7(H) mm (conector BNC excluido)<\/li>\n<li style='margin-bottom: 5px;'>Peso : 40 gramos.<\/li>\n<li style='margin-bottom: 5px;'>Temperatura de operaci\u00f3n : -20\u00b0C a 70\u00b0C<\/li>\n<li style='margin-bottom: 5px;'>Temperatura de almacenamiento : -40\u00b0 ~ 150\u00b0C<\/li>\n<li style='margin-bottom: 5px;'>Humedad Relativa : 0~95% (sin condensar)<\/li>\n<li style='margin-bottom: 5px;'>Carcasa ABS<\/li>\n<li style='margin-bottom: 5px;'>Color Negro.<\/li>\n<li style='margin-bottom: 5px;'><strong> por defectos de fabricaci\u00f3n<\/strong><\/li>\n<\/ul><\/div>\n<\/p><\/div>\n<p> <!-- Secci\u00f3n de caracter\u00edsticas destacadas --> <\/p>\n<div style='display: flex; flex-wrap: wrap; gap: 30px; margin-bottom: 30px;'>\n<div style='flex: 1 1 300px; min-width: 280px;'>\n<h3 style='font-size: 22px; border-bottom: 2px solid currentColor; padding-bottom: 5px; margin-top: 0; color: inherit; opacity: 0.8;'>Caracter\u00edsticas Destacadas<\/h3>\n<ul style='padding-left: 20px; font-size: 15px; color: inherit;'>\n<li style='margin-bottom: 5px;'>Dise\u00f1o de filtro de onda anti-est\u00e1tico<\/li>\n<li style='margin-bottom: 5px;'>Inmunidad al ruido y diafon\u00eda de 60 dB.<\/li>\n<li style='margin-bottom: 5px;'><strong>Rechazo excepcional de interferencias<\/strong><\/li>\n<li style='margin-bottom: 5px;'><strong>Protecci\u00f3n interconstruida contra sobretensi\u00f3n<\/strong><\/li>\n<li style='margin-bottom: 5px;'>TVS (supresor de voltaje transitorio) de estado s\u00f3lido incorporado.<\/li>\n<li style='margin-bottom: 5px;'>Transmisi\u00f3n de 200 metros (656 ft) para TurboHD hasta 5 MP<\/li>\n<li style='margin-bottom: 5px;'>Transmisi\u00f3n de 250 metros (820 ft) para TurboHD hasta 2 MP<\/li>\n<li style='margin-bottom: 5px;'>\n<div style='color: red;'>Precio por Kit.<\/div>\n<\/li>\n<\/ul><\/div>\n<\/p><\/div>\n<p> <!-- Separador --> <\/p>\n<hr style='border: 0; border-top: 1px solid rgba(150&comma; 150&comma; 150&comma; 0.3); margin: 30px 0;'> <\/div>\n","protected":false},"excerpt":{"rendered":"<p>Kit de Transceptores (Baluns) con Terminal PUSH SUPERIOR, Resoluci\u00f3n 5MP , Cable flexible COAXIAL Blindado \/ COAXITRON \/ AUDIO POR COAXITRON \/ Menu OSD \/Conector 100% COBRE \/ protecci\u00f3n TVS, Calidad PREMIUM<\/p>\n","protected":false},"featured_media":104207,"comment_status":"open","ping_status":"closed","template":"","meta":[],"product_brand":[],"product_cat":[2327],"product_tag":[417,507,2328],"class_list":{"0":"post-104208","1":"product","2":"type-product","3":"status-publish","4":"has-post-thumbnail","6":"product_cat-transceptores-de-video","7":"product_tag-accesorios-generales","8":"product_tag-epcom-titanium","9":"product_tag-transceptores-de-video","11":"first","12":"instock","13":"sale","14":"shipping-taxable","15":"purchasable","16":"product-type-simple"},"_links":{"self":[{"href":"https:\/\/soydeaqui.ddns.net\/pachuca\/index.php\/wp-json\/wp\/v2\/product\/104208","targetHints":{"allow":["GET"]}}],"collection":[{"href":"https:\/\/soydeaqui.ddns.net\/pachuca\/index.php\/wp-json\/wp\/v2\/product"}],"about":[{"href":"https:\/\/soydeaqui.ddns.net\/pachuca\/index.php\/wp-json\/wp\/v2\/types\/product"}],"replies":[{"embeddable":true,"href":"https:\/\/soydeaqui.ddns.net\/pachuca\/index.php\/wp-json\/wp\/v2\/comments?post=104208"}],"wp:featuredmedia":[{"embeddable":true,"href":"https:\/\/soydeaqui.ddns.net\/pachuca\/index.php\/wp-json\/wp\/v2\/media\/104207"}],"wp:attachment":[{"href":"https:\/\/soydeaqui.ddns.net\/pachuca\/index.php\/wp-json\/wp\/v2\/media?parent=104208"}],"wp:term":[{"taxonomy":"product_brand","embeddable":true,"href":"https:\/\/soydeaqui.ddns.net\/pachuca\/index.php\/wp-json\/wp\/v2\/product_brand?post=104208"},{"taxonomy":"product_cat","embeddable":true,"href":"https:\/\/soydeaqui.ddns.net\/pachuca\/index.php\/wp-json\/wp\/v2\/product_cat?post=104208"},{"taxonomy":"product_tag","embeddable":true,"href":"https:\/\/soydeaqui.ddns.net\/pachuca\/index.php\/wp-json\/wp\/v2\/product_tag?post=104208"}],"curies":[{"name":"wp","href":"https:\/\/api.w.org\/{rel}","templated":true}]}}