{"id":104202,"date":"2026-03-20T14:21:16","date_gmt":"2026-03-20T14:21:16","guid":{"rendered":"https:\/\/soydeaqui.ddns.net\/pachuca\/index.php\/producto\/camara-para-tablero-almacenamiento-en-microsd-2-canales-ahd-hasta-2mp-incluye-gps-y-4g\/"},"modified":"2026-03-20T14:21:18","modified_gmt":"2026-03-20T14:21:18","slug":"camara-para-tablero-almacenamiento-en-microsd-2-canales-ahd-hasta-2mp-incluye-gps-y-4g","status":"publish","type":"product","link":"https:\/\/soydeaqui.ddns.net\/pachuca\/index.php\/producto\/camara-para-tablero-almacenamiento-en-microsd-2-canales-ahd-hasta-2mp-incluye-gps-y-4g\/","title":{"rendered":"CAMARA PARA TABLERO\/ALMACENAMIENTO EN MICROSD\/ 2 CANALES AHD HASTA 2MP\/ INCLUYE GPS Y 4G"},"content":{"rendered":"<div style='width: 100%; max-width: 1200px; margin: 0 auto; font-family: sans-serif; line-height: 1.6; color: inherit; background-color: transparent;'>\n<div style='width: 100%;'> <img style='width: 100%; height: auto; border: 1px solid rgba(150&comma;150&comma;150&comma;0.3); border-radius: 8px;' src='https:\/\/ftp3.syscom.mx\/usuarios\/aberumen\/Banners\/WARNING.jpg' alt='Advertencia'> <\/div>\n<div style='margin: 30px 0;'>\n<h3 style='font-size: 22px; margin: 0 0 15px; color: inherit; opacity: 0.8;'> <a style='color: #e67e23; text-decoration: none; font-weight: bold;' href='https:\/\/www.youtube.com\/playlist?list=PL9PHNE1PCI2EawXzNIR88tqKhErWtCNbS'>Todo lo referente a DVR marca epcom para veh\u00edculos<\/a> <\/h3>\n<p style='color: inherit; opacity: 0.8; margin: 0;'>Link para manuales y videos de configuraci\u00f3n<\/p>\n<\/p><\/div>\n<div style='width: 100%;'> <img style='width: 100%; height: auto; border: 1px solid rgba(150&comma;150&comma;150&comma;0.3); border-radius: 8px;' src='https:\/\/ftp3.syscom.mx\/usuarios\/aberumen\/Banners\/Banner%20inteligencia-artificial.jpg' alt='Banner inteligencia artificial'> <\/div>\n<div style='margin: 30px 0;'>\n<p style='color: inherit; font-weight: bold; margin: 0 0 15px;'>Seguridad Sobre Ruedas<\/p>\n<p style='color: inherit; margin: 0;'> La seguridad en el transporte p\u00fablico&comma; traslado de mercanc\u00eda&comma; taxis&comma; etc.&comma; es un motivo de preocupaci\u00f3n en caso de accidentes de tr\u00e1nsito o la protecci\u00f3n contra posibles asaltos; los medios de transporte hacen necesaria la existencia de un sistema de gesti\u00f3n central que brinde protecci\u00f3n contra actividades delictivas como hurtos&comma; arrebatos&comma; entre otros. <\/p>\n<\/p><\/div>\n<div style='display: flex; flex-wrap: wrap; gap: 30px; margin: 30px 0;'>\n<div style='flex: 1 1 300px; min-width: 280px;'>\n<div style='border-left: 5px solid #080808; border-radius: 8px; padding: 15px; box-shadow: 2px 2px 10px rgba(216&comma;216&comma;216&comma;0.3); background-color: rgba(128&comma; 128&comma; 128&comma; 0.16);'> <strong style='font-size: 16px; margin-bottom: 10px; display: block;'>Caracter\u00edsticas principales:<\/strong> <\/p>\n<ul style='padding-left: 20px; margin: 0; font-size: 14px; color: inherit;'>\n<li style='margin-bottom: 8px;'>Almacenamiento en <strong>HDD hasta 2TB.<\/strong><\/li>\n<li style='margin-bottom: 8px;'>1 canales an\u00e1logos AHD hasta <strong>2MP<\/strong><\/li>\n<li style='margin-bottom: 8px;'>Formato de compresi\u00f3n de video <strong>H.265<\/strong><\/li>\n<\/ul><\/div>\n<\/p><\/div>\n<div style='flex: 1 1 300px; min-width: 280px;'>\n<div style='border-left: 5px solid #080808; border-radius: 8px; padding: 15px; box-shadow: 2px 2px 10px rgba(216&comma;216&comma;216&comma;0.3); background-color: rgba(128&comma; 128&comma; 128&comma; 0.16);'> <strong style='font-size: 16px; margin-bottom: 10px; display: block;'>Caracter\u00edsticas F\u00edsicas y El\u00e9ctricas:<\/strong> <\/p>\n<ul style='padding-left: 20px; margin: 0; font-size: 14px; color: inherit;'>\n<li style='margin-bottom: 8px;'>Voltaje de entrada 8~36Vcc.<\/li>\n<li style='margin-bottom: 8px;'>Temperatura -40~70\u00b0C.<\/li>\n<\/ul><\/div>\n<\/p><\/div>\n<div style='flex: 1 1 300px; min-width: 280px;'>\n<div style='border-left: 5px solid #080808; border-radius: 8px; padding: 15px; box-shadow: 2px 2px 10px rgba(216&comma;216&comma;216&comma;0.3); background-color: rgba(128&comma; 128&comma; 128&comma; 0.16);'> <strong style='font-size: 16px; margin-bottom: 10px; display: block;'>Caracter\u00edsticas Destacadas:<\/strong> <\/p>\n<ul style='padding-left: 20px; margin: 0; font-size: 14px; color: inherit;'>\n<li style='margin-bottom: 8px;'>Compatible con <strong>plataforma Ceiba2.<\/strong><\/li>\n<li style='margin-bottom: 8px;'><strong>Incluye m\u00f3dulos de 4G&comma; GPS<\/strong><\/li>\n<li style='margin-bottom: 8px;'>.<\/li>\n<\/ul><\/div>\n<\/p><\/div>\n<\/p><\/div>\n<div style='margin: 30px 0;'>\n<h2 style='font-size: 24px; font-weight: bold; margin: 0 0 15px; color: inherit;'>Todo Nube&comma; Soluci\u00f3n L\u00edder en Log\u00edstica&comma; Transporte y IoT<\/h2>\n<p style='color: inherit; margin: 0 0 15px;'>Monitoree sus DVRs M\u00f3viles&comma; Trackers GPS y IoT en una misma plataforma nube lider en log\u00edstica y transporte.<\/p>\n<p style='color: inherit; margin: 0;'> <a style='color: #e67e23; text-decoration: none;' href='https:\/\/www.syscom.mx\/principal\/consultarproductosazul?global_search=epcomgps&#038;ordenar=Relevancia&#038;pag=1'>EPCOM GPS Wialon<\/a> es la plataforma l\u00edder NUBE (No requiere servidores!)&comma; con todas las herramientas necesarias para reducir costos&comma; evitar p\u00e9rdidas y s\u00faper-cargar empresas. <\/p>\n<\/p><\/div>\n<div style='display: flex; flex-wrap: wrap; gap: 30px; margin: 30px 0;'>\n<div style='flex: 1 1 400px; min-width: 300px;'>\n<div style='position: relative; padding-bottom: 56.25%; height: 0; overflow: hidden; margin-bottom: 30px;'>   <\/div>\n<\/p><\/div>\n<div style='flex: 1 1 400px; min-width: 300px;'>\n<div style='position: relative; padding-bottom: 56.25%; height: 0; overflow: hidden; margin-bottom: 30px;'>   <\/div>\n<\/p><\/div>\n<\/p><\/div>\n<\/p><\/div>\n","protected":false},"excerpt":{"rendered":"<p>CAMARA PARA TABLERO\/ALMACENAMIENTO EN MICROSD\/ 2 CANALES AHD HASTA 2MP\/ INCLUYE GPS Y 4G<\/p>\n","protected":false},"featured_media":32,"comment_status":"open","ping_status":"closed","template":"","meta":[],"product_brand":[],"product_cat":[1343],"product_tag":[935,1345,1344],"class_list":{"0":"post-104202","1":"product","2":"type-product","3":"status-publish","4":"has-post-thumbnail","6":"product_cat-videograbadoras-moviles","7":"product_tag-epcom","8":"product_tag-videograbadoras-moviles","9":"product_tag-videograbadoras-moviles-y-portatiles","11":"first","12":"outofstock","13":"sale","14":"shipping-taxable","15":"purchasable","16":"product-type-simple"},"_links":{"self":[{"href":"https:\/\/soydeaqui.ddns.net\/pachuca\/index.php\/wp-json\/wp\/v2\/product\/104202","targetHints":{"allow":["GET"]}}],"collection":[{"href":"https:\/\/soydeaqui.ddns.net\/pachuca\/index.php\/wp-json\/wp\/v2\/product"}],"about":[{"href":"https:\/\/soydeaqui.ddns.net\/pachuca\/index.php\/wp-json\/wp\/v2\/types\/product"}],"replies":[{"embeddable":true,"href":"https:\/\/soydeaqui.ddns.net\/pachuca\/index.php\/wp-json\/wp\/v2\/comments?post=104202"}],"wp:featuredmedia":[{"embeddable":true,"href":"https:\/\/soydeaqui.ddns.net\/pachuca\/index.php\/wp-json\/wp\/v2\/media\/32"}],"wp:attachment":[{"href":"https:\/\/soydeaqui.ddns.net\/pachuca\/index.php\/wp-json\/wp\/v2\/media?parent=104202"}],"wp:term":[{"taxonomy":"product_brand","embeddable":true,"href":"https:\/\/soydeaqui.ddns.net\/pachuca\/index.php\/wp-json\/wp\/v2\/product_brand?post=104202"},{"taxonomy":"product_cat","embeddable":true,"href":"https:\/\/soydeaqui.ddns.net\/pachuca\/index.php\/wp-json\/wp\/v2\/product_cat?post=104202"},{"taxonomy":"product_tag","embeddable":true,"href":"https:\/\/soydeaqui.ddns.net\/pachuca\/index.php\/wp-json\/wp\/v2\/product_tag?post=104202"}],"curies":[{"name":"wp","href":"https:\/\/api.w.org\/{rel}","templated":true}]}}