{"id":104189,"date":"2026-03-20T14:20:31","date_gmt":"2026-03-20T14:20:31","guid":{"rendered":"https:\/\/soydeaqui.ddns.net\/pachuca\/index.php\/producto\/navaja-victorinox-de-bolsillo-mediana-huntsman-lite-de-21-funciones-con-luz-led\/"},"modified":"2026-03-20T14:20:38","modified_gmt":"2026-03-20T14:20:38","slug":"navaja-victorinox-de-bolsillo-mediana-huntsman-lite-de-21-funciones-con-luz-led","status":"publish","type":"product","link":"https:\/\/soydeaqui.ddns.net\/pachuca\/index.php\/producto\/navaja-victorinox-de-bolsillo-mediana-huntsman-lite-de-21-funciones-con-luz-led\/","title":{"rendered":"Navaja Victorinox de Bolsillo Mediana Huntsman Lite de 21 Funciones con Luz LED"},"content":{"rendered":"<div style='width: 100%; max-width: 1200px; margin: 0 auto; font-family: sans-serif; line-height: 1.6; color: inherit; background-color: transparent;'> <!-- Imagen principal --> <\/p>\n<div style='text-align: center; margin: 30px 0;'> <img style='width: 100%; max-width: 300px; height: auto; border: 1px solid rgba(150&comma;150&comma;150&comma;0.3); border-radius: 8px;' src='https:\/\/ftp3.syscom.mx\/usuarios\/fotos\/30163801\/170463-victorinox.png' alt='Navaja Victorinox Huntsman Lite'> <\/div>\n<p> <!-- T\u00edtulo --> <\/p>\n<h2 style='font-size: 24px; margin: 20px 0; color: inherit; text-align: center;'> <span style='color: #c0392b;'>Navaja<\/span> de Bolsillo Mediana <span style='color: #c0392b;'>Huntsman Lite<\/span> Multiherramienta con <span style='color: #c0392b;'>Luz LED<\/span> <\/h2>\n<p> <!-- Descripci\u00f3n --> <\/p>\n<div style='margin: 30px 0; font-size: 16px;'>\n<p style='margin: 0 0 15px; color: inherit;'>Cuando escuches hablar de la Navaja Suiza&comma; es probable que venga a tu mente el recuerdo de la legendaria navaja para oficiales. Esa leyenda sigue viva con la navaja de bolsillo Huntsman Lite. Con la incorporaci\u00f3n de unas tijeras y un serrucho para madera&comma; est\u00e1s listo para cortar casi cualquier cosa. Y con la linterna LED&comma; siempre encontrar\u00e1s tu camino. Cuando llegue el momento de desconectarte y alejarte de los caminos m\u00e1s recorridos&comma; siempre querr\u00e1s llevar una Huntsman Lite en tu bolsillo.<\/p>\n<\/p><\/div>\n<p> <!-- Herramientas --> <\/p>\n<div style='margin: 30px 0;'>\n<h3 style='font-size: 20px; border-bottom: 2px solid currentColor; padding-bottom: 5px; margin-top: 0; margin-bottom: 15px; color: inherit; background-color: #f2f2f2; padding: 10px; border-radius: 4px; opacity: 0.8;'>Herramientas<\/h3>\n<div style='display: flex; flex-wrap: wrap; gap: 20px;'>\n<div style='flex: 1 1 300px; min-width: 250px;'>\n<ul style='padding-left: 20px; margin: 0; color: inherit;'>\n<li style='margin-bottom: 8px;'>Anilla<\/li>\n<li style='margin-bottom: 8px;'>Destornillador Phillips 1\/2<\/li>\n<li style='margin-bottom: 8px;'>Destornillador 2.5 mm<\/li>\n<li style='margin-bottom: 8px;'>Pinzas<\/li>\n<li style='margin-bottom: 8px;'>Punz\u00f3n&comma; escariador y aguja de coser<\/li>\n<li style='margin-bottom: 8px;'>Gancho multiuso<\/li>\n<li style='margin-bottom: 8px;'>Abrelatas<\/li>\n<li style='margin-bottom: 8px;'>Destornillador 3 mm<\/li>\n<li style='margin-bottom: 8px;'>Hoja grande<\/li>\n<li style='margin-bottom: 8px;'>Alfiler<\/li>\n<\/ul><\/div>\n<div style='flex: 1 1 300px; min-width: 250px;'>\n<ul style='padding-left: 20px; margin: 0; color: inherit;'>\n<li style='margin-bottom: 8px;'>Tijeras<\/li>\n<li style='margin-bottom: 8px;'>Hoja peque\u00f1a<\/li>\n<li style='margin-bottom: 8px;'>Sierra para madera<\/li>\n<li style='margin-bottom: 8px;'>Bol\u00edgrafo de presi\u00f3n<\/li>\n<li style='margin-bottom: 8px;'>Destapador<\/li>\n<li style='margin-bottom: 8px;'>Destornillador 6 mm<\/li>\n<li style='margin-bottom: 8px;'>Pela cables<\/li>\n<li style='margin-bottom: 8px;'>Palillo de dientes<\/li>\n<li style='margin-bottom: 8px;'>Mini-destornillador de 1.5 mm<\/li>\n<li style='margin-bottom: 8px;'>Sacacorchos<\/li>\n<li style='margin-bottom: 8px;'>Luz LED<\/li>\n<\/ul><\/div>\n<\/p><\/div>\n<\/p><\/div>\n<p> <!-- Especificaciones --> <\/p>\n<div style='margin: 30px 0;'>\n<h3 style='font-size: 20px; border-bottom: 2px solid currentColor; padding-bottom: 5px; margin-top: 0; margin-bottom: 15px; color: inherit; background-color: #f2f2f2; padding: 10px; border-radius: 4px; opacity: 0.8;'>Dimensiones<\/h3>\n<div style='display: flex; flex-wrap: wrap; gap: 20px;'>\n<div style='flex: 1 1 250px; border: 1px solid rgba(150&comma; 150&comma; 150&comma; 0.4); border-radius: 8px; overflow: hidden;'>\n<div style='padding: 15px; border-bottom: 1px solid rgba(150&comma; 150&comma; 150&comma; 0.2); font-weight: bold; color: inherit;'>Especificaciones<\/div>\n<div style='padding: 15px; color: inherit;'>\n<ul style='padding-left: 20px; margin: 0; list-style-type: disc;'>\n<li style='margin-bottom: 8px;'><strong>Altura:<\/strong> 26 mm<\/li>\n<li style='margin-bottom: 8px;'><strong>Longitud:<\/strong> 91 mm<\/li>\n<li style='margin-bottom: 8px;'><strong>Ancho:<\/strong> 26 mm<\/li>\n<li style='margin-bottom: 8px;'><strong>Peso:<\/strong> 121 g<\/li>\n<\/ul><\/div>\n<\/p><\/div>\n<\/p><\/div>\n<\/p><\/div>\n<p> <!-- Detalles --> <\/p>\n<div style='margin: 30px 0;'>\n<h3 style='font-size: 20px; border-bottom: 2px solid currentColor; padding-bottom: 5px; margin-top: 0; margin-bottom: 15px; color: inherit; background-color: #f2f2f2; padding: 10px; border-radius: 4px; opacity: 0.8;'>Detalles<\/h3>\n<div style='display: flex; flex-wrap: wrap; gap: 20px;'>\n<div style='flex: 1 1 250px; border: 1px solid rgba(150&comma; 150&comma; 150&comma; 0.4); border-radius: 8px; overflow: hidden;'>\n<div style='padding: 15px; border-bottom: 1px solid rgba(150&comma; 150&comma; 150&comma; 0.2); font-weight: bold; color: inherit;'>Caracter\u00edsticas<\/div>\n<div style='padding: 15px; color: inherit;'>\n<ul style='padding-left: 20px; margin: 0; list-style-type: disc;'>\n<li style='margin-bottom: 8px;'><strong>Material:<\/strong> ABS\/cellidor<\/li>\n<li style='margin-bottom: 8px;'><strong>Bloqueable:<\/strong> No<\/li>\n<li style='margin-bottom: 8px;'><strong>Hoja para una mano:<\/strong> No<\/li>\n<li style='margin-bottom: 8px;'><strong>N.\u00b0 de caracter\u00edsticas:<\/strong> 21<\/li>\n<li style='margin-bottom: 8px;'><strong>Color:<\/strong> Rojo<\/li>\n<\/ul><\/div>\n<\/p><\/div>\n<\/p><\/div>\n<\/p><\/div>\n<p> <!-- Imagen secundaria --> <\/p>\n<div style='text-align: center; margin: 30px 0;'> <img style='width: 100%; max-width: 500px; height: auto; border: 1px solid rgba(150&comma;150&comma;150&comma;0.3); border-radius: 8px;' src='https:\/\/ftp3.syscom.mx\/usuarios\/fotos\/17915T\/213795-sak_1_7915_t__b5-tif.png' alt='Detalles de la navaja'> <\/div>\n<p> <!-- Imagen de garant\u00eda --> <\/p>\n<div style='text-align: center; margin: 30px 0;'> <img style='width: 100%; max-width: 1000px; height: auto; border: 1px solid rgba(150&comma;150&comma;150&comma;0.3); border-radius: 8px;' src='https:\/\/ftp3.syscom.mx\/usuarios\/fotos\/30338N\/220032-220032-vict.jpg' alt='Garant\u00eda'> <\/div>\n<p> <!-- Informaci\u00f3n de garant\u00eda --> <\/p>\n<div style='margin: 30px 0; font-size: 14px;'>\n<p style='margin: 0 0 10px; text-align: center; font-weight: bold; color: inherit;'>Pol\u00edtica de Garant\u00eda<\/p>\n<p style='margin: 0 0 10px; color: inherit;'>SYSCOM se apega a las pol\u00edticas de garant\u00eda de cada proveedor de la marca y\/o f\u00e1brica.<\/p>\n<p style='margin: 0 0 10px; color: inherit;'>La cobertura de garant\u00eda por defecto de f\u00e1brica y\/o mal funcionamiento es de 90 d\u00edas con Syscom. Posterior a este periodo&comma; la garant\u00eda es directa con el fabricante. En quebraduras&comma; da\u00f1os f\u00edsicos de equipo y\/o empaque da\u00f1ado&comma; reportarlo dentro de las 24 horas posteriores a la fecha de recepci\u00f3n para el reclamo a paqueter\u00eda.<\/p>\n<\/p><\/div>\n<p> <!-- Enlace a soporte --> <\/p>\n<div style='margin: 30px 0; text-align: center;'> <a style='color: #005cb9; text-decoration: none; font-size: 14px; color: inherit;' href='http:\/\/soporte.syscom.mx\/syscom-mx\/bases-alta-fidelidad' target='_blank' rel='noopener'>Consulte las bases&comma; *2<\/a> <\/div>\n<\/p><\/div>\n","protected":false},"excerpt":{"rendered":"<p>Navaja Victorinox de Bolsillo Mediana Huntsman Lite de 21 Funciones con Luz LED<\/p>\n","protected":false},"featured_media":104188,"comment_status":"open","ping_status":"closed","template":"","meta":[],"product_brand":[],"product_cat":[130],"product_tag":[25,131,1135],"class_list":{"0":"post-104189","1":"product","2":"type-product","3":"status-publish","4":"has-post-thumbnail","6":"product_cat-herramientas-electricas","7":"product_tag-herramientas","8":"product_tag-herramientas-electricas","9":"product_tag-victorinox","11":"first","12":"instock","13":"sale","14":"shipping-taxable","15":"purchasable","16":"product-type-simple"},"_links":{"self":[{"href":"https:\/\/soydeaqui.ddns.net\/pachuca\/index.php\/wp-json\/wp\/v2\/product\/104189","targetHints":{"allow":["GET"]}}],"collection":[{"href":"https:\/\/soydeaqui.ddns.net\/pachuca\/index.php\/wp-json\/wp\/v2\/product"}],"about":[{"href":"https:\/\/soydeaqui.ddns.net\/pachuca\/index.php\/wp-json\/wp\/v2\/types\/product"}],"replies":[{"embeddable":true,"href":"https:\/\/soydeaqui.ddns.net\/pachuca\/index.php\/wp-json\/wp\/v2\/comments?post=104189"}],"wp:featuredmedia":[{"embeddable":true,"href":"https:\/\/soydeaqui.ddns.net\/pachuca\/index.php\/wp-json\/wp\/v2\/media\/104188"}],"wp:attachment":[{"href":"https:\/\/soydeaqui.ddns.net\/pachuca\/index.php\/wp-json\/wp\/v2\/media?parent=104189"}],"wp:term":[{"taxonomy":"product_brand","embeddable":true,"href":"https:\/\/soydeaqui.ddns.net\/pachuca\/index.php\/wp-json\/wp\/v2\/product_brand?post=104189"},{"taxonomy":"product_cat","embeddable":true,"href":"https:\/\/soydeaqui.ddns.net\/pachuca\/index.php\/wp-json\/wp\/v2\/product_cat?post=104189"},{"taxonomy":"product_tag","embeddable":true,"href":"https:\/\/soydeaqui.ddns.net\/pachuca\/index.php\/wp-json\/wp\/v2\/product_tag?post=104189"}],"curies":[{"name":"wp","href":"https:\/\/api.w.org\/{rel}","templated":true}]}}