{"id":104179,"date":"2026-03-20T14:20:00","date_gmt":"2026-03-20T14:20:00","guid":{"rendered":"https:\/\/soydeaqui.ddns.net\/pachuca\/index.php\/producto\/navaja-victorinox-de-bolsillo-mediana-waiter-con-9-funciones\/"},"modified":"2026-03-20T14:20:08","modified_gmt":"2026-03-20T14:20:08","slug":"navaja-victorinox-de-bolsillo-mediana-waiter-con-9-funciones","status":"publish","type":"product","link":"https:\/\/soydeaqui.ddns.net\/pachuca\/index.php\/producto\/navaja-victorinox-de-bolsillo-mediana-waiter-con-9-funciones\/","title":{"rendered":"Navaja Victorinox de Bolsillo Mediana Waiter con 9 Funciones."},"content":{"rendered":"<div style='width: 100%; max-width: 1200px; margin: 0 auto; font-family: sans-serif; line-height: 1.6; color: inherit; background-color: transparent;'>\n<div style='text-align: center; margin-bottom: 30px;'> <img style='width: 100%; max-width: 300px; height: auto; border: 1px solid rgba(150&comma;150&comma;150&comma;0.3); border-radius: 8px;' src='https:\/\/ftp3.syscom.mx\/usuarios\/fotos\/30163801\/170463-victorinox.png' alt=''> <\/div>\n<div style='margin-bottom: 30px;'>\n<p style='font-size: 18px; color: inherit; text-align: center;'> <span style='color: #c0392b;'>Navaja<\/span> Victorinox de Bolsillo Mediana <span style='color: #c0392b;'>Waiter<\/span> con Sacacorchos <\/p>\n<\/p><\/div>\n<div style='margin-bottom: 30px;'>\n<p style='font-size: 16px; color: inherit;'> En un brindis a la preparaci\u00f3n&comma; sacamos nuestra cl\u00e1sica navaja para oficiales y le dimos un peque\u00f1o giro para los amantes del vino&comma; literalmente. Con su sacacorchos siempre listo para entrar en acci\u00f3n&comma; la navaja de bolsillo Waiter nunca te abandonar\u00e1. Tinto&comma; blanco&comma; burbujeante&#8230; el vino siempre tiene un mejor sabor cuando est\u00e1s bien preparado. <\/p>\n<\/p><\/div>\n<div style='margin-bottom: 30px;'>\n<h3 style='font-size: 20px; border-bottom: 2px solid currentColor; padding-bottom: 5px; margin-top: 0; color: inherit; opacity: 0.8;'>Caracter\u00edsticas<\/h3>\n<\/p><\/div>\n<div style='margin-bottom: 30px;'>\n<div style='display: flex; flex-wrap: wrap; gap: 20px;'>\n<div style='flex: 1 1 250px; min-width: 280px;'>\n<div style='padding: 15px; border: 1px solid rgba(150&comma; 150&comma; 150&comma; 0.4); border-radius: 8px;'>\n<h4 style='font-size: 18px; margin-top: 0; margin-bottom: 15px; color: inherit;'>Herramientas<\/h4>\n<ul style='padding-left: 20px; margin: 0; font-size: 14px; color: inherit; list-style-type: disc;'>\n<li style='margin-bottom: 5px;'>Hoja grande<\/li>\n<li style='margin-bottom: 5px;'>Sacacorchos<\/li>\n<li style='margin-bottom: 5px;'>Palillo de dientes<\/li>\n<li style='margin-bottom: 5px;'>Destapador<\/li>\n<li style='margin-bottom: 5px;'>Abrelatas<\/li>\n<li style='margin-bottom: 5px;'>Destornillador 5 mm<\/li>\n<li style='margin-bottom: 5px;'>Pela cables<\/li>\n<li style='margin-bottom: 5px;'>Pinzas<\/li>\n<li style='margin-bottom: 5px;'>Anilla<\/li>\n<\/ul><\/div>\n<\/p><\/div>\n<div style='flex: 1 1 250px; min-width: 280px;'>\n<div style='padding: 15px; border: 1px solid rgba(150&comma; 150&comma; 150&comma; 0.4); border-radius: 8px;'>\n<h4 style='font-size: 18px; margin-top: 0; margin-bottom: 15px; color: inherit;'>Dimensiones<\/h4>\n<ul style='padding-left: 20px; margin: 0; font-size: 14px; color: inherit; list-style-type: disc;'>\n<li style='margin-bottom: 5px;'><strong>Altura:<\/strong> 12 mm<\/li>\n<li style='margin-bottom: 5px;'><strong>Longitud:<\/strong> 84 mm<\/li>\n<li style='margin-bottom: 5px;'><strong>Ancho:<\/strong> 26 mm<\/li>\n<li style='margin-bottom: 5px;'><strong>Peso:<\/strong> 35 g<\/li>\n<\/ul><\/div>\n<\/p><\/div>\n<div style='flex: 1 1 250px; min-width: 280px;'>\n<div style='padding: 15px; border: 1px solid rgba(150&comma; 150&comma; 150&comma; 0.4); border-radius: 8px;'>\n<h4 style='font-size: 18px; margin-top: 0; margin-bottom: 15px; color: inherit;'>Detalles<\/h4>\n<ul style='padding-left: 20px; margin: 0; font-size: 14px; color: inherit; list-style-type: disc;'>\n<li style='margin-bottom: 5px;'><strong>Material:<\/strong> ABS\/cellidor<\/li>\n<li style='margin-bottom: 5px;'><strong>Bloqueable:<\/strong> No<\/li>\n<li style='margin-bottom: 5px;'><strong>Hoja para una mano:<\/strong> No<\/li>\n<li style='margin-bottom: 5px;'><strong>N.\u00b0 de caracter\u00edsticas:<\/strong> 9<\/li>\n<li style='margin-bottom: 5px;'><strong>Color:<\/strong> Rojo<\/li>\n<\/ul><\/div>\n<\/p><\/div>\n<\/p><\/div>\n<\/p><\/div>\n<div style='margin-bottom: 30px; text-align: center;'> <img style='width: 100%; max-width: 310px; height: auto; border: 1px solid rgba(150&comma;150&comma;150&comma;0.3); border-radius: 8px; margin: 15px auto; display: inline-block;' src='https:\/\/ftp3.syscom.mx\/usuarios\/fotos\/3303\/213796-213796-navaja3033.jpg' alt=''> <img style='width: 100%; max-width: 1000px; height: auto; border: 1px solid rgba(150&comma;150&comma;150&comma;0.3); border-radius: 8px; margin: 15px auto; display: inline-block;' src='https:\/\/ftp3.syscom.mx\/usuarios\/fotos\/30338N\/220032-220032-vict.jpg' alt=''> <\/div>\n<div style='margin-bottom: 30px;'>\n<div style='padding: 15px; border: 1px solid rgba(150&comma; 150&comma; 150&comma; 0.4); border-radius: 8px;'>\n<h4 style='font-size: 18px; margin-top: 0; margin-bottom: 15px; color: inherit;'>Pol\u00edtica de Garant\u00eda<\/h4>\n<p style='font-size: 14px; margin: 0 0 10px; color: inherit;'> SYSCOM se apega a las pol\u00edticas de garant\u00eda de cada proveedor de la marca y\/o f\u00e1brica. <\/p>\n<p style='font-size: 14px; margin: 0 0 10px; color: inherit;'> La cobertura de garant\u00eda por defecto de f\u00e1brica y\/o mal funcionamiento es de 90 d\u00edas con Syscom. Posterior a este periodo&comma; la garant\u00eda es directa con el fabricante. En quebraduras&comma; da\u00f1os f\u00edsicos de equipo y\/o empaque da\u00f1ado&comma; reportarlo dentro de las 24 horas posteriores a la fecha de recepci\u00f3n para el reclamo a paqueter\u00eda. <\/p>\n<\/p><\/div>\n<\/p><\/div>\n<\/p><\/div>\n","protected":false},"excerpt":{"rendered":"<p>Navaja Victorinox de Bolsillo Mediana Waiter con 9 Funciones.<\/p>\n","protected":false},"featured_media":104178,"comment_status":"open","ping_status":"closed","template":"","meta":[],"product_brand":[],"product_cat":[130],"product_tag":[25,131,1135],"class_list":{"0":"post-104179","1":"product","2":"type-product","3":"status-publish","4":"has-post-thumbnail","6":"product_cat-herramientas-electricas","7":"product_tag-herramientas","8":"product_tag-herramientas-electricas","9":"product_tag-victorinox","11":"first","12":"instock","13":"sale","14":"shipping-taxable","15":"purchasable","16":"product-type-simple"},"_links":{"self":[{"href":"https:\/\/soydeaqui.ddns.net\/pachuca\/index.php\/wp-json\/wp\/v2\/product\/104179","targetHints":{"allow":["GET"]}}],"collection":[{"href":"https:\/\/soydeaqui.ddns.net\/pachuca\/index.php\/wp-json\/wp\/v2\/product"}],"about":[{"href":"https:\/\/soydeaqui.ddns.net\/pachuca\/index.php\/wp-json\/wp\/v2\/types\/product"}],"replies":[{"embeddable":true,"href":"https:\/\/soydeaqui.ddns.net\/pachuca\/index.php\/wp-json\/wp\/v2\/comments?post=104179"}],"wp:featuredmedia":[{"embeddable":true,"href":"https:\/\/soydeaqui.ddns.net\/pachuca\/index.php\/wp-json\/wp\/v2\/media\/104178"}],"wp:attachment":[{"href":"https:\/\/soydeaqui.ddns.net\/pachuca\/index.php\/wp-json\/wp\/v2\/media?parent=104179"}],"wp:term":[{"taxonomy":"product_brand","embeddable":true,"href":"https:\/\/soydeaqui.ddns.net\/pachuca\/index.php\/wp-json\/wp\/v2\/product_brand?post=104179"},{"taxonomy":"product_cat","embeddable":true,"href":"https:\/\/soydeaqui.ddns.net\/pachuca\/index.php\/wp-json\/wp\/v2\/product_cat?post=104179"},{"taxonomy":"product_tag","embeddable":true,"href":"https:\/\/soydeaqui.ddns.net\/pachuca\/index.php\/wp-json\/wp\/v2\/product_tag?post=104179"}],"curies":[{"name":"wp","href":"https:\/\/api.w.org\/{rel}","templated":true}]}}