{"id":104167,"date":"2026-03-20T14:19:24","date_gmt":"2026-03-20T14:19:24","guid":{"rendered":"https:\/\/soydeaqui.ddns.net\/pachuca\/index.php\/producto\/drone-dji-mavic-3-multiespectral-edicion-universal-ndvi-hasta-200-has-por-vuelo-hasta-15kms-de-transmision\/"},"modified":"2026-03-20T14:19:50","modified_gmt":"2026-03-20T14:19:50","slug":"drone-dji-mavic-3-multiespectral-edicion-universal-ndvi-hasta-200-has-por-vuelo-hasta-15kms-de-transmision","status":"publish","type":"product","link":"https:\/\/soydeaqui.ddns.net\/pachuca\/index.php\/producto\/drone-dji-mavic-3-multiespectral-edicion-universal-ndvi-hasta-200-has-por-vuelo-hasta-15kms-de-transmision\/","title":{"rendered":"Drone DJI Mavic 3 Multiespectral Edici\u00f3n Universal\/NDVI\/Hasta 200 Has por vuelo\/Hasta 15kms de transmisi\u00f3n"},"content":{"rendered":"<div style='width: 100%; max-width: 1200px; margin: 0 auto; font-family: sans-serif; line-height: 1.6; color: inherit; background-color: transparent;'> <!-- Secci\u00f3n de caracter\u00edsticas --> <\/p>\n<div style='display: flex; flex-wrap: wrap; gap: 30px; margin-bottom: 30px;'>\n<div style='flex: 1 1 300px; min-width: 280px;'>\n<h3 style='font-size: 22px; border-bottom: 2px solid currentColor; padding-bottom: 5px; margin-top: 0; color: inherit; opacity: 0.8;'>Caracter\u00edsticas principales<\/h3>\n<ul style='padding-left: 20px; font-size: 15px; color: inherit;'>\n<li style='margin-bottom: 5px;'>C\u00e1mara RGB de 20 MP CMOS 4\/3&comma; obturador mecanico<\/li>\n<li style='margin-bottom: 5px;'>Camara multiespectral 4X5<\/li>\n<li style='margin-bottom: 5px;'>Sistema anticolisi\u00f3n omnidireccional.<\/li>\n<li style='margin-bottom: 5px;'>Alcance de transmisi\u00f3n de 15 Km.<\/li>\n<li style='margin-bottom: 5px;'>Hasta 200 hect\u00e1reas por vuelo.<\/li>\n<li style='margin-bottom: 5px;'>Posicionamiento RTK de nivel centimetrico.<\/li>\n<li style='margin-bottom: 5px;'>Sincronizaci\u00f3n temporal en microsegundos.<\/li>\n<li style='margin-bottom: 5px; font-weight: bold;'>GARANTIA DE 1 A\u00d1O CONTRA DEFECTOS DE FABRICACI\u00d3N<\/li>\n<\/ul><\/div>\n<div style='flex: 1 1 300px; min-width: 280px;'>\n<h3 style='font-size: 22px; border-bottom: 2px solid currentColor; padding-bottom: 5px; margin-top: 0; color: inherit; opacity: 0.8;'>Caracter\u00edsticas F\u00edsicas y El\u00e9ctricas<\/h3>\n<ul style='padding-left: 20px; font-size: 15px; color: inherit;'>\n<li style='margin-bottom: 5px;'>Temperatura de funcionamiento: de -10 a 40 \u00b0C (14 a 104 \u00b0F)<\/li>\n<\/ul><\/div>\n<div style='flex: 1 1 300px; min-width: 280px;'>\n<h3 style='font-size: 22px; border-bottom: 2px solid currentColor; padding-bottom: 5px; margin-top: 0; color: inherit; opacity: 0.8;'>Que incluye<\/h3>\n<ul style='padding-left: 20px; font-size: 15px; color: inherit;'>\n<li style='margin-bottom: 5px;'>Dron MAVIC3M.<\/li>\n<li style='margin-bottom: 5px;'>Control Remoto.<\/li>\n<li style='margin-bottom: 5px;'>Una bater\u00eda.<\/li>\n<li style='margin-bottom: 5px;'>Juego de h\u00e9lices y un par de repuesto.<\/li>\n<li style='margin-bottom: 5px;'>Cable de alimentaci\u00f3n y adaptador.<\/li>\n<li style='margin-bottom: 5px;'>Modulo RTK<\/li>\n<li style='margin-bottom: 5px;'>Estuche de uso rigido.<\/li>\n<\/ul>\n<h3 style='font-size: 22px; border-bottom: 2px solid currentColor; padding-bottom: 5px; margin-top: 20px; margin-bottom: 10px; color: inherit; opacity: 0.8;'>Opcionales<\/h3>\n<p style='margin: 0; font-size: 15px; color: inherit;'> Kit de bater\u00edas: <strong>M3BATKIT<\/strong><br \/> Bater\u00eda: <strong>M3BAT<\/strong> <\/p>\n<\/p><\/div>\n<\/p><\/div>\n<p> <!-- Separador --> <\/p>\n<hr style='border: 0; border-top: 1px solid rgba(150&comma; 150&comma; 150&comma; 0.3); margin: 30px 0;'> <!-- Videos --> <\/p>\n<div style='display: flex; flex-wrap: wrap; gap: 30px; margin-bottom: 30px;'>\n<div style='flex: 1 1 400px; min-width: 300px; position: relative; padding-bottom: 56.25%; height: 0; overflow: hidden;'>   <\/div>\n<div style='flex: 1 1 400px; min-width: 300px; position: relative; padding-bottom: 56.25%; height: 0; overflow: hidden;'>   <\/div>\n<\/p><\/div>\n<p> <!-- Secci\u00f3n de imagen y texto --> <\/p>\n<div style='display: flex; flex-wrap: wrap; gap: 30px; margin-bottom: 30px;'>\n<div style='flex: 1 1 300px; min-width: 280px;'> <img style='width: 100%; height: auto; border: 1px solid rgba(150&comma;150&comma;150&comma;0.3); border-radius: 8px;' src='https:\/\/ftp3.syscom.mx\/usuarios\/ivan.reyes\/DJI\/MAVIC3M\/1.png' alt=''> <\/div>\n<div style='flex: 2 1 500px; min-width: 300px;'>\n<h3 style='font-size: 20px; margin-top: 0; color: inherit; opacity: 0.8;'>MAVIC3M<\/h3>\n<p style='font-size: 15px; color: inherit;'>La topograf\u00eda a\u00e9rea eficiente necesita ver lo invisible. Por eso&comma; Mavic 3 Multiespectral tiene dos formas de ver. Combina una c\u00e1mara RGB con una c\u00e1mara multiespectral para escanear y analizar el crecimiento de los cultivos con total claridad. La gesti\u00f3n de la producci\u00f3n agr\u00edcola requiere precisi\u00f3n y datos&comma; y Mavic 3M ofrece ambos.<\/p>\n<\/p><\/div>\n<\/p><\/div>\n<p> <!-- Im\u00e1genes full width --> <\/p>\n<div style='margin-bottom: 30px;'> <img style='width: 100%; height: auto; border: 1px solid rgba(150&comma;150&comma;150&comma;0.3); border-radius: 8px;' src='https:\/\/ftp3.syscom.mx\/usuarios\/ivan.reyes\/DJI\/MAVIC3M\/2.png' alt='2'> <\/div>\n<p> <!-- Dos im\u00e1genes en fila --> <\/p>\n<div style='display: flex; flex-wrap: wrap; gap: 30px; margin-bottom: 30px;'>\n<div style='flex: 1 1 400px; min-width: 300px;'> <img style='width: 100%; height: auto; border: 1px solid rgba(150&comma;150&comma;150&comma;0.3); border-radius: 8px;' src='https:\/\/ftp3.syscom.mx\/usuarios\/ivan.reyes\/DJI\/MAVIC3M\/3.gif' alt='GIF1'> <\/div>\n<div style='flex: 1 1 400px; min-width: 300px;'> <img style='width: 100%; height: auto; border: 1px solid rgba(150&comma;150&comma;150&comma;0.3); border-radius: 8px;' src='https:\/\/ftp3.syscom.mx\/usuarios\/ivan.reyes\/DJI\/MAVIC3M\/4.gif' alt='GIF2'> <\/div>\n<\/p><\/div>\n<p> <!-- Secci\u00f3n de bater\u00eda --> <\/p>\n<div style='text-align: center; margin: 40px 0;'>\n<h3 style='font-size: 24px; margin: 0; color: inherit; opacity: 0.8;'>Vida de la bater\u00eda eficiente y fiable<\/h3>\n<\/p><\/div>\n<div style='display: flex; flex-wrap: wrap; gap: 30px; margin-bottom: 30px;'>\n<div style='flex: 1 1 300px; min-width: 280px;'> <img style='width: 100%; height: auto; border: 1px solid rgba(150&comma;150&comma;150&comma;0.3); border-radius: 8px;' src='https:\/\/ftp3.syscom.mx\/usuarios\/ivan.reyes\/DJI\/MAVIC3M\/Bateria.gif' alt='Bater\u00eda'> <\/div>\n<div style='flex: 2 1 500px; min-width: 300px;'>\n<h3 style='font-size: 20px; margin-top: 0; color: inherit; opacity: 0.8;'>Vida de la bater\u00eda ultralarga&comma; r\u00e1fagas r\u00e1pidas<\/h3>\n<p style='font-size: 15px; color: inherit; margin: 0;'><span style='font-size: 14pt;'><strong>43 minutos <\/strong><\/span><\/p>\n<p style='font-size: 15px; color: inherit; margin: 0;'>Tiempo de crucero<\/p>\n<p style='font-size: 15px; color: inherit; margin: 0;'><span style='font-size: 14pt;'><strong>200 Hectareas<\/strong><\/span><\/p>\n<p style='font-size: 15px; color: inherit; margin: 0;'>Un solo vuelo puede completar operaciones cartogr\u00e1ficas en un \u00e1rea de 200 hect\u00e1reas.<\/p>\n<\/p><\/div>\n<\/p><\/div>\n<p> <!-- Secci\u00f3n de carga r\u00e1pida --> <\/p>\n<div style='display: flex; flex-wrap: wrap; gap: 30px; margin-bottom: 30px;'>\n<div style='flex: 2 1 500px; min-width: 300px;'>\n<h3 style='font-size: 24px; margin-top: 0; color: inherit; opacity: 0.8;'>Carga r\u00e1pida<\/h3>\n<p style='font-size: 15px; color: inherit; margin: 0;'><span style='font-size: 18pt;'><strong>Centro de carga de bater\u00edas de 100 W<\/strong><\/span><\/p>\n<p style='font-size: 15px; color: inherit; margin: 0;'><span style='font-size: 14pt;'>Carga r\u00e1pida de alta eficiencia<\/span><\/p>\n<p style='font-size: 15px; color: inherit; margin: 0;'><span style='font-size: 18pt;'><strong>Carga r\u00e1pida de 88 W<\/strong><\/span><\/p>\n<\/p><\/div>\n<div style='flex: 1 1 300px; min-width: 280px;'> <img style='width: 100%; height: auto; border: 1px solid rgba(150&comma;150&comma;150&comma;0.3); border-radius: 8px;' src='https:\/\/ftp3.syscom.mx\/usuarios\/ivan.reyes\/DJI\/MAVIC3M\/5.jpg' alt='Carga r\u00e1pida'> <\/div>\n<\/p><\/div>\n<p> <!-- Separador --> <\/p>\n<hr style='border: 0; border-top: 1px solid rgba(150&comma; 150&comma; 150&comma; 0.3); margin: 30px 0;'> <!-- Secci\u00f3n de se\u00f1al --> <\/p>\n<div style='text-align: center; margin: 40px 0;'>\n<h3 style='font-size: 24px; margin: 0; color: inherit; opacity: 0.8;'>Se\u00f1al estable&comma; transmisi\u00f3n fluida de la imagen<\/h3>\n<\/p><\/div>\n<div style='display: flex; flex-wrap: wrap; gap: 30px; margin-bottom: 30px;'>\n<div style='flex: 1 1 300px; min-width: 280px;'> <img style='width: 100%; height: auto; border: 1px solid rgba(150&comma;150&comma;150&comma;0.3); border-radius: 8px;' src='https:\/\/ftp3.syscom.mx\/usuarios\/ivan.reyes\/DJI\/MAVIC3M\/Senal.gif' alt='Se\u00f1al'> <\/div>\n<div style='flex: 2 1 500px; min-width: 300px;'>\n<p style='font-size: 15px; color: inherit; text-align: center; margin: 0;'><span style='font-size: 18pt;'>La transmisi\u00f3n O3 integra dos se\u00f1ales de transmisi\u00f3n y cuatro se\u00f1ales de recepci\u00f3n para permitir distancias de transmisi\u00f3n ultralargas de 15 km.<\/span><\/p>\n<\/p><\/div>\n<\/p><\/div>\n<p> <!-- Separador --> <\/p>\n<hr style='border: 0; border-top: 1px solid rgba(150&comma; 150&comma; 150&comma; 0.3); margin: 30px 0;'> <!-- Secci\u00f3n de sistema anticolisi\u00f3n --> <\/p>\n<div style='text-align: center; margin: 40px 0;'>\n<h3 style='font-size: 24px; margin: 0; color: inherit; opacity: 0.8;'>Sistema anticolisi\u00f3n omnidireccional&comma; topograf\u00eda a\u00e9rea de seguimiento del terreno<\/h3>\n<\/p><\/div>\n<p style='text-align: center; font-size: 15px; color: inherit; margin: 20px 0;'>La aeronave cuenta con m\u00faltiples sensores visuales de campo de visi\u00f3n amplio que detectan con precisi\u00f3n obst\u00e1culos en todas las direcciones para lograr un sistema anticolisi\u00f3n omnidireccional. La topograf\u00eda a\u00e9rea de seguimiento del terreno se puede realizar f\u00e1cilmente en paisajes de pendientes pronunciadas.<\/p>\n<div style='margin-bottom: 30px;'> <img style='width: 100%; height: auto; border: 1px solid rgba(150&comma;150&comma;150&comma;0.3); border-radius: 8px;' src='https:\/\/ftp3.syscom.mx\/usuarios\/ivan.reyes\/DJI\/MAVIC3M\/Colision.gif' alt='GIF 4'> <\/div>\n<p> <!-- Separador --> <\/p>\n<hr style='border: 0; border-top: 1px solid rgba(150&comma; 150&comma; 150&comma; 0.3); margin: 30px 0;'> <!-- Secci\u00f3n de aplicaciones --> <\/p>\n<div style='text-align: center; margin: 40px 0;'>\n<h3 style='font-size: 24px; margin: 0; color: inherit; opacity: 0.8;'>Aplicaciones<\/h3>\n<\/p><\/div>\n<div style='display: flex; flex-wrap: wrap; gap: 30px; margin-bottom: 30px;'>\n<div style='flex: 1 1 300px; min-width: 280px;'> <img style='width: 100%; height: auto; border: 1px solid rgba(150&comma;150&comma;150&comma;0.3); border-radius: 8px;' src='https:\/\/ftp3.syscom.mx\/usuarios\/ivan.reyes\/DJI\/MAVIC3M\/huertos.gif' alt='Huertos'> <\/div>\n<div style='flex: 2 1 500px; min-width: 300px;'>\n<h3 style='font-size: 20px; margin-top: 0; color: inherit; opacity: 0.8;'>Cartograf\u00eda de huertos<\/h3>\n<p style='font-size: 15px; color: inherit; text-align: justify; margin: 0;'>Mavic 3M permite la inspecci\u00f3n a\u00e9rea de seguimiento del terreno de los huertos&comma; incluso en terrenos inclinados. Junto con DJI Terra o DJI SmartFarm Platform reconstruye mapas de huertos en alta resoluci\u00f3n&comma; determina autom\u00e1ticamente la cantidad de \u00e1rboles&comma; distingue \u00e1rboles de otros obst\u00e1culos u objetos y genera rutas operativas tridimensionales para drones agr\u00edcolas&comma; para que las operaciones sean m\u00e1s seguras y eficientes.<\/p>\n<ul style='padding-left: 20px; font-size: 15px; color: inherit; margin-top: 15px;'>\n<li style='margin-bottom: 5px;'><strong>Cartografia a\u00e9rea con MAVIC 3M<\/strong><\/li>\n<li style='margin-bottom: 5px;'><strong>Cartografia con DJI Terra\/ SmartFarm Platform<\/strong><\/li>\n<li style='margin-bottom: 5px;'><strong>Genera rutas 3D<\/strong><\/li>\n<li style='margin-bottom: 5px;'><strong>Operaci\u00f3n de drones agr\u00edcolas<\/strong><\/li>\n<\/ul><\/div>\n<\/p><\/div>\n<p> <!-- Secci\u00f3n de exploraci\u00f3n inteligente --> <\/p>\n<div style='display: flex; flex-wrap: wrap; gap: 30px; margin-bottom: 30px;'>\n<div style='flex: 2 1 500px; min-width: 300px;'>\n<h3 style='font-size: 20px; margin-top: 0; color: inherit; opacity: 0.8;'>Exploraci\u00f3n inteligente del campo<\/h3>\n<p style='font-size: 15px; color: inherit; text-align: justify; margin: 0;'>El Mavic 3M puede realizar una exploraci\u00f3n autom\u00e1tica del campo. Las im\u00e1genes de la exploraci\u00f3n del campo se pueden cargar en la DJI SmartFarm Platform en tiempo real a trav\u00e9s de una red 4G. Puede encontrar anomal\u00edas&comma; como deficiencias de emergencia&comma; presi\u00f3n de malezas y encamado de cultivos de manera oportuna. Tambi\u00e9n puede realizar an\u00e1lisis inteligentes&comma; como la identificaci\u00f3n de pl\u00e1ntulas de algod\u00f3n y las pruebas de producci\u00f3n de arroz&comma; utilizando la identificaci\u00f3n por IA para compartir en tiempo real informaci\u00f3n sobre el crecimiento de los cultivos&comma; la orientaci\u00f3n de las actividades agron\u00f3micas y la f\u00e1cil gesti\u00f3n de 70 hect\u00e1reas de tierras de cultivo por una sola persona.<\/p>\n<\/p><\/div>\n<div style='flex: 1 1 300px; min-width: 280px;'> <img style='width: 100%; height: auto; border: 1px solid rgba(150&comma;150&comma;150&comma;0.3); border-radius: 8px;' src='https:\/\/ftp3.syscom.mx\/usuarios\/ivan.reyes\/DJI\/MAVIC3M\/exploracion.gif' alt='Exploraci\u00f3n'> <\/div>\n<\/p><\/div>\n<p> <!-- Secci\u00f3n de monitorizaci\u00f3n ambiental --> <\/p>\n<div style='text-align: center; margin: 40px 0;'>\n<h3 style='font-size: 24px; margin: 0; color: inherit; opacity: 0.8;'>Monitorizaci\u00f3n ambiental e inspecci\u00f3n de recursos naturales<\/h3>\n<\/p><\/div>\n<p style='text-align: center; font-size: 15px; color: inherit; margin: 20px 0;'><span style='font-size: 18pt;'>El Mavic 3M tambi\u00e9n se puede utilizar en inspecciones ambientales y de recursos naturales&comma; como monitorizaci\u00f3n de la eutrofizaci\u00f3n del agua&comma; inspecciones de distribuci\u00f3n forestal&comma; inspecciones de \u00e1reas verdes urbanas&comma; etc.<\/span><\/p>\n<div style='margin-bottom: 30px;'> <img style='width: 100%; height: auto; border: 1px solid rgba(150&comma;150&comma;150&comma;0.3); border-radius: 8px;' src='https:\/\/ftp3.syscom.mx\/usuarios\/ivan.reyes\/DJI\/MAVIC3M\/Monitoreo.gif' alt='GIF5'> <\/div>\n<\/p><\/div>\n","protected":false},"excerpt":{"rendered":"<p>Drone DJI Mavic 3 Multiespectral Edici\u00f3n Universal\/NDVI\/Hasta 200 Has por vuelo\/Hasta 15kms de transmisi\u00f3n<\/p>\n","protected":false},"featured_media":104166,"comment_status":"open","ping_status":"closed","template":"","meta":[],"product_brand":[],"product_cat":[2223,2225],"product_tag":[2228,2226,2227],"class_list":{"0":"post-104167","1":"product","2":"type-product","3":"status-publish","4":"has-post-thumbnail","6":"product_cat-drones","7":"product_cat-drones-robots-e-industrial","8":"product_tag-dji","9":"product_tag-drones","10":"product_tag-robots-e-industrial","12":"first","13":"instock","14":"sale","15":"shipping-taxable","16":"purchasable","17":"product-type-simple"},"_links":{"self":[{"href":"https:\/\/soydeaqui.ddns.net\/pachuca\/index.php\/wp-json\/wp\/v2\/product\/104167","targetHints":{"allow":["GET"]}}],"collection":[{"href":"https:\/\/soydeaqui.ddns.net\/pachuca\/index.php\/wp-json\/wp\/v2\/product"}],"about":[{"href":"https:\/\/soydeaqui.ddns.net\/pachuca\/index.php\/wp-json\/wp\/v2\/types\/product"}],"replies":[{"embeddable":true,"href":"https:\/\/soydeaqui.ddns.net\/pachuca\/index.php\/wp-json\/wp\/v2\/comments?post=104167"}],"wp:featuredmedia":[{"embeddable":true,"href":"https:\/\/soydeaqui.ddns.net\/pachuca\/index.php\/wp-json\/wp\/v2\/media\/104166"}],"wp:attachment":[{"href":"https:\/\/soydeaqui.ddns.net\/pachuca\/index.php\/wp-json\/wp\/v2\/media?parent=104167"}],"wp:term":[{"taxonomy":"product_brand","embeddable":true,"href":"https:\/\/soydeaqui.ddns.net\/pachuca\/index.php\/wp-json\/wp\/v2\/product_brand?post=104167"},{"taxonomy":"product_cat","embeddable":true,"href":"https:\/\/soydeaqui.ddns.net\/pachuca\/index.php\/wp-json\/wp\/v2\/product_cat?post=104167"},{"taxonomy":"product_tag","embeddable":true,"href":"https:\/\/soydeaqui.ddns.net\/pachuca\/index.php\/wp-json\/wp\/v2\/product_tag?post=104167"}],"curies":[{"name":"wp","href":"https:\/\/api.w.org\/{rel}","templated":true}]}}