{"id":104159,"date":"2026-03-20T14:18:59","date_gmt":"2026-03-20T14:18:59","guid":{"rendered":"https:\/\/soydeaqui.ddns.net\/pachuca\/index.php\/producto\/navaja-victorinox-grande-hunter-xt-grip-multiherramienta-con-cachas-y-6-funciones-hojas-para-una-mano\/"},"modified":"2026-03-20T14:19:08","modified_gmt":"2026-03-20T14:19:08","slug":"navaja-victorinox-grande-hunter-xt-grip-multiherramienta-con-cachas-y-6-funciones-hojas-para-una-mano","status":"publish","type":"product","link":"https:\/\/soydeaqui.ddns.net\/pachuca\/index.php\/producto\/navaja-victorinox-grande-hunter-xt-grip-multiherramienta-con-cachas-y-6-funciones-hojas-para-una-mano\/","title":{"rendered":"Navaja Victorinox Grande Hunter XT Grip Multiherramienta con Cachas y 6 Funciones. Hojas para una Mano."},"content":{"rendered":"<div style='width: 100%; max-width: 1200px; margin: 0 auto; font-family: sans-serif; line-height: 1.6; color: inherit; background-color: transparent;'>\n<div style='display: flex; flex-direction: column; align-items: center; margin-bottom: 30px;'> <img style='width: 100%; max-width: 300px; height: auto; border: 1px solid rgba(150&comma;150&comma;150&comma;0.3); border-radius: 8px;' src='https:\/\/ftp3.syscom.mx\/usuarios\/fotos\/30163801\/170463-victorinox.png' alt=''> <\/p>\n<h2 style='font-size: 24px; margin-top: 20px; margin-bottom: 10px; color: inherit; text-align: center;'>Navaja de Bolsillo Grande Hunter XT Grip con Cachas de 2 Componentes<\/h2>\n<\/p><\/div>\n<div style='margin-bottom: 30px;'>\n<p style='font-size: 15px; line-height: 1.6; color: inherit; margin-bottom: 15px;'> La navaja de bolsillo Hunter fue dise\u00f1ada especialmente para acompa\u00f1ar a cazadores y verdaderos entusiastas de las actividades al aire libre. Los orificios para el pulgar de cada hoja permiten la apertura a una sola mano&comma; mientras que el compuesto de dos componentes en las cachas asegura un excelente agarre. Gracias a la forma curva y a la hoja redondeada de la excepcional hoja para cazadores&comma; se puede eviscerar a la presa en el campo de manera m\u00e1s r\u00e1pida y f\u00e1cil. Establece un nuevo est\u00e1ndar en navajas para cazadores. <\/p>\n<\/p><\/div>\n<div style='display: flex; flex-wrap: wrap; gap: 30px; margin-bottom: 30px;'>\n<div style='flex: 1 1 300px; min-width: 280px;'>\n<h3 style='font-size: 20px; border-bottom: 2px solid currentColor; padding-bottom: 5px; margin-top: 0; color: inherit; opacity: 0.8;'>Herramientas<\/h3>\n<ul style='padding-left: 20px; font-size: 14px; color: inherit; list-style: disc;'>\n<li style='margin-bottom: 5px;'>Anilla<\/li>\n<li style='margin-bottom: 5px;'>Sierra para madera<\/li>\n<li style='margin-bottom: 5px;'>Sacacorchos<\/li>\n<li style='margin-bottom: 5px;'>Hoja grande<\/li>\n<li style='margin-bottom: 5px;'>Hoja para cazadores<\/li>\n<li style='margin-bottom: 5px;'>Cord\u00f3n<\/li>\n<\/ul><\/div>\n<div style='flex: 1 1 300px; min-width: 280px;'>\n<h3 style='font-size: 20px; border-bottom: 2px solid currentColor; padding-bottom: 5px; margin-top: 0; color: inherit; opacity: 0.8;'>Dimensiones<\/h3>\n<ul style='padding-left: 20px; font-size: 14px; color: inherit; list-style: none; margin: 0;'>\n<li style='margin-bottom: 8px;'><strong style='color: inherit;'>Altura:<\/strong> 20 mm<\/li>\n<li style='margin-bottom: 8px;'><strong style='color: inherit;'>Longitud:<\/strong> 111 mm<\/li>\n<li style='margin-bottom: 8px;'><strong style='color: inherit;'>Ancho:<\/strong> 35 mm<\/li>\n<li style='margin-bottom: 8px;'><strong style='color: inherit;'>Peso:<\/strong> 150 g<\/li>\n<\/ul><\/div>\n<div style='flex: 1 1 300px; min-width: 280px;'>\n<h3 style='font-size: 20px; border-bottom: 2px solid currentColor; padding-bottom: 5px; margin-top: 0; color: inherit; opacity: 0.8;'>Detalles<\/h3>\n<ul style='padding-left: 20px; font-size: 14px; color: inherit; list-style: none; margin: 0;'>\n<li style='margin-bottom: 8px;'><strong style='color: inherit;'>Material:<\/strong> Poliamida<\/li>\n<li style='margin-bottom: 8px;'><strong style='color: inherit;'>Bloqueable:<\/strong> S\u00ed<\/li>\n<li style='margin-bottom: 8px;'><strong style='color: inherit;'>Hoja para una mano:<\/strong> S\u00ed<\/li>\n<li style='margin-bottom: 8px;'><strong style='color: inherit;'>N.\u00b0 de caracter\u00edsticas:<\/strong> 6<\/li>\n<li style='margin-bottom: 8px;'><strong style='color: inherit;'>Color:<\/strong> Naranja<\/li>\n<\/ul><\/div>\n<\/p><\/div>\n<hr style='border: 0; border-top: 1px solid rgba(150&comma; 150&comma; 150&comma; 0.3); margin: 30px 0;'>\n<div style='margin-bottom: 30px;'> <img style='width: 100%; height: auto; border: 1px solid rgba(150&comma;150&comma;150&comma;0.3); border-radius: 8px;' src='https:\/\/ftp3.syscom.mx\/usuarios\/fotos\/30338N\/220032-220032-vict.jpg' alt=''> <\/div>\n<div style='margin-bottom: 30px;'>\n<p style='font-size: 13px; color: #005cb9; text-align: center; margin: 0;'> <a href='http:\/\/soporte.syscom.mx\/syscom-mx\/bases-alta-fidelidad' target='_blank' rel='noopener' style='color: inherit; text-decoration: none;'>Consulte las bases&comma; *2<\/a> <\/p>\n<\/p><\/div>\n<div style='margin-bottom: 30px;'>\n<h3 style='font-size: 20px; border-bottom: 2px solid currentColor; padding-bottom: 5px; margin-top: 0; margin-bottom: 15px; color: inherit; opacity: 0.8;'>Pol\u00edtica de Garant\u00eda<\/h3>\n<p style='font-size: 14px; color: inherit; margin-bottom: 10px;'> SYSCOM se apega a las pol\u00edticas de garant\u00eda de cada proveedor de la marca y\/o f\u00e1brica. <\/p>\n<p style='font-size: 14px; color: inherit; margin-bottom: 10px;'> La cobertura de garant\u00eda por defecto de f\u00e1brica y\/o mal funcionamiento es de 90 d\u00edas con Syscom. Posterior a este periodo&comma; la garant\u00eda es directa con el fabricante. En quebraduras&comma; da\u00f1os f\u00edsicos de equipo y\/o empaque da\u00f1ado&comma; reportarlo dentro de las 24 horas posteriores a la fecha de recepci\u00f3n para el reclamo a paqueter\u00eda. <\/p>\n<\/p><\/div>\n<\/p><\/div>\n","protected":false},"excerpt":{"rendered":"<p>Navaja Victorinox Grande Hunter XT Grip Multiherramienta con Cachas y 6 Funciones. Hojas para una Mano.<\/p>\n","protected":false},"featured_media":104158,"comment_status":"open","ping_status":"closed","template":"","meta":[],"product_brand":[],"product_cat":[130],"product_tag":[25,131,1135],"class_list":{"0":"post-104159","1":"product","2":"type-product","3":"status-publish","4":"has-post-thumbnail","6":"product_cat-herramientas-electricas","7":"product_tag-herramientas","8":"product_tag-herramientas-electricas","9":"product_tag-victorinox","11":"first","12":"outofstock","13":"sale","14":"shipping-taxable","15":"purchasable","16":"product-type-simple"},"_links":{"self":[{"href":"https:\/\/soydeaqui.ddns.net\/pachuca\/index.php\/wp-json\/wp\/v2\/product\/104159","targetHints":{"allow":["GET"]}}],"collection":[{"href":"https:\/\/soydeaqui.ddns.net\/pachuca\/index.php\/wp-json\/wp\/v2\/product"}],"about":[{"href":"https:\/\/soydeaqui.ddns.net\/pachuca\/index.php\/wp-json\/wp\/v2\/types\/product"}],"replies":[{"embeddable":true,"href":"https:\/\/soydeaqui.ddns.net\/pachuca\/index.php\/wp-json\/wp\/v2\/comments?post=104159"}],"wp:featuredmedia":[{"embeddable":true,"href":"https:\/\/soydeaqui.ddns.net\/pachuca\/index.php\/wp-json\/wp\/v2\/media\/104158"}],"wp:attachment":[{"href":"https:\/\/soydeaqui.ddns.net\/pachuca\/index.php\/wp-json\/wp\/v2\/media?parent=104159"}],"wp:term":[{"taxonomy":"product_brand","embeddable":true,"href":"https:\/\/soydeaqui.ddns.net\/pachuca\/index.php\/wp-json\/wp\/v2\/product_brand?post=104159"},{"taxonomy":"product_cat","embeddable":true,"href":"https:\/\/soydeaqui.ddns.net\/pachuca\/index.php\/wp-json\/wp\/v2\/product_cat?post=104159"},{"taxonomy":"product_tag","embeddable":true,"href":"https:\/\/soydeaqui.ddns.net\/pachuca\/index.php\/wp-json\/wp\/v2\/product_tag?post=104159"}],"curies":[{"name":"wp","href":"https:\/\/api.w.org\/{rel}","templated":true}]}}