{"id":104147,"date":"2026-03-20T14:18:25","date_gmt":"2026-03-20T14:18:25","guid":{"rendered":"https:\/\/soydeaqui.ddns.net\/pachuca\/index.php\/producto\/kit-basico-3-en-1-con-multimetro-digital-detector-de-tension-sin-contacto-comprobador-de-fase-gfci\/"},"modified":"2026-03-20T14:18:39","modified_gmt":"2026-03-20T14:18:39","slug":"kit-basico-3-en-1-con-multimetro-digital-detector-de-tension-sin-contacto-comprobador-de-fase-gfci","status":"publish","type":"product","link":"https:\/\/soydeaqui.ddns.net\/pachuca\/index.php\/producto\/kit-basico-3-en-1-con-multimetro-digital-detector-de-tension-sin-contacto-comprobador-de-fase-gfci\/","title":{"rendered":"KIT B\u00e1sico 3 en 1 con Mult\u00edmetro Digital + Detector de Tensi\u00f3n sin Contacto + Comprobador de Fase GFCI"},"content":{"rendered":"<div style='width: 100%; max-width: 1200px; margin: 0 auto; font-family: sans-serif; line-height: 1.6; color: inherit; background-color: transparent;'>\n<div style='display: flex; flex-wrap: wrap; gap: 30px; margin-bottom: 30px;'>\n<div style='flex: 1 1 300px; min-width: 280px;'>\n<h3 style='font-size: 22px; border-bottom: 2px solid currentColor; padding-bottom: 5px; margin-top: 0; color: inherit; opacity: 0.8;'>Descripci\u00f3n<\/h3>\n<p style='font-size: 15px; color: inherit;'>El equipo de prueba el\u00e9ctrica PK-110 de Amprobe ofrece tres pruebas el\u00e9ctricas con funciones adecuadas para una variedad de aplicaciones residenciales. El kit incluye el M\u00faltimetro Digital AM-420&comma; Probador de Fase ST-102B con GFCI y detector de tensi\u00f3n VP-1000 sin contacto. Desde la identificaci\u00f3n de la presencia de tensi\u00f3n en los contactos el\u00e9ctricos y los interruptores hasta la confirmaci\u00f3n de cableado adecuado de los contactos GFCI&comma; el kit PK-110 cuenta con todas las caracter\u00edsticas necesarias para realizar pruebas de tensi\u00f3n r\u00e1pidas y seguras.<\/p>\n<\/p><\/div>\n<\/p><\/div>\n<div style='display: flex; flex-wrap: wrap; gap: 30px; margin-bottom: 30px;'>\n<div style='flex: 1 1 300px; min-width: 280px;'>\n<h3 style='font-size: 22px; border-bottom: 2px solid currentColor; padding-bottom: 5px; margin-top: 0; color: inherit; opacity: 0.8;'>Caracter\u00edsticas<\/h3>\n<ul style='padding-left: 20px; font-size: 15px; color: inherit;'>\n<li style='margin-bottom: 5px;'>El equipo de prueba el\u00e9ctrica residencial incluye Multimetro Digital AM-420&comma; sonda de tensi\u00f3n sin contacto VP-1000&comma; y probador de Fase ST-102B con GFCI y todas las bater\u00edas requeridas.<\/li>\n<li style='margin-bottom: 5px;'>El Kit contiene herramientas para medir la tensi\u00f3n de hasta 250 V CA\/CC&comma; corriente CC&comma; resistencia&comma; prueba de Diodos&comma; y realizaci\u00f3n de pruebas de bater\u00eda.<\/li>\n<li style='margin-bottom: 5px;'>Prueba segura RV: revisi\u00f3n de contacto de pedestal RV (20 A&comma; 30 A&comma; 50 A) para el correcto cableado y aterrizado&comma; verificando condiciones de energizado y correcto cableado de contactos en su RV.<\/li>\n<li style='margin-bottom: 5px;'>Compruebe la presencia de tensi\u00f3n en los registros&comma; interruptores&comma; cables de extensi\u00f3n y accesorios de luz.<\/li>\n<li style='margin-bottom: 5px;'>Verificar el cableado adecuado de GFCI (interruptor de circuitos de falla de tierra) y los contactos el\u00e9ctricos de salida est\u00e1ndar ubicados en pared con solo pulsar un bot\u00f3n.<\/li>\n<li style='margin-bottom: 5px;'>Incluye bater\u00eda 9V para el mult\u00edmetro AM-420&comma; y 2 bater\u00edas AAA para el detector VP-1000.<\/li>\n<\/ul><\/div>\n<\/p><\/div>\n<hr style='border: 0; border-top: 1px solid rgba(150&comma; 150&comma; 150&comma; 0.3); margin: 30px 0;'>\n<div style='display: flex; flex-wrap: wrap; gap: 30px; margin-bottom: 30px;'>\n<div style='flex: 1 1 300px; min-width: 280px;'>\n<h3 style='font-size: 22px; border-bottom: 2px solid currentColor; padding-bottom: 5px; margin-top: 0; color: inherit; opacity: 0.8;'>Mult\u00edmetro AM-420<\/h3>\n<p> <img style='width: 100%; height: auto; border: 1px solid rgba(150&comma;150&comma;150&comma;0.3); border-radius: 8px;' src='https:\/\/ftp3.syscom.mx\/usuarios\/fotos\/PK110\/214351-pd_pk-110_c.jpg' alt=''> <\/div>\n<div style='flex: 1 1 300px; min-width: 280px;'>\n<h3 style='font-size: 22px; border-bottom: 2px solid currentColor; padding-bottom: 5px; margin-top: 0; color: inherit; opacity: 0.8;'>Detector sin contacto VP-1000<\/h3>\n<p> <img style='width: 100%; height: auto; border: 1px solid rgba(150&comma;150&comma;150&comma;0.3); border-radius: 8px;' src='https:\/\/ftp3.syscom.mx\/usuarios\/fotos\/PK110\/214351-pd_vp1000sb_e.jpg' alt=''> <\/div>\n<div style='flex: 1 1 300px; min-width: 280px;'>\n<h3 style='font-size: 22px; border-bottom: 2px solid currentColor; padding-bottom: 5px; margin-top: 0; color: inherit; opacity: 0.8;'>Probador de Fase ST-102B con GFCI<\/h3>\n<p> <img style='width: 100%; height: auto; border: 1px solid rgba(150&comma;150&comma;150&comma;0.3); border-radius: 8px;' src='https:\/\/ftp3.syscom.mx\/usuarios\/fotos\/PK110\/214351-pd_st102b_d.jpg' alt=''> <\/div>\n<\/p><\/div>\n<div style='text-align: center; margin-top: 30px;'> <img style='width: 100%; max-width: 600px; height: auto; border: 1px solid rgba(150&comma;150&comma;150&comma;0.3); border-radius: 8px;' src='https:\/\/ftp3.syscom.mx\/usuarios\/fotos\/PK110\/214351-amprobe_logo.png' alt=''> <\/div>\n<\/p><\/div>\n","protected":false},"excerpt":{"rendered":"<p>KIT B\u00e1sico 3 en 1 con Mult\u00edmetro Digital + Detector de Tensi\u00f3n sin Contacto + Comprobador de Fase GFCI<\/p>\n","protected":false},"featured_media":104146,"comment_status":"open","ping_status":"closed","template":"","meta":[],"product_brand":[],"product_cat":[1125],"product_tag":[1110,931,1126],"class_list":{"0":"post-104147","1":"product","2":"type-product","3":"status-publish","4":"has-post-thumbnail","6":"product_cat-para-instalacion-en-campo","7":"product_tag-amprobe","8":"product_tag-equipo-de-laboratorio","9":"product_tag-para-instalacion-en-campo","11":"first","12":"instock","13":"sale","14":"shipping-taxable","15":"purchasable","16":"product-type-simple"},"_links":{"self":[{"href":"https:\/\/soydeaqui.ddns.net\/pachuca\/index.php\/wp-json\/wp\/v2\/product\/104147","targetHints":{"allow":["GET"]}}],"collection":[{"href":"https:\/\/soydeaqui.ddns.net\/pachuca\/index.php\/wp-json\/wp\/v2\/product"}],"about":[{"href":"https:\/\/soydeaqui.ddns.net\/pachuca\/index.php\/wp-json\/wp\/v2\/types\/product"}],"replies":[{"embeddable":true,"href":"https:\/\/soydeaqui.ddns.net\/pachuca\/index.php\/wp-json\/wp\/v2\/comments?post=104147"}],"wp:featuredmedia":[{"embeddable":true,"href":"https:\/\/soydeaqui.ddns.net\/pachuca\/index.php\/wp-json\/wp\/v2\/media\/104146"}],"wp:attachment":[{"href":"https:\/\/soydeaqui.ddns.net\/pachuca\/index.php\/wp-json\/wp\/v2\/media?parent=104147"}],"wp:term":[{"taxonomy":"product_brand","embeddable":true,"href":"https:\/\/soydeaqui.ddns.net\/pachuca\/index.php\/wp-json\/wp\/v2\/product_brand?post=104147"},{"taxonomy":"product_cat","embeddable":true,"href":"https:\/\/soydeaqui.ddns.net\/pachuca\/index.php\/wp-json\/wp\/v2\/product_cat?post=104147"},{"taxonomy":"product_tag","embeddable":true,"href":"https:\/\/soydeaqui.ddns.net\/pachuca\/index.php\/wp-json\/wp\/v2\/product_tag?post=104147"}],"curies":[{"name":"wp","href":"https:\/\/api.w.org\/{rel}","templated":true}]}}