{"id":104136,"date":"2026-03-20T14:17:50","date_gmt":"2026-03-20T14:17:50","guid":{"rendered":"https:\/\/soydeaqui.ddns.net\/pachuca\/index.php\/producto\/medidor-de-longitud-de-cable-tdr-hasta-914-metros\/"},"modified":"2026-03-20T14:18:15","modified_gmt":"2026-03-20T14:18:15","slug":"medidor-de-longitud-de-cable-tdr-hasta-914-metros","status":"publish","type":"product","link":"https:\/\/soydeaqui.ddns.net\/pachuca\/index.php\/producto\/medidor-de-longitud-de-cable-tdr-hasta-914-metros\/","title":{"rendered":"MEDIDOR DE LONGITUD DE CABLE TDR HASTA 914 METROS"},"content":{"rendered":"<div style='width: 100%; max-width: 1200px; margin: 0 auto; font-family: sans-serif; line-height: 1.6; color: inherit; background-color: transparent;'>\n<div style='display: flex; flex-wrap: wrap; gap: 30px; margin-bottom: 30px;'>\n<div style='flex: 1 1 300px; min-width: 280px;'>\n<p style='margin: 0;'> <img style='width: 100%; height: auto; border: 1px solid rgba(150&comma;150&comma;150&comma;0.3); border-radius: 8px;' src='https:\/\/ftp3.syscom.mx\/usuarios\/fotos\/501915\/213737-captura_de_pantalla_2022-11-24_a_la(s)_15.17.59.png' alt=''> <\/p>\n<\/p><\/div>\n<div style='flex: 1 1 300px; min-width: 280px;'>\n<p style='font-size: 16px; color: inherit;'> El medidor de longitud de cable Klein Tools es un probador port\u00e1til o Reflect\u00f3metro de Dominio Temporal (TDR&comma; por sus siglas en ingl\u00e9s) basado en el m\u00e9todo de Reflectometr\u00eda. Dicho m\u00e9todo funciona mediante la emisi\u00f3n de se\u00f1ales o impulsos el\u00e9ctricos dise\u00f1ado para medir el tiempo transcurrido entre el &#8216;pulso incidente&#8217; (inicial) y el &#8216;pulso reflejado&#8217; (final o eco). La diferencia de tiempo entre uno y otro se traduce en unidades de longitud (p\u00edes o metros y en unidades m\u00e9tricas o imperiales). El TDR permite de forma r\u00e1pida y con gran precisi\u00f3n (+\/- 2%)&comma; medir la longitud en cables el\u00e9ctricos&comma; de datos&comma; de dos hilos y Romex\u00ae en un rango de distancia de hasta 914 m. <\/p>\n<\/p><\/div>\n<\/p><\/div>\n<div style='display: flex; flex-wrap: wrap; gap: 20px; margin-bottom: 30px;'>\n<div style='flex: 1 1 250px; border: 1px solid rgba(150&comma; 150&comma; 150&comma; 0.4); border-radius: 8px; overflow: hidden; display: flex; flex-direction: column;'>\n<div style='padding: 15px; border-bottom: 1px solid rgba(150&comma; 150&comma; 150&comma; 0.2); font-weight: bold; font-size: 18px; color: inherit; background-color: rgba(237&comma;125&comma;49&comma;0.1);'>Caracter\u00edsticas<\/div>\n<div style='padding: 15px; color: inherit;'>\n<ul style='padding-left: 20px; margin: 0; font-size: 14px; list-style-type: disc; color: inherit;'>\n<li style='margin-bottom: 5px; color: inherit;'>Mide longitudes de cable&comma; calibra valores de velocidad de propagaci\u00f3n (VoP) y mide la distancia a la falla de circuito abierto o cortocircuito.<\/li>\n<li style='margin-bottom: 5px; color: inherit;'>Almacena valores VoP de cable personalizados para obtener resultados precisos y ahorro de tiempo.<\/li>\n<li style='margin-bottom: 5px; color: inherit;'>Cuenta con pantalla LCD retroiluminada a todo color extra grande.<\/li>\n<li style='margin-bottom: 5px; color: inherit;'>Proporciona generaci\u00f3n de tonos de los cables de extremo abierto no energizados para su rastreo&comma; as\u00ed como su trazado (requiere sonda an\u00e1loga Mod. <a href='https:\/\/www.syscom.mx\/producto\/VDV500-123-KLEIN-TOOLS-201112.html' target='_blank' rel='noopener' style='color: #ed7d31; text-decoration: none; font-weight: bold;'>VDV500-123<\/a>&comma; se vende por separado).<\/li>\n<li style='margin-bottom: 5px; color: inherit;'>Cuenta con puertos BNC y RJ45&comma; para una conexi\u00f3n r\u00e1pida&comma; desarrollo de pruebas y medici\u00f3n de cables de datos.<\/li>\n<\/ul><\/div>\n<\/p><\/div>\n<div style='flex: 1 1 250px; border: 1px solid rgba(150&comma; 150&comma; 150&comma; 0.4); border-radius: 8px; overflow: hidden; display: flex; flex-direction: column;'>\n<div style='padding: 15px; border-bottom: 1px solid rgba(150&comma; 150&comma; 150&comma; 0.2); font-weight: bold; font-size: 18px; color: inherit; background-color: rgba(237&comma;125&comma;49&comma;0.1);'>Cables de prueba incluidos<\/div>\n<div style='padding: 15px; color: inherit;'>\n<ul style='padding-left: 20px; margin: 0; font-size: 14px; list-style-type: circle; color: inherit;'>\n<li style='margin-bottom: 5px; color: inherit;'>Macho coaxial BNC con pinzas de cocodrilo.<\/li>\n<li style='margin-bottom: 5px; color: inherit;'>Macho coaxial BNC a hembra coaxial F.<\/li>\n<li style='margin-bottom: 5px; color: inherit;'>Macho coaxial BNC a macho coaxial F.<\/li>\n<li style='margin-bottom: 5px; color: inherit;'>CAT-6 RJ45 a CAT-6 RJ45.<\/li>\n<li style='margin-bottom: 5px; color: inherit;'>Macho coaxial BNC a macho coaxial BNC.<\/li>\n<li style='margin-bottom: 5px; color: inherit;'>2 bater\u00edas AA y funda de transporte acolchada.<\/li>\n<\/ul><\/div>\n<\/p><\/div>\n<\/p><\/div>\n<div style='display: flex; flex-wrap: wrap; gap: 30px; margin-bottom: 30px;'>\n<div style='flex: 1 1 300px; min-width: 280px;'>\n<p style='margin: 0;'> <img style='width: 100%; height: auto; border: 1px solid rgba(150&comma;150&comma;150&comma;0.3); border-radius: 8px;' src='https:\/\/ftp3.syscom.mx\/usuarios\/fotos\/501915\/213737-501-915_app9.jpg' alt=''> <\/p>\n<\/p><\/div>\n<\/p><\/div>\n<\/p><\/div>\n","protected":false},"excerpt":{"rendered":"<p>MEDIDOR DE LONGITUD DE CABLE TDR HASTA 914 METROS<\/p>\n","protected":false},"featured_media":104135,"comment_status":"open","ping_status":"closed","template":"","meta":[],"product_brand":[],"product_cat":[130],"product_tag":[25,131,432],"class_list":{"0":"post-104136","1":"product","2":"type-product","3":"status-publish","4":"has-post-thumbnail","6":"product_cat-herramientas-electricas","7":"product_tag-herramientas","8":"product_tag-herramientas-electricas","9":"product_tag-klein-tools","11":"first","12":"outofstock","13":"sale","14":"shipping-taxable","15":"purchasable","16":"product-type-simple"},"_links":{"self":[{"href":"https:\/\/soydeaqui.ddns.net\/pachuca\/index.php\/wp-json\/wp\/v2\/product\/104136","targetHints":{"allow":["GET"]}}],"collection":[{"href":"https:\/\/soydeaqui.ddns.net\/pachuca\/index.php\/wp-json\/wp\/v2\/product"}],"about":[{"href":"https:\/\/soydeaqui.ddns.net\/pachuca\/index.php\/wp-json\/wp\/v2\/types\/product"}],"replies":[{"embeddable":true,"href":"https:\/\/soydeaqui.ddns.net\/pachuca\/index.php\/wp-json\/wp\/v2\/comments?post=104136"}],"wp:featuredmedia":[{"embeddable":true,"href":"https:\/\/soydeaqui.ddns.net\/pachuca\/index.php\/wp-json\/wp\/v2\/media\/104135"}],"wp:attachment":[{"href":"https:\/\/soydeaqui.ddns.net\/pachuca\/index.php\/wp-json\/wp\/v2\/media?parent=104136"}],"wp:term":[{"taxonomy":"product_brand","embeddable":true,"href":"https:\/\/soydeaqui.ddns.net\/pachuca\/index.php\/wp-json\/wp\/v2\/product_brand?post=104136"},{"taxonomy":"product_cat","embeddable":true,"href":"https:\/\/soydeaqui.ddns.net\/pachuca\/index.php\/wp-json\/wp\/v2\/product_cat?post=104136"},{"taxonomy":"product_tag","embeddable":true,"href":"https:\/\/soydeaqui.ddns.net\/pachuca\/index.php\/wp-json\/wp\/v2\/product_tag?post=104136"}],"curies":[{"name":"wp","href":"https:\/\/api.w.org\/{rel}","templated":true}]}}