{"id":104130,"date":"2026-03-20T14:17:31","date_gmt":"2026-03-20T14:17:31","guid":{"rendered":"https:\/\/soydeaqui.ddns.net\/pachuca\/index.php\/producto\/balun-extensor-de-audio-analogo-estereo-rca-a-rj45-distancia-800-metros-2625-pies-cable-cat5-6-conector-100-cobre-proteccin-tvs-calidad-premium\/"},"modified":"2026-03-20T14:17:44","modified_gmt":"2026-03-20T14:17:44","slug":"balun-extensor-de-audio-analogo-estereo-rca-a-rj45-distancia-800-metros-2625-pies-cable-cat5-6-conector-100-cobre-proteccin-tvs-calidad-premium","status":"publish","type":"product","link":"https:\/\/soydeaqui.ddns.net\/pachuca\/index.php\/producto\/balun-extensor-de-audio-analogo-estereo-rca-a-rj45-distancia-800-metros-2625-pies-cable-cat5-6-conector-100-cobre-proteccin-tvs-calidad-premium\/","title":{"rendered":"Balun Extensor de Audio Analogo Estereo RCA a RJ45 \/ Distancia 800 Metros (2625 Pies) \/ Cable CAT5-6 \/ Conector 100% Cobre \/ Protecci?n TVS, Calidad Premium"},"content":{"rendered":"<div style='width: 100%; max-width: 1200px; margin: 0 auto; font-family: sans-serif; line-height: 1.6; color: inherit;'> <!-- Secci\u00f3n de contenido con flex\/grid --> <\/p>\n<div style='display: flex; flex-wrap: wrap; gap: 30px; margin-bottom: 30px;'>\n<div style='flex: 1 1 300px; min-width: 280px;'>\n<h3 style='font-size: 22px; border-bottom: 2px solid currentColor; padding-bottom: 5px; margin-top: 0; color: inherit; opacity: 0.8;'>Kit de transceptores pasivos<\/h3>\n<p style='font-size: 15px; color: inherit;'>El bal\u00fan de audio TT-2001A es un dispositivo pasivo que permite la transmisi\u00f3n de se\u00f1ales de audio en tiempo real a trav\u00e9s de un cable de par trenzado&comma; cuenta con conectores de Cobre que ofrecen mayor conductividad&comma; mejor desempe\u00f1o en altas frecuencias(Audio y largas distancias) y mucho menor atenuaci\u00f3n&comma; algunas de las principales ventajas de este equipo es que cuenta con TVS (supresor de voltaje transitorio) de estado s\u00f3lido incorporado para protecci\u00f3n contra sobretensiones&comma; es antiest\u00e1tico&comma; ofrece protecci\u00f3n contra rayos Grado 3&comma; Inmunidad al ruido y diafon\u00eda de 60 dB. y rechazo excepcional de interferencias.<\/p>\n<\/p><\/div>\n<div style='flex: 1 1 300px; min-width: 280px;'>\n<h3 style='font-size: 22px; border-bottom: 2px solid currentColor; padding-bottom: 5px; margin-top: 0; color: inherit; opacity: 0.8;'>Caracter\u00edsticas Principales<\/h3>\n<ul style='padding-left: 20px; font-size: 15px; color: inherit;'>\n<li style='margin-bottom: 5px;'>Kit de transceptores pasivos con terminales RCA y RJ45.<\/li>\n<li style='margin-bottom: 5px;'>Compatible con equipos de audio&comma; cd player&comma; amplificadores&comma; bocinas pasivas&comma; bocinas activas.<\/li>\n<li style='margin-bottom: 5px;'>Compatibles con amplificadores VSSL&comma; Epcompro audio<\/li>\n<li style='margin-bottom: 5px;'>Transmisi\u00f3n en tiempo real por cable UTP cat 5e\/6 (22AWG a 24AWG).<\/li>\n<li style='margin-bottom: 5px;'>Impedancia 100 \u00b1 20 ohms .<\/li>\n<li style='margin-bottom: 5px;'>Conectores hembra RCA .<\/li>\n<\/ul><\/div>\n<div style='flex: 1 1 300px; min-width: 280px;'>\n<h3 style='font-size: 22px; border-bottom: 2px solid currentColor; padding-bottom: 5px; margin-top: 0; color: inherit; opacity: 0.8;'>Caracter\u00edsticas F\u00edsicas y El\u00e9ctricas<\/h3>\n<ul style='padding-left: 20px; font-size: 15px; color: inherit;'>\n<li style='margin-bottom: 5px;'>No requieren alimentaci\u00f3n<\/li>\n<li style='margin-bottom: 5px;'>Dimensiones 65(L) x 29(W) x 20.4(H) mm<\/li>\n<li style='margin-bottom: 5px;'>Peso : 55 gramos.<\/li>\n<li style='margin-bottom: 5px;'>Temperatura de operaci\u00f3n : -10\u00b0C a 50\u00b0C.<\/li>\n<li style='margin-bottom: 5px;'>Temperatura de almacenamiento : -40\u00b0 ~ 85\u00b0C.<\/li>\n<li style='margin-bottom: 5px;'>Humedad Relativa : 0~95% (sin condensar).<\/li>\n<li style='margin-bottom: 5px;'>Carcasa ABS.<\/li>\n<li style='margin-bottom: 5px;'>Color Negro.<\/li>\n<li style='margin-bottom: 5px;'> por defectos de fabricaci\u00f3n.<\/li>\n<\/ul><\/div>\n<\/p><\/div>\n<p> <!-- Separador --> <\/p>\n<hr style='border: 0; border-top: 1px solid rgba(150&comma; 150&comma; 150&comma; 0.3); margin: 30px 0;'> <!-- Imagen --> <\/p>\n<div style='margin-bottom: 30px;'> <img style='width: 100%; height: auto; border: 1px solid rgba(150&comma;150&comma;150&comma;0.3); border-radius: 8px;' src='http:\/\/ftp3.syscom.mx\/usuarios\/maguilar\/EpcomTitanium\/DISTANCIA-DE-TRANSCEPTORES-ES.jpg' alt=''> <\/div>\n<\/p><\/div>\n","protected":false},"excerpt":{"rendered":"<p>Balun Extensor de Audio Analogo Estereo RCA a RJ45 \/ Distancia 800 Metros (2625 Pies) \/ Cable CAT5-6 \/ Conector 100% Cobre \/ Protecci?n TVS, Calidad Premium<\/p>\n","protected":false},"featured_media":104129,"comment_status":"open","ping_status":"closed","template":"","meta":[],"product_brand":[],"product_cat":[691],"product_tag":[692,488,507],"class_list":{"0":"post-104130","1":"product","2":"type-product","3":"status-publish","4":"has-post-thumbnail","6":"product_cat-audio-y-video-cables-y-conectores","7":"product_tag-audio-y-video","8":"product_tag-cables-y-conectores","9":"product_tag-epcom-titanium","11":"first","12":"instock","13":"sale","14":"shipping-taxable","15":"purchasable","16":"product-type-simple"},"_links":{"self":[{"href":"https:\/\/soydeaqui.ddns.net\/pachuca\/index.php\/wp-json\/wp\/v2\/product\/104130","targetHints":{"allow":["GET"]}}],"collection":[{"href":"https:\/\/soydeaqui.ddns.net\/pachuca\/index.php\/wp-json\/wp\/v2\/product"}],"about":[{"href":"https:\/\/soydeaqui.ddns.net\/pachuca\/index.php\/wp-json\/wp\/v2\/types\/product"}],"replies":[{"embeddable":true,"href":"https:\/\/soydeaqui.ddns.net\/pachuca\/index.php\/wp-json\/wp\/v2\/comments?post=104130"}],"wp:featuredmedia":[{"embeddable":true,"href":"https:\/\/soydeaqui.ddns.net\/pachuca\/index.php\/wp-json\/wp\/v2\/media\/104129"}],"wp:attachment":[{"href":"https:\/\/soydeaqui.ddns.net\/pachuca\/index.php\/wp-json\/wp\/v2\/media?parent=104130"}],"wp:term":[{"taxonomy":"product_brand","embeddable":true,"href":"https:\/\/soydeaqui.ddns.net\/pachuca\/index.php\/wp-json\/wp\/v2\/product_brand?post=104130"},{"taxonomy":"product_cat","embeddable":true,"href":"https:\/\/soydeaqui.ddns.net\/pachuca\/index.php\/wp-json\/wp\/v2\/product_cat?post=104130"},{"taxonomy":"product_tag","embeddable":true,"href":"https:\/\/soydeaqui.ddns.net\/pachuca\/index.php\/wp-json\/wp\/v2\/product_tag?post=104130"}],"curies":[{"name":"wp","href":"https:\/\/api.w.org\/{rel}","templated":true}]}}