{"id":104120,"date":"2026-03-20T14:17:01","date_gmt":"2026-03-20T14:17:01","guid":{"rendered":"https:\/\/soydeaqui.ddns.net\/pachuca\/index.php\/producto\/doble-poder-de-decodificacion-nvr-32-megapixel-8k-16-canales-ip-16-puertos-poe-acusense-anpr-conteo-de-personas-heat-map-4-bahias-de-disco-duro-hdmi-en-8k-soporta-pos-alarmas\/"},"modified":"2026-03-20T14:17:17","modified_gmt":"2026-03-20T14:17:17","slug":"doble-poder-de-decodificacion-nvr-32-megapixel-8k-16-canales-ip-16-puertos-poe-acusense-anpr-conteo-de-personas-heat-map-4-bahias-de-disco-duro-hdmi-en-8k-soporta-pos-alarmas","status":"publish","type":"product","link":"https:\/\/soydeaqui.ddns.net\/pachuca\/index.php\/producto\/doble-poder-de-decodificacion-nvr-32-megapixel-8k-16-canales-ip-16-puertos-poe-acusense-anpr-conteo-de-personas-heat-map-4-bahias-de-disco-duro-hdmi-en-8k-soporta-pos-alarmas\/","title":{"rendered":"[Doble Poder de Decodificaci\u00f3n] NVR 32 Megapixel (8K) \/ 16 Canales IP \/ 16 Puertos PoE+ \/ AcuSense \/ ANPR \/ Conteo de Personas \/ Heat Map \/ 4 Bah\u00edas de Disco Duro  \/ HDMI en 8K \/ Soporta POS \/ Alarmas I\/O \/ Smart  Search"},"content":{"rendered":"<div style='width: 100%; max-width: 1200px; margin: 0 auto; font-family: sans-serif; line-height: 1.6; color: inherit; background-color: transparent;'> <!-- Banner inicial --> <\/p>\n<div style='text-align: center; margin: 30px 0;'> <img style='width: 100%; max-width: 600px; height: auto; border: 1px solid rgba(150&comma;150&comma;150&comma;0.3); border-radius: 8px;' src='https:\/\/ftp3.syscom.mx\/usuarios\/jsosa\/HIKVISION\/imagenes\/logo\/hikvision%20see%20far.png' alt='Logo Hikvision'> <\/div>\n<p> <!-- Videos --> <\/p>\n<div style='display: flex; flex-wrap: wrap; gap: 30px; margin: 40px 0;'>\n<div style='flex: 1 1 500px; min-width: 300px;'>\n<h3 style='font-size: 20px; border-bottom: 2px solid currentColor; padding-bottom: 5px; margin-top: 0; color: inherit; opacity: 0.8; text-align: center;'>Smart Search + Acusense<\/h3>\n<div style='position: relative; padding-bottom: 56.25%; height: 0; overflow: hidden; margin-bottom: 30px;'>   <\/div>\n<\/p><\/div>\n<div style='flex: 1 1 500px; min-width: 300px;'>\n<h3 style='font-size: 20px; border-bottom: 2px solid currentColor; padding-bottom: 5px; margin-top: 0; color: inherit; opacity: 0.8; text-align: center;'>Enlace de audio y video para una respuesta instant\u00e1nea!<\/h3>\n<div style='position: relative; padding-bottom: 56.25%; height: 0; overflow: hidden; margin-bottom: 30px;'>   <\/div>\n<\/p><\/div>\n<\/p><\/div>\n<p> <!-- Secci\u00f3n principal de caracter\u00edsticas --> <\/p>\n<div style='display: flex; flex-wrap: wrap; gap: 30px; margin-bottom: 40px;'> <!-- Columna izquierda --> <\/p>\n<div style='flex: 1 1 500px; min-width: 300px;'> <!-- Caracter\u00edsticas Principales --> <\/p>\n<div style='border: 1px solid rgba(150&comma; 150&comma; 150&comma; 0.4); border-radius: 8px; overflow: hidden; margin-bottom: 20px;'>\n<div style='padding: 15px; background: #df001e; border-bottom: 1px solid #a80000; font-weight: bold; font-size: 18px; color: white;'>Caracter\u00edsticas Principales:<\/div>\n<div style='padding: 15px; color: inherit;'>\n<ul style='padding-left: 20px; margin: 0; font-size: 14px; list-style-type: disc;'>\n<li style='margin-bottom: 5px;'>Compresi\u00f3n de video: H.265+ \/ H.265 \/ H.264+ \/ H.264<\/li>\n<li style='margin-bottom: 5px;'>16 Puertos PoE (soporta est\u00e1ndar af \/ at)<\/li>\n<li style='margin-bottom: 5px;'>200 watts total en sus puertos PoE+<\/li>\n<li style='margin-bottom: 5px;'>Soporta mouse USB para operar (incluido)<\/li>\n<li style='margin-bottom: 5px;'>Soporta 4 HDD&#8217;s de hasta 16 TB (no incluido)<\/li>\n<li style='margin-bottom: 5px;'>Soporta DDNS (Hik-Connect&comma; DynDNS&comma; No-IP&comma; etc)<\/li>\n<li style='margin-bottom: 5px;'>Soporta Hik-Connect (P2P) <a style='color: #0d6efd; text-decoration: none;' href='https:\/\/appstore.hikvision.com\/' target='_blank' rel='noopener'>https:\/\/appstore.hikvision.com\/<\/a><\/li>\n<li style='margin-bottom: 5px;'>Acceso remoto v\u00eda tel\u00e9fono: Android&comma; iPhone&comma; iPad (Hik-Connect)<\/li>\n<li style='margin-bottom: 5px;'>Software cliente IVMS-4200 (gratuito)<\/li>\n<\/ul><\/div>\n<\/p><\/div>\n<p> <!-- Interfaces Entradas y Salidas --> <\/p>\n<div style='border: 1px solid rgba(150&comma; 150&comma; 150&comma; 0.4); border-radius: 8px; overflow: hidden; margin-bottom: 20px;'>\n<div style='padding: 15px; background: #df001e; border-bottom: 1px solid #a80000; font-weight: bold; font-size: 18px; color: white;'>Interfaces Entradas y Salidas:<\/div>\n<div style='padding: 15px; color: inherit;'>\n<ul style='padding-left: 20px; margin: 0; font-size: 14px; list-style-type: disc;'>\n<li style='margin-bottom: 5px;'><strong>Salida simult\u00e1nea HDMI 1 y VGA<\/strong><\/li>\n<li style='margin-bottom: 5px;'><strong>Salida independiente HDMI 2 y VGA<\/strong><\/li>\n<li style='margin-bottom: 5px;'>Resoluci\u00f3n HDMI 1: 8K \/ 4K \/ 1080p \/ 720p<\/li>\n<li style='margin-bottom: 5px;'>Resoluci\u00f3n HDMI 2: 4K \/ 1080p \/ 720p<\/li>\n<li style='margin-bottom: 5px;'>Resoluci\u00f3n VGA: 1080p \/ 720p<\/li>\n<li style='margin-bottom: 5px;'>Entrada de Audio: 1<\/li>\n<li style='margin-bottom: 5px;'>Salida de Audio: 1<\/li>\n<li style='margin-bottom: 5px;'>Entrada de Alarma: 16<\/li>\n<li style='margin-bottom: 5px;'>Salida de Alarma: 9<\/li>\n<li style='margin-bottom: 5px;'>Soporta audio bidireccional (audio de dos v\u00edas)<\/li>\n<\/ul><\/div>\n<\/p><\/div>\n<p> <!-- Capacidad de procesamiento y funciones de red --> <\/p>\n<div style='border: 1px solid rgba(150&comma; 150&comma; 150&comma; 0.4); border-radius: 8px; overflow: hidden; margin-bottom: 20px;'>\n<div style='padding: 15px; background: #df001e; border-bottom: 1px solid #a80000; font-weight: bold; font-size: 18px; color: white;'>Capacidad de procesamiento y funciones de red:<\/div>\n<div style='padding: 15px; color: inherit;'>\n<ul style='padding-left: 20px; margin: 0; font-size: 14px; list-style-type: disc;'>\n<li style='margin-bottom: 5px;'>Detecci\u00f3n de movimiento multizona<\/li>\n<li style='margin-bottom: 5px;'>Zoom digital en visualizaci\u00f3n y grabaci\u00f3n<\/li>\n<li style='margin-bottom: 5px;'>Dual stream (main stream y sub stream)<\/li>\n<li style='margin-bottom: 5px;'>Soporta avance r\u00e1pido&comma; lento&comma; cuadro a cuadro&comma; etc.<\/li>\n<li style='margin-bottom: 5px;'>Soporta tecnolog\u00eda de discos duros S.M.A.R.T.<\/li>\n<li style='margin-bottom: 5px;'>Soporta m\u00faltiples tipos de grabaci\u00f3n&comma; incluyendo tiempo real&comma; grabaci\u00f3n manual&comma; videosensor&comma; videosensor y alarma&comma; videosensor o alarma<\/li>\n<li style='margin-bottom: 5px;'>Soporta grabaci\u00f3n c\u00edclica (sobreescritura) y no c\u00edclica<\/li>\n<\/ul><\/div>\n<\/p><\/div>\n<\/p><\/div>\n<p> <!-- Columna derecha --> <\/p>\n<div style='flex: 1 1 500px; min-width: 300px;'> <!-- Caracter\u00edsticas F\u00edsicas y El\u00e9ctricas --> <\/p>\n<div style='border: 1px solid rgba(150&comma; 150&comma; 150&comma; 0.4); border-radius: 8px; overflow: hidden; margin-bottom: 20px;'>\n<div style='padding: 15px; background: #df001e; border-bottom: 1px solid #a80000; font-weight: bold; font-size: 18px; color: white;'>Caracter\u00edsticas F\u00edsicas y El\u00e9ctricas:<\/div>\n<div style='padding: 15px; color: inherit;'>\n<ul style='padding-left: 20px; margin: 0; font-size: 14px; list-style-type: disc;'>\n<li style='margin-bottom: 5px;'>Dimensiones: 445 x 400 x 75 mm<\/li>\n<li style='margin-bottom: 5px;'>Alimentaci\u00f3n: 100 a 240 Vca \/ 15 W<\/li>\n<li style='margin-bottom: 5px;'>Temperatura de operaci\u00f3n: -10\u00b0C a 55\u00b0C<\/li>\n<li style='margin-bottom: 5px;'>Peso: 5 Kg sin HDD<\/li>\n<\/ul><\/div>\n<\/p><\/div>\n<p> <!-- Funci\u00f3n de Grabaci\u00f3n y Visualizaci\u00f3n --> <\/p>\n<div style='border: 1px solid rgba(150&comma; 150&comma; 150&comma; 0.4); border-radius: 8px; overflow: hidden; margin-bottom: 20px;'>\n<div style='padding: 15px; background: #df001e; border-bottom: 1px solid #a80000; font-weight: bold; font-size: 18px; color: white;'>Funci\u00f3n de Grabaci\u00f3n y Visualizaci\u00f3n:<\/div>\n<div style='padding: 15px; color: inherit;'>\n<ul style='padding-left: 20px; margin: 0; font-size: 14px; list-style-type: disc;'>\n<li style='margin-bottom: 5px;'>Detecci\u00f3n de movimiento multizona<\/li>\n<li style='margin-bottom: 5px;'>Zoom digital en visualizaci\u00f3n y grabaci\u00f3n<\/li>\n<li style='margin-bottom: 5px;'>Dual stream (main stream y sub stream)<\/li>\n<li style='margin-bottom: 5px;'>Soporta avance r\u00e1pido&comma; lento&comma; cuadro a cuadro&comma; etc.<\/li>\n<li style='margin-bottom: 5px;'>Soporta tecnolog\u00eda de discos duros S.M.A.R.T.<\/li>\n<li style='margin-bottom: 5px;'>Soporta m\u00faltiples tipos de grabaci\u00f3n&comma; incluyendo tiempo real&comma; grabaci\u00f3n manual&comma; videosensor&comma; videosensor y alarma&comma; videosensor o alarma<\/li>\n<li style='margin-bottom: 5px;'>Soporta grabaci\u00f3n c\u00edclica (sobreescritura) y no c\u00edclica<\/li>\n<\/ul><\/div>\n<\/p><\/div>\n<p> <!-- Resoluci\u00f3n de Grabaci\u00f3n por Canal --> <\/p>\n<div style='border: 1px solid rgba(150&comma; 150&comma; 150&comma; 0.4); border-radius: 8px; overflow: hidden; margin-bottom: 20px;'>\n<div style='padding: 15px; background: #df001e; border-bottom: 1px solid #a80000; font-weight: bold; font-size: 18px; color: white;'>Resoluci\u00f3n de Grabaci\u00f3n por Canal (recomendado con H.265):<\/div>\n<div style='padding: 15px; color: inherit;'>\n<ul style='padding-left: 20px; margin: 0; font-size: 14px; list-style-type: disc;'>\n<li style='margin-bottom: 5px;'>Throughput entrada: 256 Mbps<\/li>\n<li style='margin-bottom: 5px;'>Throughput salida: 256 Mbps<\/li>\n<li style='margin-bottom: 5px;'>1 puerto red RJ-45: 10 \/ 100 \/ 1000 Mbps (LAN)<\/li>\n<li style='margin-bottom: 5px;'>Configuraci\u00f3n local y remota de par\u00e1metros<\/li>\n<li style='margin-bottom: 5px;'>Descarga y reproducci\u00f3n por red de los archivos grabados en la NVR<\/li>\n<\/ul><\/div>\n<\/p><\/div>\n<\/p><\/div>\n<\/p><\/div>\n<p> <!-- Caracter\u00edsticas destacadas --> <\/p>\n<div style='border: 1px solid rgba(150&comma; 150&comma; 150&comma; 0.4); border-radius: 8px; overflow: hidden; margin: 40px 0; padding: 20px;'>\n<h3 style='margin-top: 0; margin-bottom: 20px; font-size: 20px; color: inherit; opacity: 0.8;'>Caracter\u00edsticas destacadas:<\/h3>\n<p> <!-- ACUSENSE --> <\/p>\n<div style='margin-bottom: 20px;'>\n<h4 style='margin-top: 0; margin-bottom: 10px; font-size: 18px; color: inherit;'><strong>ACUSENSE (Filtro de Falsas Alarmas)<\/strong><\/h4>\n<ul style='padding-left: 20px; margin: 0; font-size: 14px; list-style-type: disc;'>\n<li style='margin-bottom: 5px;'>Con tecnolog\u00eda ACUSENSE podemos evitar falsas alarmas como movimiento de \u00e1rboles&comma; animales&comma; etc.<\/li>\n<li style='margin-bottom: 5px;'>Al activar la tecnolog\u00eda ACUSENSE solo detecta cuerpo humano y veh\u00edculos para detectar realmente eventos importantes y as\u00ed eliminar falsas alarmas.<\/li>\n<li style='margin-bottom: 5px;'>Soporta hasta 16 canales con ACUSENSE utilizando c\u00e1maras: DS-2CD2XX7G2 \/ DS-2CD2XX3G2 \/ IDS-2CD7 \/ DS-2CD3XXG2 \/ DS-2CD3XX7G2 (que soporte ACUSENSE)<\/li>\n<li style='margin-bottom: 5px;'>Soporta hasta 16 canales con la tecnolog\u00eda ACUSENSE Lite (humano y veh\u00edculo pero con detecci\u00f3n de movimiento&comma; no anal\u00edticos) usando c\u00e1maras DS-2CD1XX3G2 y DS-2CD1XX3G7G2 (que soporte ACUSENSE Lite)<\/li>\n<\/ul><\/div>\n<p> <!-- Soporta POS --> <\/p>\n<div style='margin-bottom: 20px;'>\n<h4 style='margin-top: 0; margin-bottom: 10px; font-size: 18px; color: inherit;'><strong>Soporta POS (Punto de Venta)<\/strong><\/h4>\n<ul style='padding-left: 20px; margin: 0; font-size: 14px; list-style-type: disc;'>\n<li style='margin-bottom: 5px;'>Soporta 8 canales con la integraci\u00f3n POS. El sistema de POS a integrar se recomienda que soporte dos impresiones&comma; una fisica (ticket de la compra) y una digital (para mandar el texto al NVR)<\/li>\n<\/ul><\/div>\n<p> <!-- Heat Map --> <\/p>\n<div style='margin-bottom: 20px;'>\n<h4 style='margin-top: 0; margin-bottom: 10px; font-size: 18px; color: inherit;'><strong>Heat Map (Mapa de Calor)<\/strong><\/h4>\n<ul style='padding-left: 20px; margin: 0; font-size: 14px; list-style-type: disc;'>\n<li style='margin-bottom: 5px;'>Usando c\u00e1maras fisheye o domos IP que soporten la anal\u00edtica de calor para poder realizar an\u00e1lisis del movimiento seg\u00fan el escenario por medio de pixeles (paleta de colores)&comma; eso nos permite tomar una decisi\u00f3n de los movimientos mas frecuentes seg\u00fan el escenario.<\/li>\n<\/ul><\/div>\n<p> <!-- People Counting --> <\/p>\n<div style='margin-bottom: 20px;'>\n<h4 style='margin-top: 0; margin-bottom: 10px; font-size: 18px; color: inherit;'><strong>People Counting (Conteo de Personas)<\/strong><\/h4>\n<ul style='padding-left: 20px; margin: 0; font-size: 14px; list-style-type: disc;'>\n<li style='margin-bottom: 5px;'>Usando c\u00e1maras IP con anal\u00edtica de conteo de personas podemos realizar un conteo de personas por medio de la captura facial.<\/li>\n<\/ul><\/div>\n<p> <!-- ANPR --> <\/p>\n<div style='margin-bottom: 0;'>\n<h4 style='margin-top: 0; margin-bottom: 10px; font-size: 18px; color: inherit;'><strong>ANPR (Lectura de Placas)<\/strong><\/h4>\n<ul style='padding-left: 20px; margin: 0; font-size: 14px; list-style-type: disc;'>\n<li style='margin-bottom: 5px;'>Usando c\u00e1maras con anal\u00edtica de ANPR podemos tener lectura de placas (base de datos) y podemos tener tambien diferentes caracteristicas del autom\u00f3vil como tipo del veh\u00edculo&comma; color&comma; tama\u00f1o&comma; etc.<\/li>\n<\/ul><\/div>\n<\/p><\/div>\n<p> <!-- Videos adicionales --> <\/p>\n<div style='display: flex; flex-wrap: wrap; gap: 30px; margin: 40px 0;'>\n<div style='flex: 1 1 500px; min-width: 300px;'>\n<h3 style='font-size: 20px; border-bottom: 2px solid currentColor; padding-bottom: 5px; margin-top: 0; color: inherit; opacity: 0.8; text-align: center;'>Gesti\u00f3n de entradas y salidas<\/h3>\n<div style='position: relative; padding-bottom: 56.25%; height: 0; overflow: hidden; margin-bottom: 30px;'>   <\/div>\n<\/p><\/div>\n<div style='flex: 1 1 500px; min-width: 300px;'>\n<h3 style='font-size: 20px; border-bottom: 2px solid currentColor; padding-bottom: 5px; margin-top: 0; color: inherit; opacity: 0.8; text-align: center;'>Configuraci\u00f3n de eventos<\/h3>\n<div style='position: relative; padding-bottom: 56.25%; height: 0; overflow: hidden; margin-bottom: 30px;'>   <\/div>\n<\/p><\/div>\n<\/p><\/div>\n<p> <!-- Banner final --> <\/p>\n<div style='text-align: center; margin: 40px 0;'> <img style='width: 100%; max-width: 1200px; height: auto; border: 1px solid rgba(150&comma;150&comma;150&comma;0.3); border-radius: 8px;' src='https:\/\/ftp3.syscom.mx\/usuarios\/jsosa\/HIKVISION\/imagenes\/banners\/solution%20complete.png' alt='Banner Hikvision'> <\/div>\n<\/p><\/div>\n","protected":false},"excerpt":{"rendered":"<p>[Doble Poder de Decodificaci\u00f3n] NVR 32 Megapixel (8K) \/ 16 Canales IP \/ 16 Puertos PoE+ \/ AcuSense \/ ANPR \/ Conteo de Personas \/ Heat Map \/ 4 Bah\u00edas de Disco Duro  \/ HDMI en 8K \/ Soporta POS \/ Alarmas I\/O \/ Smart  Search<\/p>\n","protected":false},"featured_media":104119,"comment_status":"open","ping_status":"closed","template":"","meta":[],"product_brand":[],"product_cat":[2234],"product_tag":[122,54,2235],"class_list":{"0":"post-104120","1":"product","2":"type-product","3":"status-publish","4":"has-post-thumbnail","6":"product_cat-nvrs-network-video-recorders","7":"product_tag-camaras-ip-y-nvrs","8":"product_tag-hikvision","9":"product_tag-nvrs-network-video-recorders","11":"first","12":"outofstock","13":"sale","14":"shipping-taxable","15":"purchasable","16":"product-type-simple"},"_links":{"self":[{"href":"https:\/\/soydeaqui.ddns.net\/pachuca\/index.php\/wp-json\/wp\/v2\/product\/104120","targetHints":{"allow":["GET"]}}],"collection":[{"href":"https:\/\/soydeaqui.ddns.net\/pachuca\/index.php\/wp-json\/wp\/v2\/product"}],"about":[{"href":"https:\/\/soydeaqui.ddns.net\/pachuca\/index.php\/wp-json\/wp\/v2\/types\/product"}],"replies":[{"embeddable":true,"href":"https:\/\/soydeaqui.ddns.net\/pachuca\/index.php\/wp-json\/wp\/v2\/comments?post=104120"}],"wp:featuredmedia":[{"embeddable":true,"href":"https:\/\/soydeaqui.ddns.net\/pachuca\/index.php\/wp-json\/wp\/v2\/media\/104119"}],"wp:attachment":[{"href":"https:\/\/soydeaqui.ddns.net\/pachuca\/index.php\/wp-json\/wp\/v2\/media?parent=104120"}],"wp:term":[{"taxonomy":"product_brand","embeddable":true,"href":"https:\/\/soydeaqui.ddns.net\/pachuca\/index.php\/wp-json\/wp\/v2\/product_brand?post=104120"},{"taxonomy":"product_cat","embeddable":true,"href":"https:\/\/soydeaqui.ddns.net\/pachuca\/index.php\/wp-json\/wp\/v2\/product_cat?post=104120"},{"taxonomy":"product_tag","embeddable":true,"href":"https:\/\/soydeaqui.ddns.net\/pachuca\/index.php\/wp-json\/wp\/v2\/product_tag?post=104120"}],"curies":[{"name":"wp","href":"https:\/\/api.w.org\/{rel}","templated":true}]}}