{"id":104096,"date":"2026-03-20T14:15:49","date_gmt":"2026-03-20T14:15:49","guid":{"rendered":"https:\/\/soydeaqui.ddns.net\/pachuca\/index.php\/producto\/ia-fisheye-ip-12-megapixel-wdr-120db-deteccion-de-personas-con-ia-nema-4x-ip66-ik10\/"},"modified":"2026-03-20T14:16:00","modified_gmt":"2026-03-20T14:16:00","slug":"ia-fisheye-ip-12-megapixel-wdr-120db-deteccion-de-personas-con-ia-nema-4x-ip66-ik10","status":"publish","type":"product","link":"https:\/\/soydeaqui.ddns.net\/pachuca\/index.php\/producto\/ia-fisheye-ip-12-megapixel-wdr-120db-deteccion-de-personas-con-ia-nema-4x-ip66-ik10\/","title":{"rendered":"IA Fisheye IP 12 Megapixel \/ WDR 120dB \/ Deteccion de personas con IA \/ NEMA 4X \/ IP66 \/ IK10"},"content":{"rendered":"<div style='width: 100%; max-width: 1200px; margin: 0 auto; font-family: sans-serif; line-height: 1.6; color: inherit; background-color: transparent;'>\n<p style='text-align: center; margin: 0;'><a href='https:\/\/syscom.mx\/principal\/consultarproductosazul?global_search=htasx&#038;ordenar=Relevancia&#038;pag=1' target='_blank' rel='noopener'><img style='width: 100%; max-width: 483px; height: auto; border: 1px solid rgba(150&comma;150&comma;150&comma;0.3); border-radius: 8px;' src='https:\/\/ftp3.syscom.mx\/usuarios\/gmagos\/Hanwha\/fotos\/wisenet-X%5B1%5D%201.png' alt=''><\/a><\/p>\n<p> <!-- Secci\u00f3n de contenido con flex\/grid --> <\/p>\n<div style='display: flex; flex-wrap: wrap; gap: 30px; margin: 30px 0;'>\n<div style='flex: 1 1 300px; min-width: 280px;'>\n<h3 style='font-size: 22px; border-bottom: 2px solid currentColor; padding-bottom: 5px; margin-top: 0; color: inherit; opacity: 0.8;'>H.265 + WiseStream II<\/h3>\n<p style='font-size: 15px; color: inherit; text-align: justify;'>Mediante WiseStream II&comma; la tecnolog\u00eda de compresi\u00f3n de v\u00eddeo de Hanwha Techwin&comma; la serie Wisenet X <span style='color: #f37934;'>reduce el almacenamiento de datos hasta un <strong>99%<\/strong><\/span> en comparaci\u00f3n con la actual tecnolog\u00eda H.264&comma; cuando se combina con la compresi\u00f3n H.265. Los costes del sistema se reducen enormemente sin comprometer la calidad de las im\u00e1genes.<\/p>\n<p> <img style='width: 100%; height: auto; border: 1px solid rgba(150&comma;150&comma;150&comma;0.3); border-radius: 8px;' src='https:\/\/ftp3.syscom.mx\/usuarios\/imendez\/Hanwha\/Serie%20X\/GIF\/WiseStream.gif' alt=''> <\/div>\n<div style='flex: 1 1 300px; min-width: 280px;'>\n<h3 style='font-size: 22px; border-bottom: 2px solid currentColor; padding-bottom: 5px; margin-top: 0; color: inherit; opacity: 0.8;'>WDR 120 dB<\/h3>\n<p style='font-size: 15px; color: inherit; text-align: justify;'>Una imagen de amplio rango din\u00e1mico se forma combinando 2 capturas con distintas exposiciones. La serie Wisenet X con un amplio rango din\u00e1mico de <span style='color: #f37934;'>120 dB<\/span> utiliza 4 capturas para crear im\u00e1genes m\u00e1s naturales. Las zonas borrosas son un punto d\u00e9bil cr\u00edtico asociado al amplio rango din\u00e1mico&comma; pero esta nueva tecnolog\u00eda elimina todo tipo de movimientos&comma; proporcionando im\u00e1genes vistosas y claras.<\/p>\n<p style='font-size: 15px; color: inherit; text-align: justify;'>* Las c\u00e1maras de la serie Wisenet X Fisheye de 5MP y 12MP tienen 120dB.<\/p>\n<p> <img style='width: 100%; height: auto; border: 1px solid rgba(150&comma;150&comma;150&comma;0.3); border-radius: 8px;' src='https:\/\/ftp3.syscom.mx\/usuarios\/imendez\/Hanwha\/Serie%20X\/GIF\/WDR%20150dB%20GIF.gif' alt=''> <\/div>\n<div style='flex: 1 1 300px; min-width: 280px;'>\n<h3 style='font-size: 22px; border-bottom: 2px solid currentColor; padding-bottom: 5px; margin-top: 0; color: inherit; opacity: 0.8;'>Iluminaci\u00f3n a Color<\/h3>\n<p style='font-size: 15px; color: inherit; text-align: justify;'>Con el potente nuevo chipset de la serie Wisenet X y la asombrosa tecnolog\u00eda de lentes de Hanwha Techwin&comma; se pueden supervisar im\u00e1genes en entornos de poca luz&comma; incluso en color sin utilizar LED IR. Ahora se pueden capturar im\u00e1genes vistosas con independencia de la zona y de la hora del d\u00eda.<\/p>\n<p> <img style='width: 100%; height: auto; border: 1px solid rgba(150&comma;150&comma;150&comma;0.3); border-radius: 8px;' src='https:\/\/ftp3.syscom.mx\/usuarios\/imendez\/Hanwha\/Serie%20X\/GIF\/Luz%20GIF.gif' alt=''> <\/div>\n<\/p><\/div>\n<p> <!-- Secci\u00f3n de cards con especificaciones --> <\/p>\n<div style='display: flex; flex-wrap: wrap; gap: 20px; margin: 30px 0 60px;'>\n<div style='flex: 1 1 300px; border: 1px solid rgba(150&comma; 150&comma; 150&comma; 0.4); border-radius: 8px; overflow: hidden; display: flex; flex-direction: column;'>\n<div style='padding: 15px; border-bottom: 1px solid rgba(150&comma; 150&comma; 150&comma; 0.2); font-weight: bold; font-size: 18px; color: inherit;'>Video<\/div>\n<div style='padding: 15px; color: inherit;'>\n<ul style='padding-left: 20px; margin: 0; font-size: 14px; list-style-type: disc;'>\n<li style='margin-bottom: 5px;'><strong>Compresi\u00f3n:<\/strong> H.265 &#038; WiseStream II <span style='color: #f37934;'>hasta 99%<\/span> de compresi\u00f3n \/ H.264 \/ High Profile \/ MJPEG<\/li>\n<li style='margin-bottom: 5px;'><strong>Resoluci\u00f3n m\u00e1xima:<\/strong> <span style='color: #f37934;'>12MP (9MP Visualizacion Fisheye)<\/span><\/li>\n<li style='margin-bottom: 5px;'><strong>Dual Stream \/ Dual Codec Simult\u00e1neos<\/strong> con configuraciones diferentes<\/li>\n<li style='margin-bottom: 5px;'><strong>Lente:<\/strong> 1.08 mm<\/li>\n<li style='margin-bottom: 5px;'><strong>Compensaci\u00f3n de luz:<\/strong> WDR 120dB&comma; BLC&comma; HLC<\/li>\n<li style='margin-bottom: 5px;'><strong>WiseIR:<\/strong> hasta 13m<\/li>\n<\/ul><\/div>\n<\/p><\/div>\n<div style='flex: 1 1 300px; border: 1px solid rgba(150&comma; 150&comma; 150&comma; 0.4); border-radius: 8px; overflow: hidden; display: flex; flex-direction: column;'>\n<div style='padding: 15px; border-bottom: 1px solid rgba(150&comma; 150&comma; 150&comma; 0.2); font-weight: bold; font-size: 18px; color: inherit;'>Interfaces<\/div>\n<div style='padding: 15px; color: inherit;'>\n<ul style='padding-left: 20px; margin: 0; font-size: 14px; list-style-type: disc;'>\n<li style='margin-bottom: 5px;'><strong>Puerto Ethernet<\/strong> RJ45 10\/100 Base-T<\/li>\n<li style='margin-bottom: 5px;'><strong>Entrada \/ Salida Audio<\/strong><\/li>\n<li style='margin-bottom: 5px;'><strong>Micr\u00f3fono interconstruido<\/strong><\/li>\n<li style='margin-bottom: 5px;'><strong>Entrada \/ Salida Alarma<\/strong><\/li>\n<li style='margin-bottom: 5px;'><strong>2 Slots para tarjetas SD<\/strong> de hasta 512G (Maxima capacidad 1TB)<\/li>\n<\/ul><\/div>\n<\/p><\/div>\n<div style='flex: 1 1 300px; border: 1px solid rgba(150&comma; 150&comma; 150&comma; 0.4); border-radius: 8px; overflow: hidden; display: flex; flex-direction: column;'>\n<div style='padding: 15px; border-bottom: 1px solid rgba(150&comma; 150&comma; 150&comma; 0.2); font-weight: bold; font-size: 18px; color: inherit;'>Caracter\u00edsticas F\u00edsicas y El\u00e9ctricas<\/div>\n<div style='padding: 15px; color: inherit;'>\n<ul style='padding-left: 20px; margin: 0; font-size: 14px; list-style-type: disc;'>\n<li style='margin-bottom: 5px;'><strong>Protecci\u00f3n:<\/strong> IP66&comma; IK10&comma; NEMA 4X<\/li>\n<li style='margin-bottom: 5px;'><strong>Temperatura de Operaci\u00f3n:<\/strong> -40\u00b0C ~ +60\u00b0C<\/li>\n<li style='margin-bottom: 5px;'><strong>Alimentaci\u00f3n:<\/strong> 12V CD \/ POE (802.3af) \/ Max. 12.9 W<\/li>\n<li style='margin-bottom: 5px;'><strong>Dimensiones:<\/strong> \u00d8 160 x 72mm<\/li>\n<li style='margin-bottom: 5px;'><strong>Peso:<\/strong> 1&comma;170g<\/li>\n<\/ul><\/div>\n<\/p><\/div>\n<div style='flex: 1 1 300px; border: 1px solid rgba(150&comma; 150&comma; 150&comma; 0.4); border-radius: 8px; overflow: hidden; display: flex; flex-direction: column;'>\n<div style='padding: 15px; border-bottom: 1px solid rgba(150&comma; 150&comma; 150&comma; 0.2); font-weight: bold; font-size: 18px; color: inherit;'>Anal\u00edticos Avanzados<\/div>\n<div style='padding: 15px; color: inherit;'>\n<ul style='padding-left: 20px; margin: 0; font-size: 14px; list-style-type: disc;'>\n<li style='margin-bottom: 5px;'>Detecci\u00f3n de objetos (humanos y vehiculos)<\/li>\n<li style='margin-bottom: 5px;'>Conteo de Personas<\/li>\n<li style='margin-bottom: 5px;'>Manipulaci\u00f3n<\/li>\n<li style='margin-bottom: 5px;'>Merodeo<\/li>\n<li style='margin-bottom: 5px;'>Detecci\u00f3n de direcci\u00f3n<\/li>\n<li style='margin-bottom: 5px;'>Detecci\u00f3n de niebla<\/li>\n<li style='margin-bottom: 5px;'><strong>Cruce de l\u00ednea<\/strong><\/li>\n<li style='margin-bottom: 5px;'>Entrada \/ Salida<\/li>\n<li style='margin-bottom: 5px;'>Aparici\u00f3n \/ Desaparici\u00f3n<\/li>\n<li style='margin-bottom: 5px;'>Detecci\u00f3n de Audio<\/li>\n<li style='margin-bottom: 5px;'><strong>Detecci\u00f3n de Rostros<\/strong><\/li>\n<li style='margin-bottom: 5px;'>Detecci\u00f3n de Movimiento<\/li>\n<li style='margin-bottom: 5px;'><strong>Clasificaci\u00f3n de Sonido<\/strong><\/li>\n<li style='margin-bottom: 5px;'><strong>Detecci\u00f3n de Audio<\/strong><\/li>\n<\/ul>\n<p style='margin-top: 15px; font-size: 14px;'><strong>Para m\u00e1s informaci\u00f3n sobre caracter\u00edsticas t\u00e9cnicas&comma; ingrese <a style='color: inherit; text-decoration: underline;' href='https:\/\/ftp3.syscom.mx\/usuarios\/ftp\/2017\/03\/24\/c3952\/XNV-6080R_datasheet_170223.pdf' target='_blank' rel='noopener noreferrer'>aqu\u00ed<\/a>.<\/strong><\/p>\n<\/p><\/div>\n<\/p><\/div>\n<div style='flex: 1 1 300px; border: 1px solid rgba(150&comma; 150&comma; 150&comma; 0.4); border-radius: 8px; overflow: hidden; display: flex; flex-direction: column;'>\n<div style='padding: 15px; border-bottom: 1px solid rgba(150&comma; 150&comma; 150&comma; 0.2); font-weight: bold; font-size: 18px; color: inherit;'>Accesorios compatibles<\/div>\n<div style='padding: 15px; color: inherit;'>\n<ul style='padding-left: 20px; margin: 0; font-size: 14px; list-style-type: disc;'>\n<li style='margin-bottom: 5px;'><strong>Plato adaptador para instalaci\u00f3n en techo o en pared:<\/strong> <a style='color: inherit; text-decoration: underline;' href='https:\/\/www.syscom.mx\/producto\/SBP-160HMW1-Hanwha-Techwin-Wisenet-226666.html' target='_blank' rel='noopener'>SBP-160HMW1<\/a><\/li>\n<li style='margin-bottom: 5px;'><strong>Montaje de pared compatible:<\/strong> <a style='color: inherit; text-decoration: underline;' href='https:\/\/www.syscom.mx\/producto\/SBP-300WMW1-Hanwha-Techwin-Wisenet-164078.html' target='_blank' rel='noopener'>SBP-300WMW1<\/a> <a style='color: inherit; text-decoration: underline;' href='https:\/\/www.syscom.mx\/producto\/SBP-160HMW1-Hanwha-Techwin-Wisenet-226666.html' target='_blank' rel='noopener'>(requiere plato adaptador)<\/a><\/li>\n<li style='margin-bottom: 5px;'><strong>Montaje de techo compatible:<\/strong> <a style='color: inherit; text-decoration: underline;' href='https:\/\/www.syscom.mx\/producto\/SBP-300CM-Hanwha-Techwin-Wisenet-36715.html' target='_blank' rel='noopener'>SBP-300CM<\/a> <a style='color: inherit; text-decoration: underline;' href='https:\/\/www.syscom.mx\/producto\/SBP-160HMW1-Hanwha-Techwin-Wisenet-226666.html' target='_blank' rel='noopener'>(requiere plato adaptador)<\/a><\/li>\n<\/ul><\/div>\n<\/p><\/div>\n<div style='flex: 1 1 300px; border: 1px solid rgba(150&comma; 150&comma; 150&comma; 0.4); border-radius: 8px; overflow: hidden; display: flex; flex-direction: column;'>\n<div style='padding: 15px; border-bottom: 1px solid rgba(150&comma; 150&comma; 150&comma; 0.2); font-weight: bold; font-size: 18px; color: inherit;'>Otras caracter\u00edsticas<\/div>\n<div style='padding: 15px; color: inherit;'>\n<ul style='padding-left: 20px; margin: 0; font-size: 14px; list-style-type: disc;'>\n<li style='margin-bottom: 5px;'><strong>H.265 &#038; WiseStream II<\/strong><\/li>\n<li style='margin-bottom: 5px;'><strong>Anal\u00edticos de Audio<\/strong><\/li>\n<li style='margin-bottom: 5px;'><strong>Estabilizaci\u00f3n de Imagen<\/strong><\/li>\n<li style='margin-bottom: 5px;'><strong>Demostraci\u00f3n WDR 150dB<\/strong><\/li>\n<li style='margin-bottom: 5px;'><strong>Detecci\u00f3n de Rostros<\/strong><\/li>\n<li style='margin-bottom: 5px;'><strong>Funciones de la Fisheye<\/strong><\/li>\n<\/ul><\/div>\n<\/p><\/div>\n<\/p><\/div>\n<p> <!-- Secci\u00f3n de videos --> <\/p>\n<div style='display: flex; flex-wrap: wrap; gap: 30px; margin: 30px 0; justify-content: center;'>\n<div style='flex: 1 1 300px; min-width: 280px;'>\n<div style='position: relative; padding-bottom: 56.25%; height: 0; overflow: hidden; margin-bottom: 30px;'>   <\/div>\n<\/p><\/div>\n<div style='flex: 1 1 300px; min-width: 280px;'>\n<div style='position: relative; padding-bottom: 56.25%; height: 0; overflow: hidden; margin-bottom: 30px;'>   <\/div>\n<\/p><\/div>\n<div style='flex: 1 1 300px; min-width: 280px;'>\n<div style='position: relative; padding-bottom: 56.25%; height: 0; overflow: hidden; margin-bottom: 30px;'>   <\/div>\n<\/p><\/div>\n<div style='flex: 1 1 300px; min-width: 280px;'>\n<div style='position: relative; padding-bottom: 56.25%; height: 0; overflow: hidden; margin-bottom: 30px;'>   <\/div>\n<\/p><\/div>\n<div style='flex: 1 1 300px; min-width: 280px;'>\n<div style='position: relative; padding-bottom: 56.25%; height: 0; overflow: hidden; margin-bottom: 30px;'>   <\/div>\n<\/p><\/div>\n<div style='flex: 1 1 300px; min-width: 280px;'>\n<div style='position: relative; padding-bottom: 56.25%; height: 0; overflow: hidden; margin-bottom: 30px;'>   <\/div>\n<\/p><\/div>\n<\/p><\/div>\n<p> <!-- Separador --> <\/p>\n<hr style='border: 0; border-top: 1px solid rgba(150&comma; 150&comma; 150&comma; 0.3); margin: 30px 0;'> <\/div>\n","protected":false},"excerpt":{"rendered":"<p>IA Fisheye IP 12 Megapixel \/ WDR 120dB \/ Deteccion de personas con IA \/ NEMA 4X \/ IP66 \/ IK10<\/p>\n","protected":false},"featured_media":104095,"comment_status":"open","ping_status":"closed","template":"","meta":[],"product_brand":[],"product_cat":[2248],"product_tag":[122,2249,1055],"class_list":{"0":"post-104096","1":"product","2":"type-product","3":"status-publish","4":"has-post-thumbnail","6":"product_cat-fisheye-y-hemisfericas","7":"product_tag-camaras-ip-y-nvrs","8":"product_tag-fisheye-y-hemisfericas","9":"product_tag-hanwha-vision","11":"first","12":"outofstock","13":"sale","14":"shipping-taxable","15":"purchasable","16":"product-type-simple"},"_links":{"self":[{"href":"https:\/\/soydeaqui.ddns.net\/pachuca\/index.php\/wp-json\/wp\/v2\/product\/104096","targetHints":{"allow":["GET"]}}],"collection":[{"href":"https:\/\/soydeaqui.ddns.net\/pachuca\/index.php\/wp-json\/wp\/v2\/product"}],"about":[{"href":"https:\/\/soydeaqui.ddns.net\/pachuca\/index.php\/wp-json\/wp\/v2\/types\/product"}],"replies":[{"embeddable":true,"href":"https:\/\/soydeaqui.ddns.net\/pachuca\/index.php\/wp-json\/wp\/v2\/comments?post=104096"}],"wp:featuredmedia":[{"embeddable":true,"href":"https:\/\/soydeaqui.ddns.net\/pachuca\/index.php\/wp-json\/wp\/v2\/media\/104095"}],"wp:attachment":[{"href":"https:\/\/soydeaqui.ddns.net\/pachuca\/index.php\/wp-json\/wp\/v2\/media?parent=104096"}],"wp:term":[{"taxonomy":"product_brand","embeddable":true,"href":"https:\/\/soydeaqui.ddns.net\/pachuca\/index.php\/wp-json\/wp\/v2\/product_brand?post=104096"},{"taxonomy":"product_cat","embeddable":true,"href":"https:\/\/soydeaqui.ddns.net\/pachuca\/index.php\/wp-json\/wp\/v2\/product_cat?post=104096"},{"taxonomy":"product_tag","embeddable":true,"href":"https:\/\/soydeaqui.ddns.net\/pachuca\/index.php\/wp-json\/wp\/v2\/product_tag?post=104096"}],"curies":[{"name":"wp","href":"https:\/\/api.w.org\/{rel}","templated":true}]}}