{"id":104072,"date":"2026-03-20T14:14:35","date_gmt":"2026-03-20T14:14:35","guid":{"rendered":"https:\/\/soydeaqui.ddns.net\/pachuca\/index.php\/producto\/kit-de-camaras-wi-fi-con-access-point-incluye-1-camara-de-bateria-cs-bc1c-1-pane-solar-mod-cs-cmt-solarpanel-e-1-access-point-rg-rap6260g\/"},"modified":"2026-03-20T14:14:37","modified_gmt":"2026-03-20T14:14:37","slug":"kit-de-camaras-wi-fi-con-access-point-incluye-1-camara-de-bateria-cs-bc1c-1-pane-solar-mod-cs-cmt-solarpanel-e-1-access-point-rg-rap6260g","status":"publish","type":"product","link":"https:\/\/soydeaqui.ddns.net\/pachuca\/index.php\/producto\/kit-de-camaras-wi-fi-con-access-point-incluye-1-camara-de-bateria-cs-bc1c-1-pane-solar-mod-cs-cmt-solarpanel-e-1-access-point-rg-rap6260g\/","title":{"rendered":"Kit de C\u00e1maras Wi-Fi  con Access Point\/ Incluye 1 C\u00e1mara de Bater\u00eda  CS-BC1C \/ 1 Pane solar Mod. CS-CMT-SOLARPANEL-E \/ 1 Access Point RG-RAP6260(G)"},"content":{"rendered":"<div style='width: 100%; max-width: 1200px; margin: 0 auto; font-family: sans-serif; line-height: 1.6; color: inherit; background-color: transparent;'> <!-- Imagen destacada --> <\/p>\n<div style='width: 100%; margin-bottom: 30px;'> <a href='#link' target='_blank' rel='noopener' style='text-decoration: none; color: inherit;'> <img style='width: 100%; height: auto; border: 1px solid rgba(150&comma;150&comma;150&comma;0.3); border-radius: 8px;' src='https:\/\/ftp3.syscom.mx\/usuarios\/rcovarrubias\/EZVIZ\/EZ-ruijie\/Potencie.jpg' alt=''> <\/a> <\/div>\n<p> <!-- Contenido principal --> <\/p>\n<div style='display: flex; flex-wrap: wrap; gap: 30px;'>\n<div style='flex: 1 1 300px; min-width: 280px;'>\n<div style='border-left: 5px solid #42BB1A; box-shadow: 2px 2px 10px rgba(216&comma;216&comma;216&comma;0.3); padding-left: 15px;'>\n<h3 style='font-size: 22px; border-bottom: 2px solid currentColor; padding-bottom: 5px; margin-top: 0; color: inherit; opacity: 0.8;'>El kit incluye:<\/h3>\n<ul style='padding-left: 20px; font-size: 15px; color: inherit; list-style-type: disc;'>\n<li style='margin-bottom: 5px;'>1 <span style='color: #333333; font-family: Helvetica Neue&comma; Helvetica&comma; Arial&comma; sans-serif; font-size: 14px;'>Access Point Ruijie modelo <\/span><a style='color: #005cb9; text-decoration: none; font-size: 12px; font-weight: 600; font-family: Open Sans&comma; Helvetica&comma; Arial&comma; sans-serif;' href='https:\/\/www.syscom.mx\/producto\/RG-RAP6260(G)-RUIJIE-203963.html'>RG-RAP6260(G)<\/a><\/li>\n<li style='margin-bottom: 5px;'>1 C\u00e1mara de bater\u00eda para exterior modelo <a style='color: #005cb9; text-decoration: none;' href='https:\/\/www.syscom.mx\/producto\/CS-BC1C-EZVIZ-203817.html'><strong>CS-BC1C<\/strong><\/a><\/li>\n<li style='margin-bottom: 5px;'>1 Panel Solar <a style='color: #005cb9; text-decoration: none; font-size: 12px; font-weight: 600; font-family: Open Sans&comma; Helvetica&comma; Arial&comma; sans-serif;' href='https:\/\/www.syscom.mx\/producto\/CS-CMT-SOLARPANEL-C-EZVIZ-204626.html'>CS-CMT-SOLARPANEL-C<\/a><\/li>\n<\/ul>\n<div style='margin-top: 20px;'>\n<p style='margin-bottom: 10px;'><strong>Notas:<\/strong> El Access Point requiere el Inyector PoE modelo <a style='color: #005cb9; text-decoration: none;' href='https:\/\/www.syscom.mx\/producto\/RGE130(GE)-RUIJIE-205955.html'>RGE130(GE)<\/a> <span style='color: #c0392b;'>No incluido<\/span><\/p>\n<p><span style='color: #f44336;'>Configuraci\u00f3n \u00fanicamente mediante aplicaci\u00f3n EZVIZ<\/span><\/p>\n<\/p><\/div>\n<\/p><\/div>\n<\/p><\/div>\n<\/p><\/div>\n<p> <!-- Separador --> <\/p>\n<hr style='border: 0; border-top: 1px solid rgba(150&comma; 150&comma; 150&comma; 0.3); margin: 30px 0;'> <\/div>\n","protected":false},"excerpt":{"rendered":"<p>Kit de C\u00e1maras Wi-Fi  con Access Point\/ Incluye 1 C\u00e1mara de Bater\u00eda  CS-BC1C \/ 1 Pane solar Mod. CS-CMT-SOLARPANEL-E \/ 1 Access Point RG-RAP6260(G)<\/p>\n","protected":false},"featured_media":104071,"comment_status":"open","ping_status":"closed","template":"","meta":[],"product_brand":[],"product_cat":[2231],"product_tag":[111,2233,2232],"class_list":{"0":"post-104072","1":"product","2":"type-product","3":"status-publish","4":"has-post-thumbnail","6":"product_cat-ip-megapixel","7":"product_tag-ezviz","8":"product_tag-ip-megapixel","9":"product_tag-kits-sistemas-completos","11":"first","12":"outofstock","13":"sale","14":"shipping-taxable","15":"purchasable","16":"product-type-simple"},"_links":{"self":[{"href":"https:\/\/soydeaqui.ddns.net\/pachuca\/index.php\/wp-json\/wp\/v2\/product\/104072","targetHints":{"allow":["GET"]}}],"collection":[{"href":"https:\/\/soydeaqui.ddns.net\/pachuca\/index.php\/wp-json\/wp\/v2\/product"}],"about":[{"href":"https:\/\/soydeaqui.ddns.net\/pachuca\/index.php\/wp-json\/wp\/v2\/types\/product"}],"replies":[{"embeddable":true,"href":"https:\/\/soydeaqui.ddns.net\/pachuca\/index.php\/wp-json\/wp\/v2\/comments?post=104072"}],"wp:featuredmedia":[{"embeddable":true,"href":"https:\/\/soydeaqui.ddns.net\/pachuca\/index.php\/wp-json\/wp\/v2\/media\/104071"}],"wp:attachment":[{"href":"https:\/\/soydeaqui.ddns.net\/pachuca\/index.php\/wp-json\/wp\/v2\/media?parent=104072"}],"wp:term":[{"taxonomy":"product_brand","embeddable":true,"href":"https:\/\/soydeaqui.ddns.net\/pachuca\/index.php\/wp-json\/wp\/v2\/product_brand?post=104072"},{"taxonomy":"product_cat","embeddable":true,"href":"https:\/\/soydeaqui.ddns.net\/pachuca\/index.php\/wp-json\/wp\/v2\/product_cat?post=104072"},{"taxonomy":"product_tag","embeddable":true,"href":"https:\/\/soydeaqui.ddns.net\/pachuca\/index.php\/wp-json\/wp\/v2\/product_tag?post=104072"}],"curies":[{"name":"wp","href":"https:\/\/api.w.org\/{rel}","templated":true}]}}