{"id":104047,"date":"2026-03-20T14:13:21","date_gmt":"2026-03-20T14:13:21","guid":{"rendered":"https:\/\/soydeaqui.ddns.net\/pachuca\/index.php\/producto\/domo-ip-8-megapixel-lente-mot-2-8-a-12-mm-darkfighter-wdr-120-db-ik10-30-mts-ir-conteo-facial-deteccion-facial-interior-poe-busqueda-por-atributos-microfono-integrado-micro-s-3\/"},"modified":"2026-03-20T14:13:30","modified_gmt":"2026-03-20T14:13:30","slug":"domo-ip-8-megapixel-lente-mot-2-8-a-12-mm-darkfighter-wdr-120-db-ik10-30-mts-ir-conteo-facial-deteccion-facial-interior-poe-busqueda-por-atributos-microfono-integrado-micro-s-3","status":"publish","type":"product","link":"https:\/\/soydeaqui.ddns.net\/pachuca\/index.php\/producto\/domo-ip-8-megapixel-lente-mot-2-8-a-12-mm-darkfighter-wdr-120-db-ik10-30-mts-ir-conteo-facial-deteccion-facial-interior-poe-busqueda-por-atributos-microfono-integrado-micro-s-3\/","title":{"rendered":"Domo IP 8 Megapixel \/ Lente Mot. 2.8 a 12 mm \/  DARKFIGHTER \/ WDR 120 dB \/ IK10 \/ 30 mts IR \/ Conteo Facial \/ Detecci\u00f3n Facial \/ Interior \/ PoE \/ B\u00fasqueda por Atributos \/ Micr\u00f3fono Integrado \/ Micro SD"},"content":{"rendered":"<div style='width: 100%; max-width: 1200px; margin: 0 auto; font-family: sans-serif; line-height: 1.6; color: inherit; background-color: transparent;'> <!-- Imagen del producto --> <\/p>\n<div style='width: 100%; display: flex; justify-content: center; margin: 20px 0;'> <img style='width: 45%; height: auto; border: 1px solid rgba(150&comma;150&comma;150&comma;0.3); border-radius: 8px;' src='https:\/\/ftp3.syscom.mx\/usuarios\/jsosa\/HIKVISION\/imagenes\/logo\/hikvision%20see%20far.png' alt='Logo Hikvision'> <\/div>\n<p> <!-- Secci\u00f3n principal con grid --> <\/p>\n<div style='display: grid; grid-template-columns: repeat(auto-fit&comma; minmax(280px&comma; 1fr)); gap: 30px; margin-top: 30px;'> <!-- Caracter\u00edsticas principales --> <\/p>\n<div style='border: 1px solid rgba(150&comma; 150&comma; 150&comma; 0.4); border-radius: 8px; padding: 20px;'>\n<h3 style='font-size: 20px; border-bottom: 2px solid currentColor; padding-bottom: 5px; margin-top: 0; color: inherit; opacity: 0.8;'>Caracter\u00edsticas principales<\/h3>\n<ul style='padding-left: 20px; font-size: 14px; color: inherit;'>\n<li style='margin-bottom: 8px;'>Compresi\u00f3n de video: H.265+ \/ H.265 \/ H.264+ \/ H.264<\/li>\n<li style='margin-bottom: 8px;'>Lente Motorizado: 2.8 a 12 mm (112.3\u00b0 a 41.2\u00b0)<\/li>\n<li style='margin-bottom: 8px;'>Iluminaci\u00f3n m\u00ednima DARKFIGHTER \u00bd :0.009 Lux @(F1.2&comma;AGC ON)<\/li>\n<li style='margin-bottom: 8px;'>Distancia de IR: 30 mts IR EXIR<\/li>\n<li style='margin-bottom: 8px;'>1 puerto de red: 10 \/ 100 \/ 1000 Mbps<\/li>\n<li style='margin-bottom: 8px;'>Soporta micro SD de hasta 256 GB (no incluida)<\/li>\n<li style='margin-bottom: 8px;'>Resoluci\u00f3n m\u00e1xima: 8 Megapixel 4K (3840 x 2160)<\/li>\n<li style='margin-bottom: 8px;'>Funciones: WDR real 120 dB \/ BLC \/ HLC \/ 3D DNR \/ Defog \/ EIS<\/li>\n<li style='margin-bottom: 8px;'>Protocolos: ONVIF (PROFILE S&comma; PROFILE G&comma; PROFILE T) \/ ISAPI \/ SDK \/ ISUP<\/li>\n<li style='margin-bottom: 8px;'>Micr\u00f3fono integrado<\/li>\n<\/ul><\/div>\n<p> <!-- Caracter\u00edsticas F\u00edsicas y El\u00e9ctricas --> <\/p>\n<div style='border: 1px solid rgba(150&comma; 150&comma; 150&comma; 0.4); border-radius: 8px; padding: 20px;'>\n<h3 style='font-size: 20px; border-bottom: 2px solid currentColor; padding-bottom: 5px; margin-top: 0; color: inherit; opacity: 0.8;'>Caracter\u00edsticas F\u00edsicas y El\u00e9ctricas<\/h3>\n<ul style='padding-left: 20px; font-size: 14px; color: inherit;'>\n<li style='margin-bottom: 8px;'>Dimensiones: 140.5 x 122.6 mm<\/li>\n<li style='margin-bottom: 8px;'>Consumo \/ alimentaci\u00f3n: 12 Vcc \/ PoE (802.3 at) \/ 12 Watts<\/li>\n<li style='margin-bottom: 8px;'>Antivand\u00e1lico: IK10<\/li>\n<li style='margin-bottom: 8px;'>Peso: 950 gramos<\/li>\n<\/ul>\n<h4 style='font-size: 18px; margin-top: 20px; margin-bottom: 10px; color: inherit; opacity: 0.8;'>Accesorios<\/h4>\n<ul style='padding-left: 20px; font-size: 14px; color: inherit;'>\n<li style='margin-bottom: 8px;'> Montaje de Plaf\u00f3n para C\u00e1maras: <a href='https:\/\/www.syscom.mx\/producto\/DS-1227ZJ-HIKVISION-137423.html' target='_blank' rel='noopener' style='color: inherit; text-decoration: underline;'> DS-1227ZJ <\/a> <\/li>\n<li style='margin-bottom: 8px;'> Montaje de Techo Inclinado: <a href='https:\/\/www.syscom.mx\/producto\/DS-1281ZJ-DM23-HIKVISION-171391.html' target='_blank' rel='noopener' style='color: inherit; text-decoration: underline;'> DS-1281ZJ-DM23 <\/a> <\/li>\n<li style='margin-bottom: 8px;'> Montaje de Esquina para C\u00e1maras Tipo Bala: <a href='https:\/\/www.syscom.mx\/producto\/DS-1276ZJ-SUS-HIKVISION-156173.html' target='_blank' rel='noopener' style='color: inherit; text-decoration: underline;'> DS-1276ZJ-SUS <\/a> <\/li>\n<li style='margin-bottom: 8px;'> Montaje de Esquina para C\u00e1maras Tipo Bala: <a href='https:\/\/www.syscom.mx\/producto\/DS-1276ZJ-SUS-HIKVISION-156173.html' target='_blank' rel='noopener' style='color: inherit; text-decoration: underline;'> DS-1276ZJ-SUS <\/a> <\/li>\n<li style='margin-bottom: 8px;'> Montaje de pared con caja de conexi\u00f3n resistente al agua para c\u00e1maras domo: <a href='https:\/\/www.syscom.mx\/producto\/DS-1273ZJ-130B-HIKVISION-70809.html' target='_blank' rel='noopener' style='color: inherit; text-decoration: underline;'> DS-1273ZJ-130B <\/a> <\/li>\n<li style='margin-bottom: 8px;'> Montaje de pared para Domos: <a href='https:\/\/www.syscom.mx\/producto\/DS-1273ZJ-130-HIKVISION-170515.html' target='_blank' rel='noopener' style='color: inherit; text-decoration: underline;'> DS-1273ZJ-130 <\/a> <\/li>\n<li style='margin-bottom: 8px;'> Montaje para Poste: <a href='https:\/\/www.syscom.mx\/producto\/DS-1275ZJ-SUS-HIKVISION-156172.html' target='_blank' rel='noopener' style='color: inherit; text-decoration: underline;'> DS-1275ZJ-SUS <\/a> <\/li>\n<\/ul><\/div>\n<p> <!-- Caracter\u00edsticas Destacadas --> <\/p>\n<div style='border: 1px solid rgba(150&comma; 150&comma; 150&comma; 0.4); border-radius: 8px; padding: 20px;'>\n<h3 style='font-size: 20px; border-bottom: 2px solid currentColor; padding-bottom: 5px; margin-top: 0; color: inherit; opacity: 0.8;'>Caracter\u00edsticas Destacadas<\/h3>\n<ul style='padding-left: 20px; font-size: 14px; color: inherit;'>\n<li style='margin-bottom: 8px;'>Face Counting (Conteo por rostro)&comma; permite contar las personas que ingresan y\/o salen de un \u00e1rea<\/li>\n<li style='margin-bottom: 8px;'>Soporta 3 librer\u00edas con 30&comma;000 fotos<\/li>\n<li style='margin-bottom: 8px;'>Almacena hasta por 24 horas el rostro de una persona no registra para en caso de que vuelva a ingresar contarlo como duplicado<\/li>\n<\/ul><\/div>\n<\/p><\/div>\n<p> <!-- Separador final --> <\/p>\n<hr style='border: 0; border-top: 1px solid rgba(150&comma; 150&comma; 150&comma; 0.3); margin: 30px 0;'> <\/div>\n","protected":false},"excerpt":{"rendered":"<p>Domo IP 8 Megapixel \/ Lente Mot. 2.8 a 12 mm \/  DARKFIGHTER \/ WDR 120 dB \/ IK10 \/ 30 mts IR \/ Conteo Facial \/ Detecci\u00f3n Facial \/ Interior \/ PoE \/ B\u00fasqueda por Atributos \/ Micr\u00f3fono Integrado \/ Micro SD<\/p>\n","protected":false},"featured_media":104046,"comment_status":"open","ping_status":"closed","template":"","meta":[],"product_brand":[],"product_cat":[2056],"product_tag":[122,2057,54],"class_list":{"0":"post-104047","1":"product","2":"type-product","3":"status-publish","4":"has-post-thumbnail","6":"product_cat-domo-eyeball-turret","7":"product_tag-camaras-ip-y-nvrs","8":"product_tag-domo-eyeball-turret","9":"product_tag-hikvision","11":"first","12":"outofstock","13":"sale","14":"shipping-taxable","15":"purchasable","16":"product-type-simple"},"_links":{"self":[{"href":"https:\/\/soydeaqui.ddns.net\/pachuca\/index.php\/wp-json\/wp\/v2\/product\/104047","targetHints":{"allow":["GET"]}}],"collection":[{"href":"https:\/\/soydeaqui.ddns.net\/pachuca\/index.php\/wp-json\/wp\/v2\/product"}],"about":[{"href":"https:\/\/soydeaqui.ddns.net\/pachuca\/index.php\/wp-json\/wp\/v2\/types\/product"}],"replies":[{"embeddable":true,"href":"https:\/\/soydeaqui.ddns.net\/pachuca\/index.php\/wp-json\/wp\/v2\/comments?post=104047"}],"wp:featuredmedia":[{"embeddable":true,"href":"https:\/\/soydeaqui.ddns.net\/pachuca\/index.php\/wp-json\/wp\/v2\/media\/104046"}],"wp:attachment":[{"href":"https:\/\/soydeaqui.ddns.net\/pachuca\/index.php\/wp-json\/wp\/v2\/media?parent=104047"}],"wp:term":[{"taxonomy":"product_brand","embeddable":true,"href":"https:\/\/soydeaqui.ddns.net\/pachuca\/index.php\/wp-json\/wp\/v2\/product_brand?post=104047"},{"taxonomy":"product_cat","embeddable":true,"href":"https:\/\/soydeaqui.ddns.net\/pachuca\/index.php\/wp-json\/wp\/v2\/product_cat?post=104047"},{"taxonomy":"product_tag","embeddable":true,"href":"https:\/\/soydeaqui.ddns.net\/pachuca\/index.php\/wp-json\/wp\/v2\/product_tag?post=104047"}],"curies":[{"name":"wp","href":"https:\/\/api.w.org\/{rel}","templated":true}]}}