{"id":104040,"date":"2026-03-20T14:13:02","date_gmt":"2026-03-20T14:13:02","guid":{"rendered":"https:\/\/soydeaqui.ddns.net\/pachuca\/index.php\/producto\/taladro-inalambrico-sin-carbones-broquero-de-1-2-1700-rpm-18v-torque-40-n-m-c-2-bat-1-5ah-y-cargador\/"},"modified":"2026-03-20T14:13:08","modified_gmt":"2026-03-20T14:13:08","slug":"taladro-inalambrico-sin-carbones-broquero-de-1-2-1700-rpm-18v-torque-40-n-m-c-2-bat-1-5ah-y-cargador","status":"publish","type":"product","link":"https:\/\/soydeaqui.ddns.net\/pachuca\/index.php\/producto\/taladro-inalambrico-sin-carbones-broquero-de-1-2-1700-rpm-18v-torque-40-n-m-c-2-bat-1-5ah-y-cargador\/","title":{"rendered":"Taladro Inal\u00e1mbrico SIN CARBONES, Broquero de 1\/2&#8243;, 1,700 RPM, 18V???, Torque: 40 N.m C\/2 Bat. (1.5Ah) y Cargador."},"content":{"rendered":"<div style='width: 100%; max-width: 1200px; margin: 0 auto; font-family: sans-serif; line-height: 1.6; color: inherit;'> <!-- Aviso importante --> <\/p>\n<div style='background-color: rgba(255&comma; 0&comma; 0&comma; 0.05); border-left: 4px solid #ff0000; padding: 15px; margin: 20px 0; font-size: 14px;'> <strong style='color: #ff0000;'>NOTA:<\/strong> LAS BATERIAS NO SON COMPATIBLES CON OTROS MODELOS <\/div>\n<p> <!-- Imagen --> <\/p>\n<div style='margin: 30px 0;'> <img style='width: 100%; height: auto; border: 1px solid rgba(150&comma;150&comma;150&comma;0.3); border-radius: 8px;' src='https:\/\/ftp3.syscom.mx\/usuarios\/nortega\/makita\/imagenes\/makita.png' alt=''> <\/div>\n<p> <!-- Secci\u00f3n de beneficios --> <\/p>\n<div style='margin-bottom: 30px;'>\n<h3 style='font-size: 22px; border-bottom: 2px solid currentColor; padding-bottom: 5px; margin-top: 0; color: inherit; opacity: 0.8;'>BENEFICIOS DEL USUARIO:<\/h3>\n<ul style='padding-left: 20px; font-size: 15px; color: inherit; margin-top: 15px;'>\n<li style='margin-bottom: 5px;'>Engranaje met\u00e1lico para una perfecta transmisi\u00f3n de la fuerza y mayor durabilidad.<\/li>\n<li style='margin-bottom: 5px;'>Tiempo de carga 70 minutos aproximadamente con cargador DC18WA.<\/li>\n<li style='margin-bottom: 5px;'>Dise\u00f1o ergon\u00f3mico con mango antideslizante para un perfecto control de la herramienta y mayor comodidad.<\/li>\n<li style='margin-bottom: 5px;'>16 posiciones de par de apriete + 1 directa.<\/li>\n<li style='margin-bottom: 5px;'>Portabrocas autoblocante para un sencillo cambio de la herramienta con s\u00f3lo una mano.<\/li>\n<li style='margin-bottom: 5px;'>Nueva bater\u00eda que reduce considerablemente el tama\u00f1o respecto a bater\u00edas anteriores. Muy c\u00f3modo para largas jornadas de trabajo ya que su peso es muy reducido.<\/li>\n<li style='margin-bottom: 5px;'>Extremadamente corto con s\u00f3lo 221mm&comma; ideal para lugares de dif\u00edcil acceso.<\/li>\n<\/ul><\/div>\n<p> <!-- Secci\u00f3n de equipo b\u00e1sico --> <\/p>\n<div style='margin-bottom: 30px;'>\n<h3 style='font-size: 22px; border-bottom: 2px solid currentColor; padding-bottom: 5px; margin-top: 0; color: inherit; opacity: 0.8;'>EQUIPO B\u00c1SICO:<\/h3>\n<p style='font-size: 15px; margin-top: 15px; color: inherit;'> 2 bater\u00edas 18V (2&comma;0Ah)&comma; cargador y malet\u00edn PVC. <\/p>\n<\/p><\/div>\n<p> <!-- Separador --> <\/p>\n<hr style='border: 0; border-top: 1px solid rgba(150&comma; 150&comma; 150&comma; 0.3); margin: 30px 0;'> <!-- Secci\u00f3n de especificaciones t\u00e9cnicas --> <\/p>\n<div style='margin-bottom: 30px;'>\n<h3 style='font-size: 22px; border-bottom: 2px solid currentColor; padding-bottom: 5px; margin-top: 0; color: inherit; opacity: 0.8;'>INFORMACI\u00d3N T\u00c9CNICA:<\/h3>\n<div style='display: flex; flex-wrap: wrap; gap: 20px; margin-top: 20px;'> <!-- Columna 1 --> <\/p>\n<div style='flex: 1 1 250px; min-width: 200px;'>\n<ul style='padding-left: 20px; margin: 0; font-size: 14px; list-style-type: disc; color: inherit;'>\n<li style='margin-bottom: 5px;'><strong>Peso seg\u00fan EPTA:<\/strong> 1&comma;7 Kg<\/li>\n<li style='margin-bottom: 5px;'><strong>Motor:<\/strong> 2-polos<\/li>\n<li style='margin-bottom: 5px;'><strong>Dimensiones LxAnxAl:<\/strong> 221 x 83 x 240 mm<\/li>\n<li style='margin-bottom: 5px;'><strong>Tensi\u00f3n de la bater\u00eda:<\/strong> 18V<\/li>\n<li style='margin-bottom: 5px;'><strong>Tiempo de carga:<\/strong> 60 min<\/li>\n<li style='margin-bottom: 5px;'><strong>Tipo de bater\u00eda:<\/strong> Litio<\/li>\n<li style='margin-bottom: 5px;'><strong>Amperaje de la bater\u00eda:<\/strong> 2&comma;0 Ah<\/li>\n<li style='margin-bottom: 5px;'><strong>Velocidades mec\u00e1nicas:<\/strong> 2<\/li>\n<\/ul><\/div>\n<p> <!-- Columna 2 --> <\/p>\n<div style='flex: 1 1 250px; min-width: 200px;'>\n<ul style='padding-left: 20px; margin: 0; font-size: 14px; list-style-type: disc; color: inherit;'>\n<li style='margin-bottom: 5px;'><strong>R.p.m baja:<\/strong> 0 &#8211; 400 Rpm<\/li>\n<li style='margin-bottom: 5px;'><strong>R.p.m alta:<\/strong> 0 &#8211; 1.400 Rpm<\/li>\n<li style='margin-bottom: 5px;'><strong>Par m\u00e1x. de apriete junta dura:<\/strong> 42 Nm<\/li>\n<li style='margin-bottom: 5px;'><strong>Par m\u00e1x. de apriete junta blanda:<\/strong> 24 Nm<\/li>\n<li style='margin-bottom: 5px;'><strong>Emisi\u00f3n de vibraci\u00f3n:<\/strong> 2&comma;50 m\/seg\u00b2<\/li>\n<li style='margin-bottom: 5px;'><strong>Incertidumbre (K) de vibraci\u00f3n:<\/strong> 1&comma;50 m\/seg\u00b2<\/li>\n<\/ul><\/div>\n<p> <!-- Columna 3 --> <\/p>\n<div style='flex: 1 1 250px; min-width: 200px;'>\n<ul style='padding-left: 20px; margin: 0; font-size: 14px; list-style-type: disc; color: inherit;'>\n<li style='margin-bottom: 5px;'><strong>Presi\u00f3n sonora:<\/strong> 70&comma;00 dB(A)<\/li>\n<li style='margin-bottom: 5px;'><strong>Potencia sonora:<\/strong> 80&comma;00 dB(A)<\/li>\n<li style='margin-bottom: 5px;'><strong>Incertidumbre (K) sonora:<\/strong> 3&comma;00 dB(A)<\/li>\n<li style='margin-bottom: 5px;'><strong>Posiciones de par de apriete:<\/strong> 16<\/li>\n<li style='margin-bottom: 5px;'><strong>Capacidad portabrocas:<\/strong> 1&comma;5 &#8211; 13 mm<\/li>\n<li style='margin-bottom: 5px;'><strong>Par m\u00e1x. de apriete estable:<\/strong> 38 Nm<\/li>\n<li style='margin-bottom: 5px;'><strong>Capacidad m\u00e1x. en madera:<\/strong> 36 mm<\/li>\n<li style='margin-bottom: 5px;'><strong>Capacidad m\u00e1x. en metal:<\/strong> 13 mm<\/li>\n<\/ul><\/div>\n<\/p><\/div>\n<\/p><\/div>\n<p> <!-- Nota final --> <\/p>\n<div style='background-color: rgba(255&comma; 0&comma; 0&comma; 0.05); border-left: 4px solid #ff0000; padding: 15px; margin: 20px 0; font-size: 14px;'> <strong style='color: #ff0000;'>NOTA:<\/strong> LAS BATERIAS NO SON COMPATIBLES CON OTROS MODELOS <\/div>\n<\/p><\/div>\n","protected":false},"excerpt":{"rendered":"<p>Taladro Inal\u00e1mbrico SIN CARBONES, Broquero de 1\/2&#8243;, 1,700 RPM, 18V???, Torque: 40 N.m C\/2 Bat. (1.5Ah) y Cargador.<\/p>\n","protected":false},"featured_media":104039,"comment_status":"open","ping_status":"closed","template":"","meta":[],"product_brand":[],"product_cat":[130],"product_tag":[25,131,252],"class_list":{"0":"post-104040","1":"product","2":"type-product","3":"status-publish","4":"has-post-thumbnail","6":"product_cat-herramientas-electricas","7":"product_tag-herramientas","8":"product_tag-herramientas-electricas","9":"product_tag-makita","11":"first","12":"outofstock","13":"sale","14":"shipping-taxable","15":"purchasable","16":"product-type-simple"},"_links":{"self":[{"href":"https:\/\/soydeaqui.ddns.net\/pachuca\/index.php\/wp-json\/wp\/v2\/product\/104040","targetHints":{"allow":["GET"]}}],"collection":[{"href":"https:\/\/soydeaqui.ddns.net\/pachuca\/index.php\/wp-json\/wp\/v2\/product"}],"about":[{"href":"https:\/\/soydeaqui.ddns.net\/pachuca\/index.php\/wp-json\/wp\/v2\/types\/product"}],"replies":[{"embeddable":true,"href":"https:\/\/soydeaqui.ddns.net\/pachuca\/index.php\/wp-json\/wp\/v2\/comments?post=104040"}],"wp:featuredmedia":[{"embeddable":true,"href":"https:\/\/soydeaqui.ddns.net\/pachuca\/index.php\/wp-json\/wp\/v2\/media\/104039"}],"wp:attachment":[{"href":"https:\/\/soydeaqui.ddns.net\/pachuca\/index.php\/wp-json\/wp\/v2\/media?parent=104040"}],"wp:term":[{"taxonomy":"product_brand","embeddable":true,"href":"https:\/\/soydeaqui.ddns.net\/pachuca\/index.php\/wp-json\/wp\/v2\/product_brand?post=104040"},{"taxonomy":"product_cat","embeddable":true,"href":"https:\/\/soydeaqui.ddns.net\/pachuca\/index.php\/wp-json\/wp\/v2\/product_cat?post=104040"},{"taxonomy":"product_tag","embeddable":true,"href":"https:\/\/soydeaqui.ddns.net\/pachuca\/index.php\/wp-json\/wp\/v2\/product_tag?post=104040"}],"curies":[{"name":"wp","href":"https:\/\/api.w.org\/{rel}","templated":true}]}}